{"id":13366,"date":"2022-03-01T11:42:53","date_gmt":"2022-03-01T11:42:53","guid":{"rendered":"https:\/\/albergueesplaibarcelona.com\/?page_id=13366"},"modified":"2023-03-28T08:28:28","modified_gmt":"2023-03-28T06:28:28","slug":"menu","status":"publish","type":"page","link":"https:\/\/albergueesplaibarcelona.com\/ca\/el-albergue\/restaurant\/menu\/","title":{"rendered":"Men\u00fa del dia"},"content":{"rendered":"<p>[et_pb_section fb_built=&#8221;1&#8243; _builder_version=&#8221;4.10.8&#8243; _module_preset=&#8221;default&#8221; global_colors_info=&#8221;{}&#8221;][et_pb_row _builder_version=&#8221;4.10.8&#8243; _module_preset=&#8221;default&#8221; global_colors_info=&#8221;{}&#8221;][et_pb_column type=&#8221;4_4&#8243; _builder_version=&#8221;4.10.8&#8243; _module_preset=&#8221;default&#8221; global_colors_info=&#8221;{}&#8221;][et_pb_post_title meta=&#8221;off&#8221; featured_image=&#8221;off&#8221; _builder_version=&#8221;4.10.8&#8243; _module_preset=&#8221;default&#8221; global_colors_info=&#8221;{}&#8221;][\/et_pb_post_title][et_pb_text _builder_version=&#8221;4.10.8&#8243; _module_preset=&#8221;default&#8221; hover_enabled=&#8221;0&#8243; sticky_enabled=&#8221;0&#8243;]<\/p>\n\t\r\n<img decoding=\"async\" src=\"https:\/\/albergueesplaibarcelona.com\/wp-content\/uploads\/2026\/04\/Menu-Diari-Centre-Esplai-3.jpg?v=1775821148\" style=\"\" alt=\"\" \/>\r\n\n<p>[\/et_pb_text][\/et_pb_column][\/et_pb_row][et_pb_row _builder_version=&#8221;4.10.8&#8243; _module_preset=&#8221;default&#8221; custom_margin=&#8221;40px||||false|false&#8221; global_colors_info=&#8221;{}&#8221;][et_pb_column type=&#8221;4_4&#8243; _builder_version=&#8221;4.10.8&#8243; _module_preset=&#8221;default&#8221; global_colors_info=&#8221;{}&#8221;][et_pb_text _builder_version=&#8221;4.10.8&#8243; _module_preset=&#8221;default&#8221; global_colors_info=&#8221;{}&#8221;]<\/p>\n<p>Vols tastar aquests plats deliciosos elaborats amb productes de temporada? Vine al nostre restaurant Tasta&#8217;m, ubicat a Centre Esplai, i gaudir\u00e0s d&#8217;un <em>buffet<\/em> al migdia amb totes aquestes opcions. No t&#8217;ho perdis!<\/p>\n<p>[\/et_pb_text][et_pb_button button_url=&#8221;@ET-DC@eyJkeW5hbWljIjp0cnVlLCJjb250ZW50IjoicG9zdF9saW5rX3VybF9wYWdlIiwic2V0dGluZ3MiOnsicG9zdF9pZCI6IjQ4MyJ9fQ==@&#8221; button_text=&#8221;Anar a la p\u00e0gina del restaurant&#8221; button_alignment=&#8221;center&#8221; _builder_version=&#8221;4.10.8&#8243; _dynamic_attributes=&#8221;button_url&#8221; _module_preset=&#8221;default&#8221; custom_margin=&#8221;40px||||false|false&#8221; global_colors_info=&#8221;{}&#8221;][\/et_pb_button][\/et_pb_column][\/et_pb_row][\/et_pb_section][et_pb_section fb_built=&#8221;1&#8243; module_class=&#8221;seccio-som-fundesplai&#8221; _builder_version=&#8221;3.22&#8243; background_color=&#8221;#c3c3c2&#8243; global_module=&#8221;26&#8243; collapsed=&#8221;off&#8221; global_colors_info=&#8221;{}&#8221;][et_pb_row column_structure=&#8221;1_3,2_3&#8243; make_equal=&#8221;on&#8221; _builder_version=&#8221;3.25&#8243; max_width=&#8221;1080px&#8221; global_colors_info=&#8221;{}&#8221;][et_pb_column type=&#8221;1_3&#8243; _builder_version=&#8221;3.25&#8243; background_image=&#8221;https:\/\/albergueesplaibarcelona.com\/wp-content\/uploads\/2018\/06\/ninots-1.png&#8221; background_size=&#8221;contain&#8221; background_position=&#8221;bottom_left&#8221; custom_padding=&#8221;|||&#8221; global_colors_info=&#8221;{}&#8221; custom_padding__hover=&#8221;|||&#8221;][\/et_pb_column][et_pb_column type=&#8221;2_3&#8243; _builder_version=&#8221;3.25&#8243; custom_padding=&#8221;50px||50px|50px&#8221; global_colors_info=&#8221;{}&#8221; custom_padding__hover=&#8221;|||&#8221;][et_pb_text admin_label=&#8221;Somos Fundesplai (CA)&#8221; _builder_version=&#8221;4.2.2&#8243; custom_margin=&#8221;||20px|&#8221; z_index_tablet=&#8221;500&#8243; global_colors_info=&#8221;{}&#8221;]\n\t\t\t<div>\n\t\t\t\t<h2>\n\t\t\t\t\tSom Fundesplai\n\t\t\t\t<\/h2>\n\t\t\t\t<p>\n\t\t\t\t\tSom <strong>Fundesplai<\/strong>, una entitat sense \u00e0nim de lucre amb la missi\u00f3 d'educar els infants i joves, enfortir les entitats de lleure i el Tercer Sector, millorar el medi ambient i promoure la ciutadania i la inclusi\u00f3 social, amb voluntat transformadora.\n\t\t\t\t<\/p>\n\t\t\t\t<p>\n\t\t\t\t\tL\u2019alberg Centre Esplai ens ajuda a complir amb la nostra missi\u00f3 educativa, social i ambiental.\n\t\t\t\t<\/p>\n\t\t\t\t<p>\n\t\t\t\t\t<a class='et_pb_button et_pb_custom_button_icon et_hover_enabled et_pb_bg_layout_light' href='https:\/\/fundesplai.org\/coneix-fundesplai\/' data-icon='' style='display: inline-block;'>\n\t\t\t\t\t\tConeix Fundesplai\n\t\t\t\t\t<\/a>\n\t\t\t\t<\/p>\n\t\t\t<\/div>\n\t\t[\/et_pb_text][et_pb_text disabled_on=&#8221;on|on|on&#8221; admin_label=&#8221;Somos Fundesplai (CA)&#8221; _builder_version=&#8221;3.27.4&#8243; custom_margin=&#8221;||20px|&#8221; z_index_tablet=&#8221;500&#8243; disabled=&#8221;on&#8221; global_colors_info=&#8221;{}&#8221;]<\/p>\n<h2>Som Fundesplai!<\/h2>\n<p><strong>Som una entitat sense \u00e0nim de lucre<\/strong> que treballa des de fa m\u00e9s de 45 anys a favor de l&#8217;educaci\u00f3 i la felicitat dels infants, l&#8217;equitat, la inclusi\u00f3 social, la protecci\u00f3 de la natura i el desenvolupament del Tercer Sector.<\/p>\n<p>L&#8217;alberg Centre Esplai ens ajuda a complir amb la nostra missi\u00f3 educativa, social i ambiental.<\/p>\n<p>[\/et_pb_text][et_pb_button button_url=&#8221;https:\/\/fundesplai.org\/coneix-fundesplai\/&#8221; url_new_window=&#8221;on&#8221; button_text=&#8221;Coneix Fundesplai&#8221; disabled_on=&#8221;on|on|on&#8221; admin_label=&#8221;Bot\u00f3 Conoce Fundesplai&#8221; _builder_version=&#8221;3.16&#8243; custom_button=&#8221;on&#8221; button_text_color=&#8221;#ffffff&#8221; button_bg_color=&#8221;#666666&#8243; button_icon=&#8221;%%20%%&#8221; button_bg_color_hover=&#8221;#666666&#8243; disabled=&#8221;on&#8221; global_colors_info=&#8221;{}&#8221; button_text_size__hover_enabled=&#8221;off&#8221; button_text_size__hover=&#8221;null&#8221; button_one_text_size__hover_enabled=&#8221;off&#8221; button_one_text_size__hover=&#8221;null&#8221; button_two_text_size__hover_enabled=&#8221;off&#8221; button_two_text_size__hover=&#8221;null&#8221; button_text_color__hover_enabled=&#8221;off&#8221; button_text_color__hover=&#8221;null&#8221; button_one_text_color__hover_enabled=&#8221;off&#8221; button_one_text_color__hover=&#8221;null&#8221; button_two_text_color__hover_enabled=&#8221;off&#8221; button_two_text_color__hover=&#8221;null&#8221; button_border_width__hover_enabled=&#8221;off&#8221; button_border_width__hover=&#8221;null&#8221; button_one_border_width__hover_enabled=&#8221;off&#8221; button_one_border_width__hover=&#8221;null&#8221; button_two_border_width__hover_enabled=&#8221;off&#8221; button_two_border_width__hover=&#8221;null&#8221; button_border_color__hover_enabled=&#8221;off&#8221; button_border_color__hover=&#8221;null&#8221; button_one_border_color__hover_enabled=&#8221;off&#8221; button_one_border_color__hover=&#8221;null&#8221; button_two_border_color__hover_enabled=&#8221;off&#8221; button_two_border_color__hover=&#8221;null&#8221; button_border_radius__hover_enabled=&#8221;off&#8221; button_border_radius__hover=&#8221;null&#8221; button_one_border_radius__hover_enabled=&#8221;off&#8221; button_one_border_radius__hover=&#8221;null&#8221; button_two_border_radius__hover_enabled=&#8221;off&#8221; button_two_border_radius__hover=&#8221;null&#8221; button_letter_spacing__hover_enabled=&#8221;off&#8221; button_letter_spacing__hover=&#8221;null&#8221; button_one_letter_spacing__hover_enabled=&#8221;off&#8221; button_one_letter_spacing__hover=&#8221;null&#8221; button_two_letter_spacing__hover_enabled=&#8221;off&#8221; button_two_letter_spacing__hover=&#8221;null&#8221; button_bg_color__hover_enabled=&#8221;on&#8221; button_bg_color__hover=&#8221;#666666&#8243; button_one_bg_color__hover_enabled=&#8221;off&#8221; button_one_bg_color__hover=&#8221;null&#8221; button_two_bg_color__hover_enabled=&#8221;off&#8221; button_two_bg_color__hover=&#8221;null&#8221;][\/et_pb_button][\/et_pb_column][\/et_pb_row][\/et_pb_section]<\/p>\n","protected":false},"excerpt":{"rendered":"<p>Men\u00fa diari de buffet 3 plats a escollir al restaurant Tasta&#8217;m ubicat a Centre Esplai, la seu de Fundesplai, el Prat del Llobregat.<\/p>\n","protected":false},"author":6,"featured_media":13429,"parent":483,"menu_order":0,"comment_status":"closed","ping_status":"closed","template":"","meta":{"_et_pb_use_builder":"on","_et_pb_old_content":"<p>[et_pb_section fb_built=\"1\" _builder_version=\"4.10.8\" _module_preset=\"default\" global_colors_info=\"{}\"][et_pb_row _builder_version=\"4.10.8\" _module_preset=\"default\" global_colors_info=\"{}\"][et_pb_column type=\"4_4\" _builder_version=\"4.10.8\" _module_preset=\"default\" global_colors_info=\"{}\"][et_pb_post_title meta=\"off\" featured_image=\"off\" _builder_version=\"4.10.8\" _module_preset=\"default\" global_colors_info=\"{}\"][\/et_pb_post_title][et_pb_image src=\"https:\/\/albergueesplaibarcelona.com\/wp-content\/uploads\/2022\/02\/General_extraescolars.jpg\" title_text=\"1. Men\u00fa\" _builder_version=\"4.10.8\" _module_preset=\"default\" global_colors_info=\"{}\"][\/et_pb_image][\/et_pb_column][\/et_pb_row][\/et_pb_section][et_pb_section fb_built=\"1\" module_class=\"seccio-som-fundesplai\" _builder_version=\"3.22.3\" background_color=\"#c3c3c2\" global_module=\"26\" collapsed=\"off\" global_colors_info=\"{}\"][et_pb_row column_structure=\"1_3,2_3\" make_equal=\"on\" _builder_version=\"3.25\" global_colors_info=\"{}\"][et_pb_column type=\"1_3\" _builder_version=\"3.25\" background_image=\"https:\/\/albergueesplaibarcelona.com\/wp-content\/uploads\/2018\/06\/ninots-1.png\" background_size=\"contain\" background_position=\"bottom_left\" custom_padding=\"|||\" global_colors_info=\"{}\" custom_padding__hover=\"|||\"][\/et_pb_column][et_pb_column type=\"2_3\" _builder_version=\"3.25\" custom_padding=\"50px||50px|50px\" global_colors_info=\"{}\" custom_padding__hover=\"|||\"][et_pb_text admin_label=\"Somos Fundesplai (FR)\" _builder_version=\"4.10.8\" custom_margin=\"||20px|\" z_index_tablet=\"500\" global_colors_info=\"{}\"]<\/p><p>[coneix_fundesplai context=\"albergue\"]<\/p><p>[\/et_pb_text][\/et_pb_column][\/et_pb_row][\/et_pb_section]<\/p>","_et_gb_content_width":"","footnotes":""},"class_list":["post-13366","page","type-page","status-publish","has-post-thumbnail","hentry"],"yoast_head":"<!-- This site is optimized with the Yoast SEO plugin v27.3 - https:\/\/yoast.com\/product\/yoast-seo-wordpress\/ -->\n<title>Men\u00fa del dia - Alberg Centre Esplai<\/title>\n<meta name=\"description\" content=\"Men\u00fa diari de buffet 3 plats a escollir al restaurant Tasta&#039;m ubicat a Centre Esplai, la seu de Fundesplai, el Prat del Llobregat.\" \/>\n<meta name=\"robots\" content=\"index, follow, max-snippet:-1, max-image-preview:large, max-video-preview:-1\" \/>\n<link rel=\"canonical\" href=\"https:\/\/albergueesplaibarcelona.com\/ca\/el-albergue\/restaurant\/menu\/\" \/>\n<meta property=\"og:locale\" content=\"ca_ES\" \/>\n<meta property=\"og:type\" content=\"article\" \/>\n<meta property=\"og:title\" content=\"Men\u00fa del dia - Alberg Centre Esplai\" \/>\n<meta property=\"og:description\" content=\"Men\u00fa diari de buffet 3 plats a escollir al restaurant Tasta&#039;m ubicat a Centre Esplai, la seu de Fundesplai, el Prat del Llobregat.\" \/>\n<meta property=\"og:url\" content=\"https:\/\/albergueesplaibarcelona.com\/ca\/el-albergue\/restaurant\/menu\/\" \/>\n<meta property=\"og:site_name\" content=\"Alberg Centre Esplai\" \/>\n<meta property=\"article:modified_time\" content=\"2023-03-28T06:28:28+00:00\" \/>\n<meta property=\"og:image\" content=\"https:\/\/albergueesplaibarcelona.com\/wp-content\/uploads\/2022\/03\/screenshot-pixabay.com-2022.03.03-13_49_17.png\" \/>\n\t<meta property=\"og:image:width\" content=\"791\" \/>\n\t<meta property=\"og:image:height\" content=\"517\" \/>\n\t<meta property=\"og:image:type\" content=\"image\/png\" \/>\n<meta name=\"twitter:card\" content=\"summary_large_image\" \/>\n<meta name=\"twitter:label1\" content=\"Temps estimat de lectura\" \/>\n\t<meta name=\"twitter:data1\" content=\"2 minuts\" \/>\n<script type=\"application\/ld+json\" class=\"yoast-schema-graph\">{\"@context\":\"https:\\\/\\\/schema.org\",\"@graph\":[{\"@type\":\"WebPage\",\"@id\":\"https:\\\/\\\/albergueesplaibarcelona.com\\\/ca\\\/el-albergue\\\/restaurant\\\/menu\\\/\",\"url\":\"https:\\\/\\\/albergueesplaibarcelona.com\\\/ca\\\/el-albergue\\\/restaurant\\\/menu\\\/\",\"name\":\"Men\u00fa del dia - Alberg Centre Esplai\",\"isPartOf\":{\"@id\":\"https:\\\/\\\/albergueesplaibarcelona.com\\\/ca\\\/#website\"},\"primaryImageOfPage\":{\"@id\":\"https:\\\/\\\/albergueesplaibarcelona.com\\\/ca\\\/el-albergue\\\/restaurant\\\/menu\\\/#primaryimage\"},\"image\":{\"@id\":\"https:\\\/\\\/albergueesplaibarcelona.com\\\/ca\\\/el-albergue\\\/restaurant\\\/menu\\\/#primaryimage\"},\"thumbnailUrl\":\"https:\\\/\\\/albergueesplaibarcelona.com\\\/wp-content\\\/uploads\\\/2022\\\/03\\\/screenshot-pixabay.com-2022.03.03-13_49_17.png\",\"datePublished\":\"2022-03-01T11:42:53+00:00\",\"dateModified\":\"2023-03-28T06:28:28+00:00\",\"description\":\"Men\u00fa diari de buffet 3 plats a escollir al restaurant Tasta'm ubicat a Centre Esplai, la seu de Fundesplai, el Prat del Llobregat.\",\"breadcrumb\":{\"@id\":\"https:\\\/\\\/albergueesplaibarcelona.com\\\/ca\\\/el-albergue\\\/restaurant\\\/menu\\\/#breadcrumb\"},\"inLanguage\":\"ca\",\"potentialAction\":[{\"@type\":\"ReadAction\",\"target\":[\"https:\\\/\\\/albergueesplaibarcelona.com\\\/ca\\\/el-albergue\\\/restaurant\\\/menu\\\/\"]}]},{\"@type\":\"ImageObject\",\"inLanguage\":\"ca\",\"@id\":\"https:\\\/\\\/albergueesplaibarcelona.com\\\/ca\\\/el-albergue\\\/restaurant\\\/menu\\\/#primaryimage\",\"url\":\"https:\\\/\\\/albergueesplaibarcelona.com\\\/wp-content\\\/uploads\\\/2022\\\/03\\\/screenshot-pixabay.com-2022.03.03-13_49_17.png\",\"contentUrl\":\"https:\\\/\\\/albergueesplaibarcelona.com\\\/wp-content\\\/uploads\\\/2022\\\/03\\\/screenshot-pixabay.com-2022.03.03-13_49_17.png\",\"width\":791,\"height\":517,\"caption\":\"men\u00fa del dia\"},{\"@type\":\"BreadcrumbList\",\"@id\":\"https:\\\/\\\/albergueesplaibarcelona.com\\\/ca\\\/el-albergue\\\/restaurant\\\/menu\\\/#breadcrumb\",\"itemListElement\":[{\"@type\":\"ListItem\",\"position\":1,\"name\":\"Inici\",\"item\":\"https:\\\/\\\/albergueesplaibarcelona.com\\\/ca\\\/el-albergue\\\/\"},{\"@type\":\"ListItem\",\"position\":2,\"name\":\"L&#8217;Alberg\",\"item\":\"https:\\\/\\\/albergueesplaibarcelona.com\\\/ca\\\/el-albergue\\\/\"},{\"@type\":\"ListItem\",\"position\":3,\"name\":\"Restaurant\",\"item\":\"https:\\\/\\\/albergueesplaibarcelona.com\\\/ca\\\/el-albergue\\\/restaurant\\\/\"},{\"@type\":\"ListItem\",\"position\":4,\"name\":\"Men\u00fa del dia\"}]},{\"@type\":\"WebSite\",\"@id\":\"https:\\\/\\\/albergueesplaibarcelona.com\\\/ca\\\/#website\",\"url\":\"https:\\\/\\\/albergueesplaibarcelona.com\\\/ca\\\/\",\"name\":\"Alberg Centre Esplai\",\"description\":\"Alberg\",\"publisher\":{\"@id\":\"https:\\\/\\\/albergueesplaibarcelona.com\\\/ca\\\/#organization\"},\"potentialAction\":[{\"@type\":\"SearchAction\",\"target\":{\"@type\":\"EntryPoint\",\"urlTemplate\":\"https:\\\/\\\/albergueesplaibarcelona.com\\\/ca\\\/?s={search_term_string}\"},\"query-input\":{\"@type\":\"PropertyValueSpecification\",\"valueRequired\":true,\"valueName\":\"search_term_string\"}}],\"inLanguage\":\"ca\"},{\"@type\":\"Organization\",\"@id\":\"https:\\\/\\\/albergueesplaibarcelona.com\\\/ca\\\/#organization\",\"name\":\"Albergue Centre Esplai\",\"url\":\"https:\\\/\\\/albergueesplaibarcelona.com\\\/ca\\\/\",\"logo\":{\"@type\":\"ImageObject\",\"inLanguage\":\"ca\",\"@id\":\"https:\\\/\\\/albergueesplaibarcelona.com\\\/ca\\\/#\\\/schema\\\/logo\\\/image\\\/\",\"url\":\"https:\\\/\\\/albergueesplaibarcelona.com\\\/wp-content\\\/uploads\\\/2020\\\/12\\\/logo_alberg_centre_esplai-e1608117409320.png\",\"contentUrl\":\"https:\\\/\\\/albergueesplaibarcelona.com\\\/wp-content\\\/uploads\\\/2020\\\/12\\\/logo_alberg_centre_esplai-e1608117409320.png\",\"width\":500,\"height\":241,\"caption\":\"Albergue Centre Esplai\"},\"image\":{\"@id\":\"https:\\\/\\\/albergueesplaibarcelona.com\\\/ca\\\/#\\\/schema\\\/logo\\\/image\\\/\"}}]}<\/script>\n<!-- \/ Yoast SEO plugin. -->","yoast_head_json":{"title":"Men\u00fa del dia - Alberg Centre Esplai","description":"Men\u00fa diari de buffet 3 plats a escollir al restaurant Tasta'm ubicat a Centre Esplai, la seu de Fundesplai, el Prat del Llobregat.","robots":{"index":"index","follow":"follow","max-snippet":"max-snippet:-1","max-image-preview":"max-image-preview:large","max-video-preview":"max-video-preview:-1"},"canonical":"https:\/\/albergueesplaibarcelona.com\/ca\/el-albergue\/restaurant\/menu\/","og_locale":"ca_ES","og_type":"article","og_title":"Men\u00fa del dia - Alberg Centre Esplai","og_description":"Men\u00fa diari de buffet 3 plats a escollir al restaurant Tasta'm ubicat a Centre Esplai, la seu de Fundesplai, el Prat del Llobregat.","og_url":"https:\/\/albergueesplaibarcelona.com\/ca\/el-albergue\/restaurant\/menu\/","og_site_name":"Alberg Centre Esplai","article_modified_time":"2023-03-28T06:28:28+00:00","og_image":[{"width":791,"height":517,"url":"https:\/\/albergueesplaibarcelona.com\/wp-content\/uploads\/2022\/03\/screenshot-pixabay.com-2022.03.03-13_49_17.png","type":"image\/png"}],"twitter_card":"summary_large_image","twitter_misc":{"Temps estimat de lectura":"2 minuts"},"schema":{"@context":"https:\/\/schema.org","@graph":[{"@type":"WebPage","@id":"https:\/\/albergueesplaibarcelona.com\/ca\/el-albergue\/restaurant\/menu\/","url":"https:\/\/albergueesplaibarcelona.com\/ca\/el-albergue\/restaurant\/menu\/","name":"Men\u00fa del dia - Alberg Centre Esplai","isPartOf":{"@id":"https:\/\/albergueesplaibarcelona.com\/ca\/#website"},"primaryImageOfPage":{"@id":"https:\/\/albergueesplaibarcelona.com\/ca\/el-albergue\/restaurant\/menu\/#primaryimage"},"image":{"@id":"https:\/\/albergueesplaibarcelona.com\/ca\/el-albergue\/restaurant\/menu\/#primaryimage"},"thumbnailUrl":"https:\/\/albergueesplaibarcelona.com\/wp-content\/uploads\/2022\/03\/screenshot-pixabay.com-2022.03.03-13_49_17.png","datePublished":"2022-03-01T11:42:53+00:00","dateModified":"2023-03-28T06:28:28+00:00","description":"Men\u00fa diari de buffet 3 plats a escollir al restaurant Tasta'm ubicat a Centre Esplai, la seu de Fundesplai, el Prat del Llobregat.","breadcrumb":{"@id":"https:\/\/albergueesplaibarcelona.com\/ca\/el-albergue\/restaurant\/menu\/#breadcrumb"},"inLanguage":"ca","potentialAction":[{"@type":"ReadAction","target":["https:\/\/albergueesplaibarcelona.com\/ca\/el-albergue\/restaurant\/menu\/"]}]},{"@type":"ImageObject","inLanguage":"ca","@id":"https:\/\/albergueesplaibarcelona.com\/ca\/el-albergue\/restaurant\/menu\/#primaryimage","url":"https:\/\/albergueesplaibarcelona.com\/wp-content\/uploads\/2022\/03\/screenshot-pixabay.com-2022.03.03-13_49_17.png","contentUrl":"https:\/\/albergueesplaibarcelona.com\/wp-content\/uploads\/2022\/03\/screenshot-pixabay.com-2022.03.03-13_49_17.png","width":791,"height":517,"caption":"men\u00fa del dia"},{"@type":"BreadcrumbList","@id":"https:\/\/albergueesplaibarcelona.com\/ca\/el-albergue\/restaurant\/menu\/#breadcrumb","itemListElement":[{"@type":"ListItem","position":1,"name":"Inici","item":"https:\/\/albergueesplaibarcelona.com\/ca\/el-albergue\/"},{"@type":"ListItem","position":2,"name":"L&#8217;Alberg","item":"https:\/\/albergueesplaibarcelona.com\/ca\/el-albergue\/"},{"@type":"ListItem","position":3,"name":"Restaurant","item":"https:\/\/albergueesplaibarcelona.com\/ca\/el-albergue\/restaurant\/"},{"@type":"ListItem","position":4,"name":"Men\u00fa del dia"}]},{"@type":"WebSite","@id":"https:\/\/albergueesplaibarcelona.com\/ca\/#website","url":"https:\/\/albergueesplaibarcelona.com\/ca\/","name":"Alberg Centre Esplai","description":"Alberg","publisher":{"@id":"https:\/\/albergueesplaibarcelona.com\/ca\/#organization"},"potentialAction":[{"@type":"SearchAction","target":{"@type":"EntryPoint","urlTemplate":"https:\/\/albergueesplaibarcelona.com\/ca\/?s={search_term_string}"},"query-input":{"@type":"PropertyValueSpecification","valueRequired":true,"valueName":"search_term_string"}}],"inLanguage":"ca"},{"@type":"Organization","@id":"https:\/\/albergueesplaibarcelona.com\/ca\/#organization","name":"Albergue Centre Esplai","url":"https:\/\/albergueesplaibarcelona.com\/ca\/","logo":{"@type":"ImageObject","inLanguage":"ca","@id":"https:\/\/albergueesplaibarcelona.com\/ca\/#\/schema\/logo\/image\/","url":"https:\/\/albergueesplaibarcelona.com\/wp-content\/uploads\/2020\/12\/logo_alberg_centre_esplai-e1608117409320.png","contentUrl":"https:\/\/albergueesplaibarcelona.com\/wp-content\/uploads\/2020\/12\/logo_alberg_centre_esplai-e1608117409320.png","width":500,"height":241,"caption":"Albergue Centre Esplai"},"image":{"@id":"https:\/\/albergueesplaibarcelona.com\/ca\/#\/schema\/logo\/image\/"}}]}},"_links":{"self":[{"href":"https:\/\/albergueesplaibarcelona.com\/ca\/wp-json\/wp\/v2\/pages\/13366","targetHints":{"allow":["GET"]}}],"collection":[{"href":"https:\/\/albergueesplaibarcelona.com\/ca\/wp-json\/wp\/v2\/pages"}],"about":[{"href":"https:\/\/albergueesplaibarcelona.com\/ca\/wp-json\/wp\/v2\/types\/page"}],"author":[{"embeddable":true,"href":"https:\/\/albergueesplaibarcelona.com\/ca\/wp-json\/wp\/v2\/users\/6"}],"replies":[{"embeddable":true,"href":"https:\/\/albergueesplaibarcelona.com\/ca\/wp-json\/wp\/v2\/comments?post=13366"}],"version-history":[{"count":13,"href":"https:\/\/albergueesplaibarcelona.com\/ca\/wp-json\/wp\/v2\/pages\/13366\/revisions"}],"predecessor-version":[{"id":15658,"href":"https:\/\/albergueesplaibarcelona.com\/ca\/wp-json\/wp\/v2\/pages\/13366\/revisions\/15658"}],"up":[{"embeddable":true,"href":"https:\/\/albergueesplaibarcelona.com\/ca\/wp-json\/wp\/v2\/pages\/483"}],"wp:featuredmedia":[{"embeddable":true,"href":"https:\/\/albergueesplaibarcelona.com\/ca\/wp-json\/wp\/v2\/media\/13429"}],"wp:attachment":[{"href":"https:\/\/albergueesplaibarcelona.com\/ca\/wp-json\/wp\/v2\/media?parent=13366"}],"curies":[{"name":"wp","href":"https:\/\/api.w.org\/{rel}","templated":true}]}}