{"id":2623,"date":"2019-03-20T08:42:11","date_gmt":"2019-03-20T08:42:11","guid":{"rendered":"http:\/\/albergueesplaibarcelona.com\/el-albergue\/jardi\/naturaleza-en-centre-esplai\/"},"modified":"2019-03-26T11:45:54","modified_gmt":"2019-03-26T11:45:54","slug":"naturalesa-al-centre-esplai","status":"publish","type":"page","link":"https:\/\/albergueesplaibarcelona.com\/ca\/el-albergue\/jardi\/naturalesa-al-centre-esplai\/","title":{"rendered":"Naturalesa al Centre Esplai"},"content":{"rendered":"<p>[et_pb_section bb_built=&#8221;1&#8243; next_background_color=&#8221;#000000&#8243;][et_pb_row][et_pb_column type=&#8221;4_4&#8243;][et_pb_post_title admin_label=&#8221;T\u00edtulo de publicaci\u00f3n (CA)&#8221; _builder_version=&#8221;3.21&#8243; meta=&#8221;off&#8221; featured_image=&#8221;off&#8221; \/][\/et_pb_column][\/et_pb_row][et_pb_row _builder_version=&#8221;3.19.10&#8243; make_fullwidth=&#8221;on&#8221;][et_pb_column type=&#8221;4_4&#8243;][et_pb_gallery _builder_version=&#8221;3.21&#8243; gallery_ids=&#8221;1831,1801,2100,1781,1786,1899,1904,1909,1914,1776,1919,1924,1939&#8243; hover_overlay_color=&#8221;rgba(255,255,255,0.9)&#8221; posts_number=&#8221;12&#8243; show_title_and_caption=&#8221;off&#8221; show_pagination=&#8221;off&#8221; gallery_orderby=&#8221;rand&#8221; \/][\/et_pb_column][\/et_pb_row][\/et_pb_section][et_pb_section bb_built=&#8221;1&#8243; module_class=&#8221;seccio-segueix-nos&#8221; _builder_version=&#8221;3.9&#8243; custom_margin=&#8221;50px||50px|&#8221; global_module=&#8221;182&#8243; prev_background_color=&#8221;#000000&#8243; next_background_color=&#8221;#c3c3c2&#8243;][et_pb_row global_parent=&#8221;182&#8243; _builder_version=&#8221;3.0.47&#8243; background_size=&#8221;initial&#8221; background_position=&#8221;top_left&#8221; background_repeat=&#8221;repeat&#8221; locked=&#8221;off&#8221;][et_pb_column type=&#8221;4_4&#8243;][et_pb_text admin_label=&#8221;\u00a1Reserva ahora! (CA)&#8221; global_parent=&#8221;182&#8243; _builder_version=&#8221;3.21&#8243; text_orientation=&#8221;center&#8221;]<\/p>\n<h2>Reserva ara!<\/h2>\n<p>[\/et_pb_text][et_pb_code admin_label=&#8221;Formulario de reservas (CA)&#8221; global_parent=&#8221;182&#8243; _builder_version=&#8221;3.21&#8243;]<\/p>\n<div class=\"form-reserva-inline\"><!-- [et_pb_line_break_holder] -->\t<\/p>\n<form action=\"\/reserva-ya\/\"><!-- [et_pb_line_break_holder] -->\t\t<label for=\"check_in_date\">Entrada<\/label><!-- [et_pb_line_break_holder] -->\t\t<input name=\"check_in_date\" id=\"check_in_date\" type=\"date\" \/><!-- [et_pb_line_break_holder] -->\t\t<label for=\"check_out_date\">Sortida<\/label><!-- [et_pb_line_break_holder] -->\t\t<input name=\"check_out_date\" id=\"check_out_date\" type=\"date\" \/><!-- [et_pb_line_break_holder] -->\t\t<label for=\"number_adults\" style=\"display:none\">Adults<\/label><!-- [et_pb_line_break_holder] -->\t\t<\/p>\n<div class=\"select-wrapper\"><!-- [et_pb_line_break_holder] -->\t\t\t<select name=\"number_adults\" id=\"number_adults\"><!-- [et_pb_line_break_holder] --><option value=\"1\">1 adult<\/option><!-- [et_pb_line_break_holder] --><option value=\"2\" selected>2 adults<\/option><!-- [et_pb_line_break_holder] --><option value=\"3\">3 adults<\/option><!-- [et_pb_line_break_holder] --><option value=\"4\">4 adults<\/option><!-- [et_pb_line_break_holder] --><option value=\"5\">5 adults<\/option><!-- [et_pb_line_break_holder] --><option value=\"6\">6 adults<\/option><!-- [et_pb_line_break_holder] --><option value=\"8\">8 adults<\/option><!-- [et_pb_line_break_holder] --><option value=\"9\">9 adults<\/option><!-- [et_pb_line_break_holder] --><option value=\"10\">10 adults<\/option><!-- [et_pb_line_break_holder] --><option value=\"11\">11 adults<\/option><!-- [et_pb_line_break_holder] --><option value=\"12\">12 adults<\/option><!-- [et_pb_line_break_holder] --><option value=\"13\">13 adults<\/option><!-- [et_pb_line_break_holder] --><option value=\"14\">14 adults<\/option><!-- [et_pb_line_break_holder] --><option value=\"15\">15 adults<\/option><!-- [et_pb_line_break_holder] -->\t\t\t<\/select><!-- [et_pb_line_break_holder] -->\t\t<\/div>\n<p><!-- [et_pb_line_break_holder] -->\t\t<label for=\"number_children\" style=\"display:none\">Nens\/es<\/label><!-- [et_pb_line_break_holder] -->\t\t<\/p>\n<div class=\"select-wrapper\"><!-- [et_pb_line_break_holder] -->\t\t\t<select name=\"number_children\" id=\"number_children\"><!-- [et_pb_line_break_holder] --><option value=\"0\" selected>0 nen\/a<\/option><!-- [et_pb_line_break_holder] --><option value=\"1\">1 nen\/a<\/option><!-- [et_pb_line_break_holder] --><option value=\"2\">2 nens\/es<\/option><!-- [et_pb_line_break_holder] --><option value=\"3\">3 nens\/es<\/option><!-- [et_pb_line_break_holder] --><option value=\"4\">4 nens\/es<\/option><!-- [et_pb_line_break_holder] --><option value=\"5\">5 nens\/es<\/option><!-- [et_pb_line_break_holder] --><option value=\"6\">6 nens\/es<\/option><!-- [et_pb_line_break_holder] --><option value=\"8\">8 nens\/es<\/option><!-- [et_pb_line_break_holder] --><option value=\"9\">9 nens\/es<\/option><!-- [et_pb_line_break_holder] --><option value=\"10\">10 nens\/es<\/option><!-- [et_pb_line_break_holder] --><option value=\"11\">11 nens\/es<\/option><!-- [et_pb_line_break_holder] --><option value=\"12\">12 nens\/es<\/option><!-- [et_pb_line_break_holder] --><option value=\"13\">13 nens\/es<\/option><!-- [et_pb_line_break_holder] --><option value=\"14\">14 nens\/es<\/option><!-- [et_pb_line_break_holder] --><option value=\"15\">15 nens\/es<\/option><!-- [et_pb_line_break_holder] -->\t\t\t<\/select><!-- [et_pb_line_break_holder] -->\t\t<\/div>\n<p><!-- [et_pb_line_break_holder] -->\t\t<button type=\"submit\">Reserva<\/button><!-- [et_pb_line_break_holder] -->\t<\/form>\n<p><!-- [et_pb_line_break_holder] --><\/div>\n<p>[\/et_pb_code][\/et_pb_column][\/et_pb_row][\/et_pb_section][et_pb_section bb_built=&#8221;1&#8243; background_color=&#8221;#c3c3c2&#8243; module_class=&#8221;seccio-som-fundesplai&#8221; _builder_version=&#8221;3.4.1&#8243; global_module=&#8221;26&#8243; prev_background_color=&#8221;#ffffff&#8221;][et_pb_row global_parent=&#8221;26&#8243; make_equal=&#8221;on&#8221; bg_img_1=&#8221;https:\/\/albergueesplaibarcelona.com\/wp-content\/uploads\/2018\/06\/ninots-1.png&#8221; padding_top_2=&#8221;50px&#8221; padding_bottom_2=&#8221;50px&#8221; padding_left_2=&#8221;50px&#8221; background_size_1=&#8221;contain&#8221; background_position_1=&#8221;bottom_left&#8221; background_repeat_1=&#8221;no-repeat&#8221; _builder_version=&#8221;3.0.95&#8243;][et_pb_column type=&#8221;1_3&#8243;][\/et_pb_column][et_pb_column type=&#8221;2_3&#8243;][et_pb_text admin_label=&#8221;Somos Fundesplai (CA)&#8221; global_parent=&#8221;26&#8243; _builder_version=&#8221;3.12.2&#8243; custom_margin=&#8221;||20px|&#8221;]<\/p>\n<h2>Som Fundesplai!<\/h2>\n<p>Som una ONG que, des de fa 45 anys, treballem per l&#8217;educaci\u00f3 i la felicitat dels infants, l&#8217;equitat, la inclusi\u00f3 social i la protecci\u00f3 de la naturalesa.<\/p>\n<p>&nbsp;<\/p>\n<p>[\/et_pb_text][et_pb_button admin_label=&#8221;Bot\u00f3 Conoce Fundesplai&#8221; global_parent=&#8221;26&#8243; button_url=&#8221;https:\/\/fundesplai.org\/coneix-fundesplai\/&#8221; button_text=&#8221;Coneix Fundesplai&#8221; _builder_version=&#8221;3.9&#8243; custom_button=&#8221;on&#8221; button_text_color=&#8221;#ffffff&#8221; button_bg_color=&#8221;#666666&#8243; button_icon=&#8221;%%20%%&#8221; button_bg_color_hover=&#8221;#666666&#8243; url_new_window=&#8221;on&#8221; button_text_size__hover_enabled=&#8221;off&#8221; button_text_size__hover=&#8221;null&#8221; button_one_text_size__hover_enabled=&#8221;off&#8221; button_one_text_size__hover=&#8221;null&#8221; button_two_text_size__hover_enabled=&#8221;off&#8221; button_two_text_size__hover=&#8221;null&#8221; button_text_color__hover_enabled=&#8221;off&#8221; button_text_color__hover=&#8221;null&#8221; button_one_text_color__hover_enabled=&#8221;off&#8221; button_one_text_color__hover=&#8221;null&#8221; button_two_text_color__hover_enabled=&#8221;off&#8221; button_two_text_color__hover=&#8221;null&#8221; button_border_width__hover_enabled=&#8221;off&#8221; button_border_width__hover=&#8221;null&#8221; button_one_border_width__hover_enabled=&#8221;off&#8221; button_one_border_width__hover=&#8221;null&#8221; button_two_border_width__hover_enabled=&#8221;off&#8221; button_two_border_width__hover=&#8221;null&#8221; button_border_color__hover_enabled=&#8221;off&#8221; button_border_color__hover=&#8221;null&#8221; button_one_border_color__hover_enabled=&#8221;off&#8221; button_one_border_color__hover=&#8221;null&#8221; button_two_border_color__hover_enabled=&#8221;off&#8221; button_two_border_color__hover=&#8221;null&#8221; button_border_radius__hover_enabled=&#8221;off&#8221; button_border_radius__hover=&#8221;null&#8221; button_one_border_radius__hover_enabled=&#8221;off&#8221; button_one_border_radius__hover=&#8221;null&#8221; button_two_border_radius__hover_enabled=&#8221;off&#8221; button_two_border_radius__hover=&#8221;null&#8221; button_letter_spacing__hover_enabled=&#8221;off&#8221; button_letter_spacing__hover=&#8221;null&#8221; button_one_letter_spacing__hover_enabled=&#8221;off&#8221; button_one_letter_spacing__hover=&#8221;null&#8221; button_two_letter_spacing__hover_enabled=&#8221;off&#8221; button_two_letter_spacing__hover=&#8221;null&#8221; button_bg_color__hover_enabled=&#8221;on&#8221; button_bg_color__hover=&#8221;#666666&#8243; button_one_bg_color__hover_enabled=&#8221;off&#8221; button_one_bg_color__hover=&#8221;null&#8221; button_two_bg_color__hover_enabled=&#8221;off&#8221; button_two_bg_color__hover=&#8221;null&#8221; \/][\/et_pb_column][\/et_pb_row][\/et_pb_section]<\/p>\n","protected":false},"excerpt":{"rendered":"<p><div class=\"et_pb_row et_pb_row_0 et_pb_row_empty\">\n\t\t\t\t\n\t\t\t\t\n\t\t\t\t\n\t\t\t\t\n\t\t\t\t\n\t\t\t<\/div> Reserva ara! Som Fundesplai! Som una ONG que, des de fa 45 anys, treballem per l&#8217;educaci\u00f3 i la felicitat dels infants, l&#8217;equitat, la inclusi\u00f3 social i la protecci\u00f3 de la naturalesa. &nbsp;<\/p>\n","protected":false},"author":1,"featured_media":0,"parent":452,"menu_order":0,"comment_status":"closed","ping_status":"closed","template":"","meta":{"_et_pb_use_builder":"on","_et_pb_old_content":"","_et_gb_content_width":"","footnotes":""},"class_list":["post-2623","page","type-page","status-publish","hentry"],"yoast_head":"<!-- This site is optimized with the Yoast SEO plugin v27.3 - https:\/\/yoast.com\/product\/yoast-seo-wordpress\/ -->\n<title>Naturalesa al Centre Esplai - Alberg Centre Esplai<\/title>\n<meta name=\"robots\" content=\"index, follow, max-snippet:-1, max-image-preview:large, max-video-preview:-1\" \/>\n<link rel=\"canonical\" href=\"https:\/\/albergueesplaibarcelona.com\/ca\/el-albergue\/jardi\/naturalesa-al-centre-esplai\/\" \/>\n<meta property=\"og:locale\" content=\"ca_ES\" \/>\n<meta property=\"og:type\" content=\"article\" \/>\n<meta property=\"og:title\" content=\"Naturalesa al Centre Esplai - Alberg Centre Esplai\" \/>\n<meta property=\"og:description\" content=\"Reserva ara! Som Fundesplai! Som una ONG que, des de fa 45 anys, treballem per l&#039;educaci\u00f3 i la felicitat dels infants, l&#039;equitat, la inclusi\u00f3 social i la protecci\u00f3 de la naturalesa. &nbsp;\" \/>\n<meta property=\"og:url\" content=\"https:\/\/albergueesplaibarcelona.com\/ca\/el-albergue\/jardi\/naturalesa-al-centre-esplai\/\" \/>\n<meta property=\"og:site_name\" content=\"Alberg Centre Esplai\" \/>\n<meta property=\"article:modified_time\" content=\"2019-03-26T11:45:54+00:00\" \/>\n<meta name=\"twitter:card\" content=\"summary_large_image\" \/>\n<meta name=\"twitter:label1\" content=\"Temps estimat de lectura\" \/>\n\t<meta name=\"twitter:data1\" content=\"3 minuts\" \/>\n<script type=\"application\/ld+json\" class=\"yoast-schema-graph\">{\"@context\":\"https:\\\/\\\/schema.org\",\"@graph\":[{\"@type\":\"WebPage\",\"@id\":\"https:\\\/\\\/albergueesplaibarcelona.com\\\/ca\\\/el-albergue\\\/jardi\\\/naturalesa-al-centre-esplai\\\/\",\"url\":\"https:\\\/\\\/albergueesplaibarcelona.com\\\/ca\\\/el-albergue\\\/jardi\\\/naturalesa-al-centre-esplai\\\/\",\"name\":\"Naturalesa al Centre Esplai - Alberg Centre Esplai\",\"isPartOf\":{\"@id\":\"https:\\\/\\\/albergueesplaibarcelona.com\\\/ca\\\/#website\"},\"datePublished\":\"2019-03-20T08:42:11+00:00\",\"dateModified\":\"2019-03-26T11:45:54+00:00\",\"breadcrumb\":{\"@id\":\"https:\\\/\\\/albergueesplaibarcelona.com\\\/ca\\\/el-albergue\\\/jardi\\\/naturalesa-al-centre-esplai\\\/#breadcrumb\"},\"inLanguage\":\"ca\",\"potentialAction\":[{\"@type\":\"ReadAction\",\"target\":[\"https:\\\/\\\/albergueesplaibarcelona.com\\\/ca\\\/el-albergue\\\/jardi\\\/naturalesa-al-centre-esplai\\\/\"]}]},{\"@type\":\"BreadcrumbList\",\"@id\":\"https:\\\/\\\/albergueesplaibarcelona.com\\\/ca\\\/el-albergue\\\/jardi\\\/naturalesa-al-centre-esplai\\\/#breadcrumb\",\"itemListElement\":[{\"@type\":\"ListItem\",\"position\":1,\"name\":\"Inici\",\"item\":\"https:\\\/\\\/albergueesplaibarcelona.com\\\/ca\\\/el-albergue\\\/\"},{\"@type\":\"ListItem\",\"position\":2,\"name\":\"L&#8217;Alberg\",\"item\":\"https:\\\/\\\/albergueesplaibarcelona.com\\\/ca\\\/el-albergue\\\/\"},{\"@type\":\"ListItem\",\"position\":3,\"name\":\"Jard\u00ed\",\"item\":\"https:\\\/\\\/albergueesplaibarcelona.com\\\/ca\\\/el-albergue\\\/jardi\\\/\"},{\"@type\":\"ListItem\",\"position\":4,\"name\":\"Naturalesa al Centre Esplai\"}]},{\"@type\":\"WebSite\",\"@id\":\"https:\\\/\\\/albergueesplaibarcelona.com\\\/ca\\\/#website\",\"url\":\"https:\\\/\\\/albergueesplaibarcelona.com\\\/ca\\\/\",\"name\":\"Alberg Centre Esplai\",\"description\":\"Alberg\",\"publisher\":{\"@id\":\"https:\\\/\\\/albergueesplaibarcelona.com\\\/ca\\\/#organization\"},\"potentialAction\":[{\"@type\":\"SearchAction\",\"target\":{\"@type\":\"EntryPoint\",\"urlTemplate\":\"https:\\\/\\\/albergueesplaibarcelona.com\\\/ca\\\/?s={search_term_string}\"},\"query-input\":{\"@type\":\"PropertyValueSpecification\",\"valueRequired\":true,\"valueName\":\"search_term_string\"}}],\"inLanguage\":\"ca\"},{\"@type\":\"Organization\",\"@id\":\"https:\\\/\\\/albergueesplaibarcelona.com\\\/ca\\\/#organization\",\"name\":\"Albergue Centre Esplai\",\"url\":\"https:\\\/\\\/albergueesplaibarcelona.com\\\/ca\\\/\",\"logo\":{\"@type\":\"ImageObject\",\"inLanguage\":\"ca\",\"@id\":\"https:\\\/\\\/albergueesplaibarcelona.com\\\/ca\\\/#\\\/schema\\\/logo\\\/image\\\/\",\"url\":\"https:\\\/\\\/albergueesplaibarcelona.com\\\/wp-content\\\/uploads\\\/2020\\\/12\\\/logo_alberg_centre_esplai-e1608117409320.png\",\"contentUrl\":\"https:\\\/\\\/albergueesplaibarcelona.com\\\/wp-content\\\/uploads\\\/2020\\\/12\\\/logo_alberg_centre_esplai-e1608117409320.png\",\"width\":500,\"height\":241,\"caption\":\"Albergue Centre Esplai\"},\"image\":{\"@id\":\"https:\\\/\\\/albergueesplaibarcelona.com\\\/ca\\\/#\\\/schema\\\/logo\\\/image\\\/\"}}]}<\/script>\n<!-- \/ Yoast SEO plugin. -->","yoast_head_json":{"title":"Naturalesa al Centre Esplai - Alberg Centre Esplai","robots":{"index":"index","follow":"follow","max-snippet":"max-snippet:-1","max-image-preview":"max-image-preview:large","max-video-preview":"max-video-preview:-1"},"canonical":"https:\/\/albergueesplaibarcelona.com\/ca\/el-albergue\/jardi\/naturalesa-al-centre-esplai\/","og_locale":"ca_ES","og_type":"article","og_title":"Naturalesa al Centre Esplai - Alberg Centre Esplai","og_description":"Reserva ara! Som Fundesplai! Som una ONG que, des de fa 45 anys, treballem per l'educaci\u00f3 i la felicitat dels infants, l'equitat, la inclusi\u00f3 social i la protecci\u00f3 de la naturalesa. &nbsp;","og_url":"https:\/\/albergueesplaibarcelona.com\/ca\/el-albergue\/jardi\/naturalesa-al-centre-esplai\/","og_site_name":"Alberg Centre Esplai","article_modified_time":"2019-03-26T11:45:54+00:00","twitter_card":"summary_large_image","twitter_misc":{"Temps estimat de lectura":"3 minuts"},"schema":{"@context":"https:\/\/schema.org","@graph":[{"@type":"WebPage","@id":"https:\/\/albergueesplaibarcelona.com\/ca\/el-albergue\/jardi\/naturalesa-al-centre-esplai\/","url":"https:\/\/albergueesplaibarcelona.com\/ca\/el-albergue\/jardi\/naturalesa-al-centre-esplai\/","name":"Naturalesa al Centre Esplai - Alberg Centre Esplai","isPartOf":{"@id":"https:\/\/albergueesplaibarcelona.com\/ca\/#website"},"datePublished":"2019-03-20T08:42:11+00:00","dateModified":"2019-03-26T11:45:54+00:00","breadcrumb":{"@id":"https:\/\/albergueesplaibarcelona.com\/ca\/el-albergue\/jardi\/naturalesa-al-centre-esplai\/#breadcrumb"},"inLanguage":"ca","potentialAction":[{"@type":"ReadAction","target":["https:\/\/albergueesplaibarcelona.com\/ca\/el-albergue\/jardi\/naturalesa-al-centre-esplai\/"]}]},{"@type":"BreadcrumbList","@id":"https:\/\/albergueesplaibarcelona.com\/ca\/el-albergue\/jardi\/naturalesa-al-centre-esplai\/#breadcrumb","itemListElement":[{"@type":"ListItem","position":1,"name":"Inici","item":"https:\/\/albergueesplaibarcelona.com\/ca\/el-albergue\/"},{"@type":"ListItem","position":2,"name":"L&#8217;Alberg","item":"https:\/\/albergueesplaibarcelona.com\/ca\/el-albergue\/"},{"@type":"ListItem","position":3,"name":"Jard\u00ed","item":"https:\/\/albergueesplaibarcelona.com\/ca\/el-albergue\/jardi\/"},{"@type":"ListItem","position":4,"name":"Naturalesa al Centre Esplai"}]},{"@type":"WebSite","@id":"https:\/\/albergueesplaibarcelona.com\/ca\/#website","url":"https:\/\/albergueesplaibarcelona.com\/ca\/","name":"Alberg Centre Esplai","description":"Alberg","publisher":{"@id":"https:\/\/albergueesplaibarcelona.com\/ca\/#organization"},"potentialAction":[{"@type":"SearchAction","target":{"@type":"EntryPoint","urlTemplate":"https:\/\/albergueesplaibarcelona.com\/ca\/?s={search_term_string}"},"query-input":{"@type":"PropertyValueSpecification","valueRequired":true,"valueName":"search_term_string"}}],"inLanguage":"ca"},{"@type":"Organization","@id":"https:\/\/albergueesplaibarcelona.com\/ca\/#organization","name":"Albergue Centre Esplai","url":"https:\/\/albergueesplaibarcelona.com\/ca\/","logo":{"@type":"ImageObject","inLanguage":"ca","@id":"https:\/\/albergueesplaibarcelona.com\/ca\/#\/schema\/logo\/image\/","url":"https:\/\/albergueesplaibarcelona.com\/wp-content\/uploads\/2020\/12\/logo_alberg_centre_esplai-e1608117409320.png","contentUrl":"https:\/\/albergueesplaibarcelona.com\/wp-content\/uploads\/2020\/12\/logo_alberg_centre_esplai-e1608117409320.png","width":500,"height":241,"caption":"Albergue Centre Esplai"},"image":{"@id":"https:\/\/albergueesplaibarcelona.com\/ca\/#\/schema\/logo\/image\/"}}]}},"_links":{"self":[{"href":"https:\/\/albergueesplaibarcelona.com\/ca\/wp-json\/wp\/v2\/pages\/2623","targetHints":{"allow":["GET"]}}],"collection":[{"href":"https:\/\/albergueesplaibarcelona.com\/ca\/wp-json\/wp\/v2\/pages"}],"about":[{"href":"https:\/\/albergueesplaibarcelona.com\/ca\/wp-json\/wp\/v2\/types\/page"}],"author":[{"embeddable":true,"href":"https:\/\/albergueesplaibarcelona.com\/ca\/wp-json\/wp\/v2\/users\/1"}],"replies":[{"embeddable":true,"href":"https:\/\/albergueesplaibarcelona.com\/ca\/wp-json\/wp\/v2\/comments?post=2623"}],"version-history":[{"count":5,"href":"https:\/\/albergueesplaibarcelona.com\/ca\/wp-json\/wp\/v2\/pages\/2623\/revisions"}],"predecessor-version":[{"id":2781,"href":"https:\/\/albergueesplaibarcelona.com\/ca\/wp-json\/wp\/v2\/pages\/2623\/revisions\/2781"}],"up":[{"embeddable":true,"href":"https:\/\/albergueesplaibarcelona.com\/ca\/wp-json\/wp\/v2\/pages\/452"}],"wp:attachment":[{"href":"https:\/\/albergueesplaibarcelona.com\/ca\/wp-json\/wp\/v2\/media?parent=2623"}],"curies":[{"name":"wp","href":"https:\/\/api.w.org\/{rel}","templated":true}]}}