{"id":2673,"date":"2019-03-21T13:16:13","date_gmt":"2019-03-21T13:16:13","guid":{"rendered":"http:\/\/albergueesplaibarcelona.com\/family-friendly\/"},"modified":"2024-09-25T16:27:26","modified_gmt":"2024-09-25T14:27:26","slug":"family-friendly","status":"publish","type":"page","link":"https:\/\/albergueesplaibarcelona.com\/ca\/family-friendly\/","title":{"rendered":"Family friendly"},"content":{"rendered":"<p>[et_pb_section fb_built=&#8221;1&#8243; fullwidth=&#8221;on&#8221; _builder_version=&#8221;4.16&#8243; global_colors_info=&#8221;{}&#8221;][et_pb_fullwidth_slider module_class=&#8221;slider-capcalera&#8221; _builder_version=&#8221;4.16&#8243; global_colors_info=&#8221;{}&#8221; button_text_size__hover_enabled=&#8221;off&#8221; button_text_size__hover=&#8221;null&#8221; button_one_text_size__hover_enabled=&#8221;off&#8221; button_one_text_size__hover=&#8221;null&#8221; button_two_text_size__hover_enabled=&#8221;off&#8221; button_two_text_size__hover=&#8221;null&#8221; button_text_color__hover_enabled=&#8221;off&#8221; button_text_color__hover=&#8221;null&#8221; button_one_text_color__hover_enabled=&#8221;off&#8221; button_one_text_color__hover=&#8221;null&#8221; button_two_text_color__hover_enabled=&#8221;off&#8221; button_two_text_color__hover=&#8221;null&#8221; button_border_width__hover_enabled=&#8221;off&#8221; button_border_width__hover=&#8221;null&#8221; button_one_border_width__hover_enabled=&#8221;off&#8221; button_one_border_width__hover=&#8221;null&#8221; button_two_border_width__hover_enabled=&#8221;off&#8221; button_two_border_width__hover=&#8221;null&#8221; button_border_color__hover_enabled=&#8221;off&#8221; button_border_color__hover=&#8221;null&#8221; button_one_border_color__hover_enabled=&#8221;off&#8221; button_one_border_color__hover=&#8221;null&#8221; button_two_border_color__hover_enabled=&#8221;off&#8221; button_two_border_color__hover=&#8221;null&#8221; button_border_radius__hover_enabled=&#8221;off&#8221; button_border_radius__hover=&#8221;null&#8221; button_one_border_radius__hover_enabled=&#8221;off&#8221; button_one_border_radius__hover=&#8221;null&#8221; button_two_border_radius__hover_enabled=&#8221;off&#8221; button_two_border_radius__hover=&#8221;null&#8221; button_letter_spacing__hover_enabled=&#8221;off&#8221; button_letter_spacing__hover=&#8221;null&#8221; button_one_letter_spacing__hover_enabled=&#8221;off&#8221; button_one_letter_spacing__hover=&#8221;null&#8221; button_two_letter_spacing__hover_enabled=&#8221;off&#8221; button_two_letter_spacing__hover=&#8221;null&#8221; button_bg_color__hover_enabled=&#8221;off&#8221; button_bg_color__hover=&#8221;null&#8221; button_one_bg_color__hover_enabled=&#8221;off&#8221; button_one_bg_color__hover=&#8221;null&#8221; button_two_bg_color__hover_enabled=&#8221;off&#8221; button_two_bg_color__hover=&#8221;null&#8221;][et_pb_slide use_bg_overlay=&#8221;off&#8221; use_text_overlay=&#8221;off&#8221; _builder_version=&#8221;4.16&#8243; background_image=&#8221;https:\/\/albergueesplaibarcelona.com\/wp-content\/uploads\/2019\/01\/jardin-ni\u00f1os-Centre-Esplai-2.jpg&#8221; button_on_hover=&#8221;on&#8221; global_colors_info=&#8221;{}&#8221; sticky_transition=&#8221;on&#8221;][\/et_pb_slide][et_pb_slide use_bg_overlay=&#8221;off&#8221; use_text_overlay=&#8221;off&#8221; _builder_version=&#8221;4.16&#8243; background_image=&#8221;https:\/\/albergueesplaibarcelona.com\/wp-content\/uploads\/2019\/01\/jardin-ni\u00f1os-Centre-Esplai.jpg&#8221; button_on_hover=&#8221;on&#8221; global_colors_info=&#8221;{}&#8221; sticky_transition=&#8221;on&#8221;][\/et_pb_slide][et_pb_slide use_bg_overlay=&#8221;off&#8221; use_text_overlay=&#8221;off&#8221; _builder_version=&#8221;4.16&#8243; background_image=&#8221;https:\/\/albergueesplaibarcelona.com\/wp-content\/uploads\/2019\/01\/jardin-ni\u00f1os-Centre-Esplai-3.jpg&#8221; button_on_hover=&#8221;on&#8221; global_colors_info=&#8221;{}&#8221; sticky_transition=&#8221;on&#8221;][\/et_pb_slide][\/et_pb_fullwidth_slider][\/et_pb_section][et_pb_section fb_built=&#8221;1&#8243; _builder_version=&#8221;4.16&#8243; global_colors_info=&#8221;{}&#8221;][et_pb_row _builder_version=&#8221;4.16&#8243; background_size=&#8221;initial&#8221; background_position=&#8221;top_left&#8221; background_repeat=&#8221;repeat&#8221; global_colors_info=&#8221;{}&#8221;][et_pb_column type=&#8221;4_4&#8243; _builder_version=&#8221;4.16&#8243; custom_padding=&#8221;|||&#8221; global_colors_info=&#8221;{}&#8221; custom_padding__hover=&#8221;|||&#8221;][et_pb_text admin_label=&#8221;family friendly&#8221; _builder_version=&#8221;4.24.2&#8243; global_colors_info=&#8221;{}&#8221;]<\/p>\n<h2>Family Friendly<\/h2>\n<p>L\u00b4alberg Centre Esplai \u00e9s perfecte per a les fam\u00edlies. <strong>Tenim tot el que necessites<\/strong> per venir amb els teus fills o filles a passar uns dies: <strong>habitacions familiars amb bany privat<\/strong> , tots els espais accessibles amb cotxet, canviadors i trones per posar-t&#8217;ho f\u00e0cil i un gran jard\u00ed on divertir-vos jugant a la natura i relaxar-vos. Un espai preparat per a nens i nenes, fam\u00edlies i grups. Us encantar\u00e0!  <strong><br \/><\/strong><\/p>\n<p>[\/et_pb_text][\/et_pb_column][\/et_pb_row][\/et_pb_section][et_pb_section fb_built=&#8221;1&#8243; _builder_version=&#8221;4.16&#8243; global_colors_info=&#8221;{}&#8221;][et_pb_row column_structure=&#8221;1_5,1_5,1_5,1_5,1_5&#8243; module_class=&#8221;llista-icones-blurb-awesome icones-hover&#8221; _builder_version=&#8221;4.16&#8243; global_colors_info=&#8221;{}&#8221;][et_pb_column type=&#8221;1_5&#8243; _builder_version=&#8221;4.16&#8243; custom_padding=&#8221;|||&#8221; global_colors_info=&#8221;{}&#8221; custom_padding__hover=&#8221;|||&#8221;][et_pb_blurb title=&#8221;Habitacions familiars&#8221; url=&#8221;https:\/\/albergueesplaibarcelona.com\/ca\/el-albergue\/habitacions\/&#8221; use_icon=&#8221;on&#8221; font_icon=&#8221;&#xf236;||fa||900&#8243; admin_label=&#8221;Habitaciones familiares&#8221; _builder_version=&#8221;4.24.2&#8243; header_level=&#8221;h3&#8243; global_colors_info=&#8221;{}&#8221;][\/et_pb_blurb][\/et_pb_column][et_pb_column type=&#8221;1_5&#8243; _builder_version=&#8221;4.16&#8243; custom_padding=&#8221;|||&#8221; global_colors_info=&#8221;{}&#8221; custom_padding__hover=&#8221;|||&#8221;][et_pb_blurb title=&#8221;Canviador bolquers i trones&#8221; use_icon=&#8221;on&#8221; font_icon=&#8221;&#xf77c;||fa||900&#8243; admin_label=&#8221;Cambiador pa\u00f1ales&#8221; _builder_version=&#8221;4.24.2&#8243; header_level=&#8221;h3&#8243; global_colors_info=&#8221;{}&#8221;][\/et_pb_blurb][\/et_pb_column][et_pb_column type=&#8221;1_5&#8243; _builder_version=&#8221;4.16&#8243; custom_padding=&#8221;|||&#8221; global_colors_info=&#8221;{}&#8221; custom_padding__hover=&#8221;|||&#8221;][et_pb_blurb title=&#8221;Accessibilitat cotxets&#8221; url=&#8221;https:\/\/albergueesplaibarcelona.com\/ca\/el-albergue\/accessible\/&#8221; use_icon=&#8221;on&#8221; font_icon=&#8221;&#xf77d;||fa||900&#8243; admin_label=&#8221;Accessibilidad cochecitos&#8221; _builder_version=&#8221;4.24.2&#8243; header_level=&#8221;h3&#8243; global_colors_info=&#8221;{}&#8221;][\/et_pb_blurb][\/et_pb_column][et_pb_column type=&#8221;1_5&#8243; _builder_version=&#8221;4.16&#8243; custom_padding=&#8221;|||&#8221; global_colors_info=&#8221;{}&#8221; custom_padding__hover=&#8221;|||&#8221;][et_pb_blurb title=&#8221;Jard\u00ed i terrassa&#8221; url=&#8221;https:\/\/albergueesplaibarcelona.com\/ca\/el-albergue\/jardi\/&#8221; use_icon=&#8221;on&#8221; font_icon=&#8221;&#xf400;||fa||900&#8243; admin_label=&#8221;Gran jard\u00edn y terraza&#8221; _builder_version=&#8221;4.24.2&#8243; header_level=&#8221;h3&#8243; global_colors_info=&#8221;{}&#8221;][\/et_pb_blurb][\/et_pb_column][et_pb_column type=&#8221;1_5&#8243; _builder_version=&#8221;4.16&#8243; custom_padding=&#8221;|||&#8221; global_colors_info=&#8221;{}&#8221; custom_padding__hover=&#8221;|||&#8221;][et_pb_blurb title=&#8221;Piscina d\u00b4estiu&#8221; url=&#8221;https:\/\/albergueesplaibarcelona.com\/ca\/el-albergue\/piscina\/&#8221; use_icon=&#8221;on&#8221; font_icon=&#8221;&#xf5c5;||fa||900&#8243; admin_label=&#8221;Piscina de verano&#8221; _builder_version=&#8221;4.24.2&#8243; global_colors_info=&#8221;{}&#8221;][\/et_pb_blurb][\/et_pb_column][\/et_pb_row][\/et_pb_section][et_pb_section fb_built=&#8221;1&#8243; disabled_on=&#8221;off|off|off&#8221; module_class=&#8221;seccio-segueix-nos&#8221; _builder_version=&#8221;3.22.3&#8243; custom_margin=&#8221;50px||50px|&#8221; global_module=&#8221;182&#8243; global_colors_info=&#8221;{}&#8221;][et_pb_row _builder_version=&#8221;4.16&#8243; background_size=&#8221;initial&#8221; background_position=&#8221;top_left&#8221; background_repeat=&#8221;repeat&#8221; locked=&#8221;off&#8221; global_colors_info=&#8221;{}&#8221;][et_pb_column type=&#8221;4_4&#8243; _builder_version=&#8221;4.16&#8243; custom_padding=&#8221;|||&#8221; global_colors_info=&#8221;{}&#8221; custom_padding__hover=&#8221;|||&#8221;][et_pb_text admin_label=&#8221;\u00a1Reserva ahora! (CA)&#8221; _builder_version=&#8221;4.16&#8243; text_orientation=&#8221;center&#8221; global_colors_info=&#8221;{}&#8221;]<\/p>\n<h2>Reserva ara!<\/h2>\n<p>[\/et_pb_text][et_pb_code admin_label=&#8221;Formulari de reserves (CA)&#8221; _builder_version=&#8221;4.16&#8243; z_index_tablet=&#8221;500&#8243; global_colors_info=&#8221;{}&#8221;]<\/p>\n<div class=\"form-reserva-inline\"><!-- [et_pb_line_break_holder] -->\t<\/p>\n<form action=\"\/ca\/reserva-ya\/\"><!-- [et_pb_line_break_holder] -->\t\t<label for=\"check_in_date\">Entrada<\/label><!-- [et_pb_line_break_holder] -->\t\t<input name=\"check_in_date\" id=\"check_in_date\" type=\"date\"><!-- [et_pb_line_break_holder] -->\t\t<label for=\"check_out_date\">Sortida<\/label><!-- [et_pb_line_break_holder] -->\t\t<input name=\"check_out_date\" id=\"check_out_date\" type=\"date\"><!-- [et_pb_line_break_holder] -->\t\t<label for=\"number_adults\" style=\"display:none\">Adults<\/label><!-- [et_pb_line_break_holder] -->\t\t<\/p>\n<div class=\"select-wrapper\"><!-- [et_pb_line_break_holder] -->\t\t\t<select name=\"number_adults\" id=\"number_adults\"><!-- [et_pb_line_break_holder] --><option value=\"1\">1 adult<\/option><!-- [et_pb_line_break_holder] --><option value=\"2\" selected>2 adults<\/option><!-- [et_pb_line_break_holder] --><option value=\"3\">3 adults<\/option><!-- [et_pb_line_break_holder] --><option value=\"4\">4 adults<\/option><!-- [et_pb_line_break_holder] --><option value=\"5\">5 adults<\/option><!-- [et_pb_line_break_holder] --><option value=\"6\">6 adults<\/option><!-- [et_pb_line_break_holder] --><option value=\"7\">7 adults<\/option><!-- [et_pb_line_break_holder] --><option value=\"8\">8 adults<\/option><!-- [et_pb_line_break_holder] --><option value=\"9\">9 adults<\/option><!-- [et_pb_line_break_holder] --><option value=\"10\">10 adults<\/option><!-- [et_pb_line_break_holder] --><option value=\"11\">11 adults<\/option><!-- [et_pb_line_break_holder] --><option value=\"12\">12 adults<\/option><!-- [et_pb_line_break_holder] --><option value=\"13\">13 adults<\/option><!-- [et_pb_line_break_holder] --><option value=\"14\">14 adults<\/option><!-- [et_pb_line_break_holder] --><option value=\"15\">15 adults<\/option><!-- [et_pb_line_break_holder] -->\t\t\t<\/select><!-- [et_pb_line_break_holder] -->\t\t<\/div>\n<p><!-- [et_pb_line_break_holder] -->\t\t<label for=\"number_children\" style=\"display:none\">Nens\/ns<\/label><!-- [et_pb_line_break_holder] -->\t\t<\/p>\n<div class=\"select-wrapper\"><!-- [et_pb_line_break_holder] -->\t\t\t<select name=\"number_children\" id=\"number_children\"><!-- [et_pb_line_break_holder] --><option value=\"0\" selected>0 infants<\/option><!-- [et_pb_line_break_holder] --><option value=\"1\">1 infant<\/option><!-- [et_pb_line_break_holder] --><option value=\"2\">2 infants<\/option><!-- [et_pb_line_break_holder] --><option value=\"3\">3 infants<\/option><!-- [et_pb_line_break_holder] --><option value=\"4\">4 infants<\/option><!-- [et_pb_line_break_holder] --><option value=\"5\">5 infants<\/option><!-- [et_pb_line_break_holder] --><option value=\"6\">6 infants<\/option><!-- [et_pb_line_break_holder] --><option value=\"7\">7 infants<\/option><!-- [et_pb_line_break_holder] --><option value=\"8\">8 infants<\/option><!-- [et_pb_line_break_holder] --><option value=\"9\">9 infants<\/option><!-- [et_pb_line_break_holder] --><option value=\"10\">10 infants<\/option><!-- [et_pb_line_break_holder] --><option value=\"11\">11 infants<\/option><!-- [et_pb_line_break_holder] --><option value=\"12\">12 infants<\/option><!-- [et_pb_line_break_holder] --><option value=\"13\">13 infants<\/option><!-- [et_pb_line_break_holder] --><option value=\"14\">14 infants<\/option><!-- [et_pb_line_break_holder] --><option value=\"15\">15 infants<\/option><!-- [et_pb_line_break_holder] -->\t\t\t<\/select><!-- [et_pb_line_break_holder] -->\t\t<\/div>\n<p><!-- [et_pb_line_break_holder] -->\t\t<label for=\"number_infants\" style=\"display:none\">Nedar<\/label><!-- [et_pb_line_break_holder] -->\t   <\/p>\n<div class=\"select-wrapper\"><!-- [et_pb_line_break_holder] -->\t\t   <select name=\"number_infants\" id=\"number_infants\"><!-- [et_pb_line_break_holder] --><option value=\"0\" selected>0 nadons (&lt;2)<\/option><!-- [et_pb_line_break_holder] --><option value=\"1\">1 ned\u00f3 (&lt;2)<\/option><!-- [et_pb_line_break_holder] --><option value=\"2\">2 nadons (&lt;2)<\/option><!-- [et_pb_line_break_holder] --><option value=\"3\">3 nadons (&lt;2)<\/option><!-- [et_pb_line_break_holder] --><option value=\"4\">4 nadons (&lt;2)<\/option><!-- [et_pb_line_break_holder] --><option value=\"5\">5 nadons (&lt;2)<\/option><!-- [et_pb_line_break_holder] --><option value=\"6\">6 nadons (&lt;2)<\/option><!-- [et_pb_line_break_holder] --><option value=\"7\">7 nadons (&lt;2)<\/option><!-- [et_pb_line_break_holder] --><option value=\"8\">8 nadons (&lt;2)<\/option><!-- [et_pb_line_break_holder] -->\t\t   <\/select><!-- [et_pb_line_break_holder] -->\t   <\/div>\n<p><!-- [et_pb_line_break_holder] -->\t\t<button type=\"submit\">Reserva<\/button><!-- [et_pb_line_break_holder] -->\t<\/form>\n<p><!-- [et_pb_line_break_holder] --><\/div>\n<p>[\/et_pb_code][\/et_pb_column][\/et_pb_row][\/et_pb_section][et_pb_section fb_built=&#8221;1&#8243; _builder_version=&#8221;4.16&#8243; custom_padding=&#8221;25px|||&#8221; global_colors_info=&#8221;{}&#8221;][et_pb_row column_structure=&#8221;1_3,1_3,1_3&#8243; module_class=&#8221; et_pb_row_fullwidth&#8221; _builder_version=&#8221;4.16&#8243; width=&#8221;100%&#8221; width_tablet=&#8221;100%&#8221; width_phone=&#8221;&#8221; width_last_edited=&#8221;on|desktop&#8221; max_width=&#8221;100%&#8221; max_width_tablet=&#8221;100%&#8221; max_width_phone=&#8221;&#8221; max_width_last_edited=&#8221;on|desktop&#8221; make_fullwidth=&#8221;on&#8221; global_colors_info=&#8221;{}&#8221;][et_pb_column type=&#8221;1_3&#8243; _builder_version=&#8221;4.16&#8243; custom_padding=&#8221;|||&#8221; global_colors_info=&#8221;{}&#8221; custom_padding__hover=&#8221;|||&#8221;][et_pb_image src=&#8221;https:\/\/albergueesplaibarcelona.com\/wp-content\/uploads\/2019\/02\/Centre-Esplai-Edgar-Madrenys-11.jpg&#8221; align_tablet=&#8221;center&#8221; align_phone=&#8221;&#8221; align_last_edited=&#8221;on|desktop&#8221; _builder_version=&#8221;4.16&#8243; global_colors_info=&#8221;{}&#8221;][\/et_pb_image][\/et_pb_column][et_pb_column type=&#8221;1_3&#8243; _builder_version=&#8221;4.16&#8243; custom_padding=&#8221;|||&#8221; global_colors_info=&#8221;{}&#8221; custom_padding__hover=&#8221;|||&#8221;][et_pb_image src=&#8221;https:\/\/albergueesplaibarcelona.com\/wp-content\/uploads\/2019\/02\/Centre-Esplai-Edgar-MAdrenys-1.jpg&#8221; align_tablet=&#8221;center&#8221; align_phone=&#8221;&#8221; align_last_edited=&#8221;on|desktop&#8221; _builder_version=&#8221;4.16&#8243; global_colors_info=&#8221;{}&#8221;][\/et_pb_image][\/et_pb_column][et_pb_column type=&#8221;1_3&#8243; _builder_version=&#8221;4.16&#8243; custom_padding=&#8221;|||&#8221; global_colors_info=&#8221;{}&#8221; custom_padding__hover=&#8221;|||&#8221;][et_pb_image src=&#8221;https:\/\/albergueesplaibarcelona.com\/wp-content\/uploads\/2019\/01\/jardin-Centre-Esplai-ni\u00f1os.jpg&#8221; align_tablet=&#8221;center&#8221; align_phone=&#8221;&#8221; align_last_edited=&#8221;on|desktop&#8221; _builder_version=&#8221;4.16&#8243; global_colors_info=&#8221;{}&#8221;][\/et_pb_image][\/et_pb_column][\/et_pb_row][\/et_pb_section][et_pb_section fb_built=&#8221;1&#8243; module_class=&#8221;seccio-som-fundesplai&#8221; _builder_version=&#8221;3.22&#8243; background_color=&#8221;#c3c3c2&#8243; global_module=&#8221;26&#8243; locked=&#8221;off&#8221; collapsed=&#8221;off&#8221; global_colors_info=&#8221;{}&#8221;][et_pb_row column_structure=&#8221;1_3,2_3&#8243; make_equal=&#8221;on&#8221; _builder_version=&#8221;4.16&#8243; max_width=&#8221;1080px&#8221; global_colors_info=&#8221;{}&#8221;][et_pb_column type=&#8221;1_3&#8243; _builder_version=&#8221;4.16&#8243; background_image=&#8221;https:\/\/albergueesplaibarcelona.com\/wp-content\/uploads\/2018\/06\/ninots-1.png&#8221; background_size=&#8221;contain&#8221; background_position=&#8221;bottom_left&#8221; custom_padding=&#8221;|||&#8221; global_colors_info=&#8221;{}&#8221; custom_padding__hover=&#8221;|||&#8221;][\/et_pb_column][et_pb_column type=&#8221;2_3&#8243; _builder_version=&#8221;4.16&#8243; custom_padding=&#8221;50px||50px|50px&#8221; global_colors_info=&#8221;{}&#8221; custom_padding__hover=&#8221;|||&#8221;][et_pb_text admin_label=&#8221;Somos Fundesplai (DE)&#8221; _builder_version=&#8221;4.16&#8243; custom_margin=&#8221;||20px|&#8221; z_index_tablet=&#8221;500&#8243; global_colors_info=&#8221;{}&#8221;]<\/p>\n\n\t\t\t<div>\n\t\t\t\t<h2>\n\t\t\t\t\tSom Fundesplai\n\t\t\t\t<\/h2>\n\t\t\t\t<p>\n\t\t\t\t\tSom <strong>Fundesplai<\/strong>, una entitat sense \u00e0nim de lucre amb la missi\u00f3 d'educar els infants i joves, enfortir les entitats de lleure i el Tercer Sector, millorar el medi ambient i promoure la ciutadania i la inclusi\u00f3 social, amb voluntat transformadora.\n\t\t\t\t<\/p>\n\t\t\t\t<p>\n\t\t\t\t\tL\u2019alberg Centre Esplai ens ajuda a complir amb la nostra missi\u00f3 educativa, social i ambiental.\n\t\t\t\t<\/p>\n\t\t\t\t<p>\n\t\t\t\t\t<a class='et_pb_button et_pb_custom_button_icon et_hover_enabled et_pb_bg_layout_light' href='https:\/\/fundesplai.org\/coneix-fundesplai\/' data-icon='' style='display: inline-block;'>\n\t\t\t\t\t\tConeix Fundesplai\n\t\t\t\t\t<\/a>\n\t\t\t\t<\/p>\n\t\t\t<\/div>\n\t\t\n<p>[\/et_pb_text][\/et_pb_column][\/et_pb_row][\/et_pb_section]<\/p>\n","protected":false},"excerpt":{"rendered":"<p>Family Friendly L\u00b4alberg Centre Esplai \u00e9s perfecte per a les fam\u00edlies. Tenim tot el que necessites per venir amb els teus fills o filles a passar uns dies: habitacions familiars amb bany privat , tots els espais accessibles amb cotxet, canviadors i trones per posar-t&#8217;ho f\u00e0cil i un gran jard\u00ed on divertir-vos jugant a la [&hellip;]<\/p>\n","protected":false},"author":3,"featured_media":0,"parent":0,"menu_order":0,"comment_status":"closed","ping_status":"closed","template":"","meta":{"_et_pb_use_builder":"on","_et_pb_old_content":"","_et_gb_content_width":"","footnotes":""},"class_list":["post-2673","page","type-page","status-publish","hentry"],"yoast_head":"<!-- This site is optimized with the Yoast SEO plugin v27.4 - https:\/\/yoast.com\/product\/yoast-seo-wordpress\/ -->\n<title>Family friendly - Alberg Centre Esplai<\/title>\n<meta name=\"robots\" content=\"index, follow, max-snippet:-1, max-image-preview:large, max-video-preview:-1\" \/>\n<link rel=\"canonical\" href=\"https:\/\/albergueesplaibarcelona.com\/ca\/family-friendly\/\" \/>\n<meta property=\"og:locale\" content=\"ca_ES\" \/>\n<meta property=\"og:type\" content=\"article\" \/>\n<meta property=\"og:title\" content=\"Family friendly - Alberg Centre Esplai\" \/>\n<meta property=\"og:description\" content=\"Family Friendly L\u00b4alberg Centre Esplai \u00e9s perfecte per a les fam\u00edlies. Tenim tot el que necessites per venir amb els teus fills o filles a passar uns dies: habitacions familiars amb bany privat , tots els espais accessibles amb cotxet, canviadors i trones per posar-t&#039;ho f\u00e0cil i un gran jard\u00ed on divertir-vos jugant a la [&hellip;]\" \/>\n<meta property=\"og:url\" content=\"https:\/\/albergueesplaibarcelona.com\/ca\/family-friendly\/\" \/>\n<meta property=\"og:site_name\" content=\"Alberg Centre Esplai\" \/>\n<meta property=\"article:modified_time\" content=\"2024-09-25T14:27:26+00:00\" \/>\n<meta name=\"twitter:card\" content=\"summary_large_image\" \/>\n<meta name=\"twitter:label1\" content=\"Temps estimat de lectura\" \/>\n\t<meta name=\"twitter:data1\" content=\"2 minuts\" \/>\n<script type=\"application\/ld+json\" class=\"yoast-schema-graph\">{\"@context\":\"https:\\\/\\\/schema.org\",\"@graph\":[{\"@type\":\"WebPage\",\"@id\":\"https:\\\/\\\/albergueesplaibarcelona.com\\\/ca\\\/family-friendly\\\/\",\"url\":\"https:\\\/\\\/albergueesplaibarcelona.com\\\/ca\\\/family-friendly\\\/\",\"name\":\"Family friendly - Alberg Centre Esplai\",\"isPartOf\":{\"@id\":\"https:\\\/\\\/albergueesplaibarcelona.com\\\/ca\\\/#website\"},\"datePublished\":\"2019-03-21T13:16:13+00:00\",\"dateModified\":\"2024-09-25T14:27:26+00:00\",\"breadcrumb\":{\"@id\":\"https:\\\/\\\/albergueesplaibarcelona.com\\\/ca\\\/family-friendly\\\/#breadcrumb\"},\"inLanguage\":\"ca\",\"potentialAction\":[{\"@type\":\"ReadAction\",\"target\":[\"https:\\\/\\\/albergueesplaibarcelona.com\\\/ca\\\/family-friendly\\\/\"]}]},{\"@type\":\"BreadcrumbList\",\"@id\":\"https:\\\/\\\/albergueesplaibarcelona.com\\\/ca\\\/family-friendly\\\/#breadcrumb\",\"itemListElement\":[{\"@type\":\"ListItem\",\"position\":1,\"name\":\"Inici\",\"item\":\"https:\\\/\\\/albergueesplaibarcelona.com\\\/ca\\\/el-albergue\\\/\"},{\"@type\":\"ListItem\",\"position\":2,\"name\":\"Family friendly\"}]},{\"@type\":\"WebSite\",\"@id\":\"https:\\\/\\\/albergueesplaibarcelona.com\\\/ca\\\/#website\",\"url\":\"https:\\\/\\\/albergueesplaibarcelona.com\\\/ca\\\/\",\"name\":\"Alberg Centre Esplai\",\"description\":\"Alberg\",\"publisher\":{\"@id\":\"https:\\\/\\\/albergueesplaibarcelona.com\\\/ca\\\/#organization\"},\"potentialAction\":[{\"@type\":\"SearchAction\",\"target\":{\"@type\":\"EntryPoint\",\"urlTemplate\":\"https:\\\/\\\/albergueesplaibarcelona.com\\\/ca\\\/?s={search_term_string}\"},\"query-input\":{\"@type\":\"PropertyValueSpecification\",\"valueRequired\":true,\"valueName\":\"search_term_string\"}}],\"inLanguage\":\"ca\"},{\"@type\":\"Organization\",\"@id\":\"https:\\\/\\\/albergueesplaibarcelona.com\\\/ca\\\/#organization\",\"name\":\"Albergue Centre Esplai\",\"url\":\"https:\\\/\\\/albergueesplaibarcelona.com\\\/ca\\\/\",\"logo\":{\"@type\":\"ImageObject\",\"inLanguage\":\"ca\",\"@id\":\"https:\\\/\\\/albergueesplaibarcelona.com\\\/ca\\\/#\\\/schema\\\/logo\\\/image\\\/\",\"url\":\"https:\\\/\\\/albergueesplaibarcelona.com\\\/wp-content\\\/uploads\\\/2020\\\/12\\\/logo_alberg_centre_esplai-e1608117409320.png\",\"contentUrl\":\"https:\\\/\\\/albergueesplaibarcelona.com\\\/wp-content\\\/uploads\\\/2020\\\/12\\\/logo_alberg_centre_esplai-e1608117409320.png\",\"width\":500,\"height\":241,\"caption\":\"Albergue Centre Esplai\"},\"image\":{\"@id\":\"https:\\\/\\\/albergueesplaibarcelona.com\\\/ca\\\/#\\\/schema\\\/logo\\\/image\\\/\"}}]}<\/script>\n<!-- \/ Yoast SEO plugin. -->","yoast_head_json":{"title":"Family friendly - Alberg Centre Esplai","robots":{"index":"index","follow":"follow","max-snippet":"max-snippet:-1","max-image-preview":"max-image-preview:large","max-video-preview":"max-video-preview:-1"},"canonical":"https:\/\/albergueesplaibarcelona.com\/ca\/family-friendly\/","og_locale":"ca_ES","og_type":"article","og_title":"Family friendly - Alberg Centre Esplai","og_description":"Family Friendly L\u00b4alberg Centre Esplai \u00e9s perfecte per a les fam\u00edlies. Tenim tot el que necessites per venir amb els teus fills o filles a passar uns dies: habitacions familiars amb bany privat , tots els espais accessibles amb cotxet, canviadors i trones per posar-t'ho f\u00e0cil i un gran jard\u00ed on divertir-vos jugant a la [&hellip;]","og_url":"https:\/\/albergueesplaibarcelona.com\/ca\/family-friendly\/","og_site_name":"Alberg Centre Esplai","article_modified_time":"2024-09-25T14:27:26+00:00","twitter_card":"summary_large_image","twitter_misc":{"Temps estimat de lectura":"2 minuts"},"schema":{"@context":"https:\/\/schema.org","@graph":[{"@type":"WebPage","@id":"https:\/\/albergueesplaibarcelona.com\/ca\/family-friendly\/","url":"https:\/\/albergueesplaibarcelona.com\/ca\/family-friendly\/","name":"Family friendly - Alberg Centre Esplai","isPartOf":{"@id":"https:\/\/albergueesplaibarcelona.com\/ca\/#website"},"datePublished":"2019-03-21T13:16:13+00:00","dateModified":"2024-09-25T14:27:26+00:00","breadcrumb":{"@id":"https:\/\/albergueesplaibarcelona.com\/ca\/family-friendly\/#breadcrumb"},"inLanguage":"ca","potentialAction":[{"@type":"ReadAction","target":["https:\/\/albergueesplaibarcelona.com\/ca\/family-friendly\/"]}]},{"@type":"BreadcrumbList","@id":"https:\/\/albergueesplaibarcelona.com\/ca\/family-friendly\/#breadcrumb","itemListElement":[{"@type":"ListItem","position":1,"name":"Inici","item":"https:\/\/albergueesplaibarcelona.com\/ca\/el-albergue\/"},{"@type":"ListItem","position":2,"name":"Family friendly"}]},{"@type":"WebSite","@id":"https:\/\/albergueesplaibarcelona.com\/ca\/#website","url":"https:\/\/albergueesplaibarcelona.com\/ca\/","name":"Alberg Centre Esplai","description":"Alberg","publisher":{"@id":"https:\/\/albergueesplaibarcelona.com\/ca\/#organization"},"potentialAction":[{"@type":"SearchAction","target":{"@type":"EntryPoint","urlTemplate":"https:\/\/albergueesplaibarcelona.com\/ca\/?s={search_term_string}"},"query-input":{"@type":"PropertyValueSpecification","valueRequired":true,"valueName":"search_term_string"}}],"inLanguage":"ca"},{"@type":"Organization","@id":"https:\/\/albergueesplaibarcelona.com\/ca\/#organization","name":"Albergue Centre Esplai","url":"https:\/\/albergueesplaibarcelona.com\/ca\/","logo":{"@type":"ImageObject","inLanguage":"ca","@id":"https:\/\/albergueesplaibarcelona.com\/ca\/#\/schema\/logo\/image\/","url":"https:\/\/albergueesplaibarcelona.com\/wp-content\/uploads\/2020\/12\/logo_alberg_centre_esplai-e1608117409320.png","contentUrl":"https:\/\/albergueesplaibarcelona.com\/wp-content\/uploads\/2020\/12\/logo_alberg_centre_esplai-e1608117409320.png","width":500,"height":241,"caption":"Albergue Centre Esplai"},"image":{"@id":"https:\/\/albergueesplaibarcelona.com\/ca\/#\/schema\/logo\/image\/"}}]}},"_links":{"self":[{"href":"https:\/\/albergueesplaibarcelona.com\/ca\/wp-json\/wp\/v2\/pages\/2673","targetHints":{"allow":["GET"]}}],"collection":[{"href":"https:\/\/albergueesplaibarcelona.com\/ca\/wp-json\/wp\/v2\/pages"}],"about":[{"href":"https:\/\/albergueesplaibarcelona.com\/ca\/wp-json\/wp\/v2\/types\/page"}],"author":[{"embeddable":true,"href":"https:\/\/albergueesplaibarcelona.com\/ca\/wp-json\/wp\/v2\/users\/3"}],"replies":[{"embeddable":true,"href":"https:\/\/albergueesplaibarcelona.com\/ca\/wp-json\/wp\/v2\/comments?post=2673"}],"version-history":[{"count":15,"href":"https:\/\/albergueesplaibarcelona.com\/ca\/wp-json\/wp\/v2\/pages\/2673\/revisions"}],"predecessor-version":[{"id":19282,"href":"https:\/\/albergueesplaibarcelona.com\/ca\/wp-json\/wp\/v2\/pages\/2673\/revisions\/19282"}],"wp:attachment":[{"href":"https:\/\/albergueesplaibarcelona.com\/ca\/wp-json\/wp\/v2\/media?parent=2673"}],"curies":[{"name":"wp","href":"https:\/\/api.w.org\/{rel}","templated":true}]}}