{"id":2718,"date":"2019-03-25T11:16:34","date_gmt":"2019-03-25T11:16:34","guid":{"rendered":"http:\/\/albergueesplaibarcelona.com\/?page_id=2718"},"modified":"2019-03-26T11:27:11","modified_gmt":"2019-03-26T11:27:11","slug":"politica-de-turisme-responsable","status":"publish","type":"page","link":"https:\/\/albergueesplaibarcelona.com\/ca\/politica-de-turisme-responsable\/","title":{"rendered":"Pol\u00edtica de turisme responsable"},"content":{"rendered":"<p>[et_pb_section bb_built=&#8221;1&#8243; fullwidth=&#8221;on&#8221; specialty=&#8221;off&#8221; next_background_color=&#8221;#000000&#8243;][et_pb_fullwidth_image _builder_version=&#8221;3.19.10&#8243; src=&#8221;https:\/\/albergueesplaibarcelona.com\/wp-content\/uploads\/2019\/02\/Turismo-responsable-Fundesplai.jpg&#8221; \/][\/et_pb_section][et_pb_section bb_built=&#8221;1&#8243; prev_background_color=&#8221;#000000&#8243; next_background_color=&#8221;#000000&#8243;][et_pb_row][et_pb_column type=&#8221;4_4&#8243;][et_pb_text admin_label=&#8221;t\u00edtulo (CA)&#8221; _builder_version=&#8221;3.21&#8243;]<\/p>\n<h2>Pol\u00edtica de turisme responsable i sostenible<\/h2>\n<p>[\/et_pb_text][\/et_pb_column][\/et_pb_row][et_pb_row][et_pb_column type=&#8221;4_4&#8243;][et_pb_text admin_label=&#8221;Texto (CA)&#8221; _builder_version=&#8221;3.21&#8243;]<\/p>\n<p>Conscients de la import\u00e0ncia de mantenir un desenvolupament tur\u00edstic sostenible, i assumits els principis i objectius adoptats espec\u00edficament a la Cimera Mundial sobre el Desenvolupament Sostenible 2015, la COP 21 i la Carta Mundial del Turisme Sostenible + 20, la Fundaci\u00f3 Catalana de l&#8217;Esplai, es compromet a portar a terme una gesti\u00f3 sostenible de les seves activitats, tant internes com externes, aix\u00ed com optimitzar la sostenibilitat de l&#8217;establiment millorant el seu comportament amb l&#8217;entorn.<\/p>\n<p>En aquest mateix sentit, la nostra entitat ha adoptat la seg\u00fcent Pol\u00edtica de Turisme Responsable, mitjan\u00e7ant la qual es compromet a complir els requisits establerts a l&#8217;adhesi\u00f3 BIOSPHERE, que inclou, d&#8217;entre altres coses, els requeriments legals que regulen els efectes generats per l&#8217;activitat tur\u00edstica.<\/p>\n<p>Aix\u00ed mateix, ens comprometem a motivar i formar al nostre personal amb accions formatives i de conscienciaci\u00f3 sobre els principis del Turisme Responsable, a promoure les bones pr\u00e0ctiques mediambientals en l&#8217;entorn i participar en activitats externes, i a informar tan interna com externament sobre els aven\u00e7os i actuacions mediambientals de l&#8217;empresa.<\/p>\n<p>D&#8217;igual manera, la nostra entitat manifesta el comprom\u00eds expr\u00e9s de lluita contra l&#8217;explotaci\u00f3 sexual o qualsevol altra forma d&#8217;explotaci\u00f3 i assetjament comercial, en particular dels nens, adolescents, dones i minories; i ens comprometem a adoptar mesures d&#8217;accessibilitat universal.<\/p>\n<p>Un dels nostres principals objectius \u00e9s perfeccionar la gesti\u00f3 sostenible, assumint els compromisos de millora cont\u00ednua en tots els \u00e0mbits de la sostenibilitat: social, econ\u00f2mica i ambiental, aix\u00ed com en la satisfacci\u00f3 del client. Per a aix\u00f2, es sotmetran els projectes de futures ampliacions de les instal\u00b7lacions o activitats a criteris de sostenibilitat i efici\u00e8ncia en l&#8217;\u00fas dels recursos.<\/p>\n<p>Aquesta Pol\u00edtica de Turisme Responsable s&#8217;actualitzar\u00e0 sempre que les circumst\u00e0ncies ho requereixin, adoptant i publicant en ambd\u00f3s casos nous objectius de sostenibilitat.<\/p>\n<p>Cristina Rodriguez Portillo<\/p>\n<p>Directora General de Gesti\u00f3n y Servicios<\/p>\n<p style=\"text-align: right;\">El Prat de Llobregat, noviembre de 2018<\/p>\n<p>[\/et_pb_text][\/et_pb_column][\/et_pb_row][\/et_pb_section][et_pb_section bb_built=&#8221;1&#8243; module_class=&#8221;seccio-segueix-nos&#8221; _builder_version=&#8221;3.9&#8243; custom_margin=&#8221;50px||50px|&#8221; global_module=&#8221;182&#8243; prev_background_color=&#8221;#000000&#8243; next_background_color=&#8221;#c3c3c2&#8243;][et_pb_row global_parent=&#8221;182&#8243; _builder_version=&#8221;3.0.47&#8243; background_size=&#8221;initial&#8221; background_position=&#8221;top_left&#8221; background_repeat=&#8221;repeat&#8221; locked=&#8221;off&#8221;][et_pb_column type=&#8221;4_4&#8243;][et_pb_text admin_label=&#8221;\u00a1Reserva ahora! (CA)&#8221; global_parent=&#8221;182&#8243; _builder_version=&#8221;3.21&#8243; text_orientation=&#8221;center&#8221;]<\/p>\n<h2>Reserva ara!<\/h2>\n<p>[\/et_pb_text][et_pb_code admin_label=&#8221;Formulario de reservas (CA)&#8221; global_parent=&#8221;182&#8243; _builder_version=&#8221;3.21&#8243;]<\/p>\n<div class=\"form-reserva-inline\"><!-- [et_pb_line_break_holder] -->\t<\/p>\n<form action=\"\/reserva-ya\/\"><!-- [et_pb_line_break_holder] -->\t\t<label for=\"check_in_date\">Entrada<\/label><!-- [et_pb_line_break_holder] -->\t\t<input name=\"check_in_date\" id=\"check_in_date\" type=\"date\" \/><!-- [et_pb_line_break_holder] -->\t\t<label for=\"check_out_date\">Sortida<\/label><!-- [et_pb_line_break_holder] -->\t\t<input name=\"check_out_date\" id=\"check_out_date\" type=\"date\" \/><!-- [et_pb_line_break_holder] -->\t\t<label for=\"number_adults\" style=\"display:none\">Adults<\/label><!-- [et_pb_line_break_holder] -->\t\t<\/p>\n<div class=\"select-wrapper\"><!-- [et_pb_line_break_holder] -->\t\t\t<select name=\"number_adults\" id=\"number_adults\"><!-- [et_pb_line_break_holder] --><option value=\"1\">1 adult<\/option><!-- [et_pb_line_break_holder] --><option value=\"2\" selected>2 adults<\/option><!-- [et_pb_line_break_holder] --><option value=\"3\">3 adults<\/option><!-- [et_pb_line_break_holder] --><option value=\"4\">4 adults<\/option><!-- [et_pb_line_break_holder] --><option value=\"5\">5 adults<\/option><!-- [et_pb_line_break_holder] --><option value=\"6\">6 adults<\/option><!-- [et_pb_line_break_holder] --><option value=\"8\">8 adults<\/option><!-- [et_pb_line_break_holder] --><option value=\"9\">9 adults<\/option><!-- [et_pb_line_break_holder] --><option value=\"10\">10 adults<\/option><!-- [et_pb_line_break_holder] --><option value=\"11\">11 adults<\/option><!-- [et_pb_line_break_holder] --><option value=\"12\">12 adults<\/option><!-- [et_pb_line_break_holder] --><option value=\"13\">13 adults<\/option><!-- [et_pb_line_break_holder] --><option value=\"14\">14 adults<\/option><!-- [et_pb_line_break_holder] --><option value=\"15\">15 adults<\/option><!-- [et_pb_line_break_holder] -->\t\t\t<\/select><!-- [et_pb_line_break_holder] -->\t\t<\/div>\n<p><!-- [et_pb_line_break_holder] -->\t\t<label for=\"number_children\" style=\"display:none\">Nens\/es<\/label><!-- [et_pb_line_break_holder] -->\t\t<\/p>\n<div class=\"select-wrapper\"><!-- [et_pb_line_break_holder] -->\t\t\t<select name=\"number_children\" id=\"number_children\"><!-- [et_pb_line_break_holder] --><option value=\"0\" selected>0 nen\/a<\/option><!-- [et_pb_line_break_holder] --><option value=\"1\">1 nen\/a<\/option><!-- [et_pb_line_break_holder] --><option value=\"2\">2 nens\/es<\/option><!-- [et_pb_line_break_holder] --><option value=\"3\">3 nens\/es<\/option><!-- [et_pb_line_break_holder] --><option value=\"4\">4 nens\/es<\/option><!-- [et_pb_line_break_holder] --><option value=\"5\">5 nens\/es<\/option><!-- [et_pb_line_break_holder] --><option value=\"6\">6 nens\/es<\/option><!-- [et_pb_line_break_holder] --><option value=\"8\">8 nens\/es<\/option><!-- [et_pb_line_break_holder] --><option value=\"9\">9 nens\/es<\/option><!-- [et_pb_line_break_holder] --><option value=\"10\">10 nens\/es<\/option><!-- [et_pb_line_break_holder] --><option value=\"11\">11 nens\/es<\/option><!-- [et_pb_line_break_holder] --><option value=\"12\">12 nens\/es<\/option><!-- [et_pb_line_break_holder] --><option value=\"13\">13 nens\/es<\/option><!-- [et_pb_line_break_holder] --><option value=\"14\">14 nens\/es<\/option><!-- [et_pb_line_break_holder] --><option value=\"15\">15 nens\/es<\/option><!-- [et_pb_line_break_holder] -->\t\t\t<\/select><!-- [et_pb_line_break_holder] -->\t\t<\/div>\n<p><!-- [et_pb_line_break_holder] -->\t\t<button type=\"submit\">Reserva<\/button><!-- [et_pb_line_break_holder] -->\t<\/form>\n<p><!-- [et_pb_line_break_holder] --><\/div>\n<p>[\/et_pb_code][\/et_pb_column][\/et_pb_row][\/et_pb_section][et_pb_section bb_built=&#8221;1&#8243; background_color=&#8221;#c3c3c2&#8243; module_class=&#8221;seccio-som-fundesplai&#8221; _builder_version=&#8221;3.4.1&#8243; global_module=&#8221;26&#8243; prev_background_color=&#8221;#ffffff&#8221;][et_pb_row global_parent=&#8221;26&#8243; make_equal=&#8221;on&#8221; bg_img_1=&#8221;https:\/\/albergueesplaibarcelona.com\/wp-content\/uploads\/2018\/06\/ninots-1.png&#8221; padding_top_2=&#8221;50px&#8221; padding_bottom_2=&#8221;50px&#8221; padding_left_2=&#8221;50px&#8221; background_size_1=&#8221;contain&#8221; background_position_1=&#8221;bottom_left&#8221; background_repeat_1=&#8221;no-repeat&#8221; _builder_version=&#8221;3.0.95&#8243;][et_pb_column type=&#8221;1_3&#8243;][\/et_pb_column][et_pb_column type=&#8221;2_3&#8243;][et_pb_text admin_label=&#8221;Somos Fundesplai (CA)&#8221; global_parent=&#8221;26&#8243; _builder_version=&#8221;3.12.2&#8243; custom_margin=&#8221;||20px|&#8221;]<\/p>\n<h2>Som Fundesplai!<\/h2>\n<p>Som una ONG que, des de fa 45 anys, treballem per l&#8217;educaci\u00f3 i la felicitat dels infants, l&#8217;equitat, la inclusi\u00f3 social i la protecci\u00f3 de la naturalesa.<\/p>\n<p>&nbsp;<\/p>\n<p>[\/et_pb_text][et_pb_button admin_label=&#8221;Bot\u00f3 Conoce Fundesplai&#8221; global_parent=&#8221;26&#8243; button_url=&#8221;https:\/\/fundesplai.org\/coneix-fundesplai\/&#8221; button_text=&#8221;Coneix Fundesplai&#8221; _builder_version=&#8221;3.9&#8243; custom_button=&#8221;on&#8221; button_text_color=&#8221;#ffffff&#8221; button_bg_color=&#8221;#666666&#8243; button_icon=&#8221;%%20%%&#8221; button_bg_color_hover=&#8221;#666666&#8243; url_new_window=&#8221;on&#8221; button_text_size__hover_enabled=&#8221;off&#8221; button_text_size__hover=&#8221;null&#8221; button_one_text_size__hover_enabled=&#8221;off&#8221; button_one_text_size__hover=&#8221;null&#8221; button_two_text_size__hover_enabled=&#8221;off&#8221; button_two_text_size__hover=&#8221;null&#8221; button_text_color__hover_enabled=&#8221;off&#8221; button_text_color__hover=&#8221;null&#8221; button_one_text_color__hover_enabled=&#8221;off&#8221; button_one_text_color__hover=&#8221;null&#8221; button_two_text_color__hover_enabled=&#8221;off&#8221; button_two_text_color__hover=&#8221;null&#8221; button_border_width__hover_enabled=&#8221;off&#8221; button_border_width__hover=&#8221;null&#8221; button_one_border_width__hover_enabled=&#8221;off&#8221; button_one_border_width__hover=&#8221;null&#8221; button_two_border_width__hover_enabled=&#8221;off&#8221; button_two_border_width__hover=&#8221;null&#8221; button_border_color__hover_enabled=&#8221;off&#8221; button_border_color__hover=&#8221;null&#8221; button_one_border_color__hover_enabled=&#8221;off&#8221; button_one_border_color__hover=&#8221;null&#8221; button_two_border_color__hover_enabled=&#8221;off&#8221; button_two_border_color__hover=&#8221;null&#8221; button_border_radius__hover_enabled=&#8221;off&#8221; button_border_radius__hover=&#8221;null&#8221; button_one_border_radius__hover_enabled=&#8221;off&#8221; button_one_border_radius__hover=&#8221;null&#8221; button_two_border_radius__hover_enabled=&#8221;off&#8221; button_two_border_radius__hover=&#8221;null&#8221; button_letter_spacing__hover_enabled=&#8221;off&#8221; button_letter_spacing__hover=&#8221;null&#8221; button_one_letter_spacing__hover_enabled=&#8221;off&#8221; button_one_letter_spacing__hover=&#8221;null&#8221; button_two_letter_spacing__hover_enabled=&#8221;off&#8221; button_two_letter_spacing__hover=&#8221;null&#8221; button_bg_color__hover_enabled=&#8221;on&#8221; button_bg_color__hover=&#8221;#666666&#8243; button_one_bg_color__hover_enabled=&#8221;off&#8221; button_one_bg_color__hover=&#8221;null&#8221; button_two_bg_color__hover_enabled=&#8221;off&#8221; button_two_bg_color__hover=&#8221;null&#8221; \/][\/et_pb_column][\/et_pb_row][\/et_pb_section]<\/p>\n","protected":false},"excerpt":{"rendered":"<p><div class=\"et_pb_row et_pb_row_0 et_pb_row_empty\">\n\t\t\t\t\n\t\t\t\t\n\t\t\t\t\n\t\t\t\t\n\t\t\t\t\n\t\t\t<\/div> Pol\u00edtica de turisme responsable i sostenible <div class=\"et_pb_row et_pb_row_1 et_pb_row_empty\">\n\t\t\t\t\n\t\t\t\t\n\t\t\t\t\n\t\t\t\t\n\t\t\t\t\n\t\t\t<\/div> Conscients de la import\u00e0ncia de mantenir un desenvolupament tur\u00edstic sostenible, i assumits els principis i objectius adoptats espec\u00edficament a la Cimera Mundial sobre el Desenvolupament Sostenible 2015, la COP 21 i la Carta Mundial del Turisme Sostenible + 20, la Fundaci\u00f3 Catalana de l&#8217;Esplai, es compromet a [&hellip;]<\/p>\n","protected":false},"author":6,"featured_media":0,"parent":0,"menu_order":0,"comment_status":"closed","ping_status":"closed","template":"","meta":{"_et_pb_use_builder":"on","_et_pb_old_content":"<p>Conscientes de la importancia de mantener un desarrollo tur\u00edstico sostenible, y asumidos los principios y objetivos adoptados espec\u00edficamente en la Cumbre Mundial sobre el Desarrollo Sostenible 2015, la COP 21 y la Carta Mundial del Turismo Sostenible + 20, la Fundaci\u00f3 Catalana de l\u2019Esplai, se compromete a llevar a cabo una gesti\u00f3n sostenible de sus actividades, mediante la adopci\u00f3n de compromisos orientados a prevenir, eliminar o reducir el impacto de nuestras instalaciones y actividades, tanto internas como externas, as\u00ed como optimizar la sostenibilidad del establecimiento mejorando su comportamiento con el entorno.<\/p><p>En ese mismo sentido, nuestra entidad ha adoptado la siguiente Pol\u00edtica de Turismo Responsable, mediante la cual se compromete a cumplir los requisitos establecidos en la adhesi\u00f3n BIOSPHERE, que incluye, entre otras cosas, los requerimientos legales que regulan los efectos generados por la actividad tur\u00edstica.<\/p><p>As\u00ed mismo, nos comprometemos a motivar y formar a nuestro personal con acciones formativas y de concienciaci\u00f3n sobre los principios del Turismo Responsable, a promover las buenas pr\u00e1cticas medioambientales en el entorno y participar en actividades externas, y a informar tanto interna como externamente sobre los avances y actuaciones medioambientales de la empresa.<\/p><p>De igual manera, nuestra entidad manifiesta el compromiso expreso de lucha contra la explotaci\u00f3n sexual o cualquier otra forma de explotaci\u00f3n y acoso comercial, en particular de los ni\u00f1os, adolescentes, mujeres y minor\u00edas; y nos comprometemos a adoptar medidas de accesibilidad universal.<\/p><p>Uno de nuestros principales objetivos es perfeccionar la gesti\u00f3n sostenible, asumiendo los compromisos de mejora continua en todos los \u00e1mbitos de la sostenibilidad: social, econ\u00f3mico y ambiental, as\u00ed como en la satisfacci\u00f3n del cliente. Para ello, se someter\u00e1n los proyectos de futuras ampliaciones de las instalaciones o actividades a criterios de sostenibilidad y eficiencia en el uso de recursos.<\/p><p>Esta Pol\u00edtica de Turismo Responsable se actualizar\u00e1 siempre que las circunstancias lo requieran, adoptando y publicando en ambos casos nuevos objetivos de sostenibilidad.<\/p><p>\u00a0<\/p><p>Cristina Rodriguez Portillo<\/p><p>Directora General de Gesti\u00f3n y Servicios<\/p><p style=\"text-align: right;\">El Prat de Llobregat, novembre de 2018<\/p>","_et_gb_content_width":"","footnotes":""},"class_list":["post-2718","page","type-page","status-publish","hentry"],"yoast_head":"<!-- This site is optimized with the Yoast SEO plugin v27.3 - https:\/\/yoast.com\/product\/yoast-seo-wordpress\/ -->\n<title>Pol\u00edtica de turisme responsable - Alberg Centre Esplai<\/title>\n<meta name=\"robots\" content=\"index, follow, max-snippet:-1, max-image-preview:large, max-video-preview:-1\" \/>\n<link rel=\"canonical\" href=\"https:\/\/albergueesplaibarcelona.com\/ca\/politica-de-turisme-responsable\/\" \/>\n<meta property=\"og:locale\" content=\"ca_ES\" \/>\n<meta property=\"og:type\" content=\"article\" \/>\n<meta property=\"og:title\" content=\"Pol\u00edtica de turisme responsable - Alberg Centre Esplai\" \/>\n<meta property=\"og:description\" content=\"Pol\u00edtica de turisme responsable i sostenible Conscients de la import\u00e0ncia de mantenir un desenvolupament tur\u00edstic sostenible, i assumits els principis i objectius adoptats espec\u00edficament a la Cimera Mundial sobre el Desenvolupament Sostenible 2015, la COP 21 i la Carta Mundial del Turisme Sostenible + 20, la Fundaci\u00f3 Catalana de l&#039;Esplai, es compromet a [&hellip;]\" \/>\n<meta property=\"og:url\" content=\"https:\/\/albergueesplaibarcelona.com\/ca\/politica-de-turisme-responsable\/\" \/>\n<meta property=\"og:site_name\" content=\"Alberg Centre Esplai\" \/>\n<meta property=\"article:modified_time\" content=\"2019-03-26T11:27:11+00:00\" \/>\n<meta name=\"twitter:card\" content=\"summary_large_image\" \/>\n<meta name=\"twitter:label1\" content=\"Temps estimat de lectura\" \/>\n\t<meta name=\"twitter:data1\" content=\"5 minuts\" \/>\n<script type=\"application\/ld+json\" class=\"yoast-schema-graph\">{\"@context\":\"https:\\\/\\\/schema.org\",\"@graph\":[{\"@type\":\"WebPage\",\"@id\":\"https:\\\/\\\/albergueesplaibarcelona.com\\\/ca\\\/politica-de-turisme-responsable\\\/\",\"url\":\"https:\\\/\\\/albergueesplaibarcelona.com\\\/ca\\\/politica-de-turisme-responsable\\\/\",\"name\":\"Pol\u00edtica de turisme responsable - Alberg Centre Esplai\",\"isPartOf\":{\"@id\":\"https:\\\/\\\/albergueesplaibarcelona.com\\\/ca\\\/#website\"},\"datePublished\":\"2019-03-25T11:16:34+00:00\",\"dateModified\":\"2019-03-26T11:27:11+00:00\",\"breadcrumb\":{\"@id\":\"https:\\\/\\\/albergueesplaibarcelona.com\\\/ca\\\/politica-de-turisme-responsable\\\/#breadcrumb\"},\"inLanguage\":\"ca\",\"potentialAction\":[{\"@type\":\"ReadAction\",\"target\":[\"https:\\\/\\\/albergueesplaibarcelona.com\\\/ca\\\/politica-de-turisme-responsable\\\/\"]}]},{\"@type\":\"BreadcrumbList\",\"@id\":\"https:\\\/\\\/albergueesplaibarcelona.com\\\/ca\\\/politica-de-turisme-responsable\\\/#breadcrumb\",\"itemListElement\":[{\"@type\":\"ListItem\",\"position\":1,\"name\":\"Inici\",\"item\":\"https:\\\/\\\/albergueesplaibarcelona.com\\\/ca\\\/el-albergue\\\/\"},{\"@type\":\"ListItem\",\"position\":2,\"name\":\"Pol\u00edtica de turisme responsable\"}]},{\"@type\":\"WebSite\",\"@id\":\"https:\\\/\\\/albergueesplaibarcelona.com\\\/ca\\\/#website\",\"url\":\"https:\\\/\\\/albergueesplaibarcelona.com\\\/ca\\\/\",\"name\":\"Alberg Centre Esplai\",\"description\":\"Alberg\",\"publisher\":{\"@id\":\"https:\\\/\\\/albergueesplaibarcelona.com\\\/ca\\\/#organization\"},\"potentialAction\":[{\"@type\":\"SearchAction\",\"target\":{\"@type\":\"EntryPoint\",\"urlTemplate\":\"https:\\\/\\\/albergueesplaibarcelona.com\\\/ca\\\/?s={search_term_string}\"},\"query-input\":{\"@type\":\"PropertyValueSpecification\",\"valueRequired\":true,\"valueName\":\"search_term_string\"}}],\"inLanguage\":\"ca\"},{\"@type\":\"Organization\",\"@id\":\"https:\\\/\\\/albergueesplaibarcelona.com\\\/ca\\\/#organization\",\"name\":\"Albergue Centre Esplai\",\"url\":\"https:\\\/\\\/albergueesplaibarcelona.com\\\/ca\\\/\",\"logo\":{\"@type\":\"ImageObject\",\"inLanguage\":\"ca\",\"@id\":\"https:\\\/\\\/albergueesplaibarcelona.com\\\/ca\\\/#\\\/schema\\\/logo\\\/image\\\/\",\"url\":\"https:\\\/\\\/albergueesplaibarcelona.com\\\/wp-content\\\/uploads\\\/2020\\\/12\\\/logo_alberg_centre_esplai-e1608117409320.png\",\"contentUrl\":\"https:\\\/\\\/albergueesplaibarcelona.com\\\/wp-content\\\/uploads\\\/2020\\\/12\\\/logo_alberg_centre_esplai-e1608117409320.png\",\"width\":500,\"height\":241,\"caption\":\"Albergue Centre Esplai\"},\"image\":{\"@id\":\"https:\\\/\\\/albergueesplaibarcelona.com\\\/ca\\\/#\\\/schema\\\/logo\\\/image\\\/\"}}]}<\/script>\n<!-- \/ Yoast SEO plugin. -->","yoast_head_json":{"title":"Pol\u00edtica de turisme responsable - Alberg Centre Esplai","robots":{"index":"index","follow":"follow","max-snippet":"max-snippet:-1","max-image-preview":"max-image-preview:large","max-video-preview":"max-video-preview:-1"},"canonical":"https:\/\/albergueesplaibarcelona.com\/ca\/politica-de-turisme-responsable\/","og_locale":"ca_ES","og_type":"article","og_title":"Pol\u00edtica de turisme responsable - Alberg Centre Esplai","og_description":"Pol\u00edtica de turisme responsable i sostenible Conscients de la import\u00e0ncia de mantenir un desenvolupament tur\u00edstic sostenible, i assumits els principis i objectius adoptats espec\u00edficament a la Cimera Mundial sobre el Desenvolupament Sostenible 2015, la COP 21 i la Carta Mundial del Turisme Sostenible + 20, la Fundaci\u00f3 Catalana de l'Esplai, es compromet a [&hellip;]","og_url":"https:\/\/albergueesplaibarcelona.com\/ca\/politica-de-turisme-responsable\/","og_site_name":"Alberg Centre Esplai","article_modified_time":"2019-03-26T11:27:11+00:00","twitter_card":"summary_large_image","twitter_misc":{"Temps estimat de lectura":"5 minuts"},"schema":{"@context":"https:\/\/schema.org","@graph":[{"@type":"WebPage","@id":"https:\/\/albergueesplaibarcelona.com\/ca\/politica-de-turisme-responsable\/","url":"https:\/\/albergueesplaibarcelona.com\/ca\/politica-de-turisme-responsable\/","name":"Pol\u00edtica de turisme responsable - Alberg Centre Esplai","isPartOf":{"@id":"https:\/\/albergueesplaibarcelona.com\/ca\/#website"},"datePublished":"2019-03-25T11:16:34+00:00","dateModified":"2019-03-26T11:27:11+00:00","breadcrumb":{"@id":"https:\/\/albergueesplaibarcelona.com\/ca\/politica-de-turisme-responsable\/#breadcrumb"},"inLanguage":"ca","potentialAction":[{"@type":"ReadAction","target":["https:\/\/albergueesplaibarcelona.com\/ca\/politica-de-turisme-responsable\/"]}]},{"@type":"BreadcrumbList","@id":"https:\/\/albergueesplaibarcelona.com\/ca\/politica-de-turisme-responsable\/#breadcrumb","itemListElement":[{"@type":"ListItem","position":1,"name":"Inici","item":"https:\/\/albergueesplaibarcelona.com\/ca\/el-albergue\/"},{"@type":"ListItem","position":2,"name":"Pol\u00edtica de turisme responsable"}]},{"@type":"WebSite","@id":"https:\/\/albergueesplaibarcelona.com\/ca\/#website","url":"https:\/\/albergueesplaibarcelona.com\/ca\/","name":"Alberg Centre Esplai","description":"Alberg","publisher":{"@id":"https:\/\/albergueesplaibarcelona.com\/ca\/#organization"},"potentialAction":[{"@type":"SearchAction","target":{"@type":"EntryPoint","urlTemplate":"https:\/\/albergueesplaibarcelona.com\/ca\/?s={search_term_string}"},"query-input":{"@type":"PropertyValueSpecification","valueRequired":true,"valueName":"search_term_string"}}],"inLanguage":"ca"},{"@type":"Organization","@id":"https:\/\/albergueesplaibarcelona.com\/ca\/#organization","name":"Albergue Centre Esplai","url":"https:\/\/albergueesplaibarcelona.com\/ca\/","logo":{"@type":"ImageObject","inLanguage":"ca","@id":"https:\/\/albergueesplaibarcelona.com\/ca\/#\/schema\/logo\/image\/","url":"https:\/\/albergueesplaibarcelona.com\/wp-content\/uploads\/2020\/12\/logo_alberg_centre_esplai-e1608117409320.png","contentUrl":"https:\/\/albergueesplaibarcelona.com\/wp-content\/uploads\/2020\/12\/logo_alberg_centre_esplai-e1608117409320.png","width":500,"height":241,"caption":"Albergue Centre Esplai"},"image":{"@id":"https:\/\/albergueesplaibarcelona.com\/ca\/#\/schema\/logo\/image\/"}}]}},"_links":{"self":[{"href":"https:\/\/albergueesplaibarcelona.com\/ca\/wp-json\/wp\/v2\/pages\/2718","targetHints":{"allow":["GET"]}}],"collection":[{"href":"https:\/\/albergueesplaibarcelona.com\/ca\/wp-json\/wp\/v2\/pages"}],"about":[{"href":"https:\/\/albergueesplaibarcelona.com\/ca\/wp-json\/wp\/v2\/types\/page"}],"author":[{"embeddable":true,"href":"https:\/\/albergueesplaibarcelona.com\/ca\/wp-json\/wp\/v2\/users\/6"}],"replies":[{"embeddable":true,"href":"https:\/\/albergueesplaibarcelona.com\/ca\/wp-json\/wp\/v2\/comments?post=2718"}],"version-history":[{"count":4,"href":"https:\/\/albergueesplaibarcelona.com\/ca\/wp-json\/wp\/v2\/pages\/2718\/revisions"}],"predecessor-version":[{"id":2779,"href":"https:\/\/albergueesplaibarcelona.com\/ca\/wp-json\/wp\/v2\/pages\/2718\/revisions\/2779"}],"wp:attachment":[{"href":"https:\/\/albergueesplaibarcelona.com\/ca\/wp-json\/wp\/v2\/media?parent=2718"}],"curies":[{"name":"wp","href":"https:\/\/api.w.org\/{rel}","templated":true}]}}