{"id":13458,"date":"2022-03-03T13:16:18","date_gmt":"2022-03-03T13:16:18","guid":{"rendered":"https:\/\/albergueesplaibarcelona.com\/?page_id=13458"},"modified":"2023-03-28T08:35:04","modified_gmt":"2023-03-28T06:35:04","slug":"menu","status":"publish","type":"page","link":"https:\/\/albergueesplaibarcelona.com\/de\/die-herberge\/restaurant\/menu\/","title":{"rendered":"Heutiges Men\u00fc"},"content":{"rendered":"<p>[et_pb_section fb_built=&#8220;1&#8243; _builder_version=&#8220;4.10.8&#8243; _module_preset=&#8220;default&#8220; global_colors_info=&#8220;{}&#8220;][et_pb_row _builder_version=&#8220;4.10.8&#8243; _module_preset=&#8220;default&#8220; global_colors_info=&#8220;{}&#8220;][et_pb_column type=&#8220;4_4&#8243; _builder_version=&#8220;4.10.8&#8243; _module_preset=&#8220;default&#8220; global_colors_info=&#8220;{}&#8220;][et_pb_post_title meta=&#8220;off&#8220; featured_image=&#8220;off&#8220; _builder_version=&#8220;4.10.8&#8243; _module_preset=&#8220;default&#8220; global_colors_info=&#8220;{}&#8220;][\/et_pb_post_title][et_pb_text _builder_version=&#8220;4.10.8&#8243; _module_preset=&#8220;default&#8220; hover_enabled=&#8220;0&#8243; sticky_enabled=&#8220;0&#8243;]<\/p>\n\t\r\n<img decoding=\"async\" src=\"https:\/\/albergueesplaibarcelona.com\/wp-content\/uploads\/2026\/03\/Menu-Diari-Centre-Esplai-1.jpg?v=1775485251\" style=\"\" alt=\"\" \/>\r\n\n<p>[\/et_pb_text][\/et_pb_column][\/et_pb_row][et_pb_row _builder_version=&#8220;4.10.8&#8243; _module_preset=&#8220;default&#8220; custom_margin=&#8220;40px||||false|false&#8220; global_colors_info=&#8220;{}&#8220;][et_pb_column type=&#8220;4_4&#8243; _builder_version=&#8220;4.10.8&#8243; _module_preset=&#8220;default&#8220; global_colors_info=&#8220;{}&#8220;][et_pb_text _builder_version=&#8220;4.10.8&#8243; _module_preset=&#8220;default&#8220; global_colors_info=&#8220;{}&#8220;]<\/p>\n<p>M\u00f6chten Sie diese k\u00f6stlichen Gerichte aus saisonalen Produkten probieren? Kommen Sie in unser Restaurant Tasta&#8217;m im Centre Esplai und genie\u00dfen Sie ein Mittagsbuffet mit all diesen Optionen. Nicht verpassen!<\/p>\n<p>[\/et_pb_text][et_pb_button button_url=&#8220;https:\/\/albergueesplaibarcelona.com\/de\/die-herberge\/restaurant\/&#8220; button_text=&#8220;Gehen Sie zur Restaurantseite&#8220; button_alignment=&#8220;center&#8220; _builder_version=&#8220;4.10.8&#8243; _module_preset=&#8220;default&#8220; custom_margin=&#8220;40px||||false|false&#8220; global_colors_info=&#8220;{}&#8220;][\/et_pb_button][\/et_pb_column][\/et_pb_row][\/et_pb_section][et_pb_section fb_built=&#8220;1&#8243; module_class=&#8220;seccio-som-fundesplai&#8220; _builder_version=&#8220;3.22&#8243; background_color=&#8220;#c3c3c2&#8243; global_module=&#8220;26&#8243; collapsed=&#8220;off&#8220; global_colors_info=&#8220;{}&#8220;][et_pb_row column_structure=&#8220;1_3,2_3&#8243; make_equal=&#8220;on&#8220; _builder_version=&#8220;3.25&#8243; max_width=&#8220;1080px&#8220; global_colors_info=&#8220;{}&#8220;][et_pb_column type=&#8220;1_3&#8243; _builder_version=&#8220;3.25&#8243; background_image=&#8220;https:\/\/albergueesplaibarcelona.com\/wp-content\/uploads\/2018\/06\/ninots-1.png&#8220; background_size=&#8220;contain&#8220; background_position=&#8220;bottom_left&#8220; custom_padding=&#8220;|||&#8220; global_colors_info=&#8220;{}&#8220; custom_padding__hover=&#8220;|||&#8220;][\/et_pb_column][et_pb_column type=&#8220;2_3&#8243; _builder_version=&#8220;3.25&#8243; custom_padding=&#8220;50px||50px|50px&#8220; global_colors_info=&#8220;{}&#8220; custom_padding__hover=&#8220;|||&#8220;][et_pb_text admin_label=&#8220;Somos Fundesplai (DE)&#8220; _builder_version=&#8220;4.2.2&#8243; custom_margin=&#8220;||20px|&#8220; z_index_tablet=&#8220;500&#8243; global_colors_info=&#8220;{}&#8220;]\n\t\t\t<div>\n\t\t\t\t<h2>\n\t\t\t\t\tWir sind Fundesplai\n\t\t\t\t<\/h2>\n\t\t\t\t<p>\n\t\t\t\t\tWir sind <strong>Fundesplai<\/strong>, eine gemeinn\u00fctzige Organisation mit der Mission, Kinder und Jugendliche zu erziehen, Freizeitorganisationen und den Dritten Sektor zu st\u00e4rken, die Umwelt zu verbessern und Staatsb\u00fcrgerschaft und soziale Eingliederung mit transformativem Willen zu f\u00f6rdern.\n\t\t\t\t<\/p>\n\t\t\t\t<p>\n\t\t\t\t\tDie Herberge Centre Esplai hilft uns dabei, unsere erzieherischen, sozialen und umweltsch\u00fctzerischen Ziele zu verwirklichen.\n\t\t\t\t<\/p>\n\t\t\t\t<p>\n\t\t\t\t\t<a class='et_pb_button et_pb_custom_button_icon et_hover_enabled et_pb_bg_layout_light' href='https:\/\/fundesplai.org\/coneix-fundesplai\/' data-icon='' style='display: inline-block;'>\n\t\t\t\t\t\tLernen Sie Fundesplai kennen\n\t\t\t\t\t<\/a>\n\t\t\t\t<\/p>\n\t\t\t<\/div>\n\t\t[\/et_pb_text][\/et_pb_column][\/et_pb_row][\/et_pb_section]<\/p>\n","protected":false},"excerpt":{"rendered":"<p>T\u00e4gliches Buffetmen\u00fc mit 3 Gerichten zur Auswahl im Restaurant Tasta&#8217;m im Centre Esplai, dem Hauptsitz von Fundesplai, El Prat del Llobregat.<\/p>\n","protected":false},"author":6,"featured_media":13432,"parent":3854,"menu_order":0,"comment_status":"closed","ping_status":"closed","template":"","meta":{"_et_pb_use_builder":"on","_et_pb_old_content":"<p>[et_pb_section fb_built=\"1\" _builder_version=\"4.10.8\" _module_preset=\"default\" global_colors_info=\"{}\"][et_pb_row _builder_version=\"4.10.8\" _module_preset=\"default\" global_colors_info=\"{}\"][et_pb_column type=\"4_4\" _builder_version=\"4.10.8\" _module_preset=\"default\" global_colors_info=\"{}\"][et_pb_post_title meta=\"off\" featured_image=\"off\" _builder_version=\"4.10.8\" _module_preset=\"default\" global_colors_info=\"{}\"][\/et_pb_post_title][et_pb_image src=\"https:\/\/albergueesplaibarcelona.com\/wp-content\/uploads\/2022\/02\/General_extraescolars.jpg\" title_text=\"1. Men\u00fa\" _builder_version=\"4.10.8\" _module_preset=\"default\" global_colors_info=\"{}\"][\/et_pb_image][\/et_pb_column][\/et_pb_row][et_pb_row _builder_version=\"4.10.8\" _module_preset=\"default\" custom_margin=\"40px||||false|false\" global_colors_info=\"{}\"][et_pb_column type=\"4_4\" _builder_version=\"4.10.8\" _module_preset=\"default\" global_colors_info=\"{}\"][et_pb_text _builder_version=\"4.10.8\" _module_preset=\"default\" global_colors_info=\"{}\"]<\/p><p>\u00bfQuieres probar estos platos deliciosos elaborados con productos de temporada? Ven a nuestro restaurante Tasta'm, ubicado en Centre Esplai, y disfrutar\u00e1s de un\u00a0<em>buf\u00e9 <\/em>al mediod\u00eda con todas estas opciones. \u00a1No te lo pierdas!<\/p><p>[\/et_pb_text][et_pb_button button_url=\"@ET-DC@eyJkeW5hbWljIjp0cnVlLCJjb250ZW50IjoicG9zdF9saW5rX3VybF9wYWdlIiwic2V0dGluZ3MiOnsicG9zdF9pZCI6Ijk4In19@\" button_text=\"Ir a la p\u00e1gina del restaurante\" button_alignment=\"center\" _builder_version=\"4.10.8\" _dynamic_attributes=\"button_url\" _module_preset=\"default\" custom_margin=\"40px||||false|false\" global_colors_info=\"{}\"][\/et_pb_button][\/et_pb_column][\/et_pb_row][\/et_pb_section][et_pb_section fb_built=\"1\" module_class=\"seccio-som-fundesplai\" _builder_version=\"3.22\" background_color=\"#c3c3c2\" global_module=\"26\" collapsed=\"off\" global_colors_info=\"{}\"][et_pb_row column_structure=\"1_3,2_3\" make_equal=\"on\" _builder_version=\"3.25\" max_width=\"1080px\" global_colors_info=\"{}\"][et_pb_column type=\"1_3\" _builder_version=\"3.25\" background_image=\"https:\/\/albergueesplaibarcelona.com\/wp-content\/uploads\/2018\/06\/ninots-1.png\" background_size=\"contain\" background_position=\"bottom_left\" custom_padding=\"|||\" global_colors_info=\"{}\" custom_padding__hover=\"|||\"][\/et_pb_column][et_pb_column type=\"2_3\" _builder_version=\"3.25\" custom_padding=\"50px||50px|50px\" global_colors_info=\"{}\" custom_padding__hover=\"|||\"][et_pb_text admin_label=\"Somos Fundesplai (CA)\" _builder_version=\"4.10.8\" custom_margin=\"||20px|\" z_index_tablet=\"500\" global_colors_info=\"{}\"]<\/p><p>[coneix_fundesplai context=\"alberg\"]<\/p><p>[\/et_pb_text][et_pb_text disabled_on=\"on|on|on\" admin_label=\"Somos Fundesplai (CA)\" _builder_version=\"3.27.4\" custom_margin=\"||20px|\" z_index_tablet=\"500\" disabled=\"on\" global_colors_info=\"{}\"]<\/p><h2>Som Fundesplai!<\/h2><p><strong>Som una entitat sense \u00e0nim de lucre<\/strong> que treballa des de fa m\u00e9s de 45 anys a favor de l'educaci\u00f3 i la felicitat dels infants, l'equitat, la inclusi\u00f3 social, la protecci\u00f3 de la natura i el desenvolupament del Tercer Sector.<\/p><p>L'alberg Centre Esplai ens ajuda a complir amb la nostra missi\u00f3 educativa, social i ambiental.<\/p><p>[\/et_pb_text][et_pb_button button_url=\"https:\/\/fundesplai.org\/coneix-fundesplai\/\" url_new_window=\"on\" button_text=\"Coneix Fundesplai\" disabled_on=\"on|on|on\" admin_label=\"Bot\u00f3 Conoce Fundesplai\" _builder_version=\"3.16\" custom_button=\"on\" button_text_color=\"#ffffff\" button_bg_color=\"#666666\" button_icon=\"%%20%%\" button_bg_color_hover=\"#666666\" disabled=\"on\" global_colors_info=\"{}\" button_text_size__hover_enabled=\"off\" button_text_size__hover=\"null\" button_one_text_size__hover_enabled=\"off\" button_one_text_size__hover=\"null\" button_two_text_size__hover_enabled=\"off\" button_two_text_size__hover=\"null\" button_text_color__hover_enabled=\"off\" button_text_color__hover=\"null\" button_one_text_color__hover_enabled=\"off\" button_one_text_color__hover=\"null\" button_two_text_color__hover_enabled=\"off\" button_two_text_color__hover=\"null\" button_border_width__hover_enabled=\"off\" button_border_width__hover=\"null\" button_one_border_width__hover_enabled=\"off\" button_one_border_width__hover=\"null\" button_two_border_width__hover_enabled=\"off\" button_two_border_width__hover=\"null\" button_border_color__hover_enabled=\"off\" button_border_color__hover=\"null\" button_one_border_color__hover_enabled=\"off\" button_one_border_color__hover=\"null\" button_two_border_color__hover_enabled=\"off\" button_two_border_color__hover=\"null\" button_border_radius__hover_enabled=\"off\" button_border_radius__hover=\"null\" button_one_border_radius__hover_enabled=\"off\" button_one_border_radius__hover=\"null\" button_two_border_radius__hover_enabled=\"off\" button_two_border_radius__hover=\"null\" button_letter_spacing__hover_enabled=\"off\" button_letter_spacing__hover=\"null\" button_one_letter_spacing__hover_enabled=\"off\" button_one_letter_spacing__hover=\"null\" button_two_letter_spacing__hover_enabled=\"off\" button_two_letter_spacing__hover=\"null\" button_bg_color__hover_enabled=\"on\" button_bg_color__hover=\"#666666\" button_one_bg_color__hover_enabled=\"off\" button_one_bg_color__hover=\"null\" button_two_bg_color__hover_enabled=\"off\" button_two_bg_color__hover=\"null\"][\/et_pb_button][\/et_pb_column][\/et_pb_row][\/et_pb_section]<\/p>","_et_gb_content_width":"","footnotes":""},"class_list":["post-13458","page","type-page","status-publish","has-post-thumbnail","hentry"],"yoast_head":"<!-- This site is optimized with the Yoast SEO plugin v27.3 - https:\/\/yoast.com\/product\/yoast-seo-wordpress\/ -->\n<title>Heutiges Men\u00fc - Alberg Centre Esplai<\/title>\n<meta name=\"robots\" content=\"index, follow, max-snippet:-1, max-image-preview:large, max-video-preview:-1\" \/>\n<link rel=\"canonical\" href=\"https:\/\/albergueesplaibarcelona.com\/de\/die-herberge\/restaurant\/menu\/\" \/>\n<meta property=\"og:locale\" content=\"de_DE\" \/>\n<meta property=\"og:type\" content=\"article\" \/>\n<meta property=\"og:title\" content=\"Heutiges Men\u00fc - Alberg Centre Esplai\" \/>\n<meta property=\"og:description\" content=\"T\u00e4gliches Buffetmen\u00fc mit 3 Gerichten zur Auswahl im Restaurant Tasta&#039;m im Centre Esplai, dem Hauptsitz von Fundesplai, El Prat del Llobregat.\" \/>\n<meta property=\"og:url\" content=\"https:\/\/albergueesplaibarcelona.com\/de\/die-herberge\/restaurant\/menu\/\" \/>\n<meta property=\"og:site_name\" content=\"Alberg Centre Esplai\" \/>\n<meta property=\"article:modified_time\" content=\"2023-03-28T06:35:04+00:00\" \/>\n<meta property=\"og:image\" content=\"https:\/\/albergueesplaibarcelona.com\/wp-content\/uploads\/2022\/03\/screenshot-pixabay.com-2022.03.03-13_49_17.png\" \/>\n\t<meta property=\"og:image:width\" content=\"791\" \/>\n\t<meta property=\"og:image:height\" content=\"517\" \/>\n\t<meta property=\"og:image:type\" content=\"image\/png\" \/>\n<meta name=\"twitter:card\" content=\"summary_large_image\" \/>\n<meta name=\"twitter:label1\" content=\"Gesch\u00e4tzte Lesezeit\" \/>\n\t<meta name=\"twitter:data1\" content=\"1\u00a0Minute\" \/>\n<script type=\"application\/ld+json\" class=\"yoast-schema-graph\">{\"@context\":\"https:\\\/\\\/schema.org\",\"@graph\":[{\"@type\":\"WebPage\",\"@id\":\"https:\\\/\\\/albergueesplaibarcelona.com\\\/de\\\/die-herberge\\\/restaurant\\\/menu\\\/\",\"url\":\"https:\\\/\\\/albergueesplaibarcelona.com\\\/de\\\/die-herberge\\\/restaurant\\\/menu\\\/\",\"name\":\"Heutiges Men\u00fc - Alberg Centre Esplai\",\"isPartOf\":{\"@id\":\"https:\\\/\\\/albergueesplaibarcelona.com\\\/de\\\/#website\"},\"primaryImageOfPage\":{\"@id\":\"https:\\\/\\\/albergueesplaibarcelona.com\\\/de\\\/die-herberge\\\/restaurant\\\/menu\\\/#primaryimage\"},\"image\":{\"@id\":\"https:\\\/\\\/albergueesplaibarcelona.com\\\/de\\\/die-herberge\\\/restaurant\\\/menu\\\/#primaryimage\"},\"thumbnailUrl\":\"https:\\\/\\\/albergueesplaibarcelona.com\\\/wp-content\\\/uploads\\\/2022\\\/03\\\/screenshot-pixabay.com-2022.03.03-13_49_17.png\",\"datePublished\":\"2022-03-03T13:16:18+00:00\",\"dateModified\":\"2023-03-28T06:35:04+00:00\",\"breadcrumb\":{\"@id\":\"https:\\\/\\\/albergueesplaibarcelona.com\\\/de\\\/die-herberge\\\/restaurant\\\/menu\\\/#breadcrumb\"},\"inLanguage\":\"de\",\"potentialAction\":[{\"@type\":\"ReadAction\",\"target\":[\"https:\\\/\\\/albergueesplaibarcelona.com\\\/de\\\/die-herberge\\\/restaurant\\\/menu\\\/\"]}]},{\"@type\":\"ImageObject\",\"inLanguage\":\"de\",\"@id\":\"https:\\\/\\\/albergueesplaibarcelona.com\\\/de\\\/die-herberge\\\/restaurant\\\/menu\\\/#primaryimage\",\"url\":\"https:\\\/\\\/albergueesplaibarcelona.com\\\/wp-content\\\/uploads\\\/2022\\\/03\\\/screenshot-pixabay.com-2022.03.03-13_49_17.png\",\"contentUrl\":\"https:\\\/\\\/albergueesplaibarcelona.com\\\/wp-content\\\/uploads\\\/2022\\\/03\\\/screenshot-pixabay.com-2022.03.03-13_49_17.png\",\"width\":791,\"height\":517,\"caption\":\"men\u00fa del dia\"},{\"@type\":\"BreadcrumbList\",\"@id\":\"https:\\\/\\\/albergueesplaibarcelona.com\\\/de\\\/die-herberge\\\/restaurant\\\/menu\\\/#breadcrumb\",\"itemListElement\":[{\"@type\":\"ListItem\",\"position\":1,\"name\":\"Startseite\",\"item\":\"https:\\\/\\\/albergueesplaibarcelona.com\\\/de\\\/die-herberge\\\/\"},{\"@type\":\"ListItem\",\"position\":2,\"name\":\"Die Herberge\",\"item\":\"https:\\\/\\\/albergueesplaibarcelona.com\\\/de\\\/die-herberge\\\/\"},{\"@type\":\"ListItem\",\"position\":3,\"name\":\"Restaurant\",\"item\":\"https:\\\/\\\/albergueesplaibarcelona.com\\\/de\\\/die-herberge\\\/restaurant\\\/\"},{\"@type\":\"ListItem\",\"position\":4,\"name\":\"Heutiges Men\u00fc\"}]},{\"@type\":\"WebSite\",\"@id\":\"https:\\\/\\\/albergueesplaibarcelona.com\\\/de\\\/#website\",\"url\":\"https:\\\/\\\/albergueesplaibarcelona.com\\\/de\\\/\",\"name\":\"Alberg Centre Esplai\",\"description\":\"Alberg\",\"publisher\":{\"@id\":\"https:\\\/\\\/albergueesplaibarcelona.com\\\/de\\\/#organization\"},\"potentialAction\":[{\"@type\":\"SearchAction\",\"target\":{\"@type\":\"EntryPoint\",\"urlTemplate\":\"https:\\\/\\\/albergueesplaibarcelona.com\\\/de\\\/?s={search_term_string}\"},\"query-input\":{\"@type\":\"PropertyValueSpecification\",\"valueRequired\":true,\"valueName\":\"search_term_string\"}}],\"inLanguage\":\"de\"},{\"@type\":\"Organization\",\"@id\":\"https:\\\/\\\/albergueesplaibarcelona.com\\\/de\\\/#organization\",\"name\":\"Albergue Centre Esplai\",\"url\":\"https:\\\/\\\/albergueesplaibarcelona.com\\\/de\\\/\",\"logo\":{\"@type\":\"ImageObject\",\"inLanguage\":\"de\",\"@id\":\"https:\\\/\\\/albergueesplaibarcelona.com\\\/de\\\/#\\\/schema\\\/logo\\\/image\\\/\",\"url\":\"https:\\\/\\\/albergueesplaibarcelona.com\\\/wp-content\\\/uploads\\\/2020\\\/12\\\/logo_alberg_centre_esplai-e1608117409320.png\",\"contentUrl\":\"https:\\\/\\\/albergueesplaibarcelona.com\\\/wp-content\\\/uploads\\\/2020\\\/12\\\/logo_alberg_centre_esplai-e1608117409320.png\",\"width\":500,\"height\":241,\"caption\":\"Albergue Centre Esplai\"},\"image\":{\"@id\":\"https:\\\/\\\/albergueesplaibarcelona.com\\\/de\\\/#\\\/schema\\\/logo\\\/image\\\/\"}}]}<\/script>\n<!-- \/ Yoast SEO plugin. -->","yoast_head_json":{"title":"Heutiges Men\u00fc - Alberg Centre Esplai","robots":{"index":"index","follow":"follow","max-snippet":"max-snippet:-1","max-image-preview":"max-image-preview:large","max-video-preview":"max-video-preview:-1"},"canonical":"https:\/\/albergueesplaibarcelona.com\/de\/die-herberge\/restaurant\/menu\/","og_locale":"de_DE","og_type":"article","og_title":"Heutiges Men\u00fc - Alberg Centre Esplai","og_description":"T\u00e4gliches Buffetmen\u00fc mit 3 Gerichten zur Auswahl im Restaurant Tasta'm im Centre Esplai, dem Hauptsitz von Fundesplai, El Prat del Llobregat.","og_url":"https:\/\/albergueesplaibarcelona.com\/de\/die-herberge\/restaurant\/menu\/","og_site_name":"Alberg Centre Esplai","article_modified_time":"2023-03-28T06:35:04+00:00","og_image":[{"width":791,"height":517,"url":"https:\/\/albergueesplaibarcelona.com\/wp-content\/uploads\/2022\/03\/screenshot-pixabay.com-2022.03.03-13_49_17.png","type":"image\/png"}],"twitter_card":"summary_large_image","twitter_misc":{"Gesch\u00e4tzte Lesezeit":"1\u00a0Minute"},"schema":{"@context":"https:\/\/schema.org","@graph":[{"@type":"WebPage","@id":"https:\/\/albergueesplaibarcelona.com\/de\/die-herberge\/restaurant\/menu\/","url":"https:\/\/albergueesplaibarcelona.com\/de\/die-herberge\/restaurant\/menu\/","name":"Heutiges Men\u00fc - Alberg Centre Esplai","isPartOf":{"@id":"https:\/\/albergueesplaibarcelona.com\/de\/#website"},"primaryImageOfPage":{"@id":"https:\/\/albergueesplaibarcelona.com\/de\/die-herberge\/restaurant\/menu\/#primaryimage"},"image":{"@id":"https:\/\/albergueesplaibarcelona.com\/de\/die-herberge\/restaurant\/menu\/#primaryimage"},"thumbnailUrl":"https:\/\/albergueesplaibarcelona.com\/wp-content\/uploads\/2022\/03\/screenshot-pixabay.com-2022.03.03-13_49_17.png","datePublished":"2022-03-03T13:16:18+00:00","dateModified":"2023-03-28T06:35:04+00:00","breadcrumb":{"@id":"https:\/\/albergueesplaibarcelona.com\/de\/die-herberge\/restaurant\/menu\/#breadcrumb"},"inLanguage":"de","potentialAction":[{"@type":"ReadAction","target":["https:\/\/albergueesplaibarcelona.com\/de\/die-herberge\/restaurant\/menu\/"]}]},{"@type":"ImageObject","inLanguage":"de","@id":"https:\/\/albergueesplaibarcelona.com\/de\/die-herberge\/restaurant\/menu\/#primaryimage","url":"https:\/\/albergueesplaibarcelona.com\/wp-content\/uploads\/2022\/03\/screenshot-pixabay.com-2022.03.03-13_49_17.png","contentUrl":"https:\/\/albergueesplaibarcelona.com\/wp-content\/uploads\/2022\/03\/screenshot-pixabay.com-2022.03.03-13_49_17.png","width":791,"height":517,"caption":"men\u00fa del dia"},{"@type":"BreadcrumbList","@id":"https:\/\/albergueesplaibarcelona.com\/de\/die-herberge\/restaurant\/menu\/#breadcrumb","itemListElement":[{"@type":"ListItem","position":1,"name":"Startseite","item":"https:\/\/albergueesplaibarcelona.com\/de\/die-herberge\/"},{"@type":"ListItem","position":2,"name":"Die Herberge","item":"https:\/\/albergueesplaibarcelona.com\/de\/die-herberge\/"},{"@type":"ListItem","position":3,"name":"Restaurant","item":"https:\/\/albergueesplaibarcelona.com\/de\/die-herberge\/restaurant\/"},{"@type":"ListItem","position":4,"name":"Heutiges Men\u00fc"}]},{"@type":"WebSite","@id":"https:\/\/albergueesplaibarcelona.com\/de\/#website","url":"https:\/\/albergueesplaibarcelona.com\/de\/","name":"Alberg Centre Esplai","description":"Alberg","publisher":{"@id":"https:\/\/albergueesplaibarcelona.com\/de\/#organization"},"potentialAction":[{"@type":"SearchAction","target":{"@type":"EntryPoint","urlTemplate":"https:\/\/albergueesplaibarcelona.com\/de\/?s={search_term_string}"},"query-input":{"@type":"PropertyValueSpecification","valueRequired":true,"valueName":"search_term_string"}}],"inLanguage":"de"},{"@type":"Organization","@id":"https:\/\/albergueesplaibarcelona.com\/de\/#organization","name":"Albergue Centre Esplai","url":"https:\/\/albergueesplaibarcelona.com\/de\/","logo":{"@type":"ImageObject","inLanguage":"de","@id":"https:\/\/albergueesplaibarcelona.com\/de\/#\/schema\/logo\/image\/","url":"https:\/\/albergueesplaibarcelona.com\/wp-content\/uploads\/2020\/12\/logo_alberg_centre_esplai-e1608117409320.png","contentUrl":"https:\/\/albergueesplaibarcelona.com\/wp-content\/uploads\/2020\/12\/logo_alberg_centre_esplai-e1608117409320.png","width":500,"height":241,"caption":"Albergue Centre Esplai"},"image":{"@id":"https:\/\/albergueesplaibarcelona.com\/de\/#\/schema\/logo\/image\/"}}]}},"_links":{"self":[{"href":"https:\/\/albergueesplaibarcelona.com\/de\/wp-json\/wp\/v2\/pages\/13458","targetHints":{"allow":["GET"]}}],"collection":[{"href":"https:\/\/albergueesplaibarcelona.com\/de\/wp-json\/wp\/v2\/pages"}],"about":[{"href":"https:\/\/albergueesplaibarcelona.com\/de\/wp-json\/wp\/v2\/types\/page"}],"author":[{"embeddable":true,"href":"https:\/\/albergueesplaibarcelona.com\/de\/wp-json\/wp\/v2\/users\/6"}],"replies":[{"embeddable":true,"href":"https:\/\/albergueesplaibarcelona.com\/de\/wp-json\/wp\/v2\/comments?post=13458"}],"version-history":[{"count":8,"href":"https:\/\/albergueesplaibarcelona.com\/de\/wp-json\/wp\/v2\/pages\/13458\/revisions"}],"predecessor-version":[{"id":15662,"href":"https:\/\/albergueesplaibarcelona.com\/de\/wp-json\/wp\/v2\/pages\/13458\/revisions\/15662"}],"up":[{"embeddable":true,"href":"https:\/\/albergueesplaibarcelona.com\/de\/wp-json\/wp\/v2\/pages\/3854"}],"wp:featuredmedia":[{"embeddable":true,"href":"https:\/\/albergueesplaibarcelona.com\/de\/wp-json\/wp\/v2\/media\/13432"}],"wp:attachment":[{"href":"https:\/\/albergueesplaibarcelona.com\/de\/wp-json\/wp\/v2\/media?parent=13458"}],"curies":[{"name":"wp","href":"https:\/\/api.w.org\/{rel}","templated":true}]}}