{"id":3827,"date":"2019-05-03T16:31:16","date_gmt":"2019-05-03T16:31:16","guid":{"rendered":"http:\/\/albergueesplaibarcelona.com\/datenschutzrichtlinie\/"},"modified":"2019-05-03T16:31:22","modified_gmt":"2019-05-03T16:31:22","slug":"datenschutzrichtlinie","status":"publish","type":"page","link":"https:\/\/albergueesplaibarcelona.com\/de\/datenschutzrichtlinie\/","title":{"rendered":"Datenschutzrichtlinie"},"content":{"rendered":"<p>[et_pb_section bb_built=&#8220;1&#8243;][et_pb_row][et_pb_column type=&#8220;4_4&#8243;][et_pb_post_title _builder_version=&#8220;3.19.3&#8243; meta=&#8220;off&#8220; featured_image=&#8220;off&#8220; \/][et_pb_text _builder_version=&#8220;3.19.3&#8243;]<\/p>\n<h2>Wer wir sind<\/h2>\n<p>Unsere Webadresse lautet: https:\/\/albergueesplaibarcelona.com.<\/p>\n<h2>Welche personenbezogenen Daten wir erfassen und zu welchem Zweck<\/h2>\n<h3>Kommentare<\/h3>\n<p>Wenn die Besucher Kommentare auf der Webseite hinterlassen, erfassen wir die Daten, die im Kommentarformular angezeigt werden, sowie die IP-Adresse des Besuchers und den User Agent String des Browsers, um Spam leichter identifizieren zu k\u00f6nnen. Ein anonymer String, der aus Ihrer E-Mail-Adresse erstellt wurde (auch Hash genannt), kann an den Gravatar-Dienst gesendet werden, um zu \u00fcberpr\u00fcfen, ob Sie sie verwenden. Die Datenschutzrichtlinie des Gravatar-Dienstes finden Sie hier: https:\/\/automattic.com\/privacy\/. Nach der Best\u00e4tigung Ihres Kommentars ist Ihr Profilbild neben Ihrem Kommentar \u00f6ffentlich sichtbar.<\/p>\n<h3>Medien<\/h3>\n<p>Wenn Sie Bilder ins Internet hochladen, sollten Sie keine Bilder hochladen, die Standortdaten (GPS EXIF) enthalten. Die Internetznutzer k\u00f6nnen jegliche Standortdaten aus Bildern im Internet herunterladen und extrahieren.<\/p>\n<h3>Kontaktformulare<\/h3>\n<h3>Cookies<\/h3>\n<p>Wenn Sie auf unserer Webseite einen Kommentar hinterlassen, k\u00f6nnen Sie entscheiden, Ihren Namen, Ihre E-Mail- sowie Ihre Webadresse in den Cookies zu speichern. Das ist f\u00fcr Ihre Bequemlichkeit, damit Sie nicht erneut Ihre Daten ausf\u00fcllen m\u00fcssen, wenn Sie einen weiteren Kommentar posten. Diese Cookies werden ein Jahr lang gespeichert. Wenn Sie ein Konto besitzen und sich mit dieser Webseite verbinden, setzen wir ein tempor\u00e4res Cookie, um festzustellen, ob Ihr Browser Cookies akzeptiert. Dieses Cookie enth\u00e4lt keine personenbezogenen Daten und wird mit dem Schlie\u00dfen des Browsers gel\u00f6scht. Wenn Sie sich anmelden, setzen wir ebenfalls verschiedene Cookies, um Ihre Anmeldedaten und Ihre Anzeigeoptionen f\u00fcr den Bildschirm zu speichern. Die Anmeldecookies werden zwei Tage lang gespeichert, die Bildschirmanzeigecookies ein Jahr lang. Wenn Sie &#8222;Benutzer speichern&#8220; ausw\u00e4hlen, wird Ihre Anmeldung f\u00fcr zwei Wochen gespeichert. Wenn Sie sich von Ihrem Konto abmelden, werden die Anmeldecookies gel\u00f6scht. Wenn Sie einen Artikel bearbeiten oder ver\u00f6ffentlichen, wird ein zus\u00e4tzliches Cookie in Ihrem Browser gespeichert. Dieses Cookie enth\u00e4lt keine personenbezogenen Daten und gibt einfach nur die Kennung des soeben von Ihnen bearbeiteten Artikels an. Es verf\u00e4llt nach einem Tag.<\/p>\n<h3>Eingebettete Inhalte von anderen Webseiten<\/h3>\n<p>Die Artikel auf dieser Webseite k\u00f6nnen eingebette Inhalte (z.B. Videos, Bilder, Artikel, usw.) enthalten. Inhalte, die von anderen Seiten eingebettet sind, verhalten sich genau so, als ob der Besucher diese andere Seite besuchen w\u00fcrde. Diese Webseiten k\u00f6nnen Daten \u00fcber Sie sammeln, Cookies verwenden, Tracking-Tools von Drittanbietern einbetten und Ihre Interaktionen mit solchen eingebetteten Inhalten verfolgen, sowie auch Ihre Interaktionen mit den eingebetteten Inhalten verfolgen, wenn Sie ein Konto auf dieser Webseite besitzen und angemeldet sind.<\/p>\n<h3>Analyse<\/h3>\n<h2>Weitergabe Ihrer Daten<\/h2>\n<h2>Speicherzeitraum Ihrer Daten<\/h2>\n<p>Wenn Sie einen Kommentar hinterlassen, bleiben der Kommentar und seine Metadaten unbegrenzt erhalten. Dadurch werden die folgenden Kommentare automatisch erkannt und genehmigt, anstatt sie in der Moderatorenwarteschlange zu belassen. F\u00fcr Nutzer, die sich (gegebenenfalls) auf unserer Seite registrieren, speichern wir auch die in ihrem Profil angegebenen personenbezogenen Daten. Alle Benutzer k\u00f6nnen ihre pers\u00f6nlichen Daten jederzeit einsehen, \u00e4ndern oder l\u00f6schen (mit Ausnahme ihres Benutzernamens). Die Webadministratoren k\u00f6nnen diese Informationen auch einsehen und bearbeiten.<\/p>\n<h2>Ihre Rechte an Ihren Daten<\/h2>\n<p>Wenn Sie ein Konto haben oder Kommentare auf der Webseite hinterlassen haben, k\u00f6nnen Sie eine Export-Datei anfordern, die alle pers\u00f6nlichen Informationen enth\u00e4lt, die wir \u00fcber Sie haben, einschlie\u00dflich der Informationen, die Sie uns zur Verf\u00fcgung gestellt haben. Sie k\u00f6nnen auch verlangen, dass Ihre pers\u00f6nlichen Daten gel\u00f6scht werden. Dies betrifft keine Daten, die f\u00fcr administrative, rechtliche oder sicherheitstechnische Zwecke gespeichert werden.<\/p>\n<h2>\u00dcbermittlung Ihrer pers\u00f6nlichen Daten<\/h2>\n<p>Besucherkommentare k\u00f6nnen \u00fcber einen automatischen Spam-Erkennungsdienst verifiziert werden.<\/p>\n<h2>Ihre Kontaktinformationen<\/h2>\n<h2>Weiterf\u00fchrende Informationen<\/h2>\n<h3>Wie wir Ihre Daten sch\u00fctzen<\/h3>\n<h3>Verfahren zum Schutz vor Datenverlust<\/h3>\n<h3>Von welchen Dritte wir Daten erhalten<\/h3>\n<h3>Welche automatisierten Entscheidungsprozesse und\/oder Profilierung wir mit den Nutzerdaten durchf\u00fchren<\/h3>\n<h3>Vorschriften zur Offenlegung von branchenspezifischen Informationen<\/h3>\n<p>[\/et_pb_text][\/et_pb_column][\/et_pb_row][\/et_pb_section]<\/p>\n","protected":false},"excerpt":{"rendered":"<p><div class=\"et_pb_row et_pb_row_0 et_pb_row_empty\">\n\t\t\t\t\n\t\t\t\t\n\t\t\t\t\n\t\t\t\t\n\t\t\t\t\n\t\t\t<\/div> Wer wir sindUnsere Webadresse lautet: https:\/\/albergueesplaibarcelona.com.Welche personenbezogenen Daten wir erfassen und zu welchem ZweckKommentareWenn die Besucher Kommentare auf der Webseite hinterlassen, erfassen wir die Daten, die im Kommentarformular angezeigt werden, sowie die IP-Adresse des Besuchers und den User Agent String des Browsers, um Spam leichter identifizieren zu k\u00f6nnen. Ein anonymer String, der aus Ihrer [&hellip;]<\/p>\n","protected":false},"author":1,"featured_media":0,"parent":0,"menu_order":0,"comment_status":"closed","ping_status":"open","template":"","meta":{"_et_pb_use_builder":"on","_et_pb_old_content":"<h2>Qui\u00e9nes somos<\/h2><p>La direcci\u00f3n de nuestra web es: https:\/\/albergueesplaibarcelona.com.<\/p><h2>Qu\u00e9 datos personales recogemos y por qu\u00e9 los recogemos<\/h2><h3>Comentarios<\/h3><p>Cuando los visitantes dejan comentarios en la web, recopilamos los datos que se muestran en el formulario de comentarios, as\u00ed como la direcci\u00f3n IP del visitante y la cadena de agentes de usuario del navegador para ayudar a la detecci\u00f3n de spam.<\/p><p>Una cadena an\u00f3nima creada a partir de tu direcci\u00f3n de correo electr\u00f3nico (tambi\u00e9n llamada hash) puede ser proporcionada al servicio de Gravatar para ver si la est\u00e1s usando. La pol\u00edtica de privacidad del servicio Gravatar est\u00e1 disponible aqu\u00ed: https:\/\/automattic.com\/privacy\/. Despu\u00e9s de la aprobaci\u00f3n de tu comentario, la imagen de tu perfil es visible para el p\u00fablico en el contexto de su comentario.<\/p><h3>Medios<\/h3><p>Si subes im\u00e1genes a la web deber\u00edas evitar subir im\u00e1genes con datos de ubicaci\u00f3n (GPS EXIF) incluidos. Los visitantes de la web pueden descargar y extraer cualquier dato de localizaci\u00f3n de las im\u00e1genes de la web.<\/p><h3>Formularios de contacto<\/h3><h3>Cookies<\/h3><p>Si dejas un comentario en nuestro sitio puedes elegir guardar tu nombre, direcci\u00f3n de correo electr\u00f3nico y web en cookies. Esto es para tu comodidad, para que no tengas que volver a rellenar tus datos cuando dejes otro comentario. Estas cookies tendr\u00e1n una duraci\u00f3n de un a\u00f1o.<\/p><p>Si tienes una cuenta y te conectas a este sitio, instalaremos una cookie temporal para determinar si tu navegador acepta cookies. Esta cookie no contiene datos personales y se elimina al cerrar el navegador.<\/p><p>Cuando inicias sesi\u00f3n, tambi\u00e9n instalaremos varias cookies para guardar tu informaci\u00f3n de inicio de sesi\u00f3n y tus opciones de visualizaci\u00f3n de pantalla. Las cookies de inicio de sesi\u00f3n duran dos d\u00edas, y las cookies de opciones de pantalla duran un a\u00f1o. Si seleccionas \"Recordarme\", tu inicio de sesi\u00f3n perdurar\u00e1 durante dos semanas. Si sales de tu cuenta, las cookies de inicio de sesi\u00f3n se eliminar\u00e1n.<\/p><p>Si editas o publicas un art\u00edculo se guardar\u00e1 una cookie adicional en tu navegador. Esta cookie no incluye datos personales y simplemente indica el ID del art\u00edculo que acabas de editar. Caduca despu\u00e9s de 1 d\u00eda.<\/p><h3>Contenido incrustado de otros sitios web<\/h3><p>Los art\u00edculos de este sitio pueden incluir contenido incrustado (por ejemplo, v\u00eddeos, im\u00e1genes, art\u00edculos, etc.). El contenido incrustado de otras web se comporta exactamente de la misma manera que si el visitante hubiera visitado la otra web.<\/p><p>Estas web pueden recopilar datos sobre ti, utilizar cookies, incrustar un seguimiento adicional de terceros, y supervisar tu interacci\u00f3n con ese contenido incrustado, incluido el seguimiento de su interacci\u00f3n con el contenido incrustado si tienes una cuenta y est\u00e1s conectado a esa web.<\/p><h3>Anal\u00edtica<\/h3><h2>Con qui\u00e9n compartimos tus datos<\/h2><h2>Cu\u00e1nto tiempo conservamos tus datos<\/h2><p>Si dejas un comentario, el comentario y sus metadatos se conservan indefinidamente. Esto es para que podamos reconocer y aprobar comentarios sucesivos autom\u00e1ticamente en lugar de mantenerlos en una cola de moderaci\u00f3n.<\/p><p>De los usuarios que se registran en nuestra web (si los hay), tambi\u00e9n almacenamos la informaci\u00f3n personal que proporcionan en su perfil de usuario. Todos los usuarios pueden ver, editar o eliminar su informaci\u00f3n personal en cualquier momento (excepto que no pueden cambiar su nombre de usuario). Los administradores de la web tambi\u00e9n pueden ver y editar esa informaci\u00f3n.<\/p><h2>Qu\u00e9 derechos tienes sobre tus datos<\/h2><p>Si tienes una cuenta o has dejado comentarios en esta web, puedes solicitar recibir un archivo de exportaci\u00f3n de los datos personales que tenemos sobre ti, incluyendo cualquier dato que nos hayas proporcionado. Tambi\u00e9n puedes solicitar que eliminemos cualquier dato personal que tengamos sobre ti. Esto no incluye ning\u00fan dato que estemos obligados a conservar con fines administrativos, legales o de seguridad.<\/p><h2>D\u00f3nde enviamos tus datos<\/h2><p>Los comentarios de los visitantes puede que los revise un servicio de detecci\u00f3n autom\u00e1tica de spam.<\/p><h2>Tu informaci\u00f3n de contacto<\/h2><h2>Informaci\u00f3n adicional<\/h2><h3>C\u00f3mo protegemos tus datos<\/h3><h3>Qu\u00e9 procedimientos utilizamos contra las brechas de datos<\/h3><h3>De qu\u00e9 terceros recibimos datos<\/h3><h3>Qu\u00e9 tipo de toma de decisiones automatizada y\/o perfilado hacemos con los datos del usuario<\/h3><h3>Requerimientos regulatorios de revelaci\u00f3n de informaci\u00f3n del sector<\/h3>","_et_gb_content_width":"","footnotes":""},"class_list":["post-3827","page","type-page","status-publish","hentry"],"yoast_head":"<!-- This site is optimized with the Yoast SEO plugin v27.4 - https:\/\/yoast.com\/product\/yoast-seo-wordpress\/ -->\n<title>Datenschutzrichtlinie - Alberg Centre Esplai<\/title>\n<meta name=\"robots\" content=\"index, follow, max-snippet:-1, max-image-preview:large, max-video-preview:-1\" \/>\n<link rel=\"canonical\" href=\"https:\/\/albergueesplaibarcelona.com\/de\/datenschutzrichtlinie\/\" \/>\n<meta property=\"og:locale\" content=\"de_DE\" \/>\n<meta property=\"og:type\" content=\"article\" \/>\n<meta property=\"og:title\" content=\"Datenschutzrichtlinie - Alberg Centre Esplai\" \/>\n<meta property=\"og:description\" content=\"Wer wir sindUnsere Webadresse lautet: https:\/\/albergueesplaibarcelona.com.Welche personenbezogenen Daten wir erfassen und zu welchem ZweckKommentareWenn die Besucher Kommentare auf der Webseite hinterlassen, erfassen wir die Daten, die im Kommentarformular angezeigt werden, sowie die IP-Adresse des Besuchers und den User Agent String des Browsers, um Spam leichter identifizieren zu k\u00f6nnen. Ein anonymer String, der aus Ihrer [&hellip;]\" \/>\n<meta property=\"og:url\" content=\"https:\/\/albergueesplaibarcelona.com\/de\/datenschutzrichtlinie\/\" \/>\n<meta property=\"og:site_name\" content=\"Alberg Centre Esplai\" \/>\n<meta property=\"article:modified_time\" content=\"2019-05-03T16:31:22+00:00\" \/>\n<meta name=\"twitter:card\" content=\"summary_large_image\" \/>\n<meta name=\"twitter:label1\" content=\"Gesch\u00e4tzte Lesezeit\" \/>\n\t<meta name=\"twitter:data1\" content=\"3\u00a0Minuten\" \/>\n<script type=\"application\/ld+json\" class=\"yoast-schema-graph\">{\"@context\":\"https:\\\/\\\/schema.org\",\"@graph\":[{\"@type\":\"WebPage\",\"@id\":\"https:\\\/\\\/albergueesplaibarcelona.com\\\/de\\\/datenschutzrichtlinie\\\/\",\"url\":\"https:\\\/\\\/albergueesplaibarcelona.com\\\/de\\\/datenschutzrichtlinie\\\/\",\"name\":\"Datenschutzrichtlinie - Alberg Centre Esplai\",\"isPartOf\":{\"@id\":\"https:\\\/\\\/albergueesplaibarcelona.com\\\/de\\\/#website\"},\"datePublished\":\"2019-05-03T16:31:16+00:00\",\"dateModified\":\"2019-05-03T16:31:22+00:00\",\"breadcrumb\":{\"@id\":\"https:\\\/\\\/albergueesplaibarcelona.com\\\/de\\\/datenschutzrichtlinie\\\/#breadcrumb\"},\"inLanguage\":\"de\",\"potentialAction\":[{\"@type\":\"ReadAction\",\"target\":[\"https:\\\/\\\/albergueesplaibarcelona.com\\\/de\\\/datenschutzrichtlinie\\\/\"]}]},{\"@type\":\"BreadcrumbList\",\"@id\":\"https:\\\/\\\/albergueesplaibarcelona.com\\\/de\\\/datenschutzrichtlinie\\\/#breadcrumb\",\"itemListElement\":[{\"@type\":\"ListItem\",\"position\":1,\"name\":\"Startseite\",\"item\":\"https:\\\/\\\/albergueesplaibarcelona.com\\\/de\\\/die-herberge\\\/\"},{\"@type\":\"ListItem\",\"position\":2,\"name\":\"Datenschutzrichtlinie\"}]},{\"@type\":\"WebSite\",\"@id\":\"https:\\\/\\\/albergueesplaibarcelona.com\\\/de\\\/#website\",\"url\":\"https:\\\/\\\/albergueesplaibarcelona.com\\\/de\\\/\",\"name\":\"Alberg Centre Esplai\",\"description\":\"Alberg\",\"publisher\":{\"@id\":\"https:\\\/\\\/albergueesplaibarcelona.com\\\/de\\\/#organization\"},\"potentialAction\":[{\"@type\":\"SearchAction\",\"target\":{\"@type\":\"EntryPoint\",\"urlTemplate\":\"https:\\\/\\\/albergueesplaibarcelona.com\\\/de\\\/?s={search_term_string}\"},\"query-input\":{\"@type\":\"PropertyValueSpecification\",\"valueRequired\":true,\"valueName\":\"search_term_string\"}}],\"inLanguage\":\"de\"},{\"@type\":\"Organization\",\"@id\":\"https:\\\/\\\/albergueesplaibarcelona.com\\\/de\\\/#organization\",\"name\":\"Albergue Centre Esplai\",\"url\":\"https:\\\/\\\/albergueesplaibarcelona.com\\\/de\\\/\",\"logo\":{\"@type\":\"ImageObject\",\"inLanguage\":\"de\",\"@id\":\"https:\\\/\\\/albergueesplaibarcelona.com\\\/de\\\/#\\\/schema\\\/logo\\\/image\\\/\",\"url\":\"https:\\\/\\\/albergueesplaibarcelona.com\\\/wp-content\\\/uploads\\\/2020\\\/12\\\/logo_alberg_centre_esplai-e1608117409320.png\",\"contentUrl\":\"https:\\\/\\\/albergueesplaibarcelona.com\\\/wp-content\\\/uploads\\\/2020\\\/12\\\/logo_alberg_centre_esplai-e1608117409320.png\",\"width\":500,\"height\":241,\"caption\":\"Albergue Centre Esplai\"},\"image\":{\"@id\":\"https:\\\/\\\/albergueesplaibarcelona.com\\\/de\\\/#\\\/schema\\\/logo\\\/image\\\/\"}}]}<\/script>\n<!-- \/ Yoast SEO plugin. -->","yoast_head_json":{"title":"Datenschutzrichtlinie - Alberg Centre Esplai","robots":{"index":"index","follow":"follow","max-snippet":"max-snippet:-1","max-image-preview":"max-image-preview:large","max-video-preview":"max-video-preview:-1"},"canonical":"https:\/\/albergueesplaibarcelona.com\/de\/datenschutzrichtlinie\/","og_locale":"de_DE","og_type":"article","og_title":"Datenschutzrichtlinie - Alberg Centre Esplai","og_description":"Wer wir sindUnsere Webadresse lautet: https:\/\/albergueesplaibarcelona.com.Welche personenbezogenen Daten wir erfassen und zu welchem ZweckKommentareWenn die Besucher Kommentare auf der Webseite hinterlassen, erfassen wir die Daten, die im Kommentarformular angezeigt werden, sowie die IP-Adresse des Besuchers und den User Agent String des Browsers, um Spam leichter identifizieren zu k\u00f6nnen. Ein anonymer String, der aus Ihrer [&hellip;]","og_url":"https:\/\/albergueesplaibarcelona.com\/de\/datenschutzrichtlinie\/","og_site_name":"Alberg Centre Esplai","article_modified_time":"2019-05-03T16:31:22+00:00","twitter_card":"summary_large_image","twitter_misc":{"Gesch\u00e4tzte Lesezeit":"3\u00a0Minuten"},"schema":{"@context":"https:\/\/schema.org","@graph":[{"@type":"WebPage","@id":"https:\/\/albergueesplaibarcelona.com\/de\/datenschutzrichtlinie\/","url":"https:\/\/albergueesplaibarcelona.com\/de\/datenschutzrichtlinie\/","name":"Datenschutzrichtlinie - Alberg Centre Esplai","isPartOf":{"@id":"https:\/\/albergueesplaibarcelona.com\/de\/#website"},"datePublished":"2019-05-03T16:31:16+00:00","dateModified":"2019-05-03T16:31:22+00:00","breadcrumb":{"@id":"https:\/\/albergueesplaibarcelona.com\/de\/datenschutzrichtlinie\/#breadcrumb"},"inLanguage":"de","potentialAction":[{"@type":"ReadAction","target":["https:\/\/albergueesplaibarcelona.com\/de\/datenschutzrichtlinie\/"]}]},{"@type":"BreadcrumbList","@id":"https:\/\/albergueesplaibarcelona.com\/de\/datenschutzrichtlinie\/#breadcrumb","itemListElement":[{"@type":"ListItem","position":1,"name":"Startseite","item":"https:\/\/albergueesplaibarcelona.com\/de\/die-herberge\/"},{"@type":"ListItem","position":2,"name":"Datenschutzrichtlinie"}]},{"@type":"WebSite","@id":"https:\/\/albergueesplaibarcelona.com\/de\/#website","url":"https:\/\/albergueesplaibarcelona.com\/de\/","name":"Alberg Centre Esplai","description":"Alberg","publisher":{"@id":"https:\/\/albergueesplaibarcelona.com\/de\/#organization"},"potentialAction":[{"@type":"SearchAction","target":{"@type":"EntryPoint","urlTemplate":"https:\/\/albergueesplaibarcelona.com\/de\/?s={search_term_string}"},"query-input":{"@type":"PropertyValueSpecification","valueRequired":true,"valueName":"search_term_string"}}],"inLanguage":"de"},{"@type":"Organization","@id":"https:\/\/albergueesplaibarcelona.com\/de\/#organization","name":"Albergue Centre Esplai","url":"https:\/\/albergueesplaibarcelona.com\/de\/","logo":{"@type":"ImageObject","inLanguage":"de","@id":"https:\/\/albergueesplaibarcelona.com\/de\/#\/schema\/logo\/image\/","url":"https:\/\/albergueesplaibarcelona.com\/wp-content\/uploads\/2020\/12\/logo_alberg_centre_esplai-e1608117409320.png","contentUrl":"https:\/\/albergueesplaibarcelona.com\/wp-content\/uploads\/2020\/12\/logo_alberg_centre_esplai-e1608117409320.png","width":500,"height":241,"caption":"Albergue Centre Esplai"},"image":{"@id":"https:\/\/albergueesplaibarcelona.com\/de\/#\/schema\/logo\/image\/"}}]}},"_links":{"self":[{"href":"https:\/\/albergueesplaibarcelona.com\/de\/wp-json\/wp\/v2\/pages\/3827","targetHints":{"allow":["GET"]}}],"collection":[{"href":"https:\/\/albergueesplaibarcelona.com\/de\/wp-json\/wp\/v2\/pages"}],"about":[{"href":"https:\/\/albergueesplaibarcelona.com\/de\/wp-json\/wp\/v2\/types\/page"}],"author":[{"embeddable":true,"href":"https:\/\/albergueesplaibarcelona.com\/de\/wp-json\/wp\/v2\/users\/1"}],"replies":[{"embeddable":true,"href":"https:\/\/albergueesplaibarcelona.com\/de\/wp-json\/wp\/v2\/comments?post=3827"}],"version-history":[{"count":1,"href":"https:\/\/albergueesplaibarcelona.com\/de\/wp-json\/wp\/v2\/pages\/3827\/revisions"}],"predecessor-version":[{"id":3828,"href":"https:\/\/albergueesplaibarcelona.com\/de\/wp-json\/wp\/v2\/pages\/3827\/revisions\/3828"}],"wp:attachment":[{"href":"https:\/\/albergueesplaibarcelona.com\/de\/wp-json\/wp\/v2\/media?parent=3827"}],"curies":[{"name":"wp","href":"https:\/\/api.w.org\/{rel}","templated":true}]}}