{"id":3834,"date":"2019-05-03T16:31:21","date_gmt":"2019-05-03T16:31:21","guid":{"rendered":"http:\/\/albergueesplaibarcelona.com\/reservieren-sie-jetzt\/"},"modified":"2022-07-13T14:25:20","modified_gmt":"2022-07-13T14:25:20","slug":"reservieren-sie-jetzt","status":"publish","type":"page","link":"https:\/\/albergueesplaibarcelona.com\/de\/reservieren-sie-jetzt\/","title":{"rendered":"Reservieren Sie jetzt"},"content":{"rendered":"<p>[et_pb_section fb_built=&#8220;1&#8243; _builder_version=&#8220;3.22&#8243; global_colors_info=&#8220;{}&#8220;][et_pb_row _builder_version=&#8220;3.25&#8243; background_size=&#8220;initial&#8220; background_position=&#8220;top_left&#8220; background_repeat=&#8220;repeat&#8220; global_colors_info=&#8220;{}&#8220;][et_pb_column type=&#8220;4_4&#8243; _builder_version=&#8220;3.25&#8243; custom_padding=&#8220;|||&#8220; global_colors_info=&#8220;{}&#8220; custom_padding__hover=&#8220;|||&#8220;][et_pb_post_title meta=&#8220;off&#8220; featured_image=&#8220;off&#8220; _builder_version=&#8220;3.19.10&#8243; global_colors_info=&#8220;{}&#8220;][\/et_pb_post_title][et_pb_text disabled_on=&#8220;on|on|on&#8220; admin_label=&#8220;RESTAURANTE&#8220; _builder_version=&#8220;3.27.4&#8243; disabled=&#8220;on&#8220; global_colors_info=&#8220;{}&#8220;]<\/p>\n<p>10% Rabatt f\u00fcr Direktreservierungen hier. Wir garantieren Ihnen den besten Preis. Profitieren Sie davon!<\/p>\n<p>[\/et_pb_text][\/et_pb_column][\/et_pb_row][et_pb_row _builder_version=&#8220;4.10.8&#8243; _module_preset=&#8220;default&#8220; global_colors_info=&#8220;{}&#8220; disabled_on=&#8220;on|on|on&#8220; disabled=&#8220;on&#8220;][et_pb_column type=&#8220;4_4&#8243; _builder_version=&#8220;4.10.8&#8243; _module_preset=&#8220;default&#8220; global_colors_info=&#8220;{}&#8220;][et_pb_text _builder_version=&#8220;4.10.8&#8243; _module_preset=&#8220;default&#8220; global_colors_info=&#8220;{}&#8220;]<\/p>\n<p><i class=\"fas fa-address-card\"><\/i>   Alle Benutzer der Herberge und des Restaurants m\u00fcssen f\u00fcr den Zugang den aktuellen Covid-19-Impfausweis vorlegen. Bei Nichtvorhandensein k\u00f6nnen sie einen negativen PCR-Test (72h) oder auf Antigene (48h) vorlegen.<\/p>\n<p>[\/et_pb_text][\/et_pb_column][\/et_pb_row][et_pb_row admin_label=&#8220;Obras ampliaci\u00f3n albergue (DE)&#8220; _builder_version=&#8220;4.5.0&#8243; background_size=&#8220;initial&#8220; background_position=&#8220;top_left&#8220; background_repeat=&#8220;repeat&#8220; saved_tabs=&#8220;all&#8220; locked=&#8220;off&#8220; global_colors_info=&#8220;{}&#8220;][et_pb_column type=&#8220;4_4&#8243; _builder_version=&#8220;4.4.7&#8243; global_colors_info=&#8220;{}&#8220;][et_pb_divider show_divider=&#8220;off&#8220; _builder_version=&#8220;4.4.7&#8243; global_colors_info=&#8220;{}&#8220;][\/et_pb_divider][et_pb_code _builder_version=&#8220;4.7.7&#8243; global_colors_info=&#8220;{}&#8220;]<!-- afegit per Miquel per covid-19  --><!-- [et_pb_line_break_holder] -->\t<\/p>\n<div id=\"seccio-alert-covid-19\" class=\"alerta-libreria\"><!-- [et_pb_line_break_holder] -->\t\t<\/p>\n<div class=\"col-1\"><!-- [et_pb_line_break_holder] --><i class=\"fas fa-exclamation-triangle\"><\/i><!-- [et_pb_line_break_holder] -->    <\/div>\n<p><!-- [et_pb_line_break_holder] -->\t\t<\/p>\n<div class=\"col-2\"><!-- [et_pb_line_break_holder] -->\t<!-- [et_pb_line_break_holder] -->\t\t\t<\/p>\n<div><!-- [et_pb_line_break_holder] -->\t\t\t\t<pee><!-- [et_pb_line_break_holder] -->\t\t\t\tWir erinnern Sie daran, dass Sie zur Best\u00e4tigung der Reservierung die Ma\u00dfnahmen f\u00fcr Mobilit\u00e4t, soziale Aktivit\u00e4t und Arbeitszeit gem\u00e4\u00df DOCG RESOLUTION SLT \/ 3354\/2020 vom 19. Dezember bis zum 26. Januar einhalten m\u00fcssen. <a href=\"https:\/\/albergueesplaibarcelona.com\/wp-content\/uploads\/2020\/12\/mesures-26-abril.pdf\" target=\"_blank\" rel=\"noopener\"> + info<\/a><!-- [et_pb_line_break_holder] -->\t\t\t\t\t<!\u2013- [et_pb_br_holder] -\u2013>\t\t\t\t<!-- [et_pb_line_break_holder] -->\t\t\t\t<\/pee><!-- [et_pb_line_break_holder] -->\t\t\t<\/div>\n<p><!-- [et_pb_line_break_holder] -->\t\t<\/div>\n<p><!-- [et_pb_line_break_holder] -->\t<\/div>\n<p>[\/et_pb_code][\/et_pb_column][\/et_pb_row][et_pb_row _builder_version=&#8220;3.25&#8243; max_width=&#8220;1080px&#8220; module_alignment=&#8220;center&#8220; global_colors_info=&#8220;{}&#8220;][et_pb_column type=&#8220;4_4&#8243; _builder_version=&#8220;3.25&#8243; custom_padding=&#8220;|||&#8220; global_colors_info=&#8220;{}&#8220; custom_padding__hover=&#8220;|||&#8220;][et_pb_code module_class=&#8220;reservas-codigo &#8220; _builder_version=&#8220;3.22.7&#8243; text_orientation=&#8220;center&#8220; z_index_tablet=&#8220;500&#8243; global_colors_info=&#8220;{}&#8220;]<\/p>\n<div class=\"ibe\" data-region=\"emea\" data-channelcode=\"albergcentredirect\" data-widget=\"embed\" data-query-locale=\"de\" ><\/div>\n<p><!-- [et_pb_line_break_holder] --><script src=\"https:\/\/widget.siteminder.com\/ibe.min.js\"><\/script>[\/et_pb_code][\/et_pb_column][\/et_pb_row][\/et_pb_section][et_pb_section fb_built=&#8220;1&#8243; module_class=&#8220;seccio-som-fundesplai&#8220; _builder_version=&#8220;3.22&#8243; background_color=&#8220;#c3c3c2&#8243; global_module=&#8220;26&#8243; global_colors_info=&#8220;{}&#8220;][et_pb_row column_structure=&#8220;1_3,2_3&#8243; make_equal=&#8220;on&#8220; _builder_version=&#8220;3.25&#8243; max_width=&#8220;1080px&#8220; global_colors_info=&#8220;{}&#8220;][et_pb_column type=&#8220;1_3&#8243; _builder_version=&#8220;3.25&#8243; background_image=&#8220;https:\/\/albergueesplaibarcelona.com\/wp-content\/uploads\/2018\/06\/ninots-1.png&#8220; background_size=&#8220;contain&#8220; background_position=&#8220;bottom_left&#8220; custom_padding=&#8220;|||&#8220; global_colors_info=&#8220;{}&#8220; custom_padding__hover=&#8220;|||&#8220;][\/et_pb_column][et_pb_column type=&#8220;2_3&#8243; _builder_version=&#8220;3.25&#8243; custom_padding=&#8220;50px||50px|50px&#8220; global_colors_info=&#8220;{}&#8220; custom_padding__hover=&#8220;|||&#8220;][et_pb_text admin_label=&#8220;Somos Fundesplai (DE)&#8220; _builder_version=&#8220;4.2.2&#8243; custom_margin=&#8220;||20px|&#8220; z_index_tablet=&#8220;500&#8243; global_colors_info=&#8220;{}&#8220;]\n\t\t\t<div>\n\t\t\t\t<h2>\n\t\t\t\t\tWir sind Fundesplai\n\t\t\t\t<\/h2>\n\t\t\t\t<p>\n\t\t\t\t\tWir sind <strong>Fundesplai<\/strong>, eine gemeinn\u00fctzige Organisation mit der Mission, Kinder und Jugendliche zu erziehen, Freizeitorganisationen und den Dritten Sektor zu st\u00e4rken, die Umwelt zu verbessern und Staatsb\u00fcrgerschaft und soziale Eingliederung mit transformativem Willen zu f\u00f6rdern.\n\t\t\t\t<\/p>\n\t\t\t\t<p>\n\t\t\t\t\tDie Herberge Centre Esplai hilft uns dabei, unsere erzieherischen, sozialen und umweltsch\u00fctzerischen Ziele zu verwirklichen.\n\t\t\t\t<\/p>\n\t\t\t\t<p>\n\t\t\t\t\t<a class='et_pb_button et_pb_custom_button_icon et_hover_enabled et_pb_bg_layout_light' href='https:\/\/fundesplai.org\/coneix-fundesplai\/' data-icon='' style='display: inline-block;'>\n\t\t\t\t\t\tLernen Sie Fundesplai kennen\n\t\t\t\t\t<\/a>\n\t\t\t\t<\/p>\n\t\t\t<\/div>\n\t\t[\/et_pb_text][\/et_pb_column][\/et_pb_row][\/et_pb_section]<\/p>\n","protected":false},"excerpt":{"rendered":"<p>10% Rabatt f\u00fcr Direktreservierungen hier. Wir garantieren Ihnen den besten Preis. Profitieren Sie davon! Alle Benutzer der Herberge und des Restaurants m\u00fcssen f\u00fcr den Zugang den aktuellen Covid-19-Impfausweis vorlegen. Bei Nichtvorhandensein k\u00f6nnen sie einen negativen PCR-Test (72h) oder auf Antigene (48h) vorlegen.\n\t\t\t<div>\n\t\t\t\t<h2>\n\t\t\t\t\tWir sind Fundesplai\n\t\t\t\t<\/h2>\n\t\t\t\t<p>\n\t\t\t\t\tWir sind <strong>Fundesplai<\/strong>, eine gemeinn\u00fctzige Organisation mit der Mission, Kinder und Jugendliche zu erziehen, Freizeitorganisationen und den Dritten Sektor zu st\u00e4rken, die Umwelt zu verbessern und Staatsb\u00fcrgerschaft und soziale Eingliederung mit transformativem Willen zu f\u00f6rdern.\n\t\t\t\t<\/p>\n\t\t\t\t<p>\n\t\t\t\t\tDie Herberge Centre Esplai hilft uns dabei, unsere erzieherischen, sozialen und umweltsch\u00fctzerischen Ziele zu verwirklichen.\n\t\t\t\t<\/p>\n\t\t\t\t<p>\n\t\t\t\t\t<a class='et_pb_button et_pb_custom_button_icon et_hover_enabled et_pb_bg_layout_light' href='https:\/\/fundesplai.org\/coneix-fundesplai\/' data-icon='' style='display: inline-block;'>\n\t\t\t\t\t\tLernen Sie Fundesplai kennen\n\t\t\t\t\t<\/a>\n\t\t\t\t<\/p>\n\t\t\t<\/div>\n\t\t<\/p>\n","protected":false},"author":1,"featured_media":0,"parent":0,"menu_order":0,"comment_status":"closed","ping_status":"closed","template":"","meta":{"_et_pb_use_builder":"on","_et_pb_old_content":"","_et_gb_content_width":"","footnotes":""},"class_list":["post-3834","page","type-page","status-publish","hentry"],"yoast_head":"<!-- This site is optimized with the Yoast SEO plugin v27.4 - https:\/\/yoast.com\/product\/yoast-seo-wordpress\/ -->\n<title>Reservieren Sie jetzt - Alberg Centre Esplai<\/title>\n<meta name=\"robots\" content=\"index, follow, max-snippet:-1, max-image-preview:large, max-video-preview:-1\" \/>\n<link rel=\"canonical\" href=\"https:\/\/albergueesplaibarcelona.com\/de\/reservieren-sie-jetzt\/\" \/>\n<meta property=\"og:locale\" content=\"de_DE\" \/>\n<meta property=\"og:type\" content=\"article\" \/>\n<meta property=\"og:title\" content=\"Reservieren Sie jetzt - Alberg Centre Esplai\" \/>\n<meta property=\"og:description\" content=\"10% Rabatt f\u00fcr Direktreservierungen hier. Wir garantieren Ihnen den besten Preis. Profitieren Sie davon! Alle Benutzer der Herberge und des Restaurants m\u00fcssen f\u00fcr den Zugang den aktuellen Covid-19-Impfausweis vorlegen. Bei Nichtvorhandensein k\u00f6nnen sie einen negativen PCR-Test (72h) oder auf Antigene (48h) vorlegen.\" \/>\n<meta property=\"og:url\" content=\"https:\/\/albergueesplaibarcelona.com\/de\/reservieren-sie-jetzt\/\" \/>\n<meta property=\"og:site_name\" content=\"Alberg Centre Esplai\" \/>\n<meta property=\"article:modified_time\" content=\"2022-07-13T14:25:20+00:00\" \/>\n<meta name=\"twitter:card\" content=\"summary_large_image\" \/>\n<meta name=\"twitter:label1\" content=\"Gesch\u00e4tzte Lesezeit\" \/>\n\t<meta name=\"twitter:data1\" content=\"2\u00a0Minuten\" \/>\n<script type=\"application\/ld+json\" class=\"yoast-schema-graph\">{\"@context\":\"https:\\\/\\\/schema.org\",\"@graph\":[{\"@type\":\"WebPage\",\"@id\":\"https:\\\/\\\/albergueesplaibarcelona.com\\\/de\\\/reservieren-sie-jetzt\\\/\",\"url\":\"https:\\\/\\\/albergueesplaibarcelona.com\\\/de\\\/reservieren-sie-jetzt\\\/\",\"name\":\"Reservieren Sie jetzt - Alberg Centre Esplai\",\"isPartOf\":{\"@id\":\"https:\\\/\\\/albergueesplaibarcelona.com\\\/de\\\/#website\"},\"datePublished\":\"2019-05-03T16:31:21+00:00\",\"dateModified\":\"2022-07-13T14:25:20+00:00\",\"breadcrumb\":{\"@id\":\"https:\\\/\\\/albergueesplaibarcelona.com\\\/de\\\/reservieren-sie-jetzt\\\/#breadcrumb\"},\"inLanguage\":\"de\",\"potentialAction\":[{\"@type\":\"ReadAction\",\"target\":[\"https:\\\/\\\/albergueesplaibarcelona.com\\\/de\\\/reservieren-sie-jetzt\\\/\"]}]},{\"@type\":\"BreadcrumbList\",\"@id\":\"https:\\\/\\\/albergueesplaibarcelona.com\\\/de\\\/reservieren-sie-jetzt\\\/#breadcrumb\",\"itemListElement\":[{\"@type\":\"ListItem\",\"position\":1,\"name\":\"Startseite\",\"item\":\"https:\\\/\\\/albergueesplaibarcelona.com\\\/de\\\/die-herberge\\\/\"},{\"@type\":\"ListItem\",\"position\":2,\"name\":\"Reservieren Sie jetzt\"}]},{\"@type\":\"WebSite\",\"@id\":\"https:\\\/\\\/albergueesplaibarcelona.com\\\/de\\\/#website\",\"url\":\"https:\\\/\\\/albergueesplaibarcelona.com\\\/de\\\/\",\"name\":\"Alberg Centre Esplai\",\"description\":\"Alberg\",\"publisher\":{\"@id\":\"https:\\\/\\\/albergueesplaibarcelona.com\\\/de\\\/#organization\"},\"potentialAction\":[{\"@type\":\"SearchAction\",\"target\":{\"@type\":\"EntryPoint\",\"urlTemplate\":\"https:\\\/\\\/albergueesplaibarcelona.com\\\/de\\\/?s={search_term_string}\"},\"query-input\":{\"@type\":\"PropertyValueSpecification\",\"valueRequired\":true,\"valueName\":\"search_term_string\"}}],\"inLanguage\":\"de\"},{\"@type\":\"Organization\",\"@id\":\"https:\\\/\\\/albergueesplaibarcelona.com\\\/de\\\/#organization\",\"name\":\"Albergue Centre Esplai\",\"url\":\"https:\\\/\\\/albergueesplaibarcelona.com\\\/de\\\/\",\"logo\":{\"@type\":\"ImageObject\",\"inLanguage\":\"de\",\"@id\":\"https:\\\/\\\/albergueesplaibarcelona.com\\\/de\\\/#\\\/schema\\\/logo\\\/image\\\/\",\"url\":\"https:\\\/\\\/albergueesplaibarcelona.com\\\/wp-content\\\/uploads\\\/2020\\\/12\\\/logo_alberg_centre_esplai-e1608117409320.png\",\"contentUrl\":\"https:\\\/\\\/albergueesplaibarcelona.com\\\/wp-content\\\/uploads\\\/2020\\\/12\\\/logo_alberg_centre_esplai-e1608117409320.png\",\"width\":500,\"height\":241,\"caption\":\"Albergue Centre Esplai\"},\"image\":{\"@id\":\"https:\\\/\\\/albergueesplaibarcelona.com\\\/de\\\/#\\\/schema\\\/logo\\\/image\\\/\"}}]}<\/script>\n<!-- \/ Yoast SEO plugin. -->","yoast_head_json":{"title":"Reservieren Sie jetzt - Alberg Centre Esplai","robots":{"index":"index","follow":"follow","max-snippet":"max-snippet:-1","max-image-preview":"max-image-preview:large","max-video-preview":"max-video-preview:-1"},"canonical":"https:\/\/albergueesplaibarcelona.com\/de\/reservieren-sie-jetzt\/","og_locale":"de_DE","og_type":"article","og_title":"Reservieren Sie jetzt - Alberg Centre Esplai","og_description":"10% Rabatt f\u00fcr Direktreservierungen hier. Wir garantieren Ihnen den besten Preis. Profitieren Sie davon! Alle Benutzer der Herberge und des Restaurants m\u00fcssen f\u00fcr den Zugang den aktuellen Covid-19-Impfausweis vorlegen. Bei Nichtvorhandensein k\u00f6nnen sie einen negativen PCR-Test (72h) oder auf Antigene (48h) vorlegen.","og_url":"https:\/\/albergueesplaibarcelona.com\/de\/reservieren-sie-jetzt\/","og_site_name":"Alberg Centre Esplai","article_modified_time":"2022-07-13T14:25:20+00:00","twitter_card":"summary_large_image","twitter_misc":{"Gesch\u00e4tzte Lesezeit":"2\u00a0Minuten"},"schema":{"@context":"https:\/\/schema.org","@graph":[{"@type":"WebPage","@id":"https:\/\/albergueesplaibarcelona.com\/de\/reservieren-sie-jetzt\/","url":"https:\/\/albergueesplaibarcelona.com\/de\/reservieren-sie-jetzt\/","name":"Reservieren Sie jetzt - Alberg Centre Esplai","isPartOf":{"@id":"https:\/\/albergueesplaibarcelona.com\/de\/#website"},"datePublished":"2019-05-03T16:31:21+00:00","dateModified":"2022-07-13T14:25:20+00:00","breadcrumb":{"@id":"https:\/\/albergueesplaibarcelona.com\/de\/reservieren-sie-jetzt\/#breadcrumb"},"inLanguage":"de","potentialAction":[{"@type":"ReadAction","target":["https:\/\/albergueesplaibarcelona.com\/de\/reservieren-sie-jetzt\/"]}]},{"@type":"BreadcrumbList","@id":"https:\/\/albergueesplaibarcelona.com\/de\/reservieren-sie-jetzt\/#breadcrumb","itemListElement":[{"@type":"ListItem","position":1,"name":"Startseite","item":"https:\/\/albergueesplaibarcelona.com\/de\/die-herberge\/"},{"@type":"ListItem","position":2,"name":"Reservieren Sie jetzt"}]},{"@type":"WebSite","@id":"https:\/\/albergueesplaibarcelona.com\/de\/#website","url":"https:\/\/albergueesplaibarcelona.com\/de\/","name":"Alberg Centre Esplai","description":"Alberg","publisher":{"@id":"https:\/\/albergueesplaibarcelona.com\/de\/#organization"},"potentialAction":[{"@type":"SearchAction","target":{"@type":"EntryPoint","urlTemplate":"https:\/\/albergueesplaibarcelona.com\/de\/?s={search_term_string}"},"query-input":{"@type":"PropertyValueSpecification","valueRequired":true,"valueName":"search_term_string"}}],"inLanguage":"de"},{"@type":"Organization","@id":"https:\/\/albergueesplaibarcelona.com\/de\/#organization","name":"Albergue Centre Esplai","url":"https:\/\/albergueesplaibarcelona.com\/de\/","logo":{"@type":"ImageObject","inLanguage":"de","@id":"https:\/\/albergueesplaibarcelona.com\/de\/#\/schema\/logo\/image\/","url":"https:\/\/albergueesplaibarcelona.com\/wp-content\/uploads\/2020\/12\/logo_alberg_centre_esplai-e1608117409320.png","contentUrl":"https:\/\/albergueesplaibarcelona.com\/wp-content\/uploads\/2020\/12\/logo_alberg_centre_esplai-e1608117409320.png","width":500,"height":241,"caption":"Albergue Centre Esplai"},"image":{"@id":"https:\/\/albergueesplaibarcelona.com\/de\/#\/schema\/logo\/image\/"}}]}},"_links":{"self":[{"href":"https:\/\/albergueesplaibarcelona.com\/de\/wp-json\/wp\/v2\/pages\/3834","targetHints":{"allow":["GET"]}}],"collection":[{"href":"https:\/\/albergueesplaibarcelona.com\/de\/wp-json\/wp\/v2\/pages"}],"about":[{"href":"https:\/\/albergueesplaibarcelona.com\/de\/wp-json\/wp\/v2\/types\/page"}],"author":[{"embeddable":true,"href":"https:\/\/albergueesplaibarcelona.com\/de\/wp-json\/wp\/v2\/users\/1"}],"replies":[{"embeddable":true,"href":"https:\/\/albergueesplaibarcelona.com\/de\/wp-json\/wp\/v2\/comments?post=3834"}],"version-history":[{"count":9,"href":"https:\/\/albergueesplaibarcelona.com\/de\/wp-json\/wp\/v2\/pages\/3834\/revisions"}],"predecessor-version":[{"id":14408,"href":"https:\/\/albergueesplaibarcelona.com\/de\/wp-json\/wp\/v2\/pages\/3834\/revisions\/14408"}],"wp:attachment":[{"href":"https:\/\/albergueesplaibarcelona.com\/de\/wp-json\/wp\/v2\/media?parent=3834"}],"curies":[{"name":"wp","href":"https:\/\/api.w.org\/{rel}","templated":true}]}}