{"id":3867,"date":"2019-05-03T16:31:38","date_gmt":"2019-05-03T16:31:38","guid":{"rendered":"http:\/\/albergueesplaibarcelona.com\/100-barrierefrei\/"},"modified":"2024-03-22T11:50:26","modified_gmt":"2024-03-22T10:50:26","slug":"100-barrierefrei","status":"publish","type":"page","link":"https:\/\/albergueesplaibarcelona.com\/de\/die-herberge\/100-barrierefrei\/","title":{"rendered":"100% Barrierefrei"},"content":{"rendered":"<p>[et_pb_section fb_built=&#8220;1&#8243; fullwidth=&#8220;on&#8220; _builder_version=&#8220;4.16&#8243; global_colors_info=&#8220;{}&#8220;][et_pb_fullwidth_image src=&#8220;https:\/\/albergueesplaibarcelona.com\/wp-content\/uploads\/2019\/01\/Cadira-rodes-Centre-Esplai.jpg&#8220; _builder_version=&#8220;4.16&#8243; global_colors_info=&#8220;{}&#8220;][\/et_pb_fullwidth_image][\/et_pb_section][et_pb_section fb_built=&#8220;1&#8243; _builder_version=&#8220;4.16&#8243; global_colors_info=&#8220;{}&#8220;][et_pb_row _builder_version=&#8220;4.16&#8243; background_size=&#8220;initial&#8220; background_position=&#8220;top_left&#8220; background_repeat=&#8220;repeat&#8220; global_colors_info=&#8220;{}&#8220;][et_pb_column type=&#8220;4_4&#8243; _builder_version=&#8220;4.16&#8243; custom_padding=&#8220;|||&#8220; global_colors_info=&#8220;{}&#8220; custom_padding__hover=&#8220;|||&#8220;][et_pb_text admin_label=&#8220;Accesible&#8220; _builder_version=&#8220;4.16&#8243; global_colors_info=&#8220;{}&#8220;]<\/p>\n<h2>100% barrierefrei<\/h2>\n<p>Das Centre Esplai ist eine barrierefreie Herberge, die vollst\u00e4ndig adaptiert und f\u00fcr Personen mit eingeschr\u00e4nkter Mobilit\u00e4t, Kinderw\u00e4gen oder Personen mit Sehbehinderung barrierefrei zug\u00e4nglich ist. Bewegen Sie sich frei und genie\u00dfen Sie die regionale K\u00fcche unseres Restaurants, die Zimmer mit barrierefreiem Badezimmer und den schattigen Garten. Die Barrierefreiheit liegt im Wesen unseres Hauses. <strong>Wir m\u00f6chten es Ihnen einfach machen!<\/strong><\/p>\n<p>[\/et_pb_text][\/et_pb_column][\/et_pb_row][\/et_pb_section][et_pb_section fb_built=&#8220;1&#8243; module_class=&#8220;llista-icones-blurb-awesome icones-hover&#8220; _builder_version=&#8220;4.16&#8243; global_colors_info=&#8220;{}&#8220;][et_pb_row _builder_version=&#8220;4.16&#8243; global_colors_info=&#8220;{}&#8220; column_structure=&#8220;1_6,1_6,1_6,1_6,1_6,1_6&#8243;][et_pb_column type=&#8220;1_6&#8243; _builder_version=&#8220;4.16&#8243; custom_padding=&#8220;|||&#8220; global_colors_info=&#8220;{}&#8220; custom_padding__hover=&#8220;|||&#8220;][et_pb_blurb title=&#8220;Barrierefreiheit in allen R\u00e4umen&#8220; use_icon=&#8220;on&#8220; font_icon=&#8220;&#xf193;||fa||900&#8243; admin_label=&#8220;Todos los espacios accesibles&#8220; _builder_version=&#8220;4.24.2&#8243; header_level=&#8220;h3&#8243; hover_enabled=&#8220;0&#8243; global_colors_info=&#8220;{}&#8220; sticky_enabled=&#8220;0&#8243;][\/et_pb_blurb][\/et_pb_column][et_pb_column type=&#8220;1_6&#8243; _builder_version=&#8220;4.16&#8243; custom_padding=&#8220;|||&#8220; global_colors_info=&#8220;{}&#8220; custom_padding__hover=&#8220;|||&#8220;][et_pb_blurb title=&#8220;Braille&#8220; url=&#8220;https:\/\/albergueesplaibarcelona.com\/de\/100-barrierefrei\/&#8220; use_icon=&#8220;on&#8220; font_icon=&#8220;&#xf2a1;||fa||900&#8243; admin_label=&#8220;Braile&#8220; _builder_version=&#8220;4.24.2&#8243; header_level=&#8220;h3&#8243; link_option_url=&#8220;https:\/\/albergueesplaibarcelona.com\/de\/100-barrierefrei\/&#8220; hover_enabled=&#8220;0&#8243; global_colors_info=&#8220;{}&#8220; sticky_enabled=&#8220;0&#8243;][\/et_pb_blurb][\/et_pb_column][et_pb_column type=&#8220;1_6&#8243; _builder_version=&#8220;4.16&#8243; custom_padding=&#8220;|||&#8220; global_colors_info=&#8220;{}&#8220; custom_padding__hover=&#8220;|||&#8220;][et_pb_blurb title=&#8220;Pool mit Lift&#8220; use_icon=&#8220;on&#8220; font_icon=&#8220;&#xf5c5;||fa||900&#8243; admin_label=&#8220;Piscina con gr\u00faa&#8220; _builder_version=&#8220;4.24.2&#8243; header_level=&#8220;h3&#8243; hover_enabled=&#8220;0&#8243; global_colors_info=&#8220;{}&#8220; sticky_enabled=&#8220;0&#8243;][\/et_pb_blurb][\/et_pb_column][et_pb_column type=&#8220;1_6&#8243; _builder_version=&#8220;4.16&#8243; custom_padding=&#8220;|||&#8220; global_colors_info=&#8220;{}&#8220; custom_padding__hover=&#8220;|||&#8220;][et_pb_blurb title=&#8220;Aufzug&#8220; use_icon=&#8220;on&#8220; font_icon=&#8220;&#xe16d;||fa||900&#8243; admin_label=&#8220;Ascensor&#8220; _builder_version=&#8220;4.24.2&#8243; hover_enabled=&#8220;0&#8243; global_colors_info=&#8220;{}&#8220; sticky_enabled=&#8220;0&#8243;][\/et_pb_blurb][\/et_pb_column][et_pb_column type=&#8220;1_6&#8243; _builder_version=&#8220;4.16&#8243; custom_padding=&#8220;|||&#8220; global_colors_info=&#8220;{}&#8220; custom_padding__hover=&#8220;|||&#8220;][et_pb_blurb title=&#8220;Barrierefreie Wege und Zug\u00e4nge&#8220; use_icon=&#8220;on&#8220; font_icon=&#8220;&#xf277;||fa||900&#8243; admin_label=&#8220;Caminos y accesos adaptados&#8220; _builder_version=&#8220;4.24.2&#8243; hover_enabled=&#8220;0&#8243; global_colors_info=&#8220;{}&#8220; sticky_enabled=&#8220;0&#8243;][\/et_pb_blurb][\/et_pb_column][et_pb_column type=&#8220;1_6&#8243; _builder_version=&#8220;4.16&#8243; custom_padding=&#8220;|||&#8220; global_colors_info=&#8220;{}&#8220; custom_padding__hover=&#8220;|||&#8220;][et_pb_blurb title=&#8220;Reservierte Parkpl\u00e4tze&#8220; use_icon=&#8220;on&#8220; font_icon=&#8220;&#xf540;||fa||900&#8243; admin_label=&#8220;Parking reservado&#8220; _builder_version=&#8220;4.24.2&#8243; hover_enabled=&#8220;0&#8243; global_colors_info=&#8220;{}&#8220; sticky_enabled=&#8220;0&#8243;][\/et_pb_blurb][\/et_pb_column][\/et_pb_row][\/et_pb_section][et_pb_section fb_built=&#8220;1&#8243; disabled_on=&#8220;on|on|on&#8220; _builder_version=&#8220;4.16&#8243; custom_padding=&#8220;25px|||&#8220; disabled=&#8220;on&#8220; global_colors_info=&#8220;{}&#8220;][et_pb_row module_class=&#8220; et_pb_row_fullwidth&#8220; _builder_version=&#8220;4.16&#8243; width=&#8220;100%&#8220; width_tablet=&#8220;100%&#8220; width_last_edited=&#8220;on|desktop&#8220; max_width=&#8220;100%&#8220; max_width_tablet=&#8220;100%&#8220; max_width_last_edited=&#8220;on|desktop&#8220; make_fullwidth=&#8220;on&#8220; global_colors_info=&#8220;{}&#8220; column_structure=&#8220;1_3,1_3,1_3&#8243; width_phone=&#8220;100%&#8220; max_width_phone=&#8220;100%&#8220;][et_pb_column type=&#8220;1_3&#8243; _builder_version=&#8220;4.16&#8243; custom_padding=&#8220;|||&#8220; global_colors_info=&#8220;{}&#8220; custom_padding__hover=&#8220;|||&#8220;][et_pb_image src=&#8220;https:\/\/albergueesplaibarcelona.com\/wp-content\/uploads\/2019\/01\/Accessibilitat-cotxet.jpg&#8220; align_tablet=&#8220;center&#8220; align_last_edited=&#8220;on|desktop&#8220; _builder_version=&#8220;4.16&#8243; global_colors_info=&#8220;{}&#8220; align_phone=&#8220;center&#8220;][\/et_pb_image][\/et_pb_column][et_pb_column type=&#8220;1_3&#8243; _builder_version=&#8220;4.16&#8243; custom_padding=&#8220;|||&#8220; global_colors_info=&#8220;{}&#8220; custom_padding__hover=&#8220;|||&#8220;][et_pb_image src=&#8220;https:\/\/albergueesplaibarcelona.com\/wp-content\/uploads\/2019\/01\/Accessibilitat-cadira.jpg&#8220; align_tablet=&#8220;center&#8220; align_last_edited=&#8220;on|desktop&#8220; _builder_version=&#8220;4.16&#8243; global_colors_info=&#8220;{}&#8220; align_phone=&#8220;center&#8220;][\/et_pb_image][\/et_pb_column][et_pb_column type=&#8220;1_3&#8243; _builder_version=&#8220;4.16&#8243; custom_padding=&#8220;|||&#8220; global_colors_info=&#8220;{}&#8220; custom_padding__hover=&#8220;|||&#8220;][et_pb_image src=&#8220;https:\/\/albergueesplaibarcelona.com\/wp-content\/uploads\/2019\/01\/Cadira-rodes-Centre-Esplai-3.jpg&#8220; align_tablet=&#8220;center&#8220; align_last_edited=&#8220;on|desktop&#8220; _builder_version=&#8220;4.16&#8243; global_colors_info=&#8220;{}&#8220; align_phone=&#8220;center&#8220;][\/et_pb_image][\/et_pb_column][\/et_pb_row][\/et_pb_section][et_pb_section fb_built=&#8220;1&#8243; module_class=&#8220;seccio-segueix-nos&#8220; _builder_version=&#8220;3.22.3&#8243; custom_margin=&#8220;50px||50px|&#8220; global_module=&#8220;182&#8243; global_colors_info=&#8220;{}&#8220;][et_pb_row _builder_version=&#8220;4.16&#8243; background_size=&#8220;initial&#8220; background_position=&#8220;top_left&#8220; background_repeat=&#8220;repeat&#8220; locked=&#8220;off&#8220; global_colors_info=&#8220;{}&#8220;][et_pb_column type=&#8220;4_4&#8243; _builder_version=&#8220;4.16&#8243; custom_padding=&#8220;|||&#8220; global_colors_info=&#8220;{}&#8220; custom_padding__hover=&#8220;|||&#8220;][et_pb_text admin_label=&#8220;\u00a1Reserva ahora! (DE)&#8220; _builder_version=&#8220;4.16&#8243; text_orientation=&#8220;center&#8220; z_index_tablet=&#8220;500&#8243; global_colors_info=&#8220;{}&#8220;]<\/p>\n<h2>Reservieren Sie jetzt<\/h2>\n<p>[\/et_pb_text][et_pb_code admin_label=&#8220;Formulario de reservas (DE)&#8220; _builder_version=&#8220;4.16&#8243; z_index_tablet=&#8220;500&#8243; global_colors_info=&#8220;{}&#8220;]<\/p>\n<div class=\"form-reserva-inline\"><!-- [et_pb_line_break_holder] -->\t<\/p>\n<form action=\"\/de\/reservieren-sie-jetzt\/\"><!-- [et_pb_line_break_holder] -->\t\t<label for=\"check_in_date\">Ankunft<\/label><!-- [et_pb_line_break_holder] -->\t\t<input name=\"check_in_date\" id=\"check_in_date\" type=\"date\" \/><!-- [et_pb_line_break_holder] -->\t\t<label for=\"check_out_date\">Abreise<\/label><!-- [et_pb_line_break_holder] -->\t\t<input name=\"check_out_date\" id=\"check_out_date\" type=\"date\" \/><!-- [et_pb_line_break_holder] -->\t\t<label for=\"number_adults\" style=\"display:none\">Erwachsener<\/label><!-- [et_pb_line_break_holder] -->\t\t<\/p>\n<div class=\"select-wrapper\"><!-- [et_pb_line_break_holder] -->\t\t\t<select name=\"number_adults\" id=\"number_adults\"><!-- [et_pb_line_break_holder] --><option value=\"1\">1 erwachsene<\/option><!-- [et_pb_line_break_holder] --><option value=\"2\" selected>2 erwachsener<\/option><!-- [et_pb_line_break_holder] --><option value=\"3\">3 erwachsener<\/option><!-- [et_pb_line_break_holder] --><option value=\"4\">4 erwachsener<\/option><!-- [et_pb_line_break_holder] --><option value=\"5\">5 erwachsener<\/option><!-- [et_pb_line_break_holder] --><option value=\"6\">6 erwachsener<\/option><!-- [et_pb_line_break_holder] --><option value=\"7\">7 erwachsener<\/option><!-- [et_pb_line_break_holder] --><option value=\"8\">8 erwachsener<\/option><!-- [et_pb_line_break_holder] --><option value=\"9\">9 erwachsener<\/option><!-- [et_pb_line_break_holder] --><option value=\"10\">10 erwachsener<\/option><!-- [et_pb_line_break_holder] --><option value=\"11\">11 erwachsener<\/option><!-- [et_pb_line_break_holder] --><option value=\"12\">12 erwachsener<\/option><!-- [et_pb_line_break_holder] --><option value=\"13\">13 erwachsener<\/option><!-- [et_pb_line_break_holder] --><option value=\"14\">14 erwachsener<\/option><!-- [et_pb_line_break_holder] --><option value=\"15\">15 erwachsener<\/option><!-- [et_pb_line_break_holder] -->\t\t\t<\/select><!-- [et_pb_line_break_holder] -->\t\t<\/div>\n<p><!-- [et_pb_line_break_holder] -->\t\t<label for=\"number_children\" style=\"display:none\">Kind<\/label><!-- [et_pb_line_break_holder] -->\t\t<\/p>\n<div class=\"select-wrapper\"><!-- [et_pb_line_break_holder] -->\t\t\t<select name=\"number_children\" id=\"number_children\"><!-- [et_pb_line_break_holder] --><option value=\"0\" selected>0 kind<\/option><!-- [et_pb_line_break_holder] --><option value=\"1\">1 kind<\/option><!-- [et_pb_line_break_holder] --><option value=\"2\">2 kind<\/option><!-- [et_pb_line_break_holder] --><option value=\"3\">3 kind<\/option><!-- [et_pb_line_break_holder] --><option value=\"4\">4 kind<\/option><!-- [et_pb_line_break_holder] --><option value=\"5\">5 kind<\/option><!-- [et_pb_line_break_holder] --><option value=\"6\">6 kind<\/option><!-- [et_pb_line_break_holder] --><option value=\"7\">7 kind<\/option><!-- [et_pb_line_break_holder] --><option value=\"8\">8 kind<\/option><!-- [et_pb_line_break_holder] --><option value=\"9\">9 kind<\/option><!-- [et_pb_line_break_holder] --><option value=\"10\">10 kind<\/option><!-- [et_pb_line_break_holder] --><option value=\"11\">11 kind<\/option><!-- [et_pb_line_break_holder] --><option value=\"12\">12 kind<\/option><!-- [et_pb_line_break_holder] --><option value=\"13\">13 kind<\/option><!-- [et_pb_line_break_holder] --><option value=\"14\">14 kind<\/option><!-- [et_pb_line_break_holder] --><option value=\"15\">15 kind<\/option><!-- [et_pb_line_break_holder] -->\t\t\t<\/select><!-- [et_pb_line_break_holder] -->\t\t<\/div>\n<p><!-- [et_pb_line_break_holder] -->\t\t<label for=\"number_infants\" style=\"display:none\">Baby<\/label><!-- [et_pb_line_break_holder] -->\t   <\/p>\n<div class=\"select-wrapper\"><!-- [et_pb_line_break_holder] -->\t\t   <select name=\"number_infants\" id=\"number_infants\"><!-- [et_pb_line_break_holder] --><option value=\"0\" selected>0 baby (<2)<\/option><!-- [et_pb_line_break_holder] --><option value=\"1\">1 baby (<2)<\/option><!-- [et_pb_line_break_holder] --><option value=\"2\">2 baby (<2)<\/option><!-- [et_pb_line_break_holder] --><option value=\"3\">3 baby (<2)<\/option><!-- [et_pb_line_break_holder] --><option value=\"4\">4 baby (<2)<\/option><!-- [et_pb_line_break_holder] --><option value=\"5\">5 baby (<2)<\/option><!-- [et_pb_line_break_holder] --><option value=\"6\">6 baby (<2)<\/option><!-- [et_pb_line_break_holder] --><option value=\"7\">7 baby (<2)<\/option><!-- [et_pb_line_break_holder] --><option value=\"8\">8 baby (<2)<\/option><!-- [et_pb_line_break_holder] -->\t\t   <\/select><!-- [et_pb_line_break_holder] -->\t   <\/div>\n<p><!-- [et_pb_line_break_holder] -->\t\t<button type=\"submit\">Reservieren<\/button><!-- [et_pb_line_break_holder] -->\t<\/form>\n<p><!-- [et_pb_line_break_holder] --><\/div>\n<p>[\/et_pb_code][\/et_pb_column][\/et_pb_row][\/et_pb_section][et_pb_section fb_built=&#8220;1&#8243; module_class=&#8220;seccio-som-fundesplai&#8220; _builder_version=&#8220;3.22&#8243; background_color=&#8220;#c3c3c2&#8243; global_module=&#8220;26&#8243; global_colors_info=&#8220;{}&#8220;][et_pb_row column_structure=&#8220;1_3,2_3&#8243; make_equal=&#8220;on&#8220; _builder_version=&#8220;4.16&#8243; max_width=&#8220;1080px&#8220; global_colors_info=&#8220;{}&#8220;][et_pb_column type=&#8220;1_3&#8243; _builder_version=&#8220;4.16&#8243; background_image=&#8220;https:\/\/albergueesplaibarcelona.com\/wp-content\/uploads\/2018\/06\/ninots-1.png&#8220; background_size=&#8220;contain&#8220; background_position=&#8220;bottom_left&#8220; custom_padding=&#8220;|||&#8220; global_colors_info=&#8220;{}&#8220; custom_padding__hover=&#8220;|||&#8220;][\/et_pb_column][et_pb_column type=&#8220;2_3&#8243; _builder_version=&#8220;4.16&#8243; custom_padding=&#8220;50px||50px|50px&#8220; global_colors_info=&#8220;{}&#8220; custom_padding__hover=&#8220;|||&#8220;][et_pb_text admin_label=&#8220;Somos Fundesplai (DE)&#8220; _builder_version=&#8220;4.16&#8243; custom_margin=&#8220;||20px|&#8220; z_index_tablet=&#8220;500&#8243; global_colors_info=&#8220;{}&#8220;]\n\t\t\t<div>\n\t\t\t\t<h2>\n\t\t\t\t\tWir sind Fundesplai\n\t\t\t\t<\/h2>\n\t\t\t\t<p>\n\t\t\t\t\tWir sind <strong>Fundesplai<\/strong>, eine gemeinn\u00fctzige Organisation mit der Mission, Kinder und Jugendliche zu erziehen, Freizeitorganisationen und den Dritten Sektor zu st\u00e4rken, die Umwelt zu verbessern und Staatsb\u00fcrgerschaft und soziale Eingliederung mit transformativem Willen zu f\u00f6rdern.\n\t\t\t\t<\/p>\n\t\t\t\t<p>\n\t\t\t\t\tDie Herberge Centre Esplai hilft uns dabei, unsere erzieherischen, sozialen und umweltsch\u00fctzerischen Ziele zu verwirklichen.\n\t\t\t\t<\/p>\n\t\t\t\t<p>\n\t\t\t\t\t<a class='et_pb_button et_pb_custom_button_icon et_hover_enabled et_pb_bg_layout_light' href='https:\/\/fundesplai.org\/coneix-fundesplai\/' data-icon='' style='display: inline-block;'>\n\t\t\t\t\t\tLernen Sie Fundesplai kennen\n\t\t\t\t\t<\/a>\n\t\t\t\t<\/p>\n\t\t\t<\/div>\n\t\t[\/et_pb_text][\/et_pb_column][\/et_pb_row][\/et_pb_section]<\/p>\n","protected":false},"excerpt":{"rendered":"<p>100% barrierefreiDas Centre Esplai ist eine barrierefreie Herberge, die vollst\u00e4ndig adaptiert und f\u00fcr Personen mit eingeschr\u00e4nkter Mobilit\u00e4t, Kinderw\u00e4gen oder Personen mit Sehbehinderung barrierefrei zug\u00e4nglich ist. Bewegen Sie sich frei und genie\u00dfen Sie die regionale K\u00fcche unseres Restaurants, die Zimmer mit barrierefreiem Badezimmer und den schattigen Garten. Die Barrierefreiheit liegt im Wesen unseres Hauses. Wir m\u00f6chten [&hellip;]<\/p>\n","protected":false},"author":1,"featured_media":0,"parent":3987,"menu_order":0,"comment_status":"closed","ping_status":"closed","template":"","meta":{"_et_pb_use_builder":"on","_et_pb_old_content":"","_et_gb_content_width":"","footnotes":""},"class_list":["post-3867","page","type-page","status-publish","hentry"],"yoast_head":"<!-- This site is optimized with the Yoast SEO plugin v27.3 - https:\/\/yoast.com\/product\/yoast-seo-wordpress\/ -->\n<title>100% Barrierefrei - Alberg Centre Esplai<\/title>\n<meta name=\"robots\" content=\"index, follow, max-snippet:-1, max-image-preview:large, max-video-preview:-1\" \/>\n<link rel=\"canonical\" href=\"https:\/\/albergueesplaibarcelona.com\/de\/die-herberge\/100-barrierefrei\/\" \/>\n<meta property=\"og:locale\" content=\"de_DE\" \/>\n<meta property=\"og:type\" content=\"article\" \/>\n<meta property=\"og:title\" content=\"100% Barrierefrei - Alberg Centre Esplai\" \/>\n<meta property=\"og:description\" content=\"100% barrierefreiDas Centre Esplai ist eine barrierefreie Herberge, die vollst\u00e4ndig adaptiert und f\u00fcr Personen mit eingeschr\u00e4nkter Mobilit\u00e4t, Kinderw\u00e4gen oder Personen mit Sehbehinderung barrierefrei zug\u00e4nglich ist. Bewegen Sie sich frei und genie\u00dfen Sie die regionale K\u00fcche unseres Restaurants, die Zimmer mit barrierefreiem Badezimmer und den schattigen Garten. Die Barrierefreiheit liegt im Wesen unseres Hauses. Wir m\u00f6chten [&hellip;]\" \/>\n<meta property=\"og:url\" content=\"https:\/\/albergueesplaibarcelona.com\/de\/die-herberge\/100-barrierefrei\/\" \/>\n<meta property=\"og:site_name\" content=\"Alberg Centre Esplai\" \/>\n<meta property=\"article:modified_time\" content=\"2024-03-22T10:50:26+00:00\" \/>\n<meta name=\"twitter:card\" content=\"summary_large_image\" \/>\n<meta name=\"twitter:label1\" content=\"Gesch\u00e4tzte Lesezeit\" \/>\n\t<meta name=\"twitter:data1\" content=\"2\u00a0Minuten\" \/>\n<script type=\"application\/ld+json\" class=\"yoast-schema-graph\">{\"@context\":\"https:\\\/\\\/schema.org\",\"@graph\":[{\"@type\":\"WebPage\",\"@id\":\"https:\\\/\\\/albergueesplaibarcelona.com\\\/de\\\/die-herberge\\\/100-barrierefrei\\\/\",\"url\":\"https:\\\/\\\/albergueesplaibarcelona.com\\\/de\\\/die-herberge\\\/100-barrierefrei\\\/\",\"name\":\"100% Barrierefrei - Alberg Centre Esplai\",\"isPartOf\":{\"@id\":\"https:\\\/\\\/albergueesplaibarcelona.com\\\/de\\\/#website\"},\"datePublished\":\"2019-05-03T16:31:38+00:00\",\"dateModified\":\"2024-03-22T10:50:26+00:00\",\"breadcrumb\":{\"@id\":\"https:\\\/\\\/albergueesplaibarcelona.com\\\/de\\\/die-herberge\\\/100-barrierefrei\\\/#breadcrumb\"},\"inLanguage\":\"de\",\"potentialAction\":[{\"@type\":\"ReadAction\",\"target\":[\"https:\\\/\\\/albergueesplaibarcelona.com\\\/de\\\/die-herberge\\\/100-barrierefrei\\\/\"]}]},{\"@type\":\"BreadcrumbList\",\"@id\":\"https:\\\/\\\/albergueesplaibarcelona.com\\\/de\\\/die-herberge\\\/100-barrierefrei\\\/#breadcrumb\",\"itemListElement\":[{\"@type\":\"ListItem\",\"position\":1,\"name\":\"Startseite\",\"item\":\"https:\\\/\\\/albergueesplaibarcelona.com\\\/de\\\/die-herberge\\\/\"},{\"@type\":\"ListItem\",\"position\":2,\"name\":\"Die Herberge\",\"item\":\"https:\\\/\\\/albergueesplaibarcelona.com\\\/de\\\/die-herberge\\\/\"},{\"@type\":\"ListItem\",\"position\":3,\"name\":\"100% Barrierefrei\"}]},{\"@type\":\"WebSite\",\"@id\":\"https:\\\/\\\/albergueesplaibarcelona.com\\\/de\\\/#website\",\"url\":\"https:\\\/\\\/albergueesplaibarcelona.com\\\/de\\\/\",\"name\":\"Alberg Centre Esplai\",\"description\":\"Alberg\",\"publisher\":{\"@id\":\"https:\\\/\\\/albergueesplaibarcelona.com\\\/de\\\/#organization\"},\"potentialAction\":[{\"@type\":\"SearchAction\",\"target\":{\"@type\":\"EntryPoint\",\"urlTemplate\":\"https:\\\/\\\/albergueesplaibarcelona.com\\\/de\\\/?s={search_term_string}\"},\"query-input\":{\"@type\":\"PropertyValueSpecification\",\"valueRequired\":true,\"valueName\":\"search_term_string\"}}],\"inLanguage\":\"de\"},{\"@type\":\"Organization\",\"@id\":\"https:\\\/\\\/albergueesplaibarcelona.com\\\/de\\\/#organization\",\"name\":\"Albergue Centre Esplai\",\"url\":\"https:\\\/\\\/albergueesplaibarcelona.com\\\/de\\\/\",\"logo\":{\"@type\":\"ImageObject\",\"inLanguage\":\"de\",\"@id\":\"https:\\\/\\\/albergueesplaibarcelona.com\\\/de\\\/#\\\/schema\\\/logo\\\/image\\\/\",\"url\":\"https:\\\/\\\/albergueesplaibarcelona.com\\\/wp-content\\\/uploads\\\/2020\\\/12\\\/logo_alberg_centre_esplai-e1608117409320.png\",\"contentUrl\":\"https:\\\/\\\/albergueesplaibarcelona.com\\\/wp-content\\\/uploads\\\/2020\\\/12\\\/logo_alberg_centre_esplai-e1608117409320.png\",\"width\":500,\"height\":241,\"caption\":\"Albergue Centre Esplai\"},\"image\":{\"@id\":\"https:\\\/\\\/albergueesplaibarcelona.com\\\/de\\\/#\\\/schema\\\/logo\\\/image\\\/\"}}]}<\/script>\n<!-- \/ Yoast SEO plugin. -->","yoast_head_json":{"title":"100% Barrierefrei - Alberg Centre Esplai","robots":{"index":"index","follow":"follow","max-snippet":"max-snippet:-1","max-image-preview":"max-image-preview:large","max-video-preview":"max-video-preview:-1"},"canonical":"https:\/\/albergueesplaibarcelona.com\/de\/die-herberge\/100-barrierefrei\/","og_locale":"de_DE","og_type":"article","og_title":"100% Barrierefrei - Alberg Centre Esplai","og_description":"100% barrierefreiDas Centre Esplai ist eine barrierefreie Herberge, die vollst\u00e4ndig adaptiert und f\u00fcr Personen mit eingeschr\u00e4nkter Mobilit\u00e4t, Kinderw\u00e4gen oder Personen mit Sehbehinderung barrierefrei zug\u00e4nglich ist. Bewegen Sie sich frei und genie\u00dfen Sie die regionale K\u00fcche unseres Restaurants, die Zimmer mit barrierefreiem Badezimmer und den schattigen Garten. Die Barrierefreiheit liegt im Wesen unseres Hauses. Wir m\u00f6chten [&hellip;]","og_url":"https:\/\/albergueesplaibarcelona.com\/de\/die-herberge\/100-barrierefrei\/","og_site_name":"Alberg Centre Esplai","article_modified_time":"2024-03-22T10:50:26+00:00","twitter_card":"summary_large_image","twitter_misc":{"Gesch\u00e4tzte Lesezeit":"2\u00a0Minuten"},"schema":{"@context":"https:\/\/schema.org","@graph":[{"@type":"WebPage","@id":"https:\/\/albergueesplaibarcelona.com\/de\/die-herberge\/100-barrierefrei\/","url":"https:\/\/albergueesplaibarcelona.com\/de\/die-herberge\/100-barrierefrei\/","name":"100% Barrierefrei - Alberg Centre Esplai","isPartOf":{"@id":"https:\/\/albergueesplaibarcelona.com\/de\/#website"},"datePublished":"2019-05-03T16:31:38+00:00","dateModified":"2024-03-22T10:50:26+00:00","breadcrumb":{"@id":"https:\/\/albergueesplaibarcelona.com\/de\/die-herberge\/100-barrierefrei\/#breadcrumb"},"inLanguage":"de","potentialAction":[{"@type":"ReadAction","target":["https:\/\/albergueesplaibarcelona.com\/de\/die-herberge\/100-barrierefrei\/"]}]},{"@type":"BreadcrumbList","@id":"https:\/\/albergueesplaibarcelona.com\/de\/die-herberge\/100-barrierefrei\/#breadcrumb","itemListElement":[{"@type":"ListItem","position":1,"name":"Startseite","item":"https:\/\/albergueesplaibarcelona.com\/de\/die-herberge\/"},{"@type":"ListItem","position":2,"name":"Die Herberge","item":"https:\/\/albergueesplaibarcelona.com\/de\/die-herberge\/"},{"@type":"ListItem","position":3,"name":"100% Barrierefrei"}]},{"@type":"WebSite","@id":"https:\/\/albergueesplaibarcelona.com\/de\/#website","url":"https:\/\/albergueesplaibarcelona.com\/de\/","name":"Alberg Centre Esplai","description":"Alberg","publisher":{"@id":"https:\/\/albergueesplaibarcelona.com\/de\/#organization"},"potentialAction":[{"@type":"SearchAction","target":{"@type":"EntryPoint","urlTemplate":"https:\/\/albergueesplaibarcelona.com\/de\/?s={search_term_string}"},"query-input":{"@type":"PropertyValueSpecification","valueRequired":true,"valueName":"search_term_string"}}],"inLanguage":"de"},{"@type":"Organization","@id":"https:\/\/albergueesplaibarcelona.com\/de\/#organization","name":"Albergue Centre Esplai","url":"https:\/\/albergueesplaibarcelona.com\/de\/","logo":{"@type":"ImageObject","inLanguage":"de","@id":"https:\/\/albergueesplaibarcelona.com\/de\/#\/schema\/logo\/image\/","url":"https:\/\/albergueesplaibarcelona.com\/wp-content\/uploads\/2020\/12\/logo_alberg_centre_esplai-e1608117409320.png","contentUrl":"https:\/\/albergueesplaibarcelona.com\/wp-content\/uploads\/2020\/12\/logo_alberg_centre_esplai-e1608117409320.png","width":500,"height":241,"caption":"Albergue Centre Esplai"},"image":{"@id":"https:\/\/albergueesplaibarcelona.com\/de\/#\/schema\/logo\/image\/"}}]}},"_links":{"self":[{"href":"https:\/\/albergueesplaibarcelona.com\/de\/wp-json\/wp\/v2\/pages\/3867","targetHints":{"allow":["GET"]}}],"collection":[{"href":"https:\/\/albergueesplaibarcelona.com\/de\/wp-json\/wp\/v2\/pages"}],"about":[{"href":"https:\/\/albergueesplaibarcelona.com\/de\/wp-json\/wp\/v2\/types\/page"}],"author":[{"embeddable":true,"href":"https:\/\/albergueesplaibarcelona.com\/de\/wp-json\/wp\/v2\/users\/1"}],"replies":[{"embeddable":true,"href":"https:\/\/albergueesplaibarcelona.com\/de\/wp-json\/wp\/v2\/comments?post=3867"}],"version-history":[{"count":3,"href":"https:\/\/albergueesplaibarcelona.com\/de\/wp-json\/wp\/v2\/pages\/3867\/revisions"}],"predecessor-version":[{"id":18364,"href":"https:\/\/albergueesplaibarcelona.com\/de\/wp-json\/wp\/v2\/pages\/3867\/revisions\/18364"}],"up":[{"embeddable":true,"href":"https:\/\/albergueesplaibarcelona.com\/de\/wp-json\/wp\/v2\/pages\/3987"}],"wp:attachment":[{"href":"https:\/\/albergueesplaibarcelona.com\/de\/wp-json\/wp\/v2\/media?parent=3867"}],"curies":[{"name":"wp","href":"https:\/\/api.w.org\/{rel}","templated":true}]}}