{"id":3921,"date":"2019-05-06T06:40:31","date_gmt":"2019-05-06T06:40:31","guid":{"rendered":"http:\/\/albergueesplaibarcelona.com\/richtlinie-fur-verantwortungsvollen-tourismus\/"},"modified":"2019-05-06T06:40:44","modified_gmt":"2019-05-06T06:40:44","slug":"richtlinie-fur-verantwortungsvollen-tourismus","status":"publish","type":"page","link":"https:\/\/albergueesplaibarcelona.com\/de\/richtlinie-fur-verantwortungsvollen-tourismus\/","title":{"rendered":"Richtlinie f\u00fcr verantwortungsvollen Tourismus"},"content":{"rendered":"<p>[et_pb_section bb_built=&#8220;1&#8243; fullwidth=&#8220;on&#8220; specialty=&#8220;off&#8220; next_background_color=&#8220;#000000&#8243;][et_pb_fullwidth_image _builder_version=&#8220;3.19.10&#8243; src=&#8220;https:\/\/albergueesplaibarcelona.com\/wp-content\/uploads\/2019\/02\/Turismo-responsable-Fundesplai.jpg&#8220; \/][\/et_pb_section][et_pb_section bb_built=&#8220;1&#8243; prev_background_color=&#8220;#000000&#8243; next_background_color=&#8220;#000000&#8243;][et_pb_row][et_pb_column type=&#8220;4_4&#8243;][et_pb_text admin_label=&#8220;t\u00edtulo&#8220; _builder_version=&#8220;3.19.3&#8243;]<\/p>\n<h2>Richtlinie f\u00fcr verantwortungsvollen und nachhaltigen Tourismus<\/h2>\n<p>[\/et_pb_text][\/et_pb_column][\/et_pb_row][et_pb_row][et_pb_column type=&#8220;4_4&#8243;][et_pb_text _builder_version=&#8220;3.19.3&#8243;]<\/p>\n<p>Im Bewusstsein der Bedeutung, eine nachhaltige Tourismusentwicklung aufrechtzuerhalten, und in Achtung der Prinzipien und Ziele, die insbesondere im Rahmen des UN-Gipfels f\u00fcr nachhaltige Entwicklung 2015, der COP 21 sowie der Charta f\u00fcr umweltvertr\u00e4glichen Tourismus + 20 verabschiedet wurden, verpflichtet sich die Fundaci\u00f3 Catalana de l\u2019Esplai zur Durchf\u00fchrung eines nachhaltigen Managements ihrer Aktivit\u00e4ten mittels des Eingehens von Verpflichtungen, die auf die Vermeidung, Eliminierung oder Reduktion der Auswirkungen unserer Einrichtungen und Aktivit\u00e4ten &#8211; sowohl intern wie auch extern &#8211; abzielen, wie auch auf die Optimierung der Nachhaltigkeit der Einrichtung durch Verbesserung ihres Umweltverhaltens.<\/p>\n<p>In diesem Sinne beschloss unsere Einrichtung die folgende Richtlinie f\u00fcr verantwortungsvollen Tourismus, mittels derer sie sich dazu verpflichtet, die mit ihrem BIOSPHERE-Beitritt festgelegten Voraussetzungen zu erf\u00fcllen, welche unter anderem die rechtlichen Grundlagen umfassen, welche die von Tourismusaktivit\u00e4ten verursachten Auswirkungen regeln.<\/p>\n<p>Dar\u00fcber hinaus verpflichten wir uns dazu, unsere Mitarbeiter*innen mittels Weiterbildungs- und Bewusstseinsbildungsma\u00dfnahmen betreffend die Prinzipien des verantwortungsvollen Tourismus zu motivieren und weiterzubilden, gute Umweltpraktiken in der Umgebung zu f\u00f6rdern sowie uns an Au\u00dfenaktivit\u00e4ten zu beteiligen und intern wie extern \u00fcber die Umweltfortschritte und -ma\u00dfnahmen des Unternehmens zu informieren.<\/p>\n<p>Ebenso bekennt sich unsere Einrichtung ausdr\u00fccklich zur Verpflichtung zum Kampf gegen sexuelle Ausbeutung oder jegliche andere Form von kommerzieller Ausbeutung und Bel\u00e4stigung, insbesondere von Kindern, Jugendlichen, Frauen und Minderheiten; und wir verpflichten uns zur Umsetzung von Ma\u00dfnahmen zur umfassenden Barrierefreiheit.<\/p>\n<p>Eines unserer Hauptziele liegt in der Perfektionierung des nachhaltigen Managements, wobei wir uns zu den Verpflichtungen der fortw\u00e4hrenden Verbesserung in allen Nachhaltigkeitsbereichen bekennen &#8211; sozial, wirtschaftlich und umweltbezogen &#8211; wie auch in Bezug auf die Zufriedenheit unserer G\u00e4ste. Zu diesem Zweck werden die Pl\u00e4ne f\u00fcr zuk\u00fcnftige Erweiterungen der Einrichtungen oder Aktivit\u00e4ten den Kriterien der Nachhaltigkeit und Ressourceneffizienz unterworfen.<\/p>\n<p>Diese Richtlinie f\u00fcr verantwortungsvollen Tourismus wird aktualisiert, soferne die Umst\u00e4nde dies erfordern, wobei in beiden F\u00e4llen neue Nachhaltigkeitsziele beschlossen und ver\u00f6ffentlicht werden.<\/p>\n<p>Cristina Rodriguez Portillo<br \/>Gesch\u00e4ftsf\u00fchrerin f\u00fcr Management und Services<\/p>\n<p style=\"text-align: right;\">El Prat de Llobregat, November 2018<\/p>\n<p>[\/et_pb_text][\/et_pb_column][\/et_pb_row][\/et_pb_section][et_pb_section bb_built=&#8220;1&#8243; module_class=&#8220;seccio-segueix-nos&#8220; _builder_version=&#8220;3.9&#8243; custom_margin=&#8220;50px||50px|&#8220; prev_background_color=&#8220;#000000&#8243; next_background_color=&#8220;#c3c3c2&#8243; disabled_on=&#8220;off|off|off&#8220; disabled=&#8220;off&#8220; global_module=&#8220;182&#8243;][et_pb_row global_parent=&#8220;182&#8243; _builder_version=&#8220;3.0.47&#8243; background_size=&#8220;initial&#8220; background_position=&#8220;top_left&#8220; background_repeat=&#8220;repeat&#8220;][et_pb_column type=&#8220;4_4&#8243;][et_pb_text admin_label=&#8220;\u00a1Reserva ahora!&#8220; global_parent=&#8220;182&#8243; _builder_version=&#8220;3.17.6&#8243; text_orientation=&#8220;center&#8220;]<\/p>\n<p><!-- wpml:html_fragment <\/p>\n\n --><\/p>\n<h2>Reservieren Sie jetzt!<\/h2>\n<p>[\/et_pb_text][et_pb_code admin_label=&#8220;Formulario de reservas&#8220; global_parent=&#8220;182&#8243; _builder_version=&#8220;3.19.3&#8243;]<\/p>\n<div class=\"form-reserva-home-slider peu\"><!-- [et_pb_line_break_holder] --> <\/p>\n<form action=\"\/reserva-ya\/\"><!-- [et_pb_line_break_holder] --><input type=\"hidden\" name=\"campaign\" value=\"ALBERG10\" \/><!-- [et_pb_line_break_holder] --> <\/p>\n<div class=\"camps-form-reserva-fixe-al-peu\"><!-- [et_pb_line_break_holder] -->\t <\/p>\n<div class=\"inputs-reserva\"><!-- [et_pb_line_break_holder] -->\t\t <span><label>Entrada<\/label><!\u2013- [et_pb_br_holder] -\u2013><!-- [et_pb_line_break_holder] -->\t\t <input name=\"check_in_date\" type=\"date\" class=\"check_in_date\" \/><!-- [et_pb_line_break_holder] -->\t\t <\/span><!-- [et_pb_line_break_holder] -->\t\t <span><label>Noches<\/label><!\u2013- [et_pb_br_holder] -\u2013><!-- [et_pb_line_break_holder] -->\t\t <input name=\"number_nights\" type=\"number\" class=\"number\" min=\"1\" value=\"1\" \/><!-- [et_pb_line_break_holder] -->\t\t <\/span><!-- [et_pb_line_break_holder] -->\t\t <span><label>Adultos<\/label><!\u2013- [et_pb_br_holder] -\u2013><!-- [et_pb_line_break_holder] -->\t\t <input max=\"7\" min=\"1\" name=\"number_adults\" class=\"number\" type=\"number\" value=\"2\" \/><!-- [et_pb_line_break_holder] -->\t\t <\/span><!-- [et_pb_line_break_holder] -->\t\t <span><label>Ni\u00f1os\/as<\/label><!\u2013- [et_pb_br_holder] -\u2013><!-- [et_pb_line_break_holder] -->\t\t <input max=\"3\" min=\"0\" name=\"number_children\" class=\"number\" type=\"number\" value=\"0\" \/><!-- [et_pb_line_break_holder] -->\t\t <\/span><!-- [et_pb_line_break_holder] -->\t\t <span> <!\u2013- [et_pb_br_holder] -\u2013><button class=\"et_pb_button et_pb_promo_button\" type=\"submit\">Reservar<\/button><\/span><!-- [et_pb_line_break_holder] --><!-- [et_pb_line_break_holder] -->\t <\/div>\n<p><!-- [et_pb_line_break_holder] --> <\/div>\n<p><!-- [et_pb_line_break_holder] --> <\/form>\n<p><!-- [et_pb_line_break_holder] --> <\/div>\n<p>[\/et_pb_code][\/et_pb_column][\/et_pb_row][\/et_pb_section][et_pb_section bb_built=&#8220;1&#8243; background_color=&#8220;#c3c3c2&#8243; module_class=&#8220;seccio-som-fundesplai&#8220; _builder_version=&#8220;3.4.1&#8243; prev_background_color=&#8220;#ffffff&#8220; global_module=&#8220;26&#8243;][et_pb_row global_parent=&#8220;26&#8243; make_equal=&#8220;on&#8220; bg_img_1=&#8220;https:\/\/albergueesplaibarcelona.com\/wp-content\/uploads\/2018\/06\/ninots-1.png&#8220; padding_top_2=&#8220;50px&#8220; padding_bottom_2=&#8220;50px&#8220; padding_left_2=&#8220;50px&#8220; background_size_1=&#8220;contain&#8220; background_position_1=&#8220;bottom_left&#8220; background_repeat_1=&#8220;no-repeat&#8220; _builder_version=&#8220;3.0.95&#8243;][et_pb_column type=&#8220;1_3&#8243;][\/et_pb_column][et_pb_column type=&#8220;2_3&#8243;][et_pb_text admin_label=&#8220;Somos Fundesplai &#8220; global_parent=&#8220;26&#8243; _builder_version=&#8220;3.17.6&#8243; custom_margin=&#8220;||20px|&#8220;]<\/p>\n<p><!-- wpml:html_fragment <\/p>\n\n --><\/p>\n<h2>Wir sind Fundesplai!<\/h2>\n<p>Wir sind eine NGO, die sich seit 45 Jahren f\u00fcr die Erziehung und das Gl\u00fcck der Kinder, die Gleichheit, die soziale Inklusion und den Umweltschutz einsetzt.<\/p>\n<p>[\/et_pb_text][et_pb_button admin_label=&#8220;Bot\u00f3 Conoce Fundesplai- CTA&#8220; global_parent=&#8220;26&#8243; button_url=&#8220;https:\/\/fundesplai.org\/coneix-fundesplai\/&#8220; button_text=&#8220;Erfahren Sie mehr \u00fcber Fundesplai&#8220; _builder_version=&#8220;3.19.10&#8243; custom_button=&#8220;on&#8220; button_text_color=&#8220;#ffffff&#8220; button_bg_color=&#8220;#666666&#8243; button_icon=&#8220;%%25%%&#8220; url_new_window=&#8220;on&#8220; button_text_size__hover_enabled=&#8220;off&#8220; button_text_size__hover=&#8220;null&#8220; button_one_text_size__hover_enabled=&#8220;off&#8220; button_one_text_size__hover=&#8220;null&#8220; button_two_text_size__hover_enabled=&#8220;off&#8220; button_two_text_size__hover=&#8220;null&#8220; button_text_color__hover_enabled=&#8220;off&#8220; button_text_color__hover=&#8220;null&#8220; button_one_text_color__hover_enabled=&#8220;off&#8220; button_one_text_color__hover=&#8220;null&#8220; button_two_text_color__hover_enabled=&#8220;off&#8220; button_two_text_color__hover=&#8220;null&#8220; button_border_width__hover_enabled=&#8220;off&#8220; button_border_width__hover=&#8220;null&#8220; button_one_border_width__hover_enabled=&#8220;off&#8220; button_one_border_width__hover=&#8220;null&#8220; button_two_border_width__hover_enabled=&#8220;off&#8220; button_two_border_width__hover=&#8220;null&#8220; button_border_color__hover_enabled=&#8220;off&#8220; button_border_color__hover=&#8220;null&#8220; button_one_border_color__hover_enabled=&#8220;off&#8220; button_one_border_color__hover=&#8220;null&#8220; button_two_border_color__hover_enabled=&#8220;off&#8220; button_two_border_color__hover=&#8220;null&#8220; button_border_radius__hover_enabled=&#8220;off&#8220; button_border_radius__hover=&#8220;null&#8220; button_one_border_radius__hover_enabled=&#8220;off&#8220; button_one_border_radius__hover=&#8220;null&#8220; button_two_border_radius__hover_enabled=&#8220;off&#8220; button_two_border_radius__hover=&#8220;null&#8220; button_letter_spacing__hover_enabled=&#8220;off&#8220; button_letter_spacing__hover=&#8220;null&#8220; button_one_letter_spacing__hover_enabled=&#8220;off&#8220; button_one_letter_spacing__hover=&#8220;null&#8220; button_two_letter_spacing__hover_enabled=&#8220;off&#8220; button_two_letter_spacing__hover=&#8220;null&#8220; button_bg_color__hover_enabled=&#8220;on&#8220; button_bg_color__hover=&#8220;#666666&#8243; button_one_bg_color__hover_enabled=&#8220;off&#8220; button_one_bg_color__hover=&#8220;null&#8220; button_two_bg_color__hover_enabled=&#8220;off&#8220; button_two_bg_color__hover=&#8220;null&#8220; \/][\/et_pb_column][\/et_pb_row][\/et_pb_section]<\/p>\n","protected":false},"excerpt":{"rendered":"<p><div class=\"et_pb_row et_pb_row_0 et_pb_row_empty\">\n\t\t\t\t\n\t\t\t\t\n\t\t\t\t\n\t\t\t\t\n\t\t\t\t\n\t\t\t<\/div> Richtlinie f\u00fcr verantwortungsvollen und nachhaltigen Tourismus <div class=\"et_pb_row et_pb_row_1 et_pb_row_empty\">\n\t\t\t\t\n\t\t\t\t\n\t\t\t\t\n\t\t\t\t\n\t\t\t\t\n\t\t\t<\/div> Im Bewusstsein der Bedeutung, eine nachhaltige Tourismusentwicklung aufrechtzuerhalten, und in Achtung der Prinzipien und Ziele, die insbesondere im Rahmen des UN-Gipfels f\u00fcr nachhaltige Entwicklung 2015, der COP 21 sowie der Charta f\u00fcr umweltvertr\u00e4glichen Tourismus + 20 verabschiedet wurden, verpflichtet sich die Fundaci\u00f3 Catalana de l\u2019Esplai zur Durchf\u00fchrung [&hellip;]<\/p>\n","protected":false},"author":3,"featured_media":0,"parent":0,"menu_order":0,"comment_status":"closed","ping_status":"closed","template":"","meta":{"_et_pb_use_builder":"on","_et_pb_old_content":"<p>Conscientes de la importancia de mantener un desarrollo tur\u00edstico sostenible, y asumidos los principios y objetivos adoptados espec\u00edficamente en la Cumbre Mundial sobre el Desarrollo Sostenible 2015, la COP 21 y la Carta Mundial del Turismo Sostenible + 20, la Fundaci\u00f3 Catalana de l\u2019Esplai, se compromete a llevar a cabo una gesti\u00f3n sostenible de sus actividades, mediante la adopci\u00f3n de compromisos orientados a prevenir, eliminar o reducir el impacto de nuestras instalaciones y actividades, tanto internas como externas, as\u00ed como optimizar la sostenibilidad del establecimiento mejorando su comportamiento con el entorno.<\/p><p>En ese mismo sentido, nuestra entidad ha adoptado la siguiente Pol\u00edtica de Turismo Responsable, mediante la cual se compromete a cumplir los requisitos establecidos en la adhesi\u00f3n BIOSPHERE, que incluye, entre otras cosas, los requerimientos legales que regulan los efectos generados por la actividad tur\u00edstica.<\/p><p>As\u00ed mismo, nos comprometemos a motivar y formar a nuestro personal con acciones formativas y de concienciaci\u00f3n sobre los principios del Turismo Responsable, a promover las buenas pr\u00e1cticas medioambientales en el entorno y participar en actividades externas, y a informar tanto interna como externamente sobre los avances y actuaciones medioambientales de la empresa.<\/p><p>De igual manera, nuestra entidad manifiesta el compromiso expreso de lucha contra la explotaci\u00f3n sexual o cualquier otra forma de explotaci\u00f3n y acoso comercial, en particular de los ni\u00f1os, adolescentes, mujeres y minor\u00edas; y nos comprometemos a adoptar medidas de accesibilidad universal.<\/p><p>Uno de nuestros principales objetivos es perfeccionar la gesti\u00f3n sostenible, asumiendo los compromisos de mejora continua en todos los \u00e1mbitos de la sostenibilidad: social, econ\u00f3mico y ambiental, as\u00ed como en la satisfacci\u00f3n del cliente. Para ello, se someter\u00e1n los proyectos de futuras ampliaciones de las instalaciones o actividades a criterios de sostenibilidad y eficiencia en el uso de recursos.<\/p><p>Esta Pol\u00edtica de Turismo Responsable se actualizar\u00e1 siempre que las circunstancias lo requieran, adoptando y publicando en ambos casos nuevos objetivos de sostenibilidad.<\/p><p>\u00a0<\/p><p>Cristina Rodriguez Portillo<\/p><p>Directora General de Gesti\u00f3n y Servicios<\/p><p style=\"text-align: right;\">El Prat de Llobregat, novembre de 2018<\/p>","_et_gb_content_width":"","footnotes":""},"class_list":["post-3921","page","type-page","status-publish","hentry"],"yoast_head":"<!-- This site is optimized with the Yoast SEO plugin v27.3 - https:\/\/yoast.com\/product\/yoast-seo-wordpress\/ -->\n<title>Richtlinie f\u00fcr verantwortungsvollen Tourismus - Alberg Centre Esplai<\/title>\n<meta name=\"robots\" content=\"index, follow, max-snippet:-1, max-image-preview:large, max-video-preview:-1\" \/>\n<link rel=\"canonical\" href=\"https:\/\/albergueesplaibarcelona.com\/de\/richtlinie-fur-verantwortungsvollen-tourismus\/\" \/>\n<meta property=\"og:locale\" content=\"de_DE\" \/>\n<meta property=\"og:type\" content=\"article\" \/>\n<meta property=\"og:title\" content=\"Richtlinie f\u00fcr verantwortungsvollen Tourismus - Alberg Centre Esplai\" \/>\n<meta property=\"og:description\" content=\"Richtlinie f\u00fcr verantwortungsvollen und nachhaltigen Tourismus Im Bewusstsein der Bedeutung, eine nachhaltige Tourismusentwicklung aufrechtzuerhalten, und in Achtung der Prinzipien und Ziele, die insbesondere im Rahmen des UN-Gipfels f\u00fcr nachhaltige Entwicklung 2015, der COP 21 sowie der Charta f\u00fcr umweltvertr\u00e4glichen Tourismus + 20 verabschiedet wurden, verpflichtet sich die Fundaci\u00f3 Catalana de l\u2019Esplai zur Durchf\u00fchrung [&hellip;]\" \/>\n<meta property=\"og:url\" content=\"https:\/\/albergueesplaibarcelona.com\/de\/richtlinie-fur-verantwortungsvollen-tourismus\/\" \/>\n<meta property=\"og:site_name\" content=\"Alberg Centre Esplai\" \/>\n<meta property=\"article:modified_time\" content=\"2019-05-06T06:40:44+00:00\" \/>\n<meta name=\"twitter:card\" content=\"summary_large_image\" \/>\n<meta name=\"twitter:label1\" content=\"Gesch\u00e4tzte Lesezeit\" \/>\n\t<meta name=\"twitter:data1\" content=\"5\u00a0Minuten\" \/>\n<script type=\"application\/ld+json\" class=\"yoast-schema-graph\">{\"@context\":\"https:\\\/\\\/schema.org\",\"@graph\":[{\"@type\":\"WebPage\",\"@id\":\"https:\\\/\\\/albergueesplaibarcelona.com\\\/de\\\/richtlinie-fur-verantwortungsvollen-tourismus\\\/\",\"url\":\"https:\\\/\\\/albergueesplaibarcelona.com\\\/de\\\/richtlinie-fur-verantwortungsvollen-tourismus\\\/\",\"name\":\"Richtlinie f\u00fcr verantwortungsvollen Tourismus - Alberg Centre Esplai\",\"isPartOf\":{\"@id\":\"https:\\\/\\\/albergueesplaibarcelona.com\\\/de\\\/#website\"},\"datePublished\":\"2019-05-06T06:40:31+00:00\",\"dateModified\":\"2019-05-06T06:40:44+00:00\",\"breadcrumb\":{\"@id\":\"https:\\\/\\\/albergueesplaibarcelona.com\\\/de\\\/richtlinie-fur-verantwortungsvollen-tourismus\\\/#breadcrumb\"},\"inLanguage\":\"de\",\"potentialAction\":[{\"@type\":\"ReadAction\",\"target\":[\"https:\\\/\\\/albergueesplaibarcelona.com\\\/de\\\/richtlinie-fur-verantwortungsvollen-tourismus\\\/\"]}]},{\"@type\":\"BreadcrumbList\",\"@id\":\"https:\\\/\\\/albergueesplaibarcelona.com\\\/de\\\/richtlinie-fur-verantwortungsvollen-tourismus\\\/#breadcrumb\",\"itemListElement\":[{\"@type\":\"ListItem\",\"position\":1,\"name\":\"Startseite\",\"item\":\"https:\\\/\\\/albergueesplaibarcelona.com\\\/de\\\/die-herberge\\\/\"},{\"@type\":\"ListItem\",\"position\":2,\"name\":\"Richtlinie f\u00fcr verantwortungsvollen Tourismus\"}]},{\"@type\":\"WebSite\",\"@id\":\"https:\\\/\\\/albergueesplaibarcelona.com\\\/de\\\/#website\",\"url\":\"https:\\\/\\\/albergueesplaibarcelona.com\\\/de\\\/\",\"name\":\"Alberg Centre Esplai\",\"description\":\"Alberg\",\"publisher\":{\"@id\":\"https:\\\/\\\/albergueesplaibarcelona.com\\\/de\\\/#organization\"},\"potentialAction\":[{\"@type\":\"SearchAction\",\"target\":{\"@type\":\"EntryPoint\",\"urlTemplate\":\"https:\\\/\\\/albergueesplaibarcelona.com\\\/de\\\/?s={search_term_string}\"},\"query-input\":{\"@type\":\"PropertyValueSpecification\",\"valueRequired\":true,\"valueName\":\"search_term_string\"}}],\"inLanguage\":\"de\"},{\"@type\":\"Organization\",\"@id\":\"https:\\\/\\\/albergueesplaibarcelona.com\\\/de\\\/#organization\",\"name\":\"Albergue Centre Esplai\",\"url\":\"https:\\\/\\\/albergueesplaibarcelona.com\\\/de\\\/\",\"logo\":{\"@type\":\"ImageObject\",\"inLanguage\":\"de\",\"@id\":\"https:\\\/\\\/albergueesplaibarcelona.com\\\/de\\\/#\\\/schema\\\/logo\\\/image\\\/\",\"url\":\"https:\\\/\\\/albergueesplaibarcelona.com\\\/wp-content\\\/uploads\\\/2020\\\/12\\\/logo_alberg_centre_esplai-e1608117409320.png\",\"contentUrl\":\"https:\\\/\\\/albergueesplaibarcelona.com\\\/wp-content\\\/uploads\\\/2020\\\/12\\\/logo_alberg_centre_esplai-e1608117409320.png\",\"width\":500,\"height\":241,\"caption\":\"Albergue Centre Esplai\"},\"image\":{\"@id\":\"https:\\\/\\\/albergueesplaibarcelona.com\\\/de\\\/#\\\/schema\\\/logo\\\/image\\\/\"}}]}<\/script>\n<!-- \/ Yoast SEO plugin. -->","yoast_head_json":{"title":"Richtlinie f\u00fcr verantwortungsvollen Tourismus - Alberg Centre Esplai","robots":{"index":"index","follow":"follow","max-snippet":"max-snippet:-1","max-image-preview":"max-image-preview:large","max-video-preview":"max-video-preview:-1"},"canonical":"https:\/\/albergueesplaibarcelona.com\/de\/richtlinie-fur-verantwortungsvollen-tourismus\/","og_locale":"de_DE","og_type":"article","og_title":"Richtlinie f\u00fcr verantwortungsvollen Tourismus - Alberg Centre Esplai","og_description":"Richtlinie f\u00fcr verantwortungsvollen und nachhaltigen Tourismus Im Bewusstsein der Bedeutung, eine nachhaltige Tourismusentwicklung aufrechtzuerhalten, und in Achtung der Prinzipien und Ziele, die insbesondere im Rahmen des UN-Gipfels f\u00fcr nachhaltige Entwicklung 2015, der COP 21 sowie der Charta f\u00fcr umweltvertr\u00e4glichen Tourismus + 20 verabschiedet wurden, verpflichtet sich die Fundaci\u00f3 Catalana de l\u2019Esplai zur Durchf\u00fchrung [&hellip;]","og_url":"https:\/\/albergueesplaibarcelona.com\/de\/richtlinie-fur-verantwortungsvollen-tourismus\/","og_site_name":"Alberg Centre Esplai","article_modified_time":"2019-05-06T06:40:44+00:00","twitter_card":"summary_large_image","twitter_misc":{"Gesch\u00e4tzte Lesezeit":"5\u00a0Minuten"},"schema":{"@context":"https:\/\/schema.org","@graph":[{"@type":"WebPage","@id":"https:\/\/albergueesplaibarcelona.com\/de\/richtlinie-fur-verantwortungsvollen-tourismus\/","url":"https:\/\/albergueesplaibarcelona.com\/de\/richtlinie-fur-verantwortungsvollen-tourismus\/","name":"Richtlinie f\u00fcr verantwortungsvollen Tourismus - Alberg Centre Esplai","isPartOf":{"@id":"https:\/\/albergueesplaibarcelona.com\/de\/#website"},"datePublished":"2019-05-06T06:40:31+00:00","dateModified":"2019-05-06T06:40:44+00:00","breadcrumb":{"@id":"https:\/\/albergueesplaibarcelona.com\/de\/richtlinie-fur-verantwortungsvollen-tourismus\/#breadcrumb"},"inLanguage":"de","potentialAction":[{"@type":"ReadAction","target":["https:\/\/albergueesplaibarcelona.com\/de\/richtlinie-fur-verantwortungsvollen-tourismus\/"]}]},{"@type":"BreadcrumbList","@id":"https:\/\/albergueesplaibarcelona.com\/de\/richtlinie-fur-verantwortungsvollen-tourismus\/#breadcrumb","itemListElement":[{"@type":"ListItem","position":1,"name":"Startseite","item":"https:\/\/albergueesplaibarcelona.com\/de\/die-herberge\/"},{"@type":"ListItem","position":2,"name":"Richtlinie f\u00fcr verantwortungsvollen Tourismus"}]},{"@type":"WebSite","@id":"https:\/\/albergueesplaibarcelona.com\/de\/#website","url":"https:\/\/albergueesplaibarcelona.com\/de\/","name":"Alberg Centre Esplai","description":"Alberg","publisher":{"@id":"https:\/\/albergueesplaibarcelona.com\/de\/#organization"},"potentialAction":[{"@type":"SearchAction","target":{"@type":"EntryPoint","urlTemplate":"https:\/\/albergueesplaibarcelona.com\/de\/?s={search_term_string}"},"query-input":{"@type":"PropertyValueSpecification","valueRequired":true,"valueName":"search_term_string"}}],"inLanguage":"de"},{"@type":"Organization","@id":"https:\/\/albergueesplaibarcelona.com\/de\/#organization","name":"Albergue Centre Esplai","url":"https:\/\/albergueesplaibarcelona.com\/de\/","logo":{"@type":"ImageObject","inLanguage":"de","@id":"https:\/\/albergueesplaibarcelona.com\/de\/#\/schema\/logo\/image\/","url":"https:\/\/albergueesplaibarcelona.com\/wp-content\/uploads\/2020\/12\/logo_alberg_centre_esplai-e1608117409320.png","contentUrl":"https:\/\/albergueesplaibarcelona.com\/wp-content\/uploads\/2020\/12\/logo_alberg_centre_esplai-e1608117409320.png","width":500,"height":241,"caption":"Albergue Centre Esplai"},"image":{"@id":"https:\/\/albergueesplaibarcelona.com\/de\/#\/schema\/logo\/image\/"}}]}},"_links":{"self":[{"href":"https:\/\/albergueesplaibarcelona.com\/de\/wp-json\/wp\/v2\/pages\/3921","targetHints":{"allow":["GET"]}}],"collection":[{"href":"https:\/\/albergueesplaibarcelona.com\/de\/wp-json\/wp\/v2\/pages"}],"about":[{"href":"https:\/\/albergueesplaibarcelona.com\/de\/wp-json\/wp\/v2\/types\/page"}],"author":[{"embeddable":true,"href":"https:\/\/albergueesplaibarcelona.com\/de\/wp-json\/wp\/v2\/users\/3"}],"replies":[{"embeddable":true,"href":"https:\/\/albergueesplaibarcelona.com\/de\/wp-json\/wp\/v2\/comments?post=3921"}],"version-history":[{"count":1,"href":"https:\/\/albergueesplaibarcelona.com\/de\/wp-json\/wp\/v2\/pages\/3921\/revisions"}],"predecessor-version":[{"id":3922,"href":"https:\/\/albergueesplaibarcelona.com\/de\/wp-json\/wp\/v2\/pages\/3921\/revisions\/3922"}],"wp:attachment":[{"href":"https:\/\/albergueesplaibarcelona.com\/de\/wp-json\/wp\/v2\/media?parent=3921"}],"curies":[{"name":"wp","href":"https:\/\/api.w.org\/{rel}","templated":true}]}}