{"id":3927,"date":"2019-05-06T06:40:39","date_gmt":"2019-05-06T06:40:39","guid":{"rendered":"http:\/\/albergueesplaibarcelona.com\/unser-sitz\/"},"modified":"2019-05-20T09:54:40","modified_gmt":"2019-05-20T09:54:40","slug":"unser-sitz","status":"publish","type":"page","link":"https:\/\/albergueesplaibarcelona.com\/de\/unser-sitz\/","title":{"rendered":"Unser Sitz"},"content":{"rendered":"<p>[et_pb_section bb_built=&#8220;1&#8243; fullwidth=&#8220;on&#8220; specialty=&#8220;off&#8220; next_background_color=&#8220;#000000&#8243; inner_width=&#8220;auto&#8220; inner_max_width=&#8220;none&#8220;][et_pb_fullwidth_image _builder_version=&#8220;3.19.10&#8243; src=&#8220;https:\/\/albergueesplaibarcelona.com\/wp-content\/uploads\/2019\/02\/Centre-Esplai-El-Prat-Llobregat.jpg&#8220; \/][\/et_pb_section][et_pb_section bb_built=&#8220;1&#8243; fullwidth=&#8220;off&#8220; specialty=&#8220;off&#8220; prev_background_color=&#8220;#000000&#8243; next_background_color=&#8220;#000000&#8243; _builder_version=&#8220;3.19.10&#8243; inner_width=&#8220;auto&#8220; inner_max_width=&#8220;none&#8220;][et_pb_row _builder_version=&#8220;3.19.10&#8243; width=&#8220;80%&#8220; max_width=&#8220;1080px&#8220;][et_pb_column type=&#8220;4_4&#8243;][et_pb_text admin_label=&#8220;ECOTURISMO BARCELONA&#8220; _builder_version=&#8220;3.19.10&#8243;]<\/p>\n<h2>UNSER SITZ<\/h2>\n<p>Abgesehen von einer Herberge <strong>ist das Centre Esplai unser Sitz<\/strong>, unser Haus, unser Arbeitsplatz, die Flure, die wir jeden Tag entlang gehen, wo wir unsere B\u00fcros und Versammlungsr\u00e4ume haben. F\u00fcr eine Einrichtung wie Fundesplai ist es unabdingbar, dass ihr Sitz sich am selben Ort wie die Herberge befindet, um immer pr\u00e4sent und in die allt\u00e4glichen Aktivit\u00e4ten eingebunden zu sein. <strong>Wir sind eine gemeinn\u00fctzige Vereinigung<\/strong>, die sich seit 45 Jahren f\u00fcr die Erziehung und das Gl\u00fcck der Kinder, die Gleichheit, die soziale Inklusion, den Umweltschutz und die Entwicklung des Terti\u00e4rsektors einsetzt. <a href=\"https:\/\/fundesplai.org\/ca\/nosaltres\/qui-som\">M\u00f6chten Sie mehr \u00fcber Fundesplai erfahren?<\/a><strong><br \/><\/strong><\/p>\n<p>[\/et_pb_text][\/et_pb_column][\/et_pb_row][\/et_pb_section][et_pb_section bb_built=&#8220;1&#8243; specialty=&#8220;off&#8220; prev_background_color=&#8220;#000000&#8243; next_background_color=&#8220;#000000&#8243; _builder_version=&#8220;3.19.10&#8243; custom_padding=&#8220;25px|||&#8220; inner_width=&#8220;auto&#8220; inner_max_width=&#8220;none&#8220;][et_pb_row _builder_version=&#8220;3.12.1&#8243; make_fullwidth=&#8220;on&#8220; module_class=&#8220; et_pb_row_fullwidth&#8220; width=&#8220;100%&#8220; width_tablet=&#8220;100%&#8220; width_last_edited=&#8220;on|desktop&#8220; max_width=&#8220;100%&#8220; max_width_tablet=&#8220;100%&#8220; max_width_last_edited=&#8220;on|desktop&#8220;][et_pb_column type=&#8220;1_3&#8243;][et_pb_image _builder_version=&#8220;3.19.10&#8243; src=&#8220;https:\/\/albergueesplaibarcelona.com\/wp-content\/uploads\/2019\/02\/Centre-Esplai-El-Prat-Llobregat-seu-Fundesplai.jpg&#8220; \/][\/et_pb_column][et_pb_column type=&#8220;1_3&#8243;][et_pb_image _builder_version=&#8220;3.19.10&#8243; src=&#8220;https:\/\/albergueesplaibarcelona.com\/wp-content\/uploads\/2019\/02\/Centre-Esplai-El-Prat-Llobregat-seu-Fundesplai3.jpg&#8220; \/][\/et_pb_column][et_pb_column type=&#8220;1_3&#8243;][et_pb_image _builder_version=&#8220;3.19.10&#8243; src=&#8220;https:\/\/albergueesplaibarcelona.com\/wp-content\/uploads\/2019\/02\/Centre-Esplai-El-Prat-Llobregat-seu-Fundesplai2.jpg&#8220; \/][\/et_pb_column][\/et_pb_row][\/et_pb_section][et_pb_section bb_built=&#8220;1&#8243; _builder_version=&#8220;3.19.10&#8243; prev_background_color=&#8220;#000000&#8243; next_background_color=&#8220;#000000&#8243; custom_css_main_element=&#8220;margin-bottom: 0;&#8220; custom_margin=&#8220;||0px|&#8220; custom_padding=&#8220;||0px|&#8220; inner_width=&#8220;auto&#8220; inner_max_width=&#8220;none&#8220;][et_pb_row make_fullwidth=&#8220;on&#8220; _builder_version=&#8220;3.19.3&#8243; module_class=&#8220; et_pb_row_fullwidth&#8220; width=&#8220;100%&#8220; width_tablet=&#8220;100%&#8220; width_last_edited=&#8220;on|desktop&#8220; max_width=&#8220;100%&#8220; max_width_tablet=&#8220;100%&#8220; max_width_last_edited=&#8220;on|desktop&#8220;][et_pb_column type=&#8220;4_4&#8243;][et_pb_cta admin_label=&#8220;CTA Una sede ecol\u00f3gica&#8220; title=&#8220;Ein umweltschonender Sitz&#8220; button_url=&#8220;\/de\/die-herberge\/oeko-herberge\/&#8220; button_text=&#8220;Entdecken Sie, wie wir das erreichen&#8220; module_class=&#8220;cta-intersticial&#8220; _builder_version=&#8220;3.22.7&#8243; button_text_size__hover_enabled=&#8220;off&#8220; button_text_size__hover=&#8220;null&#8220; button_one_text_size__hover_enabled=&#8220;off&#8220; button_one_text_size__hover=&#8220;null&#8220; button_two_text_size__hover_enabled=&#8220;off&#8220; button_two_text_size__hover=&#8220;null&#8220; button_text_color__hover_enabled=&#8220;off&#8220; button_text_color__hover=&#8220;null&#8220; button_one_text_color__hover_enabled=&#8220;off&#8220; button_one_text_color__hover=&#8220;null&#8220; button_two_text_color__hover_enabled=&#8220;off&#8220; button_two_text_color__hover=&#8220;null&#8220; button_border_width__hover_enabled=&#8220;off&#8220; button_border_width__hover=&#8220;null&#8220; button_one_border_width__hover_enabled=&#8220;off&#8220; button_one_border_width__hover=&#8220;null&#8220; button_two_border_width__hover_enabled=&#8220;off&#8220; button_two_border_width__hover=&#8220;null&#8220; button_border_color__hover_enabled=&#8220;off&#8220; button_border_color__hover=&#8220;null&#8220; button_one_border_color__hover_enabled=&#8220;off&#8220; button_one_border_color__hover=&#8220;null&#8220; button_two_border_color__hover_enabled=&#8220;off&#8220; button_two_border_color__hover=&#8220;null&#8220; button_border_radius__hover_enabled=&#8220;off&#8220; button_border_radius__hover=&#8220;null&#8220; button_one_border_radius__hover_enabled=&#8220;off&#8220; button_one_border_radius__hover=&#8220;null&#8220; button_two_border_radius__hover_enabled=&#8220;off&#8220; button_two_border_radius__hover=&#8220;null&#8220; button_letter_spacing__hover_enabled=&#8220;off&#8220; button_letter_spacing__hover=&#8220;null&#8220; button_one_letter_spacing__hover_enabled=&#8220;off&#8220; button_one_letter_spacing__hover=&#8220;null&#8220; button_two_letter_spacing__hover_enabled=&#8220;off&#8220; button_two_letter_spacing__hover=&#8220;null&#8220; button_bg_color__hover_enabled=&#8220;off&#8220; button_bg_color__hover=&#8220;null&#8220; button_one_bg_color__hover_enabled=&#8220;off&#8220; button_one_bg_color__hover=&#8220;null&#8220; button_two_bg_color__hover_enabled=&#8220;off&#8220; button_two_bg_color__hover=&#8220;null&#8220; text_shadow_horizontal_length=&#8220;text_shadow_style,%91object Object%93&#8243; text_shadow_vertical_length=&#8220;text_shadow_style,%91object Object%93&#8243; text_shadow_blur_strength=&#8220;text_shadow_style,%91object Object%93&#8243; header_text_shadow_horizontal_length=&#8220;header_text_shadow_style,%91object Object%93&#8243; header_text_shadow_vertical_length=&#8220;header_text_shadow_style,%91object Object%93&#8243; header_text_shadow_blur_strength=&#8220;header_text_shadow_style,%91object Object%93&#8243; body_text_shadow_horizontal_length=&#8220;body_text_shadow_style,%91object Object%93&#8243; body_text_shadow_vertical_length=&#8220;body_text_shadow_style,%91object Object%93&#8243; body_text_shadow_blur_strength=&#8220;body_text_shadow_style,%91object Object%93&#8243; button_text_shadow_horizontal_length=&#8220;button_text_shadow_style,%91object Object%93&#8243; button_text_shadow_vertical_length=&#8220;button_text_shadow_style,%91object Object%93&#8243; button_text_shadow_blur_strength=&#8220;button_text_shadow_style,%91object Object%93&#8243; z_index_tablet=&#8220;500&#8243;]<\/p>\n<p>Wir freuen uns dar\u00fcber, dass unsere B\u00fcros sich im Centre Esplai befinden, einem nachhaltigen Geb\u00e4ude, das uns dabei hilft, unsere t\u00e4glichen Aufgaben zu erledigen und dabei einen m\u00f6glichst geringen \u00f6kologischen Fu\u00dfabdruck zu hinterlassen. Wussten Sie, dass das Centre Esplai weniger als 50% verbraucht, als dies bei einem vergleichbaren Geb\u00e4ude durchschnittlich der Fall ist?<\/p>\n<p>[\/et_pb_cta][\/et_pb_column][\/et_pb_row][\/et_pb_section][et_pb_section bb_built=&#8220;1&#8243; fullwidth=&#8220;on&#8220; specialty=&#8220;off&#8220; prev_background_color=&#8220;#000000&#8243; next_background_color=&#8220;#c3c3c2&#8243; _builder_version=&#8220;3.19.10&#8243; custom_margin=&#8220;||0px|&#8220; custom_padding=&#8220;||0px|&#8220; inner_width=&#8220;auto&#8220; inner_max_width=&#8220;none&#8220;][et_pb_fullwidth_image _builder_version=&#8220;3.19.10&#8243; src=&#8220;https:\/\/albergueesplaibarcelona.com\/wp-content\/uploads\/2019\/02\/foto-qui-som-Fundesplai.jpg&#8220; \/][\/et_pb_section][et_pb_section bb_built=&#8220;1&#8243; background_color=&#8220;#c3c3c2&#8243; module_class=&#8220;seccio-som-fundesplai&#8220; _builder_version=&#8220;3.4.1&#8243; inner_width=&#8220;auto&#8220; inner_max_width=&#8220;none&#8220; global_module=&#8220;26&#8243; prev_background_color=&#8220;#ffffff&#8220;][et_pb_row global_parent=&#8220;26&#8243; make_equal=&#8220;on&#8220; bg_img_1=&#8220;https:\/\/albergueesplaibarcelona.com\/wp-content\/uploads\/2018\/06\/ninots-1.png&#8220; padding_top_2=&#8220;50px&#8220; padding_bottom_2=&#8220;50px&#8220; padding_left_2=&#8220;50px&#8220; background_size_1=&#8220;contain&#8220; background_position_1=&#8220;bottom_left&#8220; background_repeat_1=&#8220;no-repeat&#8220; _builder_version=&#8220;3.0.95&#8243; width=&#8220;80%&#8220; max_width=&#8220;1080px&#8220;][et_pb_column type=&#8220;1_3&#8243;][\/et_pb_column][et_pb_column type=&#8220;2_3&#8243;][et_pb_text admin_label=&#8220;Somos Fundesplai (DE)&#8220; global_parent=&#8220;26&#8243; _builder_version=&#8220;3.22.7&#8243; custom_margin=&#8220;||20px|&#8220; text_text_shadow_horizontal_length=&#8220;text_text_shadow_style,%91object Object%93&#8243; text_text_shadow_vertical_length=&#8220;text_text_shadow_style,%91object Object%93&#8243; text_text_shadow_blur_strength=&#8220;text_text_shadow_style,%91object Object%93&#8243; link_text_shadow_horizontal_length=&#8220;link_text_shadow_style,%91object Object%93&#8243; link_text_shadow_vertical_length=&#8220;link_text_shadow_style,%91object Object%93&#8243; link_text_shadow_blur_strength=&#8220;link_text_shadow_style,%91object Object%93&#8243; ul_text_shadow_horizontal_length=&#8220;ul_text_shadow_style,%91object Object%93&#8243; ul_text_shadow_vertical_length=&#8220;ul_text_shadow_style,%91object Object%93&#8243; ul_text_shadow_blur_strength=&#8220;ul_text_shadow_style,%91object Object%93&#8243; ol_text_shadow_horizontal_length=&#8220;ol_text_shadow_style,%91object Object%93&#8243; ol_text_shadow_vertical_length=&#8220;ol_text_shadow_style,%91object Object%93&#8243; ol_text_shadow_blur_strength=&#8220;ol_text_shadow_style,%91object Object%93&#8243; quote_text_shadow_horizontal_length=&#8220;quote_text_shadow_style,%91object Object%93&#8243; quote_text_shadow_vertical_length=&#8220;quote_text_shadow_style,%91object Object%93&#8243; quote_text_shadow_blur_strength=&#8220;quote_text_shadow_style,%91object Object%93&#8243; header_text_shadow_horizontal_length=&#8220;header_text_shadow_style,%91object Object%93&#8243; header_text_shadow_vertical_length=&#8220;header_text_shadow_style,%91object Object%93&#8243; header_text_shadow_blur_strength=&#8220;header_text_shadow_style,%91object Object%93&#8243; header_2_text_shadow_horizontal_length=&#8220;header_2_text_shadow_style,%91object Object%93&#8243; header_2_text_shadow_vertical_length=&#8220;header_2_text_shadow_style,%91object Object%93&#8243; header_2_text_shadow_blur_strength=&#8220;header_2_text_shadow_style,%91object Object%93&#8243; header_3_text_shadow_horizontal_length=&#8220;header_3_text_shadow_style,%91object Object%93&#8243; header_3_text_shadow_vertical_length=&#8220;header_3_text_shadow_style,%91object Object%93&#8243; header_3_text_shadow_blur_strength=&#8220;header_3_text_shadow_style,%91object Object%93&#8243; header_4_text_shadow_horizontal_length=&#8220;header_4_text_shadow_style,%91object Object%93&#8243; header_4_text_shadow_vertical_length=&#8220;header_4_text_shadow_style,%91object Object%93&#8243; header_4_text_shadow_blur_strength=&#8220;header_4_text_shadow_style,%91object Object%93&#8243; header_5_text_shadow_horizontal_length=&#8220;header_5_text_shadow_style,%91object Object%93&#8243; header_5_text_shadow_vertical_length=&#8220;header_5_text_shadow_style,%91object Object%93&#8243; header_5_text_shadow_blur_strength=&#8220;header_5_text_shadow_style,%91object Object%93&#8243; header_6_text_shadow_horizontal_length=&#8220;header_6_text_shadow_style,%91object Object%93&#8243; header_6_text_shadow_vertical_length=&#8220;header_6_text_shadow_style,%91object Object%93&#8243; header_6_text_shadow_blur_strength=&#8220;header_6_text_shadow_style,%91object Object%93&#8243; z_index_tablet=&#8220;500&#8243;]<\/p>\n<h2>Wir sind Fundesplai! <\/h2>\n<p>Wir sind eine NGO, die sich seit 45 Jahren f\u00fcr die Bildung und das Gl\u00fcck von Kindern, Gerechtigkeit, soziale Integration und den Schutz der Natur einsetzt. <\/p>\n<p>&nbsp;<\/p>\n<p>[\/et_pb_text][et_pb_button admin_label=&#8220;Bot\u00f3 Conoce Fundesplai&#8220; global_parent=&#8220;26&#8243; button_url=&#8220;https:\/\/fundesplai.org\/coneix-fundesplai\/&#8220; button_text=&#8220;Lernen Sie Fundesplai kennen&#8220; _builder_version=&#8220;3.22.7&#8243; custom_button=&#8220;on&#8220; button_text_color=&#8220;#ffffff&#8220; button_bg_color=&#8220;#666666&#8243; button_icon=&#8220;%%20%%&#8220; url_new_window=&#8220;on&#8220; button_text_size__hover_enabled=&#8220;off&#8220; button_text_size__hover=&#8220;null&#8220; button_one_text_size__hover_enabled=&#8220;off&#8220; button_one_text_size__hover=&#8220;null&#8220; button_two_text_size__hover_enabled=&#8220;off&#8220; button_two_text_size__hover=&#8220;null&#8220; button_text_color__hover_enabled=&#8220;off&#8220; button_text_color__hover=&#8220;null&#8220; button_one_text_color__hover_enabled=&#8220;off&#8220; button_one_text_color__hover=&#8220;null&#8220; button_two_text_color__hover_enabled=&#8220;off&#8220; button_two_text_color__hover=&#8220;null&#8220; button_border_width__hover_enabled=&#8220;off&#8220; button_border_width__hover=&#8220;null&#8220; button_one_border_width__hover_enabled=&#8220;off&#8220; button_one_border_width__hover=&#8220;null&#8220; button_two_border_width__hover_enabled=&#8220;off&#8220; button_two_border_width__hover=&#8220;null&#8220; button_border_color__hover_enabled=&#8220;off&#8220; button_border_color__hover=&#8220;null&#8220; button_one_border_color__hover_enabled=&#8220;off&#8220; button_one_border_color__hover=&#8220;null&#8220; button_two_border_color__hover_enabled=&#8220;off&#8220; button_two_border_color__hover=&#8220;null&#8220; button_border_radius__hover_enabled=&#8220;off&#8220; button_border_radius__hover=&#8220;null&#8220; button_one_border_radius__hover_enabled=&#8220;off&#8220; button_one_border_radius__hover=&#8220;null&#8220; button_two_border_radius__hover_enabled=&#8220;off&#8220; button_two_border_radius__hover=&#8220;null&#8220; button_letter_spacing__hover_enabled=&#8220;off&#8220; button_letter_spacing__hover=&#8220;null&#8220; button_one_letter_spacing__hover_enabled=&#8220;off&#8220; button_one_letter_spacing__hover=&#8220;null&#8220; button_two_letter_spacing__hover_enabled=&#8220;off&#8220; button_two_letter_spacing__hover=&#8220;null&#8220; button_bg_color__hover_enabled=&#8220;on&#8220; button_bg_color__hover=&#8220;#666666&#8243; button_one_bg_color__hover_enabled=&#8220;off&#8220; button_one_bg_color__hover=&#8220;null&#8220; button_two_bg_color__hover_enabled=&#8220;off&#8220; button_two_bg_color__hover=&#8220;null&#8220; button_text_shadow_horizontal_length=&#8220;button_text_shadow_style,%91object Object%93&#8243; button_text_shadow_vertical_length=&#8220;button_text_shadow_style,%91object Object%93&#8243; button_text_shadow_blur_strength=&#8220;button_text_shadow_style,%91object Object%93&#8243; z_index_tablet=&#8220;500&#8243; \/][\/et_pb_column][\/et_pb_row][\/et_pb_section]<\/p>\n","protected":false},"excerpt":{"rendered":"<p>UNSER SITZ Abgesehen von einer Herberge ist das Centre Esplai unser Sitz, unser Haus, unser Arbeitsplatz, die Flure, die wir jeden Tag entlang gehen, wo wir unsere B\u00fcros und Versammlungsr\u00e4ume haben. F\u00fcr eine Einrichtung wie Fundesplai ist es unabdingbar, dass ihr Sitz sich am selben Ort wie die Herberge befindet, um immer pr\u00e4sent und in [&hellip;]<\/p>\n","protected":false},"author":3,"featured_media":0,"parent":0,"menu_order":0,"comment_status":"closed","ping_status":"closed","template":"","meta":{"_et_pb_use_builder":"on","_et_pb_old_content":"","_et_gb_content_width":"","footnotes":""},"class_list":["post-3927","page","type-page","status-publish","hentry"],"yoast_head":"<!-- This site is optimized with the Yoast SEO plugin v27.4 - https:\/\/yoast.com\/product\/yoast-seo-wordpress\/ -->\n<title>Unser Sitz - Alberg Centre Esplai<\/title>\n<meta name=\"robots\" content=\"index, follow, max-snippet:-1, max-image-preview:large, max-video-preview:-1\" \/>\n<link rel=\"canonical\" href=\"https:\/\/albergueesplaibarcelona.com\/de\/unser-sitz\/\" \/>\n<meta property=\"og:locale\" content=\"de_DE\" \/>\n<meta property=\"og:type\" content=\"article\" \/>\n<meta property=\"og:title\" content=\"Unser Sitz - Alberg Centre Esplai\" \/>\n<meta property=\"og:description\" content=\"UNSER SITZ Abgesehen von einer Herberge ist das Centre Esplai unser Sitz, unser Haus, unser Arbeitsplatz, die Flure, die wir jeden Tag entlang gehen, wo wir unsere B\u00fcros und Versammlungsr\u00e4ume haben. F\u00fcr eine Einrichtung wie Fundesplai ist es unabdingbar, dass ihr Sitz sich am selben Ort wie die Herberge befindet, um immer pr\u00e4sent und in [&hellip;]\" \/>\n<meta property=\"og:url\" content=\"https:\/\/albergueesplaibarcelona.com\/de\/unser-sitz\/\" \/>\n<meta property=\"og:site_name\" content=\"Alberg Centre Esplai\" \/>\n<meta property=\"article:modified_time\" content=\"2019-05-20T09:54:40+00:00\" \/>\n<meta name=\"twitter:card\" content=\"summary_large_image\" \/>\n<meta name=\"twitter:label1\" content=\"Gesch\u00e4tzte Lesezeit\" \/>\n\t<meta name=\"twitter:data1\" content=\"9\u00a0Minuten\" \/>\n<script type=\"application\/ld+json\" class=\"yoast-schema-graph\">{\"@context\":\"https:\\\/\\\/schema.org\",\"@graph\":[{\"@type\":\"WebPage\",\"@id\":\"https:\\\/\\\/albergueesplaibarcelona.com\\\/de\\\/unser-sitz\\\/\",\"url\":\"https:\\\/\\\/albergueesplaibarcelona.com\\\/de\\\/unser-sitz\\\/\",\"name\":\"Unser Sitz - Alberg Centre Esplai\",\"isPartOf\":{\"@id\":\"https:\\\/\\\/albergueesplaibarcelona.com\\\/de\\\/#website\"},\"datePublished\":\"2019-05-06T06:40:39+00:00\",\"dateModified\":\"2019-05-20T09:54:40+00:00\",\"breadcrumb\":{\"@id\":\"https:\\\/\\\/albergueesplaibarcelona.com\\\/de\\\/unser-sitz\\\/#breadcrumb\"},\"inLanguage\":\"de\",\"potentialAction\":[{\"@type\":\"ReadAction\",\"target\":[\"https:\\\/\\\/albergueesplaibarcelona.com\\\/de\\\/unser-sitz\\\/\"]}]},{\"@type\":\"BreadcrumbList\",\"@id\":\"https:\\\/\\\/albergueesplaibarcelona.com\\\/de\\\/unser-sitz\\\/#breadcrumb\",\"itemListElement\":[{\"@type\":\"ListItem\",\"position\":1,\"name\":\"Startseite\",\"item\":\"https:\\\/\\\/albergueesplaibarcelona.com\\\/de\\\/die-herberge\\\/\"},{\"@type\":\"ListItem\",\"position\":2,\"name\":\"Unser Sitz\"}]},{\"@type\":\"WebSite\",\"@id\":\"https:\\\/\\\/albergueesplaibarcelona.com\\\/de\\\/#website\",\"url\":\"https:\\\/\\\/albergueesplaibarcelona.com\\\/de\\\/\",\"name\":\"Alberg Centre Esplai\",\"description\":\"Alberg\",\"publisher\":{\"@id\":\"https:\\\/\\\/albergueesplaibarcelona.com\\\/de\\\/#organization\"},\"potentialAction\":[{\"@type\":\"SearchAction\",\"target\":{\"@type\":\"EntryPoint\",\"urlTemplate\":\"https:\\\/\\\/albergueesplaibarcelona.com\\\/de\\\/?s={search_term_string}\"},\"query-input\":{\"@type\":\"PropertyValueSpecification\",\"valueRequired\":true,\"valueName\":\"search_term_string\"}}],\"inLanguage\":\"de\"},{\"@type\":\"Organization\",\"@id\":\"https:\\\/\\\/albergueesplaibarcelona.com\\\/de\\\/#organization\",\"name\":\"Albergue Centre Esplai\",\"url\":\"https:\\\/\\\/albergueesplaibarcelona.com\\\/de\\\/\",\"logo\":{\"@type\":\"ImageObject\",\"inLanguage\":\"de\",\"@id\":\"https:\\\/\\\/albergueesplaibarcelona.com\\\/de\\\/#\\\/schema\\\/logo\\\/image\\\/\",\"url\":\"https:\\\/\\\/albergueesplaibarcelona.com\\\/wp-content\\\/uploads\\\/2020\\\/12\\\/logo_alberg_centre_esplai-e1608117409320.png\",\"contentUrl\":\"https:\\\/\\\/albergueesplaibarcelona.com\\\/wp-content\\\/uploads\\\/2020\\\/12\\\/logo_alberg_centre_esplai-e1608117409320.png\",\"width\":500,\"height\":241,\"caption\":\"Albergue Centre Esplai\"},\"image\":{\"@id\":\"https:\\\/\\\/albergueesplaibarcelona.com\\\/de\\\/#\\\/schema\\\/logo\\\/image\\\/\"}}]}<\/script>\n<!-- \/ Yoast SEO plugin. -->","yoast_head_json":{"title":"Unser Sitz - Alberg Centre Esplai","robots":{"index":"index","follow":"follow","max-snippet":"max-snippet:-1","max-image-preview":"max-image-preview:large","max-video-preview":"max-video-preview:-1"},"canonical":"https:\/\/albergueesplaibarcelona.com\/de\/unser-sitz\/","og_locale":"de_DE","og_type":"article","og_title":"Unser Sitz - Alberg Centre Esplai","og_description":"UNSER SITZ Abgesehen von einer Herberge ist das Centre Esplai unser Sitz, unser Haus, unser Arbeitsplatz, die Flure, die wir jeden Tag entlang gehen, wo wir unsere B\u00fcros und Versammlungsr\u00e4ume haben. F\u00fcr eine Einrichtung wie Fundesplai ist es unabdingbar, dass ihr Sitz sich am selben Ort wie die Herberge befindet, um immer pr\u00e4sent und in [&hellip;]","og_url":"https:\/\/albergueesplaibarcelona.com\/de\/unser-sitz\/","og_site_name":"Alberg Centre Esplai","article_modified_time":"2019-05-20T09:54:40+00:00","twitter_card":"summary_large_image","twitter_misc":{"Gesch\u00e4tzte Lesezeit":"9\u00a0Minuten"},"schema":{"@context":"https:\/\/schema.org","@graph":[{"@type":"WebPage","@id":"https:\/\/albergueesplaibarcelona.com\/de\/unser-sitz\/","url":"https:\/\/albergueesplaibarcelona.com\/de\/unser-sitz\/","name":"Unser Sitz - Alberg Centre Esplai","isPartOf":{"@id":"https:\/\/albergueesplaibarcelona.com\/de\/#website"},"datePublished":"2019-05-06T06:40:39+00:00","dateModified":"2019-05-20T09:54:40+00:00","breadcrumb":{"@id":"https:\/\/albergueesplaibarcelona.com\/de\/unser-sitz\/#breadcrumb"},"inLanguage":"de","potentialAction":[{"@type":"ReadAction","target":["https:\/\/albergueesplaibarcelona.com\/de\/unser-sitz\/"]}]},{"@type":"BreadcrumbList","@id":"https:\/\/albergueesplaibarcelona.com\/de\/unser-sitz\/#breadcrumb","itemListElement":[{"@type":"ListItem","position":1,"name":"Startseite","item":"https:\/\/albergueesplaibarcelona.com\/de\/die-herberge\/"},{"@type":"ListItem","position":2,"name":"Unser Sitz"}]},{"@type":"WebSite","@id":"https:\/\/albergueesplaibarcelona.com\/de\/#website","url":"https:\/\/albergueesplaibarcelona.com\/de\/","name":"Alberg Centre Esplai","description":"Alberg","publisher":{"@id":"https:\/\/albergueesplaibarcelona.com\/de\/#organization"},"potentialAction":[{"@type":"SearchAction","target":{"@type":"EntryPoint","urlTemplate":"https:\/\/albergueesplaibarcelona.com\/de\/?s={search_term_string}"},"query-input":{"@type":"PropertyValueSpecification","valueRequired":true,"valueName":"search_term_string"}}],"inLanguage":"de"},{"@type":"Organization","@id":"https:\/\/albergueesplaibarcelona.com\/de\/#organization","name":"Albergue Centre Esplai","url":"https:\/\/albergueesplaibarcelona.com\/de\/","logo":{"@type":"ImageObject","inLanguage":"de","@id":"https:\/\/albergueesplaibarcelona.com\/de\/#\/schema\/logo\/image\/","url":"https:\/\/albergueesplaibarcelona.com\/wp-content\/uploads\/2020\/12\/logo_alberg_centre_esplai-e1608117409320.png","contentUrl":"https:\/\/albergueesplaibarcelona.com\/wp-content\/uploads\/2020\/12\/logo_alberg_centre_esplai-e1608117409320.png","width":500,"height":241,"caption":"Albergue Centre Esplai"},"image":{"@id":"https:\/\/albergueesplaibarcelona.com\/de\/#\/schema\/logo\/image\/"}}]}},"_links":{"self":[{"href":"https:\/\/albergueesplaibarcelona.com\/de\/wp-json\/wp\/v2\/pages\/3927","targetHints":{"allow":["GET"]}}],"collection":[{"href":"https:\/\/albergueesplaibarcelona.com\/de\/wp-json\/wp\/v2\/pages"}],"about":[{"href":"https:\/\/albergueesplaibarcelona.com\/de\/wp-json\/wp\/v2\/types\/page"}],"author":[{"embeddable":true,"href":"https:\/\/albergueesplaibarcelona.com\/de\/wp-json\/wp\/v2\/users\/3"}],"replies":[{"embeddable":true,"href":"https:\/\/albergueesplaibarcelona.com\/de\/wp-json\/wp\/v2\/comments?post=3927"}],"version-history":[{"count":3,"href":"https:\/\/albergueesplaibarcelona.com\/de\/wp-json\/wp\/v2\/pages\/3927\/revisions"}],"predecessor-version":[{"id":4305,"href":"https:\/\/albergueesplaibarcelona.com\/de\/wp-json\/wp\/v2\/pages\/3927\/revisions\/4305"}],"wp:attachment":[{"href":"https:\/\/albergueesplaibarcelona.com\/de\/wp-json\/wp\/v2\/media?parent=3927"}],"curies":[{"name":"wp","href":"https:\/\/api.w.org\/{rel}","templated":true}]}}