{"id":3820,"date":"2019-05-03T16:31:14","date_gmt":"2019-05-03T16:31:14","guid":{"rendered":"http:\/\/albergueesplaibarcelona.com\/privacy-policy\/"},"modified":"2019-05-03T16:31:22","modified_gmt":"2019-05-03T16:31:22","slug":"privacy-policy","status":"publish","type":"page","link":"https:\/\/albergueesplaibarcelona.com\/en\/privacy-policy\/","title":{"rendered":"Privacy policy"},"content":{"rendered":"<p>[et_pb_section bb_built=&#8221;1&#8243;][et_pb_row][et_pb_column type=&#8221;4_4&#8243;][et_pb_post_title _builder_version=&#8221;3.19.3&#8243; meta=&#8221;off&#8221; featured_image=&#8221;off&#8221; \/][et_pb_text _builder_version=&#8221;3.19.3&#8243;]<\/p>\n<h2>Who we are<\/h2>\n<p>Our website address is: https:\/\/albergueesplaibarcelona.com<\/p>\n<h2>What personal data do we collect, and why do we collect it?<\/h2>\n<h3>Comments<\/h3>\n<p>When visitors leave comments on our website, we collect the data displayed in the comment form as well as the visitor&#8217;s IP address and the browser&#8217;s user-agent string to help detect spam. An anonymous string created from your email address (also called hash) may be provided to the Gravatar service to see if you are using it. The Gravatar service privacy policy is available here: https:\/\/automattic.com\/privacy\/. After your comment has been approved, your profile picture is visible to the public within the context of your comment.<\/p>\n<h3>Media<\/h3>\n<p>If you upload any pictures to the website, you should avoid uploading images that include location data (GPS EXIF). Webpage visitors can download and extract any location data from these types of images on the web.<\/p>\n<h3>Contact forms<\/h3>\n<h3>Cookies<\/h3>\n<p>If you leave a comment on our site, you can choose to save your name, email address and web information using cookies. This is for your convenience so you do not have to fill in your data again when you leave another comment. These cookies will remain in effect for one year. If you have an account and you connect to this website, we will install a temporary cookie to determine whether or not your browser accepts cookies. This cookie does not contain any personal data and is deleted when you close the browser. When you log in, we will also install several cookies to save your login information and your screen display options. Login cookies are valid for two days, and screen-option cookies remain in effect for one year. If you select &#8220;Remember Me&#8221;, your login information will be saved for two weeks. If you log out of your account, the login cookies will be deleted. If you edit or publish an article, an additional cookie will be saved to your browser. This cookie does not include personal data and simply indicates the ID of the item you just edited. This expires after 1 day.<\/p>\n<h3>Content embedded from other web sites<\/h3>\n<p>Items on this site may include embedded content (e.g., videos, images, articles, etc.). Embedded content from other web sites behaves in exactly the same way as if the visitor had visited the other website. These web sites can collect data about you, use cookies, embed additional third-party tracking, and monitor your interaction with that embedded content, including tracking your interaction with embedded content if you have an account and are connected to that website.<\/p>\n<h3>Analytics<\/h3>\n<h2>Who do we share your data with?<\/h2>\n<h2>How long do we keep your data?<\/h2>\n<p>If you leave a comment, the comment and its metadata are retained indefinitely. This is so that we can recognize and approve consecutive comments automatically instead of keeping them in a moderation queue. We also store the personal information that users who register on our website provide in their user profile, if applicable. All users can view, edit or delete their personal information at any time (minus the fact that they cannot change their user name). Website administrators can also view and edit this information.<\/p>\n<h2>What rights you have to your data?<\/h2>\n<p>If you have an account or have left comments on this website, you can request to receive an export file of the personal data that we have about you, including any information that you have provided to us. You may also request that we remove any personal data that we have about you. This does not include any data that we are obliged to retain for administrative, legal or security purposes.<\/p>\n<h2>Where do we send your data?<\/h2>\n<p>Visitors&#8217; comments may be reviewed by an automatic spam detection service.<\/p>\n<h2>Your contact information<\/h2>\n<h2>More information<\/h2>\n<h3>How do we protect your data?<\/h3>\n<h3>What procedures do we use against data breaches?<\/h3>\n<h3>Which third parties do we receive data from?<\/h3>\n<h3>What types of automated decision-making and\/or profiling do we do with user data?<\/h3>\n<h3>Regulatory requirements for the disclosure of sector information<\/h3>\n<p>[\/et_pb_text][\/et_pb_column][\/et_pb_row][\/et_pb_section]<\/p>\n","protected":false},"excerpt":{"rendered":"<p><div class=\"et_pb_row et_pb_row_0 et_pb_row_empty\">\n\t\t\t\t\n\t\t\t\t\n\t\t\t\t\n\t\t\t\t\n\t\t\t\t\n\t\t\t<\/div> Who we areOur website address is: https:\/\/albergueesplaibarcelona.comWhat personal data do we collect, and why do we collect it?CommentsWhen visitors leave comments on our website, we collect the data displayed in the comment form as well as the visitor&#8217;s IP address and the browser&#8217;s user-agent string to help detect spam. An anonymous string created from [&hellip;]<\/p>\n","protected":false},"author":1,"featured_media":0,"parent":0,"menu_order":0,"comment_status":"closed","ping_status":"open","template":"","meta":{"_et_pb_use_builder":"on","_et_pb_old_content":"<h2>Qui\u00e9nes somos<\/h2><p>La direcci\u00f3n de nuestra web es: https:\/\/albergueesplaibarcelona.com.<\/p><h2>Qu\u00e9 datos personales recogemos y por qu\u00e9 los recogemos<\/h2><h3>Comentarios<\/h3><p>Cuando los visitantes dejan comentarios en la web, recopilamos los datos que se muestran en el formulario de comentarios, as\u00ed como la direcci\u00f3n IP del visitante y la cadena de agentes de usuario del navegador para ayudar a la detecci\u00f3n de spam.<\/p><p>Una cadena an\u00f3nima creada a partir de tu direcci\u00f3n de correo electr\u00f3nico (tambi\u00e9n llamada hash) puede ser proporcionada al servicio de Gravatar para ver si la est\u00e1s usando. La pol\u00edtica de privacidad del servicio Gravatar est\u00e1 disponible aqu\u00ed: https:\/\/automattic.com\/privacy\/. Despu\u00e9s de la aprobaci\u00f3n de tu comentario, la imagen de tu perfil es visible para el p\u00fablico en el contexto de su comentario.<\/p><h3>Medios<\/h3><p>Si subes im\u00e1genes a la web deber\u00edas evitar subir im\u00e1genes con datos de ubicaci\u00f3n (GPS EXIF) incluidos. Los visitantes de la web pueden descargar y extraer cualquier dato de localizaci\u00f3n de las im\u00e1genes de la web.<\/p><h3>Formularios de contacto<\/h3><h3>Cookies<\/h3><p>Si dejas un comentario en nuestro sitio puedes elegir guardar tu nombre, direcci\u00f3n de correo electr\u00f3nico y web en cookies. Esto es para tu comodidad, para que no tengas que volver a rellenar tus datos cuando dejes otro comentario. Estas cookies tendr\u00e1n una duraci\u00f3n de un a\u00f1o.<\/p><p>Si tienes una cuenta y te conectas a este sitio, instalaremos una cookie temporal para determinar si tu navegador acepta cookies. Esta cookie no contiene datos personales y se elimina al cerrar el navegador.<\/p><p>Cuando inicias sesi\u00f3n, tambi\u00e9n instalaremos varias cookies para guardar tu informaci\u00f3n de inicio de sesi\u00f3n y tus opciones de visualizaci\u00f3n de pantalla. Las cookies de inicio de sesi\u00f3n duran dos d\u00edas, y las cookies de opciones de pantalla duran un a\u00f1o. Si seleccionas \"Recordarme\", tu inicio de sesi\u00f3n perdurar\u00e1 durante dos semanas. Si sales de tu cuenta, las cookies de inicio de sesi\u00f3n se eliminar\u00e1n.<\/p><p>Si editas o publicas un art\u00edculo se guardar\u00e1 una cookie adicional en tu navegador. Esta cookie no incluye datos personales y simplemente indica el ID del art\u00edculo que acabas de editar. Caduca despu\u00e9s de 1 d\u00eda.<\/p><h3>Contenido incrustado de otros sitios web<\/h3><p>Los art\u00edculos de este sitio pueden incluir contenido incrustado (por ejemplo, v\u00eddeos, im\u00e1genes, art\u00edculos, etc.). El contenido incrustado de otras web se comporta exactamente de la misma manera que si el visitante hubiera visitado la otra web.<\/p><p>Estas web pueden recopilar datos sobre ti, utilizar cookies, incrustar un seguimiento adicional de terceros, y supervisar tu interacci\u00f3n con ese contenido incrustado, incluido el seguimiento de su interacci\u00f3n con el contenido incrustado si tienes una cuenta y est\u00e1s conectado a esa web.<\/p><h3>Anal\u00edtica<\/h3><h2>Con qui\u00e9n compartimos tus datos<\/h2><h2>Cu\u00e1nto tiempo conservamos tus datos<\/h2><p>Si dejas un comentario, el comentario y sus metadatos se conservan indefinidamente. Esto es para que podamos reconocer y aprobar comentarios sucesivos autom\u00e1ticamente en lugar de mantenerlos en una cola de moderaci\u00f3n.<\/p><p>De los usuarios que se registran en nuestra web (si los hay), tambi\u00e9n almacenamos la informaci\u00f3n personal que proporcionan en su perfil de usuario. Todos los usuarios pueden ver, editar o eliminar su informaci\u00f3n personal en cualquier momento (excepto que no pueden cambiar su nombre de usuario). Los administradores de la web tambi\u00e9n pueden ver y editar esa informaci\u00f3n.<\/p><h2>Qu\u00e9 derechos tienes sobre tus datos<\/h2><p>Si tienes una cuenta o has dejado comentarios en esta web, puedes solicitar recibir un archivo de exportaci\u00f3n de los datos personales que tenemos sobre ti, incluyendo cualquier dato que nos hayas proporcionado. Tambi\u00e9n puedes solicitar que eliminemos cualquier dato personal que tengamos sobre ti. Esto no incluye ning\u00fan dato que estemos obligados a conservar con fines administrativos, legales o de seguridad.<\/p><h2>D\u00f3nde enviamos tus datos<\/h2><p>Los comentarios de los visitantes puede que los revise un servicio de detecci\u00f3n autom\u00e1tica de spam.<\/p><h2>Tu informaci\u00f3n de contacto<\/h2><h2>Informaci\u00f3n adicional<\/h2><h3>C\u00f3mo protegemos tus datos<\/h3><h3>Qu\u00e9 procedimientos utilizamos contra las brechas de datos<\/h3><h3>De qu\u00e9 terceros recibimos datos<\/h3><h3>Qu\u00e9 tipo de toma de decisiones automatizada y\/o perfilado hacemos con los datos del usuario<\/h3><h3>Requerimientos regulatorios de revelaci\u00f3n de informaci\u00f3n del sector<\/h3>","_et_gb_content_width":"","footnotes":""},"class_list":["post-3820","page","type-page","status-publish","hentry"],"yoast_head":"<!-- This site is optimized with the Yoast SEO plugin v27.6 - https:\/\/yoast.com\/product\/yoast-seo-wordpress\/ -->\n<title>Privacy policy - Albergue Centre Esplai<\/title>\n<meta name=\"robots\" content=\"index, follow, max-snippet:-1, max-image-preview:large, max-video-preview:-1\" \/>\n<link rel=\"canonical\" href=\"https:\/\/albergueesplaibarcelona.com\/en\/privacy-policy\/\" \/>\n<meta property=\"og:locale\" content=\"en_US\" \/>\n<meta property=\"og:type\" content=\"article\" \/>\n<meta property=\"og:title\" content=\"Privacy policy - Albergue Centre Esplai\" \/>\n<meta property=\"og:description\" content=\"Who we areOur website address is: https:\/\/albergueesplaibarcelona.comWhat personal data do we collect, and why do we collect it?CommentsWhen visitors leave comments on our website, we collect the data displayed in the comment form as well as the visitor&#039;s IP address and the browser&#039;s user-agent string to help detect spam. An anonymous string created from [&hellip;]\" \/>\n<meta property=\"og:url\" content=\"https:\/\/albergueesplaibarcelona.com\/en\/privacy-policy\/\" \/>\n<meta property=\"og:site_name\" content=\"Albergue Centre Esplai\" \/>\n<meta property=\"article:modified_time\" content=\"2019-05-03T16:31:22+00:00\" \/>\n<meta name=\"twitter:card\" content=\"summary_large_image\" \/>\n<meta name=\"twitter:label1\" content=\"Est. reading time\" \/>\n\t<meta name=\"twitter:data1\" content=\"4 minutes\" \/>\n<script type=\"application\/ld+json\" class=\"yoast-schema-graph\">{\"@context\":\"https:\\\/\\\/schema.org\",\"@graph\":[{\"@type\":\"WebPage\",\"@id\":\"https:\\\/\\\/albergueesplaibarcelona.com\\\/en\\\/privacy-policy\\\/\",\"url\":\"https:\\\/\\\/albergueesplaibarcelona.com\\\/en\\\/privacy-policy\\\/\",\"name\":\"Privacy policy - Albergue Centre Esplai\",\"isPartOf\":{\"@id\":\"https:\\\/\\\/albergueesplaibarcelona.com\\\/en\\\/#website\"},\"datePublished\":\"2019-05-03T16:31:14+00:00\",\"dateModified\":\"2019-05-03T16:31:22+00:00\",\"breadcrumb\":{\"@id\":\"https:\\\/\\\/albergueesplaibarcelona.com\\\/en\\\/privacy-policy\\\/#breadcrumb\"},\"inLanguage\":\"en-US\",\"potentialAction\":[{\"@type\":\"ReadAction\",\"target\":[\"https:\\\/\\\/albergueesplaibarcelona.com\\\/en\\\/privacy-policy\\\/\"]}]},{\"@type\":\"BreadcrumbList\",\"@id\":\"https:\\\/\\\/albergueesplaibarcelona.com\\\/en\\\/privacy-policy\\\/#breadcrumb\",\"itemListElement\":[{\"@type\":\"ListItem\",\"position\":1,\"name\":\"Home\",\"item\":\"https:\\\/\\\/albergueesplaibarcelona.com\\\/en\\\/\"},{\"@type\":\"ListItem\",\"position\":2,\"name\":\"Privacy policy\"}]},{\"@type\":\"WebSite\",\"@id\":\"https:\\\/\\\/albergueesplaibarcelona.com\\\/en\\\/#website\",\"url\":\"https:\\\/\\\/albergueesplaibarcelona.com\\\/en\\\/\",\"name\":\"Albergue Centre Esplai\",\"description\":\"Alberg\",\"publisher\":{\"@id\":\"https:\\\/\\\/albergueesplaibarcelona.com\\\/en\\\/#organization\"},\"potentialAction\":[{\"@type\":\"SearchAction\",\"target\":{\"@type\":\"EntryPoint\",\"urlTemplate\":\"https:\\\/\\\/albergueesplaibarcelona.com\\\/en\\\/?s={search_term_string}\"},\"query-input\":{\"@type\":\"PropertyValueSpecification\",\"valueRequired\":true,\"valueName\":\"search_term_string\"}}],\"inLanguage\":\"en-US\"},{\"@type\":\"Organization\",\"@id\":\"https:\\\/\\\/albergueesplaibarcelona.com\\\/en\\\/#organization\",\"name\":\"Albergue Centre Esplai\",\"url\":\"https:\\\/\\\/albergueesplaibarcelona.com\\\/en\\\/\",\"logo\":{\"@type\":\"ImageObject\",\"inLanguage\":\"en-US\",\"@id\":\"https:\\\/\\\/albergueesplaibarcelona.com\\\/en\\\/#\\\/schema\\\/logo\\\/image\\\/\",\"url\":\"https:\\\/\\\/albergueesplaibarcelona.com\\\/wp-content\\\/uploads\\\/2020\\\/12\\\/logo_alberg_centre_esplai-e1608117409320.png\",\"contentUrl\":\"https:\\\/\\\/albergueesplaibarcelona.com\\\/wp-content\\\/uploads\\\/2020\\\/12\\\/logo_alberg_centre_esplai-e1608117409320.png\",\"width\":500,\"height\":241,\"caption\":\"Albergue Centre Esplai\"},\"image\":{\"@id\":\"https:\\\/\\\/albergueesplaibarcelona.com\\\/en\\\/#\\\/schema\\\/logo\\\/image\\\/\"}}]}<\/script>\n<!-- \/ Yoast SEO plugin. -->","yoast_head_json":{"title":"Privacy policy - Albergue Centre Esplai","robots":{"index":"index","follow":"follow","max-snippet":"max-snippet:-1","max-image-preview":"max-image-preview:large","max-video-preview":"max-video-preview:-1"},"canonical":"https:\/\/albergueesplaibarcelona.com\/en\/privacy-policy\/","og_locale":"en_US","og_type":"article","og_title":"Privacy policy - Albergue Centre Esplai","og_description":"Who we areOur website address is: https:\/\/albergueesplaibarcelona.comWhat personal data do we collect, and why do we collect it?CommentsWhen visitors leave comments on our website, we collect the data displayed in the comment form as well as the visitor's IP address and the browser's user-agent string to help detect spam. An anonymous string created from [&hellip;]","og_url":"https:\/\/albergueesplaibarcelona.com\/en\/privacy-policy\/","og_site_name":"Albergue Centre Esplai","article_modified_time":"2019-05-03T16:31:22+00:00","twitter_card":"summary_large_image","twitter_misc":{"Est. reading time":"4 minutes"},"schema":{"@context":"https:\/\/schema.org","@graph":[{"@type":"WebPage","@id":"https:\/\/albergueesplaibarcelona.com\/en\/privacy-policy\/","url":"https:\/\/albergueesplaibarcelona.com\/en\/privacy-policy\/","name":"Privacy policy - Albergue Centre Esplai","isPartOf":{"@id":"https:\/\/albergueesplaibarcelona.com\/en\/#website"},"datePublished":"2019-05-03T16:31:14+00:00","dateModified":"2019-05-03T16:31:22+00:00","breadcrumb":{"@id":"https:\/\/albergueesplaibarcelona.com\/en\/privacy-policy\/#breadcrumb"},"inLanguage":"en-US","potentialAction":[{"@type":"ReadAction","target":["https:\/\/albergueesplaibarcelona.com\/en\/privacy-policy\/"]}]},{"@type":"BreadcrumbList","@id":"https:\/\/albergueesplaibarcelona.com\/en\/privacy-policy\/#breadcrumb","itemListElement":[{"@type":"ListItem","position":1,"name":"Home","item":"https:\/\/albergueesplaibarcelona.com\/en\/"},{"@type":"ListItem","position":2,"name":"Privacy policy"}]},{"@type":"WebSite","@id":"https:\/\/albergueesplaibarcelona.com\/en\/#website","url":"https:\/\/albergueesplaibarcelona.com\/en\/","name":"Albergue Centre Esplai","description":"Alberg","publisher":{"@id":"https:\/\/albergueesplaibarcelona.com\/en\/#organization"},"potentialAction":[{"@type":"SearchAction","target":{"@type":"EntryPoint","urlTemplate":"https:\/\/albergueesplaibarcelona.com\/en\/?s={search_term_string}"},"query-input":{"@type":"PropertyValueSpecification","valueRequired":true,"valueName":"search_term_string"}}],"inLanguage":"en-US"},{"@type":"Organization","@id":"https:\/\/albergueesplaibarcelona.com\/en\/#organization","name":"Albergue Centre Esplai","url":"https:\/\/albergueesplaibarcelona.com\/en\/","logo":{"@type":"ImageObject","inLanguage":"en-US","@id":"https:\/\/albergueesplaibarcelona.com\/en\/#\/schema\/logo\/image\/","url":"https:\/\/albergueesplaibarcelona.com\/wp-content\/uploads\/2020\/12\/logo_alberg_centre_esplai-e1608117409320.png","contentUrl":"https:\/\/albergueesplaibarcelona.com\/wp-content\/uploads\/2020\/12\/logo_alberg_centre_esplai-e1608117409320.png","width":500,"height":241,"caption":"Albergue Centre Esplai"},"image":{"@id":"https:\/\/albergueesplaibarcelona.com\/en\/#\/schema\/logo\/image\/"}}]}},"_links":{"self":[{"href":"https:\/\/albergueesplaibarcelona.com\/en\/wp-json\/wp\/v2\/pages\/3820","targetHints":{"allow":["GET"]}}],"collection":[{"href":"https:\/\/albergueesplaibarcelona.com\/en\/wp-json\/wp\/v2\/pages"}],"about":[{"href":"https:\/\/albergueesplaibarcelona.com\/en\/wp-json\/wp\/v2\/types\/page"}],"author":[{"embeddable":true,"href":"https:\/\/albergueesplaibarcelona.com\/en\/wp-json\/wp\/v2\/users\/1"}],"replies":[{"embeddable":true,"href":"https:\/\/albergueesplaibarcelona.com\/en\/wp-json\/wp\/v2\/comments?post=3820"}],"version-history":[{"count":1,"href":"https:\/\/albergueesplaibarcelona.com\/en\/wp-json\/wp\/v2\/pages\/3820\/revisions"}],"predecessor-version":[{"id":3823,"href":"https:\/\/albergueesplaibarcelona.com\/en\/wp-json\/wp\/v2\/pages\/3820\/revisions\/3823"}],"wp:attachment":[{"href":"https:\/\/albergueesplaibarcelona.com\/en\/wp-json\/wp\/v2\/media?parent=3820"}],"curies":[{"name":"wp","href":"https:\/\/api.w.org\/{rel}","templated":true}]}}