{"id":3861,"date":"2019-05-03T16:31:35","date_gmt":"2019-05-03T16:31:35","guid":{"rendered":"http:\/\/albergueesplaibarcelona.com\/responsible-tourism-policy\/"},"modified":"2019-05-03T16:31:44","modified_gmt":"2019-05-03T16:31:44","slug":"responsible-tourism-policy","status":"publish","type":"page","link":"https:\/\/albergueesplaibarcelona.com\/en\/responsible-tourism-policy\/","title":{"rendered":"Responsible tourism policy"},"content":{"rendered":"<p>[et_pb_section bb_built=&#8221;1&#8243; fullwidth=&#8221;on&#8221; specialty=&#8221;off&#8221; next_background_color=&#8221;#000000&#8243;][et_pb_fullwidth_image _builder_version=&#8221;3.19.10&#8243; src=&#8221;https:\/\/albergueesplaibarcelona.com\/wp-content\/uploads\/2019\/02\/Turismo-responsable-Fundesplai.jpg&#8221; \/][\/et_pb_section][et_pb_section bb_built=&#8221;1&#8243; prev_background_color=&#8221;#000000&#8243; next_background_color=&#8221;#000000&#8243;][et_pb_row][et_pb_column type=&#8221;4_4&#8243;][et_pb_text admin_label=&#8221;t\u00edtulo&#8221; _builder_version=&#8221;3.19.3&#8243;]<\/p>\n<h2>Responsible and sustainable tourism policy<\/h2>\n<p>[\/et_pb_text][\/et_pb_column][\/et_pb_row][et_pb_row][et_pb_column type=&#8221;4_4&#8243;][et_pb_text _builder_version=&#8221;3.19.3&#8243;]<\/p>\n<p>Being aware of the importance of maintaining sustainable tourism development and taking on the principles and objectives specifically adopted at the World Summit on Sustainable Development 2015, COP 21 and the World Charter for Sustainable Tourism +20, Fundaci\u00f3 Catalana de l\u2019Esplai commits to undertaking a sustainable management of its activities through the adoption of commitments geared towards preventing, eliminating or reducing the impact of our facilities and activities, whether internal or external, and also to optimize the sustainability of the establishment by improving its interaction with the environment.<\/p>\n<p>As a result, our company has adopted the following responsible tourism policy through which we undertake to fulfil the requirements established in our BIOSPHERE membership, which include, among other things, the legal requirements that regulate the effects caused by tourism activity.<\/p>\n<p>We also undertake to motivate and train our staff with training and awareness-raising actions on the principles of responsible tourism, to promote good practices within the environment, to participate in external activities, and to keep others informed, both internally and externally, about the company&#8217;s progress and environmental undertakings.<\/p>\n<p>Likewise, our company professes their express commitment to combat sexual exploitation or any other form of commercial exploitation and harassment, particularly of children, adolescents, women and minorities, and we are committed to adopting universal accessibility measures.<\/p>\n<p>One of our main objectives is to improve sustainable management, taking on the commitment to continuously improve in all areas of sustainability whether social, economic or environmental, as well as customer satisfaction. To this end, projects for future extensions of the facilities or activities will be subject to the sustainability and efficiency criteria for the use of resources.<\/p>\n<p>This responsible tourism policy will be updated whenever the circumstances require it, and will always adopt and publish new sustainability objectives.<\/p>\n<p>Cristina Rodriguez Portillo<br \/>General Director of Management and Services<\/p>\n<p style=\"text-align: right;\">El Prat de Llobregat, November 2018<\/p>\n<p>[\/et_pb_text][\/et_pb_column][\/et_pb_row][\/et_pb_section][et_pb_section bb_built=&#8221;1&#8243; module_class=&#8221;seccio-segueix-nos&#8221; _builder_version=&#8221;3.9&#8243; custom_margin=&#8221;50px||50px|&#8221; prev_background_color=&#8221;#000000&#8243; next_background_color=&#8221;#c3c3c2&#8243; disabled_on=&#8221;off|off|off&#8221; disabled=&#8221;off&#8221; global_module=&#8221;182&#8243;][et_pb_row global_parent=&#8221;182&#8243; _builder_version=&#8221;3.0.47&#8243; background_size=&#8221;initial&#8221; background_position=&#8221;top_left&#8221; background_repeat=&#8221;repeat&#8221;][et_pb_column type=&#8221;4_4&#8243;][et_pb_text admin_label=&#8221;\u00a1Reserva ahora!&#8221; global_parent=&#8221;182&#8243; _builder_version=&#8221;3.17.6&#8243; text_orientation=&#8221;center&#8221;]<\/p>\n<p><!-- wpml:html_fragment <\/p>\n\n --><\/p>\n<h2>Book now!<\/h2>\n<p>[\/et_pb_text][et_pb_code admin_label=&#8221;Formulario de reservas&#8221; global_parent=&#8221;182&#8243; _builder_version=&#8221;3.19.3&#8243;]<\/p>\n<div class=\"form-reserva-home-slider peu\"><!-- [et_pb_line_break_holder] --> <\/p>\n<form action=\"\/reserva-ya\/\"><!-- [et_pb_line_break_holder] --><input type=\"hidden\" name=\"campaign\" value=\"ALBERG10\" \/><!-- [et_pb_line_break_holder] --> <\/p>\n<div class=\"camps-form-reserva-fixe-al-peu\"><!-- [et_pb_line_break_holder] -->\t <\/p>\n<div class=\"inputs-reserva\"><!-- [et_pb_line_break_holder] -->\t\t <span><label>Entrada<\/label><!\u2013- [et_pb_br_holder] -\u2013><!-- [et_pb_line_break_holder] -->\t\t <input name=\"check_in_date\" type=\"date\" class=\"check_in_date\" \/><!-- [et_pb_line_break_holder] -->\t\t <\/span><!-- [et_pb_line_break_holder] -->\t\t <span><label>Noches<\/label><!\u2013- [et_pb_br_holder] -\u2013><!-- [et_pb_line_break_holder] -->\t\t <input name=\"number_nights\" type=\"number\" class=\"number\" min=\"1\" value=\"1\" \/><!-- [et_pb_line_break_holder] -->\t\t <\/span><!-- [et_pb_line_break_holder] -->\t\t <span><label>Adultos<\/label><!\u2013- [et_pb_br_holder] -\u2013><!-- [et_pb_line_break_holder] -->\t\t <input max=\"7\" min=\"1\" name=\"number_adults\" class=\"number\" type=\"number\" value=\"2\" \/><!-- [et_pb_line_break_holder] -->\t\t <\/span><!-- [et_pb_line_break_holder] -->\t\t <span><label>Ni\u00f1os\/as<\/label><!\u2013- [et_pb_br_holder] -\u2013><!-- [et_pb_line_break_holder] -->\t\t <input max=\"3\" min=\"0\" name=\"number_children\" class=\"number\" type=\"number\" value=\"0\" \/><!-- [et_pb_line_break_holder] -->\t\t <\/span><!-- [et_pb_line_break_holder] -->\t\t <span> <!\u2013- [et_pb_br_holder] -\u2013><button class=\"et_pb_button et_pb_promo_button\" type=\"submit\">Reservar<\/button><\/span><!-- [et_pb_line_break_holder] --><!-- [et_pb_line_break_holder] -->\t <\/div>\n<p><!-- [et_pb_line_break_holder] --> <\/div>\n<p><!-- [et_pb_line_break_holder] --> <\/form>\n<p><!-- [et_pb_line_break_holder] --> <\/div>\n<p>[\/et_pb_code][\/et_pb_column][\/et_pb_row][\/et_pb_section][et_pb_section bb_built=&#8221;1&#8243; background_color=&#8221;#c3c3c2&#8243; module_class=&#8221;seccio-som-fundesplai&#8221; _builder_version=&#8221;3.4.1&#8243; prev_background_color=&#8221;#ffffff&#8221; global_module=&#8221;26&#8243;][et_pb_row global_parent=&#8221;26&#8243; make_equal=&#8221;on&#8221; bg_img_1=&#8221;https:\/\/albergueesplaibarcelona.com\/wp-content\/uploads\/2018\/06\/ninots-1.png&#8221; padding_top_2=&#8221;50px&#8221; padding_bottom_2=&#8221;50px&#8221; padding_left_2=&#8221;50px&#8221; background_size_1=&#8221;contain&#8221; background_position_1=&#8221;bottom_left&#8221; background_repeat_1=&#8221;no-repeat&#8221; _builder_version=&#8221;3.0.95&#8243;][et_pb_column type=&#8221;1_3&#8243;][\/et_pb_column][et_pb_column type=&#8221;2_3&#8243;][et_pb_text admin_label=&#8221;Somos Fundesplai &#8221; global_parent=&#8221;26&#8243; _builder_version=&#8221;3.17.6&#8243; custom_margin=&#8221;||20px|&#8221;]<\/p>\n<p><!-- wpml:html_fragment <\/p>\n\n --><\/p>\n<h2>We are Fundesplai!<\/h2>\n<p>We are an NGO that has been working for 45 years in education, children&#8217;s happiness, equality, social inclusion and protecting nature.<\/p>\n<p>[\/et_pb_text][et_pb_button admin_label=&#8221;Bot\u00f3 Conoce Fundesplai- CTA&#8221; global_parent=&#8221;26&#8243; button_url=&#8221;https:\/\/fundesplai.org\/coneix-fundesplai\/&#8221; button_text=&#8221;Learn about Fundesplai&#8221; _builder_version=&#8221;3.19.10&#8243; custom_button=&#8221;on&#8221; button_text_color=&#8221;#ffffff&#8221; button_bg_color=&#8221;#666666&#8243; button_icon=&#8221;%%25%%&#8221; url_new_window=&#8221;on&#8221; button_text_size__hover_enabled=&#8221;off&#8221; button_text_size__hover=&#8221;null&#8221; button_one_text_size__hover_enabled=&#8221;off&#8221; button_one_text_size__hover=&#8221;null&#8221; button_two_text_size__hover_enabled=&#8221;off&#8221; button_two_text_size__hover=&#8221;null&#8221; button_text_color__hover_enabled=&#8221;off&#8221; button_text_color__hover=&#8221;null&#8221; button_one_text_color__hover_enabled=&#8221;off&#8221; button_one_text_color__hover=&#8221;null&#8221; button_two_text_color__hover_enabled=&#8221;off&#8221; button_two_text_color__hover=&#8221;null&#8221; button_border_width__hover_enabled=&#8221;off&#8221; button_border_width__hover=&#8221;null&#8221; button_one_border_width__hover_enabled=&#8221;off&#8221; button_one_border_width__hover=&#8221;null&#8221; button_two_border_width__hover_enabled=&#8221;off&#8221; button_two_border_width__hover=&#8221;null&#8221; button_border_color__hover_enabled=&#8221;off&#8221; button_border_color__hover=&#8221;null&#8221; button_one_border_color__hover_enabled=&#8221;off&#8221; button_one_border_color__hover=&#8221;null&#8221; button_two_border_color__hover_enabled=&#8221;off&#8221; button_two_border_color__hover=&#8221;null&#8221; button_border_radius__hover_enabled=&#8221;off&#8221; button_border_radius__hover=&#8221;null&#8221; button_one_border_radius__hover_enabled=&#8221;off&#8221; button_one_border_radius__hover=&#8221;null&#8221; button_two_border_radius__hover_enabled=&#8221;off&#8221; button_two_border_radius__hover=&#8221;null&#8221; button_letter_spacing__hover_enabled=&#8221;off&#8221; button_letter_spacing__hover=&#8221;null&#8221; button_one_letter_spacing__hover_enabled=&#8221;off&#8221; button_one_letter_spacing__hover=&#8221;null&#8221; button_two_letter_spacing__hover_enabled=&#8221;off&#8221; button_two_letter_spacing__hover=&#8221;null&#8221; button_bg_color__hover_enabled=&#8221;on&#8221; button_bg_color__hover=&#8221;#666666&#8243; button_one_bg_color__hover_enabled=&#8221;off&#8221; button_one_bg_color__hover=&#8221;null&#8221; button_two_bg_color__hover_enabled=&#8221;off&#8221; button_two_bg_color__hover=&#8221;null&#8221; \/][\/et_pb_column][\/et_pb_row][\/et_pb_section]<\/p>\n","protected":false},"excerpt":{"rendered":"<p><div class=\"et_pb_row et_pb_row_0 et_pb_row_empty\">\n\t\t\t\t\n\t\t\t\t\n\t\t\t\t\n\t\t\t\t\n\t\t\t\t\n\t\t\t<\/div> Responsible and sustainable tourism policy <div class=\"et_pb_row et_pb_row_1 et_pb_row_empty\">\n\t\t\t\t\n\t\t\t\t\n\t\t\t\t\n\t\t\t\t\n\t\t\t\t\n\t\t\t<\/div> Being aware of the importance of maintaining sustainable tourism development and taking on the principles and objectives specifically adopted at the World Summit on Sustainable Development 2015, COP 21 and the World Charter for Sustainable Tourism +20, Fundaci\u00f3 Catalana de l\u2019Esplai commits to undertaking a sustainable management of [&hellip;]<\/p>\n","protected":false},"author":3,"featured_media":0,"parent":0,"menu_order":0,"comment_status":"closed","ping_status":"closed","template":"","meta":{"_et_pb_use_builder":"on","_et_pb_old_content":"<p>Conscientes de la importancia de mantener un desarrollo tur\u00edstico sostenible, y asumidos los principios y objetivos adoptados espec\u00edficamente en la Cumbre Mundial sobre el Desarrollo Sostenible 2015, la COP 21 y la Carta Mundial del Turismo Sostenible + 20, la Fundaci\u00f3 Catalana de l\u2019Esplai, se compromete a llevar a cabo una gesti\u00f3n sostenible de sus actividades, mediante la adopci\u00f3n de compromisos orientados a prevenir, eliminar o reducir el impacto de nuestras instalaciones y actividades, tanto internas como externas, as\u00ed como optimizar la sostenibilidad del establecimiento mejorando su comportamiento con el entorno.<\/p><p>En ese mismo sentido, nuestra entidad ha adoptado la siguiente Pol\u00edtica de Turismo Responsable, mediante la cual se compromete a cumplir los requisitos establecidos en la adhesi\u00f3n BIOSPHERE, que incluye, entre otras cosas, los requerimientos legales que regulan los efectos generados por la actividad tur\u00edstica.<\/p><p>As\u00ed mismo, nos comprometemos a motivar y formar a nuestro personal con acciones formativas y de concienciaci\u00f3n sobre los principios del Turismo Responsable, a promover las buenas pr\u00e1cticas medioambientales en el entorno y participar en actividades externas, y a informar tanto interna como externamente sobre los avances y actuaciones medioambientales de la empresa.<\/p><p>De igual manera, nuestra entidad manifiesta el compromiso expreso de lucha contra la explotaci\u00f3n sexual o cualquier otra forma de explotaci\u00f3n y acoso comercial, en particular de los ni\u00f1os, adolescentes, mujeres y minor\u00edas; y nos comprometemos a adoptar medidas de accesibilidad universal.<\/p><p>Uno de nuestros principales objetivos es perfeccionar la gesti\u00f3n sostenible, asumiendo los compromisos de mejora continua en todos los \u00e1mbitos de la sostenibilidad: social, econ\u00f3mico y ambiental, as\u00ed como en la satisfacci\u00f3n del cliente. Para ello, se someter\u00e1n los proyectos de futuras ampliaciones de las instalaciones o actividades a criterios de sostenibilidad y eficiencia en el uso de recursos.<\/p><p>Esta Pol\u00edtica de Turismo Responsable se actualizar\u00e1 siempre que las circunstancias lo requieran, adoptando y publicando en ambos casos nuevos objetivos de sostenibilidad.<\/p><p>\u00a0<\/p><p>Cristina Rodriguez Portillo<\/p><p>Directora General de Gesti\u00f3n y Servicios<\/p><p style=\"text-align: right;\">El Prat de Llobregat, novembre de 2018<\/p>","_et_gb_content_width":"","footnotes":""},"class_list":["post-3861","page","type-page","status-publish","hentry"],"yoast_head":"<!-- This site is optimized with the Yoast SEO plugin v27.3 - https:\/\/yoast.com\/product\/yoast-seo-wordpress\/ -->\n<title>Responsible tourism policy - Albergue Centre Esplai<\/title>\n<meta name=\"robots\" content=\"index, follow, max-snippet:-1, max-image-preview:large, max-video-preview:-1\" \/>\n<link rel=\"canonical\" href=\"https:\/\/albergueesplaibarcelona.com\/en\/responsible-tourism-policy\/\" \/>\n<meta property=\"og:locale\" content=\"en_US\" \/>\n<meta property=\"og:type\" content=\"article\" \/>\n<meta property=\"og:title\" content=\"Responsible tourism policy - Albergue Centre Esplai\" \/>\n<meta property=\"og:description\" content=\"Responsible and sustainable tourism policy Being aware of the importance of maintaining sustainable tourism development and taking on the principles and objectives specifically adopted at the World Summit on Sustainable Development 2015, COP 21 and the World Charter for Sustainable Tourism +20, Fundaci\u00f3 Catalana de l\u2019Esplai commits to undertaking a sustainable management of [&hellip;]\" \/>\n<meta property=\"og:url\" content=\"https:\/\/albergueesplaibarcelona.com\/en\/responsible-tourism-policy\/\" \/>\n<meta property=\"og:site_name\" content=\"Albergue Centre Esplai\" \/>\n<meta property=\"article:modified_time\" content=\"2019-05-03T16:31:44+00:00\" \/>\n<meta name=\"twitter:card\" content=\"summary_large_image\" \/>\n<meta name=\"twitter:label1\" content=\"Est. reading time\" \/>\n\t<meta name=\"twitter:data1\" content=\"5 minutes\" \/>\n<script type=\"application\/ld+json\" class=\"yoast-schema-graph\">{\"@context\":\"https:\\\/\\\/schema.org\",\"@graph\":[{\"@type\":\"WebPage\",\"@id\":\"https:\\\/\\\/albergueesplaibarcelona.com\\\/en\\\/responsible-tourism-policy\\\/\",\"url\":\"https:\\\/\\\/albergueesplaibarcelona.com\\\/en\\\/responsible-tourism-policy\\\/\",\"name\":\"Responsible tourism policy - Albergue Centre Esplai\",\"isPartOf\":{\"@id\":\"https:\\\/\\\/albergueesplaibarcelona.com\\\/en\\\/#website\"},\"datePublished\":\"2019-05-03T16:31:35+00:00\",\"dateModified\":\"2019-05-03T16:31:44+00:00\",\"breadcrumb\":{\"@id\":\"https:\\\/\\\/albergueesplaibarcelona.com\\\/en\\\/responsible-tourism-policy\\\/#breadcrumb\"},\"inLanguage\":\"en-US\",\"potentialAction\":[{\"@type\":\"ReadAction\",\"target\":[\"https:\\\/\\\/albergueesplaibarcelona.com\\\/en\\\/responsible-tourism-policy\\\/\"]}]},{\"@type\":\"BreadcrumbList\",\"@id\":\"https:\\\/\\\/albergueesplaibarcelona.com\\\/en\\\/responsible-tourism-policy\\\/#breadcrumb\",\"itemListElement\":[{\"@type\":\"ListItem\",\"position\":1,\"name\":\"Home\",\"item\":\"https:\\\/\\\/albergueesplaibarcelona.com\\\/en\\\/\"},{\"@type\":\"ListItem\",\"position\":2,\"name\":\"Responsible tourism policy\"}]},{\"@type\":\"WebSite\",\"@id\":\"https:\\\/\\\/albergueesplaibarcelona.com\\\/en\\\/#website\",\"url\":\"https:\\\/\\\/albergueesplaibarcelona.com\\\/en\\\/\",\"name\":\"Albergue Centre Esplai\",\"description\":\"Alberg\",\"publisher\":{\"@id\":\"https:\\\/\\\/albergueesplaibarcelona.com\\\/en\\\/#organization\"},\"potentialAction\":[{\"@type\":\"SearchAction\",\"target\":{\"@type\":\"EntryPoint\",\"urlTemplate\":\"https:\\\/\\\/albergueesplaibarcelona.com\\\/en\\\/?s={search_term_string}\"},\"query-input\":{\"@type\":\"PropertyValueSpecification\",\"valueRequired\":true,\"valueName\":\"search_term_string\"}}],\"inLanguage\":\"en-US\"},{\"@type\":\"Organization\",\"@id\":\"https:\\\/\\\/albergueesplaibarcelona.com\\\/en\\\/#organization\",\"name\":\"Albergue Centre Esplai\",\"url\":\"https:\\\/\\\/albergueesplaibarcelona.com\\\/en\\\/\",\"logo\":{\"@type\":\"ImageObject\",\"inLanguage\":\"en-US\",\"@id\":\"https:\\\/\\\/albergueesplaibarcelona.com\\\/en\\\/#\\\/schema\\\/logo\\\/image\\\/\",\"url\":\"https:\\\/\\\/albergueesplaibarcelona.com\\\/wp-content\\\/uploads\\\/2020\\\/12\\\/logo_alberg_centre_esplai-e1608117409320.png\",\"contentUrl\":\"https:\\\/\\\/albergueesplaibarcelona.com\\\/wp-content\\\/uploads\\\/2020\\\/12\\\/logo_alberg_centre_esplai-e1608117409320.png\",\"width\":500,\"height\":241,\"caption\":\"Albergue Centre Esplai\"},\"image\":{\"@id\":\"https:\\\/\\\/albergueesplaibarcelona.com\\\/en\\\/#\\\/schema\\\/logo\\\/image\\\/\"}}]}<\/script>\n<!-- \/ Yoast SEO plugin. -->","yoast_head_json":{"title":"Responsible tourism policy - Albergue Centre Esplai","robots":{"index":"index","follow":"follow","max-snippet":"max-snippet:-1","max-image-preview":"max-image-preview:large","max-video-preview":"max-video-preview:-1"},"canonical":"https:\/\/albergueesplaibarcelona.com\/en\/responsible-tourism-policy\/","og_locale":"en_US","og_type":"article","og_title":"Responsible tourism policy - Albergue Centre Esplai","og_description":"Responsible and sustainable tourism policy Being aware of the importance of maintaining sustainable tourism development and taking on the principles and objectives specifically adopted at the World Summit on Sustainable Development 2015, COP 21 and the World Charter for Sustainable Tourism +20, Fundaci\u00f3 Catalana de l\u2019Esplai commits to undertaking a sustainable management of [&hellip;]","og_url":"https:\/\/albergueesplaibarcelona.com\/en\/responsible-tourism-policy\/","og_site_name":"Albergue Centre Esplai","article_modified_time":"2019-05-03T16:31:44+00:00","twitter_card":"summary_large_image","twitter_misc":{"Est. reading time":"5 minutes"},"schema":{"@context":"https:\/\/schema.org","@graph":[{"@type":"WebPage","@id":"https:\/\/albergueesplaibarcelona.com\/en\/responsible-tourism-policy\/","url":"https:\/\/albergueesplaibarcelona.com\/en\/responsible-tourism-policy\/","name":"Responsible tourism policy - Albergue Centre Esplai","isPartOf":{"@id":"https:\/\/albergueesplaibarcelona.com\/en\/#website"},"datePublished":"2019-05-03T16:31:35+00:00","dateModified":"2019-05-03T16:31:44+00:00","breadcrumb":{"@id":"https:\/\/albergueesplaibarcelona.com\/en\/responsible-tourism-policy\/#breadcrumb"},"inLanguage":"en-US","potentialAction":[{"@type":"ReadAction","target":["https:\/\/albergueesplaibarcelona.com\/en\/responsible-tourism-policy\/"]}]},{"@type":"BreadcrumbList","@id":"https:\/\/albergueesplaibarcelona.com\/en\/responsible-tourism-policy\/#breadcrumb","itemListElement":[{"@type":"ListItem","position":1,"name":"Home","item":"https:\/\/albergueesplaibarcelona.com\/en\/"},{"@type":"ListItem","position":2,"name":"Responsible tourism policy"}]},{"@type":"WebSite","@id":"https:\/\/albergueesplaibarcelona.com\/en\/#website","url":"https:\/\/albergueesplaibarcelona.com\/en\/","name":"Albergue Centre Esplai","description":"Alberg","publisher":{"@id":"https:\/\/albergueesplaibarcelona.com\/en\/#organization"},"potentialAction":[{"@type":"SearchAction","target":{"@type":"EntryPoint","urlTemplate":"https:\/\/albergueesplaibarcelona.com\/en\/?s={search_term_string}"},"query-input":{"@type":"PropertyValueSpecification","valueRequired":true,"valueName":"search_term_string"}}],"inLanguage":"en-US"},{"@type":"Organization","@id":"https:\/\/albergueesplaibarcelona.com\/en\/#organization","name":"Albergue Centre Esplai","url":"https:\/\/albergueesplaibarcelona.com\/en\/","logo":{"@type":"ImageObject","inLanguage":"en-US","@id":"https:\/\/albergueesplaibarcelona.com\/en\/#\/schema\/logo\/image\/","url":"https:\/\/albergueesplaibarcelona.com\/wp-content\/uploads\/2020\/12\/logo_alberg_centre_esplai-e1608117409320.png","contentUrl":"https:\/\/albergueesplaibarcelona.com\/wp-content\/uploads\/2020\/12\/logo_alberg_centre_esplai-e1608117409320.png","width":500,"height":241,"caption":"Albergue Centre Esplai"},"image":{"@id":"https:\/\/albergueesplaibarcelona.com\/en\/#\/schema\/logo\/image\/"}}]}},"_links":{"self":[{"href":"https:\/\/albergueesplaibarcelona.com\/en\/wp-json\/wp\/v2\/pages\/3861","targetHints":{"allow":["GET"]}}],"collection":[{"href":"https:\/\/albergueesplaibarcelona.com\/en\/wp-json\/wp\/v2\/pages"}],"about":[{"href":"https:\/\/albergueesplaibarcelona.com\/en\/wp-json\/wp\/v2\/types\/page"}],"author":[{"embeddable":true,"href":"https:\/\/albergueesplaibarcelona.com\/en\/wp-json\/wp\/v2\/users\/3"}],"replies":[{"embeddable":true,"href":"https:\/\/albergueesplaibarcelona.com\/en\/wp-json\/wp\/v2\/comments?post=3861"}],"version-history":[{"count":1,"href":"https:\/\/albergueesplaibarcelona.com\/en\/wp-json\/wp\/v2\/pages\/3861\/revisions"}],"predecessor-version":[{"id":3863,"href":"https:\/\/albergueesplaibarcelona.com\/en\/wp-json\/wp\/v2\/pages\/3861\/revisions\/3863"}],"wp:attachment":[{"href":"https:\/\/albergueesplaibarcelona.com\/en\/wp-json\/wp\/v2\/media?parent=3861"}],"curies":[{"name":"wp","href":"https:\/\/api.w.org\/{rel}","templated":true}]}}