{"id":2625,"date":"2019-03-20T08:44:49","date_gmt":"2019-03-20T08:44:49","guid":{"rendered":"http:\/\/albergueesplaibarcelona.com\/?page_id=2625"},"modified":"2019-05-15T06:47:04","modified_gmt":"2019-05-15T06:47:04","slug":"la-nature-au-centre-esplai","status":"publish","type":"page","link":"https:\/\/albergueesplaibarcelona.com\/fr\/hebergement\/jardin\/la-nature-au-centre-esplai\/","title":{"rendered":"La nature au Centre Esplai"},"content":{"rendered":"<p>[et_pb_section bb_built=\u00a0\u00bb1&Prime; next_background_color=\u00a0\u00bb#000000&Prime; inner_width=\u00a0\u00bbauto\u00a0\u00bb inner_max_width=\u00a0\u00bbnone\u00a0\u00bb][et_pb_row][et_pb_column type=\u00a0\u00bb4_4&Prime;][et_pb_post_title _builder_version=\u00a0\u00bb3.19.10&Prime; meta=\u00a0\u00bboff\u00a0\u00bb featured_image=\u00a0\u00bboff\u00a0\u00bb \/][\/et_pb_column][\/et_pb_row][et_pb_row _builder_version=\u00a0\u00bb3.19.10&Prime; make_fullwidth=\u00a0\u00bbon\u00a0\u00bb module_class=\u00a0\u00bb et_pb_row_fullwidth\u00a0\u00bb width=\u00a0\u00bb100%\u00a0\u00bb width_tablet=\u00a0\u00bb100%\u00a0\u00bb width_last_edited=\u00a0\u00bbon|desktop\u00a0\u00bb max_width=\u00a0\u00bb100%\u00a0\u00bb max_width_tablet=\u00a0\u00bb100%\u00a0\u00bb max_width_last_edited=\u00a0\u00bbon|desktop\u00a0\u00bb][et_pb_column type=\u00a0\u00bb4_4&Prime;][et_pb_gallery _builder_version=\u00a0\u00bb3.19.10&Prime; gallery_ids=\u00a0\u00bb1833,1803,2102,1783,1788,1901,1906,1911,1916,1778,1921,1926,1941&Prime; hover_overlay_color=\u00a0\u00bbrgba(255,255,255,0.9)\u00a0\u00bb posts_number=\u00a0\u00bb12&Prime; show_title_and_caption=\u00a0\u00bboff\u00a0\u00bb show_pagination=\u00a0\u00bboff\u00a0\u00bb gallery_orderby=\u00a0\u00bbrand\u00a0\u00bb \/][\/et_pb_column][\/et_pb_row][\/et_pb_section][et_pb_section bb_built=\u00a0\u00bb1&Prime; module_class=\u00a0\u00bbseccio-segueix-nos\u00a0\u00bb _builder_version=\u00a0\u00bb3.9&Prime; custom_margin=\u00a0\u00bb50px||50px|\u00a0\u00bb inner_width=\u00a0\u00bbauto\u00a0\u00bb inner_max_width=\u00a0\u00bbnone\u00a0\u00bb global_module=\u00a0\u00bb182&Prime; prev_background_color=\u00a0\u00bb#000000&Prime; next_background_color=\u00a0\u00bb#c3c3c2&Prime;][et_pb_row global_parent=\u00a0\u00bb182&Prime; _builder_version=\u00a0\u00bb3.0.47&Prime; background_size=\u00a0\u00bbinitial\u00a0\u00bb background_position=\u00a0\u00bbtop_left\u00a0\u00bb background_repeat=\u00a0\u00bbrepeat\u00a0\u00bb locked=\u00a0\u00bboff\u00a0\u00bb width=\u00a0\u00bb80%\u00a0\u00bb max_width=\u00a0\u00bb1080px\u00a0\u00bb][et_pb_column type=\u00a0\u00bb4_4&Prime;][et_pb_text admin_label=\u00a0\u00bb\u00a1Reserva ahora! (FR)\u00a0\u00bb global_parent=\u00a0\u00bb182&Prime; _builder_version=\u00a0\u00bb3.22.7&Prime; text_orientation=\u00a0\u00bbcenter\u00a0\u00bb text_text_shadow_horizontal_length=\u00a0\u00bbtext_text_shadow_style,%91object Object%93&Prime; text_text_shadow_vertical_length=\u00a0\u00bbtext_text_shadow_style,%91object Object%93&Prime; text_text_shadow_blur_strength=\u00a0\u00bbtext_text_shadow_style,%91object Object%93&Prime; link_text_shadow_horizontal_length=\u00a0\u00bblink_text_shadow_style,%91object Object%93&Prime; link_text_shadow_vertical_length=\u00a0\u00bblink_text_shadow_style,%91object Object%93&Prime; link_text_shadow_blur_strength=\u00a0\u00bblink_text_shadow_style,%91object Object%93&Prime; ul_text_shadow_horizontal_length=\u00a0\u00bbul_text_shadow_style,%91object Object%93&Prime; ul_text_shadow_vertical_length=\u00a0\u00bbul_text_shadow_style,%91object Object%93&Prime; ul_text_shadow_blur_strength=\u00a0\u00bbul_text_shadow_style,%91object Object%93&Prime; ol_text_shadow_horizontal_length=\u00a0\u00bbol_text_shadow_style,%91object Object%93&Prime; ol_text_shadow_vertical_length=\u00a0\u00bbol_text_shadow_style,%91object Object%93&Prime; ol_text_shadow_blur_strength=\u00a0\u00bbol_text_shadow_style,%91object Object%93&Prime; quote_text_shadow_horizontal_length=\u00a0\u00bbquote_text_shadow_style,%91object Object%93&Prime; quote_text_shadow_vertical_length=\u00a0\u00bbquote_text_shadow_style,%91object Object%93&Prime; quote_text_shadow_blur_strength=\u00a0\u00bbquote_text_shadow_style,%91object Object%93&Prime; header_text_shadow_horizontal_length=\u00a0\u00bbheader_text_shadow_style,%91object Object%93&Prime; header_text_shadow_vertical_length=\u00a0\u00bbheader_text_shadow_style,%91object Object%93&Prime; header_text_shadow_blur_strength=\u00a0\u00bbheader_text_shadow_style,%91object Object%93&Prime; header_2_text_shadow_horizontal_length=\u00a0\u00bbheader_2_text_shadow_style,%91object Object%93&Prime; header_2_text_shadow_vertical_length=\u00a0\u00bbheader_2_text_shadow_style,%91object Object%93&Prime; header_2_text_shadow_blur_strength=\u00a0\u00bbheader_2_text_shadow_style,%91object Object%93&Prime; header_3_text_shadow_horizontal_length=\u00a0\u00bbheader_3_text_shadow_style,%91object Object%93&Prime; header_3_text_shadow_vertical_length=\u00a0\u00bbheader_3_text_shadow_style,%91object Object%93&Prime; header_3_text_shadow_blur_strength=\u00a0\u00bbheader_3_text_shadow_style,%91object Object%93&Prime; header_4_text_shadow_horizontal_length=\u00a0\u00bbheader_4_text_shadow_style,%91object Object%93&Prime; header_4_text_shadow_vertical_length=\u00a0\u00bbheader_4_text_shadow_style,%91object Object%93&Prime; header_4_text_shadow_blur_strength=\u00a0\u00bbheader_4_text_shadow_style,%91object Object%93&Prime; header_5_text_shadow_horizontal_length=\u00a0\u00bbheader_5_text_shadow_style,%91object Object%93&Prime; header_5_text_shadow_vertical_length=\u00a0\u00bbheader_5_text_shadow_style,%91object Object%93&Prime; header_5_text_shadow_blur_strength=\u00a0\u00bbheader_5_text_shadow_style,%91object Object%93&Prime; header_6_text_shadow_horizontal_length=\u00a0\u00bbheader_6_text_shadow_style,%91object Object%93&Prime; header_6_text_shadow_vertical_length=\u00a0\u00bbheader_6_text_shadow_style,%91object Object%93&Prime; header_6_text_shadow_blur_strength=\u00a0\u00bbheader_6_text_shadow_style,%91object Object%93&Prime; z_index_tablet=\u00a0\u00bb500&Prime;]<\/p>\n<h2>R\u00e9servez d\u00e8s maintenant<\/h2>\n<p>[\/et_pb_text][et_pb_code admin_label=\u00a0\u00bbFormulario de reservas (FR)\u00a0\u00bb global_parent=\u00a0\u00bb182&Prime; _builder_version=\u00a0\u00bb3.22.7&Prime; z_index_tablet=\u00a0\u00bb500&Prime;]<\/p>\n<div class=\"form-reserva-inline\"><!-- [et_pb_line_break_holder] -->\t<\/p>\n<form action=\"\/fr\/reservez-des-maintenant\/\"><!-- [et_pb_line_break_holder] -->\t   <label for=\"check_in_date\">Arriv\u00e9e<\/label><!-- [et_pb_line_break_holder] -->\t   <input name=\"check_in_date\" id=\"check_in_date\" type=\"date\" \/><!-- [et_pb_line_break_holder] -->\t   <label for=\"check_out_date\">D\u00e9part<\/label><!-- [et_pb_line_break_holder] -->\t   <input name=\"check_out_date\" id=\"check_out_date\" type=\"date\" \/><!-- [et_pb_line_break_holder] -->\t   <label for=\"number_adults\" style=\"display:none\">Adultes<\/label><!-- [et_pb_line_break_holder] -->\t   <\/p>\n<div class=\"select-wrapper\"><!-- [et_pb_line_break_holder] -->\t\t   <select name=\"number_adults\" id=\"number_adults\"><!-- [et_pb_line_break_holder] --><option value=\"1\">1 adulte<\/option><!-- [et_pb_line_break_holder] --><option value=\"2\" selected>2 adultes<\/option><!-- [et_pb_line_break_holder] --><option value=\"3\">3 adultes<\/option><!-- [et_pb_line_break_holder] --><option value=\"4\">4 adultes<\/option><!-- [et_pb_line_break_holder] --><option value=\"5\">5 adultes<\/option><!-- [et_pb_line_break_holder] --><option value=\"6\">6 adultes<\/option><!-- [et_pb_line_break_holder] --><option value=\"8\">8 adultes<\/option><!-- [et_pb_line_break_holder] --><option value=\"9\">9 adultes<\/option><!-- [et_pb_line_break_holder] --><option value=\"10\">10 adultes<\/option><!-- [et_pb_line_break_holder] --><option value=\"11\">11 adultes<\/option><!-- [et_pb_line_break_holder] --><option value=\"12\">12 adultes<\/option><!-- [et_pb_line_break_holder] --><option value=\"13\">13 adultes<\/option><!-- [et_pb_line_break_holder] --><option value=\"14\">14 adultes<\/option><!-- [et_pb_line_break_holder] --><option value=\"15\">15 adultes<\/option><!-- [et_pb_line_break_holder] -->\t\t   <\/select><!-- [et_pb_line_break_holder] -->\t   <\/div>\n<p><!-- [et_pb_line_break_holder] -->\t   <label for=\"number_children\" style=\"display:none\">Enfants<\/label><!-- [et_pb_line_break_holder] -->\t   <\/p>\n<div class=\"select-wrapper\"><!-- [et_pb_line_break_holder] -->\t\t   <select name=\"number_children\" id=\"number_children\"><!-- [et_pb_line_break_holder] --><option value=\"0\" selected>0 Enfants<\/option><!-- [et_pb_line_break_holder] --><option value=\"1\">1 Enfants<\/option><!-- [et_pb_line_break_holder] --><option value=\"2\">2 Enfants<\/option><!-- [et_pb_line_break_holder] --><option value=\"3\">3 Enfants<\/option><!-- [et_pb_line_break_holder] --><option value=\"4\">4 Enfants<\/option><!-- [et_pb_line_break_holder] --><option value=\"5\">5 Enfants<\/option><!-- [et_pb_line_break_holder] --><option value=\"6\">6 Enfants<\/option><!-- [et_pb_line_break_holder] --><option value=\"8\">8 Enfants<\/option><!-- [et_pb_line_break_holder] --><option value=\"9\">9 Enfants<\/option><!-- [et_pb_line_break_holder] --><option value=\"10\">10 Enfants<\/option><!-- [et_pb_line_break_holder] --><option value=\"11\">11 Enfants<\/option><!-- [et_pb_line_break_holder] --><option value=\"12\">12 Enfants<\/option><!-- [et_pb_line_break_holder] --><option value=\"13\">13 Enfants<\/option><!-- [et_pb_line_break_holder] --><option value=\"14\">14 Enfants<\/option><!-- [et_pb_line_break_holder] --><option value=\"15\">15 Enfants<\/option><!-- [et_pb_line_break_holder] -->\t\t   <\/select><!-- [et_pb_line_break_holder] -->\t   <\/div>\n<p><!-- [et_pb_line_break_holder] -->\t   <label for=\"number_infants\" style=\"display:none\">B\u00e9b\u00e9<\/label><!-- [et_pb_line_break_holder] -->\t   <\/p>\n<div class=\"select-wrapper\"><!-- [et_pb_line_break_holder] -->\t\t   <select name=\"number_infants\" id=\"number_infants\"><!-- [et_pb_line_break_holder] --><option value=\"0\" selected>0 B\u00e9b\u00e9<\/option><!-- [et_pb_line_break_holder] --><option value=\"1\">1 B\u00e9b\u00e9<\/option><!-- [et_pb_line_break_holder] --><option value=\"2\">2 B\u00e9b\u00e9<\/option><!-- [et_pb_line_break_holder] --><option value=\"3\">3 B\u00e9b\u00e9<\/option><!-- [et_pb_line_break_holder] --><option value=\"4\">4 B\u00e9b\u00e9<\/option><!-- [et_pb_line_break_holder] --><option value=\"5\">5 B\u00e9b\u00e9<\/option><!-- [et_pb_line_break_holder] --><option value=\"6\">6 B\u00e9b\u00e9<\/option><!-- [et_pb_line_break_holder] --><option value=\"8\">8 B\u00e9b\u00e9<\/option><!-- [et_pb_line_break_holder] -->\t\t   <\/select><!-- [et_pb_line_break_holder] -->\t   <\/div>\n<p><!-- [et_pb_line_break_holder] -->\t   <button type=\"submit\">R\u00e9servez<\/button><!-- [et_pb_line_break_holder] -->\t<\/form>\n<p><!-- [et_pb_line_break_holder] --><\/div>\n<p>[\/et_pb_code][\/et_pb_column][\/et_pb_row][\/et_pb_section][et_pb_section bb_built=\u00a0\u00bb1&Prime; background_color=\u00a0\u00bb#c3c3c2&Prime; module_class=\u00a0\u00bbseccio-som-fundesplai\u00a0\u00bb _builder_version=\u00a0\u00bb3.4.1&Prime; global_module=\u00a0\u00bb26&Prime; prev_background_color=\u00a0\u00bb#ffffff\u00a0\u00bb inner_width=\u00a0\u00bbauto\u00a0\u00bb inner_max_width=\u00a0\u00bbnone\u00a0\u00bb][et_pb_row global_parent=\u00a0\u00bb26&Prime; make_equal=\u00a0\u00bbon\u00a0\u00bb bg_img_1=\u00a0\u00bbhttps:\/\/albergueesplaibarcelona.com\/wp-content\/uploads\/2018\/06\/ninots-1.png\u00a0\u00bb padding_top_2=\u00a0\u00bb50px\u00a0\u00bb padding_bottom_2=\u00a0\u00bb50px\u00a0\u00bb padding_left_2=\u00a0\u00bb50px\u00a0\u00bb background_size_1=\u00a0\u00bbcontain\u00a0\u00bb background_position_1=\u00a0\u00bbbottom_left\u00a0\u00bb background_repeat_1=\u00a0\u00bbno-repeat\u00a0\u00bb _builder_version=\u00a0\u00bb3.0.95&Prime; width=\u00a0\u00bb80%\u00a0\u00bb max_width=\u00a0\u00bb1080px\u00a0\u00bb][et_pb_column type=\u00a0\u00bb1_3&Prime;][\/et_pb_column][et_pb_column type=\u00a0\u00bb2_3&Prime;][et_pb_text admin_label=\u00a0\u00bbSomos Fundesplai (FR)\u00a0\u00bb global_parent=\u00a0\u00bb26&Prime; _builder_version=\u00a0\u00bb3.12.2&Prime; custom_margin=\u00a0\u00bb||20px|\u00a0\u00bb]<\/p>\n<h2>Somos Fundesplai!<\/h2>\n<p>Somos una ONG que desde hace 45 anys trabajamos por la educaci\u00f3n y la felicidad de los infantes, la equidad, la inclusi\u00f3n social y l aprotecci\u00f3n de la naturaleza.<\/p>\n<p>&nbsp;<\/p>\n<p>[\/et_pb_text][et_pb_button admin_label=\u00a0\u00bbBot\u00f3 Conoce Fundesplai\u00a0\u00bb global_parent=\u00a0\u00bb26&Prime; button_url=\u00a0\u00bbhttps:\/\/fundesplai.org\/coneix-fundesplai\/\u00a0\u00bb button_text=\u00a0\u00bbConoce Fundesplai\u00a0\u00bb _builder_version=\u00a0\u00bb3.9&Prime; custom_button=\u00a0\u00bbon\u00a0\u00bb button_text_color=\u00a0\u00bb#ffffff\u00a0\u00bb button_bg_color=\u00a0\u00bb#666666&Prime; button_icon=\u00a0\u00bb%%20%%\u00a0\u00bb button_bg_color_hover=\u00a0\u00bb#666666&Prime; url_new_window=\u00a0\u00bbon\u00a0\u00bb button_text_size__hover_enabled=\u00a0\u00bboff\u00a0\u00bb button_text_size__hover=\u00a0\u00bbnull\u00a0\u00bb button_one_text_size__hover_enabled=\u00a0\u00bboff\u00a0\u00bb button_one_text_size__hover=\u00a0\u00bbnull\u00a0\u00bb button_two_text_size__hover_enabled=\u00a0\u00bboff\u00a0\u00bb button_two_text_size__hover=\u00a0\u00bbnull\u00a0\u00bb button_text_color__hover_enabled=\u00a0\u00bboff\u00a0\u00bb button_text_color__hover=\u00a0\u00bbnull\u00a0\u00bb button_one_text_color__hover_enabled=\u00a0\u00bboff\u00a0\u00bb button_one_text_color__hover=\u00a0\u00bbnull\u00a0\u00bb button_two_text_color__hover_enabled=\u00a0\u00bboff\u00a0\u00bb button_two_text_color__hover=\u00a0\u00bbnull\u00a0\u00bb button_border_width__hover_enabled=\u00a0\u00bboff\u00a0\u00bb button_border_width__hover=\u00a0\u00bbnull\u00a0\u00bb button_one_border_width__hover_enabled=\u00a0\u00bboff\u00a0\u00bb button_one_border_width__hover=\u00a0\u00bbnull\u00a0\u00bb button_two_border_width__hover_enabled=\u00a0\u00bboff\u00a0\u00bb button_two_border_width__hover=\u00a0\u00bbnull\u00a0\u00bb button_border_color__hover_enabled=\u00a0\u00bboff\u00a0\u00bb button_border_color__hover=\u00a0\u00bbnull\u00a0\u00bb button_one_border_color__hover_enabled=\u00a0\u00bboff\u00a0\u00bb button_one_border_color__hover=\u00a0\u00bbnull\u00a0\u00bb button_two_border_color__hover_enabled=\u00a0\u00bboff\u00a0\u00bb button_two_border_color__hover=\u00a0\u00bbnull\u00a0\u00bb button_border_radius__hover_enabled=\u00a0\u00bboff\u00a0\u00bb button_border_radius__hover=\u00a0\u00bbnull\u00a0\u00bb button_one_border_radius__hover_enabled=\u00a0\u00bboff\u00a0\u00bb button_one_border_radius__hover=\u00a0\u00bbnull\u00a0\u00bb button_two_border_radius__hover_enabled=\u00a0\u00bboff\u00a0\u00bb button_two_border_radius__hover=\u00a0\u00bbnull\u00a0\u00bb button_letter_spacing__hover_enabled=\u00a0\u00bboff\u00a0\u00bb button_letter_spacing__hover=\u00a0\u00bbnull\u00a0\u00bb button_one_letter_spacing__hover_enabled=\u00a0\u00bboff\u00a0\u00bb button_one_letter_spacing__hover=\u00a0\u00bbnull\u00a0\u00bb button_two_letter_spacing__hover_enabled=\u00a0\u00bboff\u00a0\u00bb button_two_letter_spacing__hover=\u00a0\u00bbnull\u00a0\u00bb button_bg_color__hover_enabled=\u00a0\u00bbon\u00a0\u00bb button_one_bg_color__hover_enabled=\u00a0\u00bboff\u00a0\u00bb button_one_bg_color__hover=\u00a0\u00bbnull\u00a0\u00bb button_two_bg_color__hover_enabled=\u00a0\u00bboff\u00a0\u00bb button_two_bg_color__hover=\u00a0\u00bbnull\u00a0\u00bb \/][\/et_pb_column][\/et_pb_row][\/et_pb_section]<\/p>\n","protected":false},"excerpt":{"rendered":"<p><div class=\"et_pb_row et_pb_row_0 et_pb_row_empty\">\n\t\t\t\t\n\t\t\t\t\n\t\t\t\t\n\t\t\t\t\n\t\t\t\t\n\t\t\t<\/div> R\u00e9servez d\u00e8s maintenant Somos Fundesplai!Somos una ONG que desde hace 45 anys trabajamos por la educaci\u00f3n y la felicidad de los infantes, la equidad, la inclusi\u00f3n social y l aprotecci\u00f3n de la naturaleza.&nbsp;<\/p>\n","protected":false},"author":3,"featured_media":0,"parent":3448,"menu_order":0,"comment_status":"closed","ping_status":"closed","template":"","meta":{"_et_pb_use_builder":"on","_et_pb_old_content":"","_et_gb_content_width":"","footnotes":""},"class_list":["post-2625","page","type-page","status-publish","hentry"],"yoast_head":"<!-- This site is optimized with the Yoast SEO plugin v27.3 - https:\/\/yoast.com\/product\/yoast-seo-wordpress\/ -->\n<title>La nature au Centre Esplai - Alberg Centre Esplai<\/title>\n<meta name=\"robots\" content=\"index, follow, max-snippet:-1, max-image-preview:large, max-video-preview:-1\" \/>\n<link rel=\"canonical\" href=\"https:\/\/albergueesplaibarcelona.com\/fr\/hebergement\/jardin\/la-nature-au-centre-esplai\/\" \/>\n<meta property=\"og:locale\" content=\"fr_FR\" \/>\n<meta property=\"og:type\" content=\"article\" \/>\n<meta property=\"og:title\" content=\"La nature au Centre Esplai - Alberg Centre Esplai\" \/>\n<meta property=\"og:description\" content=\"R\u00e9servez d\u00e8s maintenant Somos Fundesplai!Somos una ONG que desde hace 45 anys trabajamos por la educaci\u00f3n y la felicidad de los infantes, la equidad, la inclusi\u00f3n social y l aprotecci\u00f3n de la naturaleza.&nbsp;\" \/>\n<meta property=\"og:url\" content=\"https:\/\/albergueesplaibarcelona.com\/fr\/hebergement\/jardin\/la-nature-au-centre-esplai\/\" \/>\n<meta property=\"og:site_name\" content=\"Alberg Centre Esplai\" \/>\n<meta property=\"article:modified_time\" content=\"2019-05-15T06:47:04+00:00\" \/>\n<meta name=\"twitter:card\" content=\"summary_large_image\" \/>\n<meta name=\"twitter:label1\" content=\"Dur\u00e9e de lecture estim\u00e9e\" \/>\n\t<meta name=\"twitter:data1\" content=\"5 minutes\" \/>\n<script type=\"application\/ld+json\" class=\"yoast-schema-graph\">{\"@context\":\"https:\\\/\\\/schema.org\",\"@graph\":[{\"@type\":\"WebPage\",\"@id\":\"https:\\\/\\\/albergueesplaibarcelona.com\\\/fr\\\/hebergement\\\/jardin\\\/la-nature-au-centre-esplai\\\/\",\"url\":\"https:\\\/\\\/albergueesplaibarcelona.com\\\/fr\\\/hebergement\\\/jardin\\\/la-nature-au-centre-esplai\\\/\",\"name\":\"La nature au Centre Esplai - Alberg Centre Esplai\",\"isPartOf\":{\"@id\":\"https:\\\/\\\/albergueesplaibarcelona.com\\\/fr\\\/#website\"},\"datePublished\":\"2019-03-20T08:44:49+00:00\",\"dateModified\":\"2019-05-15T06:47:04+00:00\",\"breadcrumb\":{\"@id\":\"https:\\\/\\\/albergueesplaibarcelona.com\\\/fr\\\/hebergement\\\/jardin\\\/la-nature-au-centre-esplai\\\/#breadcrumb\"},\"inLanguage\":\"fr-FR\",\"potentialAction\":[{\"@type\":\"ReadAction\",\"target\":[\"https:\\\/\\\/albergueesplaibarcelona.com\\\/fr\\\/hebergement\\\/jardin\\\/la-nature-au-centre-esplai\\\/\"]}]},{\"@type\":\"BreadcrumbList\",\"@id\":\"https:\\\/\\\/albergueesplaibarcelona.com\\\/fr\\\/hebergement\\\/jardin\\\/la-nature-au-centre-esplai\\\/#breadcrumb\",\"itemListElement\":[{\"@type\":\"ListItem\",\"position\":1,\"name\":\"Accueil\",\"item\":\"https:\\\/\\\/albergueesplaibarcelona.com\\\/fr\\\/\"},{\"@type\":\"ListItem\",\"position\":2,\"name\":\"Auberge de jeunesse\",\"item\":\"https:\\\/\\\/albergueesplaibarcelona.com\\\/fr\\\/\"},{\"@type\":\"ListItem\",\"position\":3,\"name\":\"Jardin\",\"item\":\"https:\\\/\\\/albergueesplaibarcelona.com\\\/fr\\\/hebergement\\\/jardin\\\/\"},{\"@type\":\"ListItem\",\"position\":4,\"name\":\"La nature au Centre Esplai\"}]},{\"@type\":\"WebSite\",\"@id\":\"https:\\\/\\\/albergueesplaibarcelona.com\\\/fr\\\/#website\",\"url\":\"https:\\\/\\\/albergueesplaibarcelona.com\\\/fr\\\/\",\"name\":\"Alberg Centre Esplai\",\"description\":\"Alberg\",\"publisher\":{\"@id\":\"https:\\\/\\\/albergueesplaibarcelona.com\\\/fr\\\/#organization\"},\"potentialAction\":[{\"@type\":\"SearchAction\",\"target\":{\"@type\":\"EntryPoint\",\"urlTemplate\":\"https:\\\/\\\/albergueesplaibarcelona.com\\\/fr\\\/?s={search_term_string}\"},\"query-input\":{\"@type\":\"PropertyValueSpecification\",\"valueRequired\":true,\"valueName\":\"search_term_string\"}}],\"inLanguage\":\"fr-FR\"},{\"@type\":\"Organization\",\"@id\":\"https:\\\/\\\/albergueesplaibarcelona.com\\\/fr\\\/#organization\",\"name\":\"Albergue Centre Esplai\",\"url\":\"https:\\\/\\\/albergueesplaibarcelona.com\\\/fr\\\/\",\"logo\":{\"@type\":\"ImageObject\",\"inLanguage\":\"fr-FR\",\"@id\":\"https:\\\/\\\/albergueesplaibarcelona.com\\\/fr\\\/#\\\/schema\\\/logo\\\/image\\\/\",\"url\":\"https:\\\/\\\/albergueesplaibarcelona.com\\\/wp-content\\\/uploads\\\/2020\\\/12\\\/logo_alberg_centre_esplai-e1608117409320.png\",\"contentUrl\":\"https:\\\/\\\/albergueesplaibarcelona.com\\\/wp-content\\\/uploads\\\/2020\\\/12\\\/logo_alberg_centre_esplai-e1608117409320.png\",\"width\":500,\"height\":241,\"caption\":\"Albergue Centre Esplai\"},\"image\":{\"@id\":\"https:\\\/\\\/albergueesplaibarcelona.com\\\/fr\\\/#\\\/schema\\\/logo\\\/image\\\/\"}}]}<\/script>\n<!-- \/ Yoast SEO plugin. -->","yoast_head_json":{"title":"La nature au Centre Esplai - Alberg Centre Esplai","robots":{"index":"index","follow":"follow","max-snippet":"max-snippet:-1","max-image-preview":"max-image-preview:large","max-video-preview":"max-video-preview:-1"},"canonical":"https:\/\/albergueesplaibarcelona.com\/fr\/hebergement\/jardin\/la-nature-au-centre-esplai\/","og_locale":"fr_FR","og_type":"article","og_title":"La nature au Centre Esplai - Alberg Centre Esplai","og_description":"R\u00e9servez d\u00e8s maintenant Somos Fundesplai!Somos una ONG que desde hace 45 anys trabajamos por la educaci\u00f3n y la felicidad de los infantes, la equidad, la inclusi\u00f3n social y l aprotecci\u00f3n de la naturaleza.&nbsp;","og_url":"https:\/\/albergueesplaibarcelona.com\/fr\/hebergement\/jardin\/la-nature-au-centre-esplai\/","og_site_name":"Alberg Centre Esplai","article_modified_time":"2019-05-15T06:47:04+00:00","twitter_card":"summary_large_image","twitter_misc":{"Dur\u00e9e de lecture estim\u00e9e":"5 minutes"},"schema":{"@context":"https:\/\/schema.org","@graph":[{"@type":"WebPage","@id":"https:\/\/albergueesplaibarcelona.com\/fr\/hebergement\/jardin\/la-nature-au-centre-esplai\/","url":"https:\/\/albergueesplaibarcelona.com\/fr\/hebergement\/jardin\/la-nature-au-centre-esplai\/","name":"La nature au Centre Esplai - Alberg Centre Esplai","isPartOf":{"@id":"https:\/\/albergueesplaibarcelona.com\/fr\/#website"},"datePublished":"2019-03-20T08:44:49+00:00","dateModified":"2019-05-15T06:47:04+00:00","breadcrumb":{"@id":"https:\/\/albergueesplaibarcelona.com\/fr\/hebergement\/jardin\/la-nature-au-centre-esplai\/#breadcrumb"},"inLanguage":"fr-FR","potentialAction":[{"@type":"ReadAction","target":["https:\/\/albergueesplaibarcelona.com\/fr\/hebergement\/jardin\/la-nature-au-centre-esplai\/"]}]},{"@type":"BreadcrumbList","@id":"https:\/\/albergueesplaibarcelona.com\/fr\/hebergement\/jardin\/la-nature-au-centre-esplai\/#breadcrumb","itemListElement":[{"@type":"ListItem","position":1,"name":"Accueil","item":"https:\/\/albergueesplaibarcelona.com\/fr\/"},{"@type":"ListItem","position":2,"name":"Auberge de jeunesse","item":"https:\/\/albergueesplaibarcelona.com\/fr\/"},{"@type":"ListItem","position":3,"name":"Jardin","item":"https:\/\/albergueesplaibarcelona.com\/fr\/hebergement\/jardin\/"},{"@type":"ListItem","position":4,"name":"La nature au Centre Esplai"}]},{"@type":"WebSite","@id":"https:\/\/albergueesplaibarcelona.com\/fr\/#website","url":"https:\/\/albergueesplaibarcelona.com\/fr\/","name":"Alberg Centre Esplai","description":"Alberg","publisher":{"@id":"https:\/\/albergueesplaibarcelona.com\/fr\/#organization"},"potentialAction":[{"@type":"SearchAction","target":{"@type":"EntryPoint","urlTemplate":"https:\/\/albergueesplaibarcelona.com\/fr\/?s={search_term_string}"},"query-input":{"@type":"PropertyValueSpecification","valueRequired":true,"valueName":"search_term_string"}}],"inLanguage":"fr-FR"},{"@type":"Organization","@id":"https:\/\/albergueesplaibarcelona.com\/fr\/#organization","name":"Albergue Centre Esplai","url":"https:\/\/albergueesplaibarcelona.com\/fr\/","logo":{"@type":"ImageObject","inLanguage":"fr-FR","@id":"https:\/\/albergueesplaibarcelona.com\/fr\/#\/schema\/logo\/image\/","url":"https:\/\/albergueesplaibarcelona.com\/wp-content\/uploads\/2020\/12\/logo_alberg_centre_esplai-e1608117409320.png","contentUrl":"https:\/\/albergueesplaibarcelona.com\/wp-content\/uploads\/2020\/12\/logo_alberg_centre_esplai-e1608117409320.png","width":500,"height":241,"caption":"Albergue Centre Esplai"},"image":{"@id":"https:\/\/albergueesplaibarcelona.com\/fr\/#\/schema\/logo\/image\/"}}]}},"_links":{"self":[{"href":"https:\/\/albergueesplaibarcelona.com\/fr\/wp-json\/wp\/v2\/pages\/2625","targetHints":{"allow":["GET"]}}],"collection":[{"href":"https:\/\/albergueesplaibarcelona.com\/fr\/wp-json\/wp\/v2\/pages"}],"about":[{"href":"https:\/\/albergueesplaibarcelona.com\/fr\/wp-json\/wp\/v2\/types\/page"}],"author":[{"embeddable":true,"href":"https:\/\/albergueesplaibarcelona.com\/fr\/wp-json\/wp\/v2\/users\/3"}],"replies":[{"embeddable":true,"href":"https:\/\/albergueesplaibarcelona.com\/fr\/wp-json\/wp\/v2\/comments?post=2625"}],"version-history":[{"count":9,"href":"https:\/\/albergueesplaibarcelona.com\/fr\/wp-json\/wp\/v2\/pages\/2625\/revisions"}],"predecessor-version":[{"id":4119,"href":"https:\/\/albergueesplaibarcelona.com\/fr\/wp-json\/wp\/v2\/pages\/2625\/revisions\/4119"}],"up":[{"embeddable":true,"href":"https:\/\/albergueesplaibarcelona.com\/fr\/wp-json\/wp\/v2\/pages\/3448"}],"wp:attachment":[{"href":"https:\/\/albergueesplaibarcelona.com\/fr\/wp-json\/wp\/v2\/media?parent=2625"}],"curies":[{"name":"wp","href":"https:\/\/api.w.org\/{rel}","templated":true}]}}