{"id":3421,"date":"2019-04-17T13:12:09","date_gmt":"2019-04-17T13:12:09","guid":{"rendered":"http:\/\/albergueesplaibarcelona.com\/reservez-des-maintenant\/"},"modified":"2022-07-13T14:18:49","modified_gmt":"2022-07-13T14:18:49","slug":"reservez-des-maintenant","status":"publish","type":"page","link":"https:\/\/albergueesplaibarcelona.com\/fr\/reservez-des-maintenant\/","title":{"rendered":"R\u00e9servez d\u00e8s maintenant"},"content":{"rendered":"<p>[et_pb_section fb_built=\u00a0\u00bb1&Prime; _builder_version=\u00a0\u00bb3.22&Prime; global_colors_info=\u00a0\u00bb{}\u00a0\u00bb][et_pb_row _builder_version=\u00a0\u00bb3.25&Prime; background_size=\u00a0\u00bbinitial\u00a0\u00bb background_position=\u00a0\u00bbtop_left\u00a0\u00bb background_repeat=\u00a0\u00bbrepeat\u00a0\u00bb global_colors_info=\u00a0\u00bb{}\u00a0\u00bb][et_pb_column type=\u00a0\u00bb4_4&Prime; _builder_version=\u00a0\u00bb3.25&Prime; custom_padding=\u00a0\u00bb|||\u00a0\u00bb global_colors_info=\u00a0\u00bb{}\u00a0\u00bb custom_padding__hover=\u00a0\u00bb|||\u00a0\u00bb][et_pb_post_title meta=\u00a0\u00bboff\u00a0\u00bb featured_image=\u00a0\u00bboff\u00a0\u00bb _builder_version=\u00a0\u00bb3.19.10&Prime; global_colors_info=\u00a0\u00bb{}\u00a0\u00bb][\/et_pb_post_title][et_pb_text disabled_on=\u00a0\u00bbon|on|on\u00a0\u00bb admin_label=\u00a0\u00bbRESTAURANTE\u00a0\u00bb _builder_version=\u00a0\u00bb3.27.4&Prime; disabled=\u00a0\u00bbon\u00a0\u00bb global_colors_info=\u00a0\u00bb{}\u00a0\u00bb]<\/p>\n<p>10 % de r\u00e9duction pour les r\u00e9servations directes ici. Nous vous garantissons le meilleur prix disponible. Profitez-en !<\/p>\n<p>[\/et_pb_text][\/et_pb_column][\/et_pb_row][et_pb_row _builder_version=\u00a0\u00bb4.10.8&Prime; _module_preset=\u00a0\u00bbdefault\u00a0\u00bb global_colors_info=\u00a0\u00bb{}\u00a0\u00bb disabled_on=\u00a0\u00bbon|on|on\u00a0\u00bb disabled=\u00a0\u00bbon\u00a0\u00bb][et_pb_column type=\u00a0\u00bb4_4&Prime; _builder_version=\u00a0\u00bb4.10.8&Prime; _module_preset=\u00a0\u00bbdefault\u00a0\u00bb global_colors_info=\u00a0\u00bb{}\u00a0\u00bb][et_pb_text _builder_version=\u00a0\u00bb4.10.8&Prime; _module_preset=\u00a0\u00bbdefault\u00a0\u00bb global_colors_info=\u00a0\u00bb{}\u00a0\u00bb]<\/p>\n<p><i class=\"fas fa-address-card\"><\/i>   Tous les utilisateurs de l\u2019auberge et du restaurant devront pr\u00e9senter le certificat de vaccination Covid-19 \u00e0 jour pour y acc\u00e9der. Dans le cas de ne pas l\u2019avoir, ils peuvent pr\u00e9senter un test PCR n\u00e9gatif (72h) ou pour les antig\u00e8nes (48h).<\/p>\n<p>[\/et_pb_text][\/et_pb_column][\/et_pb_row][et_pb_row admin_label=\u00a0\u00bbObras ampliaci\u00f3n albergue (FR)\u00a0\u00bb _builder_version=\u00a0\u00bb4.4.7&Prime; background_size=\u00a0\u00bbinitial\u00a0\u00bb background_position=\u00a0\u00bbtop_left\u00a0\u00bb background_repeat=\u00a0\u00bbrepeat\u00a0\u00bb saved_tabs=\u00a0\u00bball\u00a0\u00bb locked=\u00a0\u00bboff\u00a0\u00bb global_colors_info=\u00a0\u00bb{}\u00a0\u00bb][et_pb_column type=\u00a0\u00bb4_4&Prime; _builder_version=\u00a0\u00bb4.4.7&Prime; global_colors_info=\u00a0\u00bb{}\u00a0\u00bb][et_pb_divider show_divider=\u00a0\u00bboff\u00a0\u00bb _builder_version=\u00a0\u00bb4.4.7&Prime; global_colors_info=\u00a0\u00bb{}\u00a0\u00bb][\/et_pb_divider][et_pb_code _builder_version=\u00a0\u00bb4.7.7&Prime; global_colors_info=\u00a0\u00bb{}\u00a0\u00bb]<!-- afegit per Miquel per covid-19  --><!-- [et_pb_line_break_holder] -->\t<\/p>\n<div id=\"seccio-alert-covid-19\" class=\"alerta-libreria\"><!-- [et_pb_line_break_holder] -->\t\t<\/p>\n<div class=\"col-1\"><!-- [et_pb_line_break_holder] --><i class=\"fas fa-exclamation-triangle\"><\/i><!-- [et_pb_line_break_holder] -->    <\/div>\n<p><!-- [et_pb_line_break_holder] -->\t\t<\/p>\n<div class=\"col-2\"><!-- [et_pb_line_break_holder] -->\t\t\t<\/p>\n<div><!-- [et_pb_line_break_holder] -->\t\t\t\t<pee><!-- [et_pb_line_break_holder] -->\t\t\t\tNous vous rappelons que pour confirmer votre r\u00e9servation il est n\u00e9c\u00e9ssaire de suivre les consignes relatives a la mobilit\u00e9, l&rsquo;activit\u00e9 social i aux horaires d\u00e9crites par la r\u00e9solution SLT\/3354\/2020 du DOGC, du 19 d\u00e9cembre au 26 janvier. <a href=\"https:\/\/albergueesplaibarcelona.com\/wp-content\/uploads\/2020\/12\/mesures-26-abril.pdf\" target=\"_blank\" rel=\"noopener\"> + info<\/a><!-- [et_pb_line_break_holder] -->\t\t\t\t\t<!\u2013- [et_pb_br_holder] -\u2013>\t\t\t\t<!-- [et_pb_line_break_holder] -->\t\t\t\t<\/pee><!-- [et_pb_line_break_holder] -->\t\t\t<\/div>\n<p><!-- [et_pb_line_break_holder] -->\t\t<\/div>\n<p><!-- [et_pb_line_break_holder] -->\t<\/div>\n<p>[\/et_pb_code][\/et_pb_column][\/et_pb_row][et_pb_row _builder_version=\u00a0\u00bb3.25&Prime; max_width=\u00a0\u00bb1080px\u00a0\u00bb module_alignment=\u00a0\u00bbcenter\u00a0\u00bb global_colors_info=\u00a0\u00bb{}\u00a0\u00bb][et_pb_column type=\u00a0\u00bb4_4&Prime; _builder_version=\u00a0\u00bb3.25&Prime; custom_padding=\u00a0\u00bb|||\u00a0\u00bb global_colors_info=\u00a0\u00bb{}\u00a0\u00bb custom_padding__hover=\u00a0\u00bb|||\u00a0\u00bb][et_pb_code module_class=\u00a0\u00bbreservas-codigo \u00a0\u00bb _builder_version=\u00a0\u00bb3.22.7&Prime; text_orientation=\u00a0\u00bbcenter\u00a0\u00bb z_index_tablet=\u00a0\u00bb500&Prime; global_colors_info=\u00a0\u00bb{}\u00a0\u00bb]<\/p>\n<div class=\"ibe\" data-region=\"emea\" data-channelcode=\"albergcentredirect\" data-widget=\"embed\" data-query-locale=\"fr\" ><\/div>\n<p><!-- [et_pb_line_break_holder] --><script src=\"https:\/\/widget.siteminder.com\/ibe.min.js\"><\/script>[\/et_pb_code][\/et_pb_column][\/et_pb_row][\/et_pb_section][et_pb_section fb_built=\u00a0\u00bb1&Prime; module_class=\u00a0\u00bbseccio-som-fundesplai\u00a0\u00bb _builder_version=\u00a0\u00bb3.22.3&Prime; background_color=\u00a0\u00bb#c3c3c2&Prime; global_module=\u00a0\u00bb26&Prime; global_colors_info=\u00a0\u00bb{}\u00a0\u00bb][et_pb_row column_structure=\u00a0\u00bb1_3,2_3&Prime; make_equal=\u00a0\u00bbon\u00a0\u00bb _builder_version=\u00a0\u00bb3.25&Prime; global_colors_info=\u00a0\u00bb{}\u00a0\u00bb][et_pb_column type=\u00a0\u00bb1_3&Prime; _builder_version=\u00a0\u00bb3.25&Prime; background_image=\u00a0\u00bbhttps:\/\/albergueesplaibarcelona.com\/wp-content\/uploads\/2018\/06\/ninots-1.png\u00a0\u00bb background_size=\u00a0\u00bbcontain\u00a0\u00bb background_position=\u00a0\u00bbbottom_left\u00a0\u00bb custom_padding=\u00a0\u00bb|||\u00a0\u00bb global_colors_info=\u00a0\u00bb{}\u00a0\u00bb custom_padding__hover=\u00a0\u00bb|||\u00a0\u00bb][\/et_pb_column][et_pb_column type=\u00a0\u00bb2_3&Prime; _builder_version=\u00a0\u00bb3.25&Prime; custom_padding=\u00a0\u00bb50px||50px|50px\u00a0\u00bb global_colors_info=\u00a0\u00bb{}\u00a0\u00bb custom_padding__hover=\u00a0\u00bb|||\u00a0\u00bb][et_pb_text admin_label=\u00a0\u00bbSomos Fundesplai (FR)\u00a0\u00bb _builder_version=\u00a0\u00bb4.2.2&Prime; custom_margin=\u00a0\u00bb||20px|\u00a0\u00bb z_index_tablet=\u00a0\u00bb500&Prime; global_colors_info=\u00a0\u00bb{}\u00a0\u00bb]\n\t\t\t<div>\n\t\t\t\t<h2>\n\t\t\t\t\tNous sommes Fundesplai\n\t\t\t\t<\/h2>\n\t\t\t\t<p>\n\t\t\t\t\tNous sommes <strong>Fundesplai<\/strong>, une organisation \u00e0 but non lucratif dont la mission est d'\u00e9duquer les enfants et les jeunes, de renforcer les organisations de loisirs et le secteur associatif, d'am\u00e9liorer l'environnement et de promouvoir la citoyennet\u00e9 et l'inclusion sociale, avec une volont\u00e9 de transformation.\n\t\t\t\t<\/p>\n\t\t\t\t<p>\n\t\t\t\t\t\n\t\t\t\t<\/p>\n\t\t\t\t<p>\n\t\t\t\t\t<a class='et_pb_button et_pb_custom_button_icon et_hover_enabled et_pb_bg_layout_light' href='https:\/\/fundesplai.org\/coneix-fundesplai\/' data-icon='' style='display: inline-block;'>\n\t\t\t\t\t\tFaites connaissance avec Fundesplai\n\t\t\t\t\t<\/a>\n\t\t\t\t<\/p>\n\t\t\t<\/div>\n\t\t[\/et_pb_text][\/et_pb_column][\/et_pb_row][\/et_pb_section]<\/p>\n","protected":false},"excerpt":{"rendered":"<p>10 % de r\u00e9duction pour les r\u00e9servations directes ici. Nous vous garantissons le meilleur prix disponible. Profitez-en ! Tous les utilisateurs de l\u2019auberge et du restaurant devront pr\u00e9senter le certificat de vaccination Covid-19 \u00e0 jour pour y acc\u00e9der. Dans le cas de ne pas l\u2019avoir, ils peuvent pr\u00e9senter un test PCR n\u00e9gatif (72h) ou pour [&hellip;]<\/p>\n","protected":false},"author":1,"featured_media":0,"parent":0,"menu_order":0,"comment_status":"closed","ping_status":"closed","template":"","meta":{"_et_pb_use_builder":"on","_et_pb_old_content":"","_et_gb_content_width":"","footnotes":""},"class_list":["post-3421","page","type-page","status-publish","hentry"],"yoast_head":"<!-- This site is optimized with the Yoast SEO plugin v27.3 - https:\/\/yoast.com\/product\/yoast-seo-wordpress\/ -->\n<title>R\u00e9servez d\u00e8s maintenant - Alberg Centre Esplai<\/title>\n<meta name=\"robots\" content=\"index, follow, max-snippet:-1, max-image-preview:large, max-video-preview:-1\" \/>\n<link rel=\"canonical\" href=\"https:\/\/albergueesplaibarcelona.com\/fr\/reservez-des-maintenant\/\" \/>\n<meta property=\"og:locale\" content=\"fr_FR\" \/>\n<meta property=\"og:type\" content=\"article\" \/>\n<meta property=\"og:title\" content=\"R\u00e9servez d\u00e8s maintenant - Alberg Centre Esplai\" \/>\n<meta property=\"og:description\" content=\"10 % de r\u00e9duction pour les r\u00e9servations directes ici. Nous vous garantissons le meilleur prix disponible. Profitez-en ! Tous les utilisateurs de l\u2019auberge et du restaurant devront pr\u00e9senter le certificat de vaccination Covid-19 \u00e0 jour pour y acc\u00e9der. Dans le cas de ne pas l\u2019avoir, ils peuvent pr\u00e9senter un test PCR n\u00e9gatif (72h) ou pour [&hellip;]\" \/>\n<meta property=\"og:url\" content=\"https:\/\/albergueesplaibarcelona.com\/fr\/reservez-des-maintenant\/\" \/>\n<meta property=\"og:site_name\" content=\"Alberg Centre Esplai\" \/>\n<meta property=\"article:modified_time\" content=\"2022-07-13T14:18:49+00:00\" \/>\n<meta name=\"twitter:card\" content=\"summary_large_image\" \/>\n<meta name=\"twitter:label1\" content=\"Dur\u00e9e de lecture estim\u00e9e\" \/>\n\t<meta name=\"twitter:data1\" content=\"2 minutes\" \/>\n<script type=\"application\/ld+json\" class=\"yoast-schema-graph\">{\"@context\":\"https:\\\/\\\/schema.org\",\"@graph\":[{\"@type\":\"WebPage\",\"@id\":\"https:\\\/\\\/albergueesplaibarcelona.com\\\/fr\\\/reservez-des-maintenant\\\/\",\"url\":\"https:\\\/\\\/albergueesplaibarcelona.com\\\/fr\\\/reservez-des-maintenant\\\/\",\"name\":\"R\u00e9servez d\u00e8s maintenant - Alberg Centre Esplai\",\"isPartOf\":{\"@id\":\"https:\\\/\\\/albergueesplaibarcelona.com\\\/fr\\\/#website\"},\"datePublished\":\"2019-04-17T13:12:09+00:00\",\"dateModified\":\"2022-07-13T14:18:49+00:00\",\"breadcrumb\":{\"@id\":\"https:\\\/\\\/albergueesplaibarcelona.com\\\/fr\\\/reservez-des-maintenant\\\/#breadcrumb\"},\"inLanguage\":\"fr-FR\",\"potentialAction\":[{\"@type\":\"ReadAction\",\"target\":[\"https:\\\/\\\/albergueesplaibarcelona.com\\\/fr\\\/reservez-des-maintenant\\\/\"]}]},{\"@type\":\"BreadcrumbList\",\"@id\":\"https:\\\/\\\/albergueesplaibarcelona.com\\\/fr\\\/reservez-des-maintenant\\\/#breadcrumb\",\"itemListElement\":[{\"@type\":\"ListItem\",\"position\":1,\"name\":\"Accueil\",\"item\":\"https:\\\/\\\/albergueesplaibarcelona.com\\\/fr\\\/\"},{\"@type\":\"ListItem\",\"position\":2,\"name\":\"R\u00e9servez d\u00e8s maintenant\"}]},{\"@type\":\"WebSite\",\"@id\":\"https:\\\/\\\/albergueesplaibarcelona.com\\\/fr\\\/#website\",\"url\":\"https:\\\/\\\/albergueesplaibarcelona.com\\\/fr\\\/\",\"name\":\"Alberg Centre Esplai\",\"description\":\"Alberg\",\"publisher\":{\"@id\":\"https:\\\/\\\/albergueesplaibarcelona.com\\\/fr\\\/#organization\"},\"potentialAction\":[{\"@type\":\"SearchAction\",\"target\":{\"@type\":\"EntryPoint\",\"urlTemplate\":\"https:\\\/\\\/albergueesplaibarcelona.com\\\/fr\\\/?s={search_term_string}\"},\"query-input\":{\"@type\":\"PropertyValueSpecification\",\"valueRequired\":true,\"valueName\":\"search_term_string\"}}],\"inLanguage\":\"fr-FR\"},{\"@type\":\"Organization\",\"@id\":\"https:\\\/\\\/albergueesplaibarcelona.com\\\/fr\\\/#organization\",\"name\":\"Albergue Centre Esplai\",\"url\":\"https:\\\/\\\/albergueesplaibarcelona.com\\\/fr\\\/\",\"logo\":{\"@type\":\"ImageObject\",\"inLanguage\":\"fr-FR\",\"@id\":\"https:\\\/\\\/albergueesplaibarcelona.com\\\/fr\\\/#\\\/schema\\\/logo\\\/image\\\/\",\"url\":\"https:\\\/\\\/albergueesplaibarcelona.com\\\/wp-content\\\/uploads\\\/2020\\\/12\\\/logo_alberg_centre_esplai-e1608117409320.png\",\"contentUrl\":\"https:\\\/\\\/albergueesplaibarcelona.com\\\/wp-content\\\/uploads\\\/2020\\\/12\\\/logo_alberg_centre_esplai-e1608117409320.png\",\"width\":500,\"height\":241,\"caption\":\"Albergue Centre Esplai\"},\"image\":{\"@id\":\"https:\\\/\\\/albergueesplaibarcelona.com\\\/fr\\\/#\\\/schema\\\/logo\\\/image\\\/\"}}]}<\/script>\n<!-- \/ Yoast SEO plugin. -->","yoast_head_json":{"title":"R\u00e9servez d\u00e8s maintenant - Alberg Centre Esplai","robots":{"index":"index","follow":"follow","max-snippet":"max-snippet:-1","max-image-preview":"max-image-preview:large","max-video-preview":"max-video-preview:-1"},"canonical":"https:\/\/albergueesplaibarcelona.com\/fr\/reservez-des-maintenant\/","og_locale":"fr_FR","og_type":"article","og_title":"R\u00e9servez d\u00e8s maintenant - Alberg Centre Esplai","og_description":"10 % de r\u00e9duction pour les r\u00e9servations directes ici. Nous vous garantissons le meilleur prix disponible. Profitez-en ! Tous les utilisateurs de l\u2019auberge et du restaurant devront pr\u00e9senter le certificat de vaccination Covid-19 \u00e0 jour pour y acc\u00e9der. Dans le cas de ne pas l\u2019avoir, ils peuvent pr\u00e9senter un test PCR n\u00e9gatif (72h) ou pour [&hellip;]","og_url":"https:\/\/albergueesplaibarcelona.com\/fr\/reservez-des-maintenant\/","og_site_name":"Alberg Centre Esplai","article_modified_time":"2022-07-13T14:18:49+00:00","twitter_card":"summary_large_image","twitter_misc":{"Dur\u00e9e de lecture estim\u00e9e":"2 minutes"},"schema":{"@context":"https:\/\/schema.org","@graph":[{"@type":"WebPage","@id":"https:\/\/albergueesplaibarcelona.com\/fr\/reservez-des-maintenant\/","url":"https:\/\/albergueesplaibarcelona.com\/fr\/reservez-des-maintenant\/","name":"R\u00e9servez d\u00e8s maintenant - Alberg Centre Esplai","isPartOf":{"@id":"https:\/\/albergueesplaibarcelona.com\/fr\/#website"},"datePublished":"2019-04-17T13:12:09+00:00","dateModified":"2022-07-13T14:18:49+00:00","breadcrumb":{"@id":"https:\/\/albergueesplaibarcelona.com\/fr\/reservez-des-maintenant\/#breadcrumb"},"inLanguage":"fr-FR","potentialAction":[{"@type":"ReadAction","target":["https:\/\/albergueesplaibarcelona.com\/fr\/reservez-des-maintenant\/"]}]},{"@type":"BreadcrumbList","@id":"https:\/\/albergueesplaibarcelona.com\/fr\/reservez-des-maintenant\/#breadcrumb","itemListElement":[{"@type":"ListItem","position":1,"name":"Accueil","item":"https:\/\/albergueesplaibarcelona.com\/fr\/"},{"@type":"ListItem","position":2,"name":"R\u00e9servez d\u00e8s maintenant"}]},{"@type":"WebSite","@id":"https:\/\/albergueesplaibarcelona.com\/fr\/#website","url":"https:\/\/albergueesplaibarcelona.com\/fr\/","name":"Alberg Centre Esplai","description":"Alberg","publisher":{"@id":"https:\/\/albergueesplaibarcelona.com\/fr\/#organization"},"potentialAction":[{"@type":"SearchAction","target":{"@type":"EntryPoint","urlTemplate":"https:\/\/albergueesplaibarcelona.com\/fr\/?s={search_term_string}"},"query-input":{"@type":"PropertyValueSpecification","valueRequired":true,"valueName":"search_term_string"}}],"inLanguage":"fr-FR"},{"@type":"Organization","@id":"https:\/\/albergueesplaibarcelona.com\/fr\/#organization","name":"Albergue Centre Esplai","url":"https:\/\/albergueesplaibarcelona.com\/fr\/","logo":{"@type":"ImageObject","inLanguage":"fr-FR","@id":"https:\/\/albergueesplaibarcelona.com\/fr\/#\/schema\/logo\/image\/","url":"https:\/\/albergueesplaibarcelona.com\/wp-content\/uploads\/2020\/12\/logo_alberg_centre_esplai-e1608117409320.png","contentUrl":"https:\/\/albergueesplaibarcelona.com\/wp-content\/uploads\/2020\/12\/logo_alberg_centre_esplai-e1608117409320.png","width":500,"height":241,"caption":"Albergue Centre Esplai"},"image":{"@id":"https:\/\/albergueesplaibarcelona.com\/fr\/#\/schema\/logo\/image\/"}}]}},"_links":{"self":[{"href":"https:\/\/albergueesplaibarcelona.com\/fr\/wp-json\/wp\/v2\/pages\/3421","targetHints":{"allow":["GET"]}}],"collection":[{"href":"https:\/\/albergueesplaibarcelona.com\/fr\/wp-json\/wp\/v2\/pages"}],"about":[{"href":"https:\/\/albergueesplaibarcelona.com\/fr\/wp-json\/wp\/v2\/types\/page"}],"author":[{"embeddable":true,"href":"https:\/\/albergueesplaibarcelona.com\/fr\/wp-json\/wp\/v2\/users\/1"}],"replies":[{"embeddable":true,"href":"https:\/\/albergueesplaibarcelona.com\/fr\/wp-json\/wp\/v2\/comments?post=3421"}],"version-history":[{"count":12,"href":"https:\/\/albergueesplaibarcelona.com\/fr\/wp-json\/wp\/v2\/pages\/3421\/revisions"}],"predecessor-version":[{"id":14404,"href":"https:\/\/albergueesplaibarcelona.com\/fr\/wp-json\/wp\/v2\/pages\/3421\/revisions\/14404"}],"wp:attachment":[{"href":"https:\/\/albergueesplaibarcelona.com\/fr\/wp-json\/wp\/v2\/media?parent=3421"}],"curies":[{"name":"wp","href":"https:\/\/api.w.org\/{rel}","templated":true}]}}