{"id":3494,"date":"2019-04-23T11:02:04","date_gmt":"2019-04-23T11:02:04","guid":{"rendered":"http:\/\/albergueesplaibarcelona.com\/merci-groupe\/"},"modified":"2019-04-23T11:02:06","modified_gmt":"2019-04-23T11:02:06","slug":"merci-groupe","status":"publish","type":"page","link":"https:\/\/albergueesplaibarcelona.com\/fr\/merci-groupe\/","title":{"rendered":"Merci groupe"},"content":{"rendered":"<p>[et_pb_section bb_built=\u00a0\u00bb1&Prime; next_background_color=\u00a0\u00bb#c3c3c2&Prime;][et_pb_row][et_pb_column type=\u00a0\u00bb4_4&Prime;][et_pb_text admin_label=\u00a0\u00bbgracias por tu solicitud\u00a0\u00bb _builder_version=\u00a0\u00bb3.19.10&Prime;]<\/p>\n<h2 style=\"text-align: center\">MERCI POUR VOTRE REQU\u00caTE<\/h2>\n<div class=\"et_pb_module et_pb_text et_pb_text_0 et_pb_bg_layout_light et_pb_text_align_center\">\n<div class=\"et_pb_text_inner\">\n<p style=\"text-align: center\">Nous vous enverrons notre devis sous peu.<\/p>\n<p style=\"text-align: center\">Nous esp\u00e9rons que vous et votre groupe pourrons profiter de notre auberge de jeunesse.<\/p>\n<p style=\"text-align: center\"><em>L&rsquo;\u00e9quipe de l&rsquo;auberge de jeunesse Centre Esplai<\/em><\/p>\n<\/p>\n<\/div>\n<\/div>\n<p>[\/et_pb_text][\/et_pb_column][\/et_pb_row][et_pb_row][et_pb_column type=\u00a0\u00bb4_4&Prime;][et_pb_text _builder_version=\u00a0\u00bb3.19.10&Prime;]<\/p>\n<h2 style=\"text-align: center\">\u00c9COTOURISME BARCELONE<\/h2>\n<p>[\/et_pb_text][et_pb_code _builder_version=\u00a0\u00bb3.19.10&Prime;]<\/p>\n<div class=\"graella-fotos no-hover graella-entrades\"><!-- [et_pb_line_break_holder] --> <!-- [et_pb_line_break_holder] -->\t<a href=\"https:\/\/albergueesplaibarcelona.com\/ca\/blog-ca\/que_fer\/recepta-carxofes-confitades\/\" class=\"foto-amb-overlay\" style=\"background-image:url('https:\/\/albergueesplaibarcelona.com\/wp-content\/uploads\/2021\/03\/carxofes_confitades_portada_Fundesplai-800x381.jpg')\"><!-- [et_pb_line_break_holder] -->\t\t<\/p>\n<div class=\"overlay\"><!-- [et_pb_line_break_holder] -->\t\t\t<\/p>\n<div class=\"overlay-title\"><!-- [et_pb_line_break_holder] -->\t\t\t\tRecepta: Carxofes confitades<!-- [et_pb_line_break_holder] -->\t\t\t<\/div>\n<p><!-- [et_pb_line_break_holder] -->\t\t\t<\/p>\n<div class=\"overlay-body\"><!-- [et_pb_line_break_holder] -->\t\t\t\t05.03.2017 \u2022<!-- [et_pb_line_break_holder] -->\t\t\t\tQu\u00e8 fer?<!-- [et_pb_line_break_holder] -->\t\t\t<\/div>\n<p><!-- [et_pb_line_break_holder] -->\t\t<\/div>\n<p><!-- [et_pb_line_break_holder] -->\t<\/a><!-- [et_pb_line_break_holder] --> <!-- [et_pb_line_break_holder] -->\t<a href=\"https:\/\/albergueesplaibarcelona.com\/ca\/blog-ca\/que_fer\/recepta-carxofes-al-forn-amb-vinagreta\/\" class=\"foto-amb-overlay\" style=\"background-image:url('https:\/\/albergueesplaibarcelona.com\/wp-content\/uploads\/2021\/03\/carxofes_forn_fundesplai-800x381.jpg')\"><!-- [et_pb_line_break_holder] -->\t\t<\/p>\n<div class=\"overlay\"><!-- [et_pb_line_break_holder] -->\t\t\t<\/p>\n<div class=\"overlay-title\"><!-- [et_pb_line_break_holder] -->\t\t\t\tRecepta: Carxofes al forn amb vinagreta<!-- [et_pb_line_break_holder] -->\t\t\t<\/div>\n<p><!-- [et_pb_line_break_holder] -->\t\t\t<\/p>\n<div class=\"overlay-body\"><!-- [et_pb_line_break_holder] -->\t\t\t\t05.03.2017 \u2022<!-- [et_pb_line_break_holder] -->\t\t\t\tQu\u00e8 fer?<!-- [et_pb_line_break_holder] -->\t\t\t<\/div>\n<p><!-- [et_pb_line_break_holder] -->\t\t<\/div>\n<p><!-- [et_pb_line_break_holder] -->\t<\/a><!-- [et_pb_line_break_holder] --> <!-- [et_pb_line_break_holder] -->\t<a href=\"https:\/\/albergueesplaibarcelona.com\/ca\/blog-ca\/que_fer\/recepta-xips-de-carxofa-al-forn\/\" class=\"foto-amb-overlay\" style=\"background-image:url('https:\/\/albergueesplaibarcelona.com\/wp-content\/uploads\/2021\/03\/xips_carxofa_portada_Fundesplai-800x381.jpg')\"><!-- [et_pb_line_break_holder] -->\t\t<\/p>\n<div class=\"overlay\"><!-- [et_pb_line_break_holder] -->\t\t\t<\/p>\n<div class=\"overlay-title\"><!-- [et_pb_line_break_holder] -->\t\t\t\tRecepta: Xips de carxofa al forn<!-- [et_pb_line_break_holder] -->\t\t\t<\/div>\n<p><!-- [et_pb_line_break_holder] -->\t\t\t<\/p>\n<div class=\"overlay-body\"><!-- [et_pb_line_break_holder] -->\t\t\t\t05.03.2017 \u2022<!-- [et_pb_line_break_holder] -->\t\t\t\tQu\u00e8 fer?<!-- [et_pb_line_break_holder] -->\t\t\t<\/div>\n<p><!-- [et_pb_line_break_holder] -->\t\t<\/div>\n<p><!-- [et_pb_line_break_holder] -->\t<\/a><!-- [et_pb_line_break_holder] --> <!-- [et_pb_line_break_holder] --><\/div>\n<p>[\/et_pb_code][\/et_pb_column][\/et_pb_row][\/et_pb_section][et_pb_section bb_built=\u00a0\u00bb1&Prime; background_color=\u00a0\u00bb#c3c3c2&Prime; module_class=\u00a0\u00bbseccio-som-fundesplai\u00a0\u00bb _builder_version=\u00a0\u00bb3.4.1&Prime; prev_background_color=\u00a0\u00bb#ffffff\u00a0\u00bb global_module=\u00a0\u00bb26&Prime;][et_pb_row global_parent=\u00a0\u00bb26&Prime; make_equal=\u00a0\u00bbon\u00a0\u00bb bg_img_1=\u00a0\u00bbhttps:\/\/albergueesplaibarcelona.com\/wp-content\/uploads\/2018\/06\/ninots-1.png\u00a0\u00bb padding_top_2=\u00a0\u00bb50px\u00a0\u00bb padding_bottom_2=\u00a0\u00bb50px\u00a0\u00bb padding_left_2=\u00a0\u00bb50px\u00a0\u00bb background_size_1=\u00a0\u00bbcontain\u00a0\u00bb background_position_1=\u00a0\u00bbbottom_left\u00a0\u00bb background_repeat_1=\u00a0\u00bbno-repeat\u00a0\u00bb _builder_version=\u00a0\u00bb3.0.95&Prime;][et_pb_column type=\u00a0\u00bb1_3&Prime;][\/et_pb_column][et_pb_column type=\u00a0\u00bb2_3&Prime;][et_pb_text admin_label=\u00a0\u00bbSomos Fundesplai (CAST)\u00a0\u00bb global_parent=\u00a0\u00bb26&Prime; _builder_version=\u00a0\u00bb3.19.10&Prime; custom_margin=\u00a0\u00bb||20px|\u00a0\u00bb]<\/p>\n<p>&lt;!&#8211; wpml:html_fragment <\/p>\n<p> &#8211;&gt;<\/p>\n<h2>Nous, c&rsquo;est Fundesplai<\/h2>\n<p><strong>Nous sommes une ONG <\/strong> qui, depuis 45 ans, s&rsquo;occupe de l&rsquo;\u00e9ducation et du bien-\u00eatre des enfants, de l&rsquo;\u00e9galit\u00e9, de l&rsquo;inclusion sociale, de la protection de la nature et du secteur tertiaire.<\/p>\n<p>L&rsquo;auberge de jeunesse Centre Esplai nous aide \u00e0 mener \u00e0 bien notre mission \u00e9ducative, sociale et environnementale.<\/p>\n<p>[\/et_pb_text][et_pb_button admin_label=\u00a0\u00bbBot\u00f3 Conoce Fundesplai\u00a0\u00bb global_parent=\u00a0\u00bb26&Prime; button_url=\u00a0\u00bbhttps:\/\/fundesplai.org\/es\/\u00a0\u00bb button_text=\u00a0\u00bbD\u00e9couvrez Fundesplai\u00a0\u00bb _builder_version=\u00a0\u00bb3.19.10&Prime; custom_button=\u00a0\u00bbon\u00a0\u00bb button_text_color=\u00a0\u00bb#ffffff\u00a0\u00bb button_bg_color=\u00a0\u00bb#666666&Prime; button_icon=\u00a0\u00bb%%20%%\u00a0\u00bb url_new_window=\u00a0\u00bbon\u00a0\u00bb button_text_size__hover_enabled=\u00a0\u00bboff\u00a0\u00bb button_text_size__hover=\u00a0\u00bbnull\u00a0\u00bb button_one_text_size__hover_enabled=\u00a0\u00bboff\u00a0\u00bb button_one_text_size__hover=\u00a0\u00bbnull\u00a0\u00bb button_two_text_size__hover_enabled=\u00a0\u00bboff\u00a0\u00bb button_two_text_size__hover=\u00a0\u00bbnull\u00a0\u00bb button_text_color__hover_enabled=\u00a0\u00bboff\u00a0\u00bb button_text_color__hover=\u00a0\u00bbnull\u00a0\u00bb button_one_text_color__hover_enabled=\u00a0\u00bboff\u00a0\u00bb button_one_text_color__hover=\u00a0\u00bbnull\u00a0\u00bb button_two_text_color__hover_enabled=\u00a0\u00bboff\u00a0\u00bb button_two_text_color__hover=\u00a0\u00bbnull\u00a0\u00bb button_border_width__hover_enabled=\u00a0\u00bboff\u00a0\u00bb button_border_width__hover=\u00a0\u00bbnull\u00a0\u00bb button_one_border_width__hover_enabled=\u00a0\u00bboff\u00a0\u00bb button_one_border_width__hover=\u00a0\u00bbnull\u00a0\u00bb button_two_border_width__hover_enabled=\u00a0\u00bboff\u00a0\u00bb button_two_border_width__hover=\u00a0\u00bbnull\u00a0\u00bb button_border_color__hover_enabled=\u00a0\u00bboff\u00a0\u00bb button_border_color__hover=\u00a0\u00bbnull\u00a0\u00bb button_one_border_color__hover_enabled=\u00a0\u00bboff\u00a0\u00bb button_one_border_color__hover=\u00a0\u00bbnull\u00a0\u00bb button_two_border_color__hover_enabled=\u00a0\u00bboff\u00a0\u00bb button_two_border_color__hover=\u00a0\u00bbnull\u00a0\u00bb button_border_radius__hover_enabled=\u00a0\u00bboff\u00a0\u00bb button_border_radius__hover=\u00a0\u00bbnull\u00a0\u00bb button_one_border_radius__hover_enabled=\u00a0\u00bboff\u00a0\u00bb button_one_border_radius__hover=\u00a0\u00bbnull\u00a0\u00bb button_two_border_radius__hover_enabled=\u00a0\u00bboff\u00a0\u00bb button_two_border_radius__hover=\u00a0\u00bbnull\u00a0\u00bb button_letter_spacing__hover_enabled=\u00a0\u00bboff\u00a0\u00bb button_letter_spacing__hover=\u00a0\u00bbnull\u00a0\u00bb button_one_letter_spacing__hover_enabled=\u00a0\u00bboff\u00a0\u00bb button_one_letter_spacing__hover=\u00a0\u00bbnull\u00a0\u00bb button_two_letter_spacing__hover_enabled=\u00a0\u00bboff\u00a0\u00bb button_two_letter_spacing__hover=\u00a0\u00bbnull\u00a0\u00bb button_bg_color__hover_enabled=\u00a0\u00bbon\u00a0\u00bb button_one_bg_color__hover_enabled=\u00a0\u00bboff\u00a0\u00bb button_one_bg_color__hover=\u00a0\u00bbnull\u00a0\u00bb button_two_bg_color__hover_enabled=\u00a0\u00bboff\u00a0\u00bb button_two_bg_color__hover=\u00a0\u00bbnull\u00a0\u00bb button_bg_color__hover=\u00a0\u00bb#666666&Prime; \/][\/et_pb_column][\/et_pb_row][\/et_pb_section]<\/p>\n","protected":false},"excerpt":{"rendered":"<p><div class=\"et_pb_row et_pb_row_0 et_pb_row_empty\">\n\t\t\t\t\n\t\t\t\t\n\t\t\t\t\n\t\t\t\t\n\t\t\t\t\n\t\t\t<\/div> MERCI POUR VOTRE REQU\u00caTENous vous enverrons notre devis sous peu.Nous esp\u00e9rons que vous et votre groupe pourrons profiter de notre auberge de jeunesse.L&rsquo;\u00e9quipe de l&rsquo;auberge de jeunesse Centre Esplai <div class=\"et_pb_row et_pb_row_1 et_pb_row_empty\">\n\t\t\t\t\n\t\t\t\t\n\t\t\t\t\n\t\t\t\t\n\t\t\t\t\n\t\t\t<\/div> \u00c9COTOURISME BARCELONE  Recepta: Carxofes confitades 05.03.2017 \u2022 Qu\u00e8 fer?  Recepta: Carxofes al forn amb vinagreta 05.03.2017 \u2022 Qu\u00e8 fer?  Recepta: Xips de carxofa al forn 05.03.2017 \u2022 Qu\u00e8 fer?  &lt;!&#8211; wpml:html_fragment &#8211;&gt; Nous, c&rsquo;est Fundesplai Nous sommes une ONG qui, depuis 45 [&hellip;]<\/p>\n","protected":false},"author":1,"featured_media":0,"parent":0,"menu_order":0,"comment_status":"closed","ping_status":"closed","template":"","meta":{"_et_pb_use_builder":"on","_et_pb_old_content":"","_et_gb_content_width":"","footnotes":""},"class_list":["post-3494","page","type-page","status-publish","hentry"],"yoast_head":"<!-- This site is optimized with the Yoast SEO plugin v27.4 - https:\/\/yoast.com\/product\/yoast-seo-wordpress\/ -->\n<title>Merci groupe - Alberg Centre Esplai<\/title>\n<meta name=\"robots\" content=\"index, follow, max-snippet:-1, max-image-preview:large, max-video-preview:-1\" \/>\n<link rel=\"canonical\" href=\"https:\/\/albergueesplaibarcelona.com\/fr\/merci-groupe\/\" \/>\n<meta property=\"og:locale\" content=\"fr_FR\" \/>\n<meta property=\"og:type\" content=\"article\" \/>\n<meta property=\"og:title\" content=\"Merci groupe - Alberg Centre Esplai\" \/>\n<meta property=\"og:description\" content=\"MERCI POUR VOTRE REQU\u00caTENous vous enverrons notre devis sous peu.Nous esp\u00e9rons que vous et votre groupe pourrons profiter de notre auberge de jeunesse.L&#039;\u00e9quipe de l&#039;auberge de jeunesse Centre Esplai \u00c9COTOURISME BARCELONE &lt;!-- wpml:html_fragment --&gt; Nous, c&#039;est Fundesplai Nous sommes une ONG qui, depuis 45 [&hellip;]\" \/>\n<meta property=\"og:url\" content=\"https:\/\/albergueesplaibarcelona.com\/fr\/merci-groupe\/\" \/>\n<meta property=\"og:site_name\" content=\"Alberg Centre Esplai\" \/>\n<meta property=\"article:modified_time\" content=\"2019-04-23T11:02:06+00:00\" \/>\n<meta name=\"twitter:card\" content=\"summary_large_image\" \/>\n<meta name=\"twitter:label1\" content=\"Dur\u00e9e de lecture estim\u00e9e\" \/>\n\t<meta name=\"twitter:data1\" content=\"3 minutes\" \/>\n<script type=\"application\/ld+json\" class=\"yoast-schema-graph\">{\"@context\":\"https:\\\/\\\/schema.org\",\"@graph\":[{\"@type\":\"WebPage\",\"@id\":\"https:\\\/\\\/albergueesplaibarcelona.com\\\/fr\\\/merci-groupe\\\/\",\"url\":\"https:\\\/\\\/albergueesplaibarcelona.com\\\/fr\\\/merci-groupe\\\/\",\"name\":\"Merci groupe - Alberg Centre Esplai\",\"isPartOf\":{\"@id\":\"https:\\\/\\\/albergueesplaibarcelona.com\\\/fr\\\/#website\"},\"datePublished\":\"2019-04-23T11:02:04+00:00\",\"dateModified\":\"2019-04-23T11:02:06+00:00\",\"breadcrumb\":{\"@id\":\"https:\\\/\\\/albergueesplaibarcelona.com\\\/fr\\\/merci-groupe\\\/#breadcrumb\"},\"inLanguage\":\"fr-FR\",\"potentialAction\":[{\"@type\":\"ReadAction\",\"target\":[\"https:\\\/\\\/albergueesplaibarcelona.com\\\/fr\\\/merci-groupe\\\/\"]}]},{\"@type\":\"BreadcrumbList\",\"@id\":\"https:\\\/\\\/albergueesplaibarcelona.com\\\/fr\\\/merci-groupe\\\/#breadcrumb\",\"itemListElement\":[{\"@type\":\"ListItem\",\"position\":1,\"name\":\"Accueil\",\"item\":\"https:\\\/\\\/albergueesplaibarcelona.com\\\/fr\\\/\"},{\"@type\":\"ListItem\",\"position\":2,\"name\":\"Merci groupe\"}]},{\"@type\":\"WebSite\",\"@id\":\"https:\\\/\\\/albergueesplaibarcelona.com\\\/fr\\\/#website\",\"url\":\"https:\\\/\\\/albergueesplaibarcelona.com\\\/fr\\\/\",\"name\":\"Alberg Centre Esplai\",\"description\":\"Alberg\",\"publisher\":{\"@id\":\"https:\\\/\\\/albergueesplaibarcelona.com\\\/fr\\\/#organization\"},\"potentialAction\":[{\"@type\":\"SearchAction\",\"target\":{\"@type\":\"EntryPoint\",\"urlTemplate\":\"https:\\\/\\\/albergueesplaibarcelona.com\\\/fr\\\/?s={search_term_string}\"},\"query-input\":{\"@type\":\"PropertyValueSpecification\",\"valueRequired\":true,\"valueName\":\"search_term_string\"}}],\"inLanguage\":\"fr-FR\"},{\"@type\":\"Organization\",\"@id\":\"https:\\\/\\\/albergueesplaibarcelona.com\\\/fr\\\/#organization\",\"name\":\"Albergue Centre Esplai\",\"url\":\"https:\\\/\\\/albergueesplaibarcelona.com\\\/fr\\\/\",\"logo\":{\"@type\":\"ImageObject\",\"inLanguage\":\"fr-FR\",\"@id\":\"https:\\\/\\\/albergueesplaibarcelona.com\\\/fr\\\/#\\\/schema\\\/logo\\\/image\\\/\",\"url\":\"https:\\\/\\\/albergueesplaibarcelona.com\\\/wp-content\\\/uploads\\\/2020\\\/12\\\/logo_alberg_centre_esplai-e1608117409320.png\",\"contentUrl\":\"https:\\\/\\\/albergueesplaibarcelona.com\\\/wp-content\\\/uploads\\\/2020\\\/12\\\/logo_alberg_centre_esplai-e1608117409320.png\",\"width\":500,\"height\":241,\"caption\":\"Albergue Centre Esplai\"},\"image\":{\"@id\":\"https:\\\/\\\/albergueesplaibarcelona.com\\\/fr\\\/#\\\/schema\\\/logo\\\/image\\\/\"}}]}<\/script>\n<!-- \/ Yoast SEO plugin. -->","yoast_head_json":{"title":"Merci groupe - Alberg Centre Esplai","robots":{"index":"index","follow":"follow","max-snippet":"max-snippet:-1","max-image-preview":"max-image-preview:large","max-video-preview":"max-video-preview:-1"},"canonical":"https:\/\/albergueesplaibarcelona.com\/fr\/merci-groupe\/","og_locale":"fr_FR","og_type":"article","og_title":"Merci groupe - Alberg Centre Esplai","og_description":"MERCI POUR VOTRE REQU\u00caTENous vous enverrons notre devis sous peu.Nous esp\u00e9rons que vous et votre groupe pourrons profiter de notre auberge de jeunesse.L'\u00e9quipe de l'auberge de jeunesse Centre Esplai \u00c9COTOURISME BARCELONE &lt;!-- wpml:html_fragment --&gt; Nous, c'est Fundesplai Nous sommes une ONG qui, depuis 45 [&hellip;]","og_url":"https:\/\/albergueesplaibarcelona.com\/fr\/merci-groupe\/","og_site_name":"Alberg Centre Esplai","article_modified_time":"2019-04-23T11:02:06+00:00","twitter_card":"summary_large_image","twitter_misc":{"Dur\u00e9e de lecture estim\u00e9e":"3 minutes"},"schema":{"@context":"https:\/\/schema.org","@graph":[{"@type":"WebPage","@id":"https:\/\/albergueesplaibarcelona.com\/fr\/merci-groupe\/","url":"https:\/\/albergueesplaibarcelona.com\/fr\/merci-groupe\/","name":"Merci groupe - Alberg Centre Esplai","isPartOf":{"@id":"https:\/\/albergueesplaibarcelona.com\/fr\/#website"},"datePublished":"2019-04-23T11:02:04+00:00","dateModified":"2019-04-23T11:02:06+00:00","breadcrumb":{"@id":"https:\/\/albergueesplaibarcelona.com\/fr\/merci-groupe\/#breadcrumb"},"inLanguage":"fr-FR","potentialAction":[{"@type":"ReadAction","target":["https:\/\/albergueesplaibarcelona.com\/fr\/merci-groupe\/"]}]},{"@type":"BreadcrumbList","@id":"https:\/\/albergueesplaibarcelona.com\/fr\/merci-groupe\/#breadcrumb","itemListElement":[{"@type":"ListItem","position":1,"name":"Accueil","item":"https:\/\/albergueesplaibarcelona.com\/fr\/"},{"@type":"ListItem","position":2,"name":"Merci groupe"}]},{"@type":"WebSite","@id":"https:\/\/albergueesplaibarcelona.com\/fr\/#website","url":"https:\/\/albergueesplaibarcelona.com\/fr\/","name":"Alberg Centre Esplai","description":"Alberg","publisher":{"@id":"https:\/\/albergueesplaibarcelona.com\/fr\/#organization"},"potentialAction":[{"@type":"SearchAction","target":{"@type":"EntryPoint","urlTemplate":"https:\/\/albergueesplaibarcelona.com\/fr\/?s={search_term_string}"},"query-input":{"@type":"PropertyValueSpecification","valueRequired":true,"valueName":"search_term_string"}}],"inLanguage":"fr-FR"},{"@type":"Organization","@id":"https:\/\/albergueesplaibarcelona.com\/fr\/#organization","name":"Albergue Centre Esplai","url":"https:\/\/albergueesplaibarcelona.com\/fr\/","logo":{"@type":"ImageObject","inLanguage":"fr-FR","@id":"https:\/\/albergueesplaibarcelona.com\/fr\/#\/schema\/logo\/image\/","url":"https:\/\/albergueesplaibarcelona.com\/wp-content\/uploads\/2020\/12\/logo_alberg_centre_esplai-e1608117409320.png","contentUrl":"https:\/\/albergueesplaibarcelona.com\/wp-content\/uploads\/2020\/12\/logo_alberg_centre_esplai-e1608117409320.png","width":500,"height":241,"caption":"Albergue Centre Esplai"},"image":{"@id":"https:\/\/albergueesplaibarcelona.com\/fr\/#\/schema\/logo\/image\/"}}]}},"_links":{"self":[{"href":"https:\/\/albergueesplaibarcelona.com\/fr\/wp-json\/wp\/v2\/pages\/3494","targetHints":{"allow":["GET"]}}],"collection":[{"href":"https:\/\/albergueesplaibarcelona.com\/fr\/wp-json\/wp\/v2\/pages"}],"about":[{"href":"https:\/\/albergueesplaibarcelona.com\/fr\/wp-json\/wp\/v2\/types\/page"}],"author":[{"embeddable":true,"href":"https:\/\/albergueesplaibarcelona.com\/fr\/wp-json\/wp\/v2\/users\/1"}],"replies":[{"embeddable":true,"href":"https:\/\/albergueesplaibarcelona.com\/fr\/wp-json\/wp\/v2\/comments?post=3494"}],"version-history":[{"count":2,"href":"https:\/\/albergueesplaibarcelona.com\/fr\/wp-json\/wp\/v2\/pages\/3494\/revisions"}],"predecessor-version":[{"id":3496,"href":"https:\/\/albergueesplaibarcelona.com\/fr\/wp-json\/wp\/v2\/pages\/3494\/revisions\/3496"}],"wp:attachment":[{"href":"https:\/\/albergueesplaibarcelona.com\/fr\/wp-json\/wp\/v2\/media?parent=3494"}],"curies":[{"name":"wp","href":"https:\/\/api.w.org\/{rel}","templated":true}]}}