{"id":3517,"date":"2019-04-24T08:19:07","date_gmt":"2019-04-24T08:19:07","guid":{"rendered":"http:\/\/albergueesplaibarcelona.com\/politique-de-tourisme-responsable\/"},"modified":"2019-04-24T08:43:28","modified_gmt":"2019-04-24T08:43:28","slug":"politique-de-tourisme-responsable","status":"publish","type":"page","link":"https:\/\/albergueesplaibarcelona.com\/fr\/politique-de-tourisme-responsable\/","title":{"rendered":"Politique de tourisme responsable"},"content":{"rendered":"<p>[et_pb_section bb_built=\u00a0\u00bb1&Prime; fullwidth=\u00a0\u00bbon\u00a0\u00bb specialty=\u00a0\u00bboff\u00a0\u00bb next_background_color=\u00a0\u00bb#000000&Prime;][et_pb_fullwidth_image _builder_version=\u00a0\u00bb3.19.10&Prime; src=\u00a0\u00bbhttps:\/\/albergueesplaibarcelona.com\/wp-content\/uploads\/2019\/02\/Turismo-responsable-Fundesplai.jpg\u00a0\u00bb \/][\/et_pb_section][et_pb_section bb_built=\u00a0\u00bb1&Prime; prev_background_color=\u00a0\u00bb#000000&Prime; next_background_color=\u00a0\u00bb#000000&Prime;][et_pb_row][et_pb_column type=\u00a0\u00bb4_4&Prime;][et_pb_text admin_label=\u00a0\u00bbt\u00edtulo\u00a0\u00bb _builder_version=\u00a0\u00bb3.19.3&Prime;]<\/p>\n<h2>Politique de tourisme responsable et durable<\/h2>\n<p>[\/et_pb_text][\/et_pb_column][\/et_pb_row][et_pb_row][et_pb_column type=\u00a0\u00bb4_4&Prime;][et_pb_text _builder_version=\u00a0\u00bb3.19.3&Prime;]<\/p>\n<p>Consciente de l&rsquo;importance du maintien d&rsquo;une croissance touristique durable et faisant siens les principes et objectifs adopt\u00e9s sp\u00e9cifiquement lors du Sommet des Nations unies de 2015 sur le d\u00e9veloppement durable, de la COP 21 et par la Carta Mundial del Turismo Sostenible + 20, la Fundaci\u00f3 Catalana de l\u2019Esplai s&rsquo;engage \u00e0 g\u00e9rer ses activit\u00e9s de fa\u00e7on durable, en adoptant des accords visant \u00e0 pr\u00e9venir, \u00e9liminer ou r\u00e9duire l&rsquo;impact de nos installations et activit\u00e9s internes et externes, mais aussi \u00e0 maximiser la durabilit\u00e9 de l&rsquo;\u00e9tablissement en optimisant ses effets sur l&rsquo;environnement.<\/p>\n<p>C&rsquo;est dans cet objectif que notre organisme a adopt\u00e9 une politique de tourisme responsable, par le biais de laquelle nous nous engageons \u00e0 respecter les conditions pr\u00e9requises d\u00e9finies par la certification BIOSPHERE qui comprend, entre autres, les obligations l\u00e9gales r\u00e9glementant les effets d&rsquo;une activit\u00e9 touristique.<\/p>\n<p>De m\u00eame, nous nous engageons \u00e0 motiver et \u00e0 former notre personnel par le biais d&rsquo;actions de formation et de sensibilisation d&rsquo;apr\u00e8s les principes du tourisme responsable, \u00e0 promouvoir les bonnes pratiques environementales au sein de l&rsquo;\u00e9tablissement et \u00e0 l&rsquo;ext\u00e9rieur de celui-ci, et \u00e0 effectuer en interne et \u00e0 l&rsquo;ext\u00e9rieur une activit\u00e9 d&rsquo;information sur les \u00e9volutions et actions environnementales de notre entit\u00e9.<\/p>\n<p>Par ailleurs, notre organisme s&rsquo;engage express\u00e9ment en mati\u00e8re de lutte contre l&rsquo;exploitation sexuelle ou toute autre forme d&rsquo;exploitation ou de harc\u00e8lement \u00e0 des fins commerciales, en particulier envers les enfants, adolescents, femmes et minorit\u00e9s. Nous nous engageons \u00e9galement \u00e0 adopter des mesures d&rsquo;accessibilit\u00e9 universelle.<\/p>\n<p>L&rsquo;un de nos objectifs principaux est une gestion durable accrue, en tenant compte des engagements d&rsquo;am\u00e9lioration continue dans tous les champs de la durabilit\u00e9 (sociale, \u00e9conomique et environnementale) ainsi qu&rsquo;en mati\u00e8re de satisfaction du client. \u00c0 cet effet, nous soumettrons nos futurs projets d&rsquo;agrandissement de nos installations ou d&rsquo;activit\u00e9s \u00e0 des crit\u00e8res de durabilit\u00e9 et d&rsquo;efficacit\u00e9 en termes d&rsquo;utilisation des ressources.<\/p>\n<p>Nous actualiserons cette politique de tourisme responsable \u00e0 chaque fois que les circonstances l&rsquo;impliqueront, par l&rsquo;adoption et la publication de nouveaux objectifs de durabilit\u00e9.<\/p>\n<p>Cristina Rodriguez Portillo<br \/>Directrice g\u00e9n\u00e9rale de gestion et services<\/p>\n<p style=\"text-align: right\">El Prat de Llobregat, novembre 2018<\/p>\n<p>[\/et_pb_text][\/et_pb_column][\/et_pb_row][\/et_pb_section][et_pb_section bb_built=\u00a0\u00bb1&Prime; module_class=\u00a0\u00bbseccio-segueix-nos\u00a0\u00bb _builder_version=\u00a0\u00bb3.9&Prime; custom_margin=\u00a0\u00bb50px||50px|\u00a0\u00bb prev_background_color=\u00a0\u00bb#000000&Prime; next_background_color=\u00a0\u00bb#c3c3c2&Prime; disabled_on=\u00a0\u00bboff|off|off\u00a0\u00bb disabled=\u00a0\u00bboff\u00a0\u00bb global_module=\u00a0\u00bb182&Prime;][et_pb_row global_parent=\u00a0\u00bb182&Prime; _builder_version=\u00a0\u00bb3.0.47&Prime; background_size=\u00a0\u00bbinitial\u00a0\u00bb background_position=\u00a0\u00bbtop_left\u00a0\u00bb background_repeat=\u00a0\u00bbrepeat\u00a0\u00bb][et_pb_column type=\u00a0\u00bb4_4&Prime;][et_pb_text admin_label=\u00a0\u00bb\u00a1Reserva ahora!\u00a0\u00bb global_parent=\u00a0\u00bb182&Prime; _builder_version=\u00a0\u00bb3.17.6&Prime; text_orientation=\u00a0\u00bbcenter\u00a0\u00bb]<\/p>\n<p>&lt;!&#8211; wpml:html_fragment <\/p>\n<p> &#8211;&gt;<\/p>\n<h2>R\u00e9servez d\u00e8s maintenant !<\/h2>\n<p>[\/et_pb_text][et_pb_code admin_label=\u00a0\u00bbFormulario de reservas\u00a0\u00bb global_parent=\u00a0\u00bb182&Prime; _builder_version=\u00a0\u00bb3.19.3&Prime;]<\/p>\n<div class=\"form-reserva-home-slider peu\"><!-- [et_pb_line_break_holder] --> <!-- [et_pb_line_break_holder] --><!-- [et_pb_line_break_holder] --> <\/p>\n<div class=\"camps-form-reserva-fixe-al-peu\"><!-- [et_pb_line_break_holder] -->\t <\/p>\n<div class=\"inputs-reserva\"><!-- [et_pb_line_break_holder] -->\t\t <span><label>Entrada<\/label><!\u2013- [et_pb_br_holder] -\u2013><!-- [et_pb_line_break_holder] -->\t\t <!-- [et_pb_line_break_holder] -->\t\t <\/span><!-- [et_pb_line_break_holder] -->\t\t <span><label>Noches<\/label><!\u2013- [et_pb_br_holder] -\u2013><!-- [et_pb_line_break_holder] -->\t\t <!-- [et_pb_line_break_holder] -->\t\t <\/span><!-- [et_pb_line_break_holder] -->\t\t <span><label>Adultos<\/label><!\u2013- [et_pb_br_holder] -\u2013><!-- [et_pb_line_break_holder] -->\t\t <!-- [et_pb_line_break_holder] -->\t\t <\/span><!-- [et_pb_line_break_holder] -->\t\t <span><label>Ni\u00f1os\/as<\/label><!\u2013- [et_pb_br_holder] -\u2013><!-- [et_pb_line_break_holder] -->\t\t <!-- [et_pb_line_break_holder] -->\t\t <\/span><!-- [et_pb_line_break_holder] -->\t\t <span> <!\u2013- [et_pb_br_holder] -\u2013><button class=\"et_pb_button et_pb_promo_button\" type=\"submit\">Reservar<\/button><\/span><!-- [et_pb_line_break_holder] --><!-- [et_pb_line_break_holder] -->\t <\/div>\n<p><!-- [et_pb_line_break_holder] --> <\/div>\n<p><!-- [et_pb_line_break_holder] --> <!-- [et_pb_line_break_holder] --> <\/div>\n<p>[\/et_pb_code][\/et_pb_column][\/et_pb_row][\/et_pb_section][et_pb_section bb_built=\u00a0\u00bb1&Prime; background_color=\u00a0\u00bb#c3c3c2&Prime; module_class=\u00a0\u00bbseccio-som-fundesplai\u00a0\u00bb _builder_version=\u00a0\u00bb3.4.1&Prime; prev_background_color=\u00a0\u00bb#ffffff\u00a0\u00bb global_module=\u00a0\u00bb26&Prime;][et_pb_row global_parent=\u00a0\u00bb26&Prime; make_equal=\u00a0\u00bbon\u00a0\u00bb bg_img_1=\u00a0\u00bbhttps:\/\/albergueesplaibarcelona.com\/wp-content\/uploads\/2018\/06\/ninots-1.png\u00a0\u00bb padding_top_2=\u00a0\u00bb50px\u00a0\u00bb padding_bottom_2=\u00a0\u00bb50px\u00a0\u00bb padding_left_2=\u00a0\u00bb50px\u00a0\u00bb background_size_1=\u00a0\u00bbcontain\u00a0\u00bb background_position_1=\u00a0\u00bbbottom_left\u00a0\u00bb background_repeat_1=\u00a0\u00bbno-repeat\u00a0\u00bb _builder_version=\u00a0\u00bb3.0.95&Prime;][et_pb_column type=\u00a0\u00bb1_3&Prime;][\/et_pb_column][et_pb_column type=\u00a0\u00bb2_3&Prime;][et_pb_text admin_label=\u00a0\u00bbSomos Fundesplai \u00a0\u00bb global_parent=\u00a0\u00bb26&Prime; _builder_version=\u00a0\u00bb3.17.6&Prime; custom_margin=\u00a0\u00bb||20px|\u00a0\u00bb]<\/p>\n<p>&lt;!&#8211; wpml:html_fragment <\/p>\n<p> &#8211;&gt;<\/p>\n<h2>Nous, c&rsquo;est Fundesplai !<\/h2>\n<p>Nous sommes une ONG qui, depuis 45 ans, s&rsquo;occupe de l&rsquo;\u00e9ducation et du bien-\u00eatre des enfants, de l&rsquo;\u00e9galit\u00e9, de l&rsquo;inclusion sociale et de la protection de la nature.<\/p>\n<p>[\/et_pb_text][et_pb_button admin_label=\u00a0\u00bbBot\u00f3 Conoce Fundesplai- CTA\u00a0\u00bb global_parent=\u00a0\u00bb26&Prime; button_url=\u00a0\u00bbhttps:\/\/fundesplai.org\/coneix-fundesplai\/\u00a0\u00bb button_text=\u00a0\u00bbD\u00e9couvrez Fundesplai\u00a0\u00bb _builder_version=\u00a0\u00bb3.19.10&Prime; custom_button=\u00a0\u00bbon\u00a0\u00bb button_text_color=\u00a0\u00bb#ffffff\u00a0\u00bb button_bg_color=\u00a0\u00bb#666666&Prime; button_icon=\u00a0\u00bb%%25%%\u00a0\u00bb url_new_window=\u00a0\u00bbon\u00a0\u00bb button_text_size__hover_enabled=\u00a0\u00bboff\u00a0\u00bb button_text_size__hover=\u00a0\u00bbnull\u00a0\u00bb button_one_text_size__hover_enabled=\u00a0\u00bboff\u00a0\u00bb button_one_text_size__hover=\u00a0\u00bbnull\u00a0\u00bb button_two_text_size__hover_enabled=\u00a0\u00bboff\u00a0\u00bb button_two_text_size__hover=\u00a0\u00bbnull\u00a0\u00bb button_text_color__hover_enabled=\u00a0\u00bboff\u00a0\u00bb button_text_color__hover=\u00a0\u00bbnull\u00a0\u00bb button_one_text_color__hover_enabled=\u00a0\u00bboff\u00a0\u00bb button_one_text_color__hover=\u00a0\u00bbnull\u00a0\u00bb button_two_text_color__hover_enabled=\u00a0\u00bboff\u00a0\u00bb button_two_text_color__hover=\u00a0\u00bbnull\u00a0\u00bb button_border_width__hover_enabled=\u00a0\u00bboff\u00a0\u00bb button_border_width__hover=\u00a0\u00bbnull\u00a0\u00bb button_one_border_width__hover_enabled=\u00a0\u00bboff\u00a0\u00bb button_one_border_width__hover=\u00a0\u00bbnull\u00a0\u00bb button_two_border_width__hover_enabled=\u00a0\u00bboff\u00a0\u00bb button_two_border_width__hover=\u00a0\u00bbnull\u00a0\u00bb button_border_color__hover_enabled=\u00a0\u00bboff\u00a0\u00bb button_border_color__hover=\u00a0\u00bbnull\u00a0\u00bb button_one_border_color__hover_enabled=\u00a0\u00bboff\u00a0\u00bb button_one_border_color__hover=\u00a0\u00bbnull\u00a0\u00bb button_two_border_color__hover_enabled=\u00a0\u00bboff\u00a0\u00bb button_two_border_color__hover=\u00a0\u00bbnull\u00a0\u00bb button_border_radius__hover_enabled=\u00a0\u00bboff\u00a0\u00bb button_border_radius__hover=\u00a0\u00bbnull\u00a0\u00bb button_one_border_radius__hover_enabled=\u00a0\u00bboff\u00a0\u00bb button_one_border_radius__hover=\u00a0\u00bbnull\u00a0\u00bb button_two_border_radius__hover_enabled=\u00a0\u00bboff\u00a0\u00bb button_two_border_radius__hover=\u00a0\u00bbnull\u00a0\u00bb button_letter_spacing__hover_enabled=\u00a0\u00bboff\u00a0\u00bb button_letter_spacing__hover=\u00a0\u00bbnull\u00a0\u00bb button_one_letter_spacing__hover_enabled=\u00a0\u00bboff\u00a0\u00bb button_one_letter_spacing__hover=\u00a0\u00bbnull\u00a0\u00bb button_two_letter_spacing__hover_enabled=\u00a0\u00bboff\u00a0\u00bb button_two_letter_spacing__hover=\u00a0\u00bbnull\u00a0\u00bb button_bg_color__hover_enabled=\u00a0\u00bbon\u00a0\u00bb button_bg_color__hover=\u00a0\u00bb#666666&Prime; button_one_bg_color__hover_enabled=\u00a0\u00bboff\u00a0\u00bb button_one_bg_color__hover=\u00a0\u00bbnull\u00a0\u00bb button_two_bg_color__hover_enabled=\u00a0\u00bboff\u00a0\u00bb button_two_bg_color__hover=\u00a0\u00bbnull\u00a0\u00bb \/][\/et_pb_column][\/et_pb_row][\/et_pb_section]<\/p>\n","protected":false},"excerpt":{"rendered":"<p><div class=\"et_pb_row et_pb_row_0 et_pb_row_empty\">\n\t\t\t\t\n\t\t\t\t\n\t\t\t\t\n\t\t\t\t\n\t\t\t\t\n\t\t\t<\/div> Politique de tourisme responsable et durable <div class=\"et_pb_row et_pb_row_1 et_pb_row_empty\">\n\t\t\t\t\n\t\t\t\t\n\t\t\t\t\n\t\t\t\t\n\t\t\t\t\n\t\t\t<\/div> Consciente de l&rsquo;importance du maintien d&rsquo;une croissance touristique durable et faisant siens les principes et objectifs adopt\u00e9s sp\u00e9cifiquement lors du Sommet des Nations unies de 2015 sur le d\u00e9veloppement durable, de la COP 21 et par la Carta Mundial del Turismo Sostenible + 20, la Fundaci\u00f3 Catalana [&hellip;]<\/p>\n","protected":false},"author":3,"featured_media":0,"parent":0,"menu_order":0,"comment_status":"closed","ping_status":"closed","template":"","meta":{"_et_pb_use_builder":"on","_et_pb_old_content":"<p>Conscientes de la importancia de mantener un desarrollo tur\u00edstico sostenible, y asumidos los principios y objetivos adoptados espec\u00edficamente en la Cumbre Mundial sobre el Desarrollo Sostenible 2015, la COP 21 y la Carta Mundial del Turismo Sostenible + 20, la Fundaci\u00f3 Catalana de l\u2019Esplai, se compromete a llevar a cabo una gesti\u00f3n sostenible de sus actividades, mediante la adopci\u00f3n de compromisos orientados a prevenir, eliminar o reducir el impacto de nuestras instalaciones y actividades, tanto internas como externas, as\u00ed como optimizar la sostenibilidad del establecimiento mejorando su comportamiento con el entorno.<\/p><p>En ese mismo sentido, nuestra entidad ha adoptado la siguiente Pol\u00edtica de Turismo Responsable, mediante la cual se compromete a cumplir los requisitos establecidos en la adhesi\u00f3n BIOSPHERE, que incluye, entre otras cosas, los requerimientos legales que regulan los efectos generados por la actividad tur\u00edstica.<\/p><p>As\u00ed mismo, nos comprometemos a motivar y formar a nuestro personal con acciones formativas y de concienciaci\u00f3n sobre los principios del Turismo Responsable, a promover las buenas pr\u00e1cticas medioambientales en el entorno y participar en actividades externas, y a informar tanto interna como externamente sobre los avances y actuaciones medioambientales de la empresa.<\/p><p>De igual manera, nuestra entidad manifiesta el compromiso expreso de lucha contra la explotaci\u00f3n sexual o cualquier otra forma de explotaci\u00f3n y acoso comercial, en particular de los ni\u00f1os, adolescentes, mujeres y minor\u00edas; y nos comprometemos a adoptar medidas de accesibilidad universal.<\/p><p>Uno de nuestros principales objetivos es perfeccionar la gesti\u00f3n sostenible, asumiendo los compromisos de mejora continua en todos los \u00e1mbitos de la sostenibilidad: social, econ\u00f3mico y ambiental, as\u00ed como en la satisfacci\u00f3n del cliente. Para ello, se someter\u00e1n los proyectos de futuras ampliaciones de las instalaciones o actividades a criterios de sostenibilidad y eficiencia en el uso de recursos.<\/p><p>Esta Pol\u00edtica de Turismo Responsable se actualizar\u00e1 siempre que las circunstancias lo requieran, adoptando y publicando en ambos casos nuevos objetivos de sostenibilidad.<\/p><p>\u00a0<\/p><p>Cristina Rodriguez Portillo<\/p><p>Directora General de Gesti\u00f3n y Servicios<\/p><p style=\"text-align: right;\">El Prat de Llobregat, novembre de 2018<\/p>","_et_gb_content_width":"","footnotes":""},"class_list":["post-3517","page","type-page","status-publish","hentry"],"yoast_head":"<!-- This site is optimized with the Yoast SEO plugin v27.3 - https:\/\/yoast.com\/product\/yoast-seo-wordpress\/ -->\n<title>Politique de tourisme responsable - Alberg Centre Esplai<\/title>\n<meta name=\"robots\" content=\"index, follow, max-snippet:-1, max-image-preview:large, max-video-preview:-1\" \/>\n<link rel=\"canonical\" href=\"https:\/\/albergueesplaibarcelona.com\/fr\/politique-de-tourisme-responsable\/\" \/>\n<meta property=\"og:locale\" content=\"fr_FR\" \/>\n<meta property=\"og:type\" content=\"article\" \/>\n<meta property=\"og:title\" content=\"Politique de tourisme responsable - Alberg Centre Esplai\" \/>\n<meta property=\"og:description\" content=\"Politique de tourisme responsable et durable Consciente de l&#039;importance du maintien d&#039;une croissance touristique durable et faisant siens les principes et objectifs adopt\u00e9s sp\u00e9cifiquement lors du Sommet des Nations unies de 2015 sur le d\u00e9veloppement durable, de la COP 21 et par la Carta Mundial del Turismo Sostenible + 20, la Fundaci\u00f3 Catalana [&hellip;]\" \/>\n<meta property=\"og:url\" content=\"https:\/\/albergueesplaibarcelona.com\/fr\/politique-de-tourisme-responsable\/\" \/>\n<meta property=\"og:site_name\" content=\"Alberg Centre Esplai\" \/>\n<meta property=\"article:modified_time\" content=\"2019-04-24T08:43:28+00:00\" \/>\n<meta name=\"twitter:card\" content=\"summary_large_image\" \/>\n<meta name=\"twitter:label1\" content=\"Dur\u00e9e de lecture estim\u00e9e\" \/>\n\t<meta name=\"twitter:data1\" content=\"5 minutes\" \/>\n<script type=\"application\/ld+json\" class=\"yoast-schema-graph\">{\"@context\":\"https:\\\/\\\/schema.org\",\"@graph\":[{\"@type\":\"WebPage\",\"@id\":\"https:\\\/\\\/albergueesplaibarcelona.com\\\/fr\\\/politique-de-tourisme-responsable\\\/\",\"url\":\"https:\\\/\\\/albergueesplaibarcelona.com\\\/fr\\\/politique-de-tourisme-responsable\\\/\",\"name\":\"Politique de tourisme responsable - Alberg Centre Esplai\",\"isPartOf\":{\"@id\":\"https:\\\/\\\/albergueesplaibarcelona.com\\\/fr\\\/#website\"},\"datePublished\":\"2019-04-24T08:19:07+00:00\",\"dateModified\":\"2019-04-24T08:43:28+00:00\",\"breadcrumb\":{\"@id\":\"https:\\\/\\\/albergueesplaibarcelona.com\\\/fr\\\/politique-de-tourisme-responsable\\\/#breadcrumb\"},\"inLanguage\":\"fr-FR\",\"potentialAction\":[{\"@type\":\"ReadAction\",\"target\":[\"https:\\\/\\\/albergueesplaibarcelona.com\\\/fr\\\/politique-de-tourisme-responsable\\\/\"]}]},{\"@type\":\"BreadcrumbList\",\"@id\":\"https:\\\/\\\/albergueesplaibarcelona.com\\\/fr\\\/politique-de-tourisme-responsable\\\/#breadcrumb\",\"itemListElement\":[{\"@type\":\"ListItem\",\"position\":1,\"name\":\"Accueil\",\"item\":\"https:\\\/\\\/albergueesplaibarcelona.com\\\/fr\\\/\"},{\"@type\":\"ListItem\",\"position\":2,\"name\":\"Politique de tourisme responsable\"}]},{\"@type\":\"WebSite\",\"@id\":\"https:\\\/\\\/albergueesplaibarcelona.com\\\/fr\\\/#website\",\"url\":\"https:\\\/\\\/albergueesplaibarcelona.com\\\/fr\\\/\",\"name\":\"Alberg Centre Esplai\",\"description\":\"Alberg\",\"publisher\":{\"@id\":\"https:\\\/\\\/albergueesplaibarcelona.com\\\/fr\\\/#organization\"},\"potentialAction\":[{\"@type\":\"SearchAction\",\"target\":{\"@type\":\"EntryPoint\",\"urlTemplate\":\"https:\\\/\\\/albergueesplaibarcelona.com\\\/fr\\\/?s={search_term_string}\"},\"query-input\":{\"@type\":\"PropertyValueSpecification\",\"valueRequired\":true,\"valueName\":\"search_term_string\"}}],\"inLanguage\":\"fr-FR\"},{\"@type\":\"Organization\",\"@id\":\"https:\\\/\\\/albergueesplaibarcelona.com\\\/fr\\\/#organization\",\"name\":\"Albergue Centre Esplai\",\"url\":\"https:\\\/\\\/albergueesplaibarcelona.com\\\/fr\\\/\",\"logo\":{\"@type\":\"ImageObject\",\"inLanguage\":\"fr-FR\",\"@id\":\"https:\\\/\\\/albergueesplaibarcelona.com\\\/fr\\\/#\\\/schema\\\/logo\\\/image\\\/\",\"url\":\"https:\\\/\\\/albergueesplaibarcelona.com\\\/wp-content\\\/uploads\\\/2020\\\/12\\\/logo_alberg_centre_esplai-e1608117409320.png\",\"contentUrl\":\"https:\\\/\\\/albergueesplaibarcelona.com\\\/wp-content\\\/uploads\\\/2020\\\/12\\\/logo_alberg_centre_esplai-e1608117409320.png\",\"width\":500,\"height\":241,\"caption\":\"Albergue Centre Esplai\"},\"image\":{\"@id\":\"https:\\\/\\\/albergueesplaibarcelona.com\\\/fr\\\/#\\\/schema\\\/logo\\\/image\\\/\"}}]}<\/script>\n<!-- \/ Yoast SEO plugin. -->","yoast_head_json":{"title":"Politique de tourisme responsable - Alberg Centre Esplai","robots":{"index":"index","follow":"follow","max-snippet":"max-snippet:-1","max-image-preview":"max-image-preview:large","max-video-preview":"max-video-preview:-1"},"canonical":"https:\/\/albergueesplaibarcelona.com\/fr\/politique-de-tourisme-responsable\/","og_locale":"fr_FR","og_type":"article","og_title":"Politique de tourisme responsable - Alberg Centre Esplai","og_description":"Politique de tourisme responsable et durable Consciente de l'importance du maintien d'une croissance touristique durable et faisant siens les principes et objectifs adopt\u00e9s sp\u00e9cifiquement lors du Sommet des Nations unies de 2015 sur le d\u00e9veloppement durable, de la COP 21 et par la Carta Mundial del Turismo Sostenible + 20, la Fundaci\u00f3 Catalana [&hellip;]","og_url":"https:\/\/albergueesplaibarcelona.com\/fr\/politique-de-tourisme-responsable\/","og_site_name":"Alberg Centre Esplai","article_modified_time":"2019-04-24T08:43:28+00:00","twitter_card":"summary_large_image","twitter_misc":{"Dur\u00e9e de lecture estim\u00e9e":"5 minutes"},"schema":{"@context":"https:\/\/schema.org","@graph":[{"@type":"WebPage","@id":"https:\/\/albergueesplaibarcelona.com\/fr\/politique-de-tourisme-responsable\/","url":"https:\/\/albergueesplaibarcelona.com\/fr\/politique-de-tourisme-responsable\/","name":"Politique de tourisme responsable - Alberg Centre Esplai","isPartOf":{"@id":"https:\/\/albergueesplaibarcelona.com\/fr\/#website"},"datePublished":"2019-04-24T08:19:07+00:00","dateModified":"2019-04-24T08:43:28+00:00","breadcrumb":{"@id":"https:\/\/albergueesplaibarcelona.com\/fr\/politique-de-tourisme-responsable\/#breadcrumb"},"inLanguage":"fr-FR","potentialAction":[{"@type":"ReadAction","target":["https:\/\/albergueesplaibarcelona.com\/fr\/politique-de-tourisme-responsable\/"]}]},{"@type":"BreadcrumbList","@id":"https:\/\/albergueesplaibarcelona.com\/fr\/politique-de-tourisme-responsable\/#breadcrumb","itemListElement":[{"@type":"ListItem","position":1,"name":"Accueil","item":"https:\/\/albergueesplaibarcelona.com\/fr\/"},{"@type":"ListItem","position":2,"name":"Politique de tourisme responsable"}]},{"@type":"WebSite","@id":"https:\/\/albergueesplaibarcelona.com\/fr\/#website","url":"https:\/\/albergueesplaibarcelona.com\/fr\/","name":"Alberg Centre Esplai","description":"Alberg","publisher":{"@id":"https:\/\/albergueesplaibarcelona.com\/fr\/#organization"},"potentialAction":[{"@type":"SearchAction","target":{"@type":"EntryPoint","urlTemplate":"https:\/\/albergueesplaibarcelona.com\/fr\/?s={search_term_string}"},"query-input":{"@type":"PropertyValueSpecification","valueRequired":true,"valueName":"search_term_string"}}],"inLanguage":"fr-FR"},{"@type":"Organization","@id":"https:\/\/albergueesplaibarcelona.com\/fr\/#organization","name":"Albergue Centre Esplai","url":"https:\/\/albergueesplaibarcelona.com\/fr\/","logo":{"@type":"ImageObject","inLanguage":"fr-FR","@id":"https:\/\/albergueesplaibarcelona.com\/fr\/#\/schema\/logo\/image\/","url":"https:\/\/albergueesplaibarcelona.com\/wp-content\/uploads\/2020\/12\/logo_alberg_centre_esplai-e1608117409320.png","contentUrl":"https:\/\/albergueesplaibarcelona.com\/wp-content\/uploads\/2020\/12\/logo_alberg_centre_esplai-e1608117409320.png","width":500,"height":241,"caption":"Albergue Centre Esplai"},"image":{"@id":"https:\/\/albergueesplaibarcelona.com\/fr\/#\/schema\/logo\/image\/"}}]}},"_links":{"self":[{"href":"https:\/\/albergueesplaibarcelona.com\/fr\/wp-json\/wp\/v2\/pages\/3517","targetHints":{"allow":["GET"]}}],"collection":[{"href":"https:\/\/albergueesplaibarcelona.com\/fr\/wp-json\/wp\/v2\/pages"}],"about":[{"href":"https:\/\/albergueesplaibarcelona.com\/fr\/wp-json\/wp\/v2\/types\/page"}],"author":[{"embeddable":true,"href":"https:\/\/albergueesplaibarcelona.com\/fr\/wp-json\/wp\/v2\/users\/3"}],"replies":[{"embeddable":true,"href":"https:\/\/albergueesplaibarcelona.com\/fr\/wp-json\/wp\/v2\/comments?post=3517"}],"version-history":[{"count":5,"href":"https:\/\/albergueesplaibarcelona.com\/fr\/wp-json\/wp\/v2\/pages\/3517\/revisions"}],"predecessor-version":[{"id":3527,"href":"https:\/\/albergueesplaibarcelona.com\/fr\/wp-json\/wp\/v2\/pages\/3517\/revisions\/3527"}],"wp:attachment":[{"href":"https:\/\/albergueesplaibarcelona.com\/fr\/wp-json\/wp\/v2\/media?parent=3517"}],"curies":[{"name":"wp","href":"https:\/\/api.w.org\/{rel}","templated":true}]}}