{"id":3528,"date":"2019-04-24T09:03:27","date_gmt":"2019-04-24T09:03:27","guid":{"rendered":"http:\/\/albergueesplaibarcelona.com\/notre-siege\/"},"modified":"2019-04-24T09:03:30","modified_gmt":"2019-04-24T09:03:30","slug":"notre-siege","status":"publish","type":"page","link":"https:\/\/albergueesplaibarcelona.com\/fr\/notre-siege\/","title":{"rendered":"Notre si\u00e8ge"},"content":{"rendered":"<p>[et_pb_section bb_built=\u00a0\u00bb1&Prime; fullwidth=\u00a0\u00bbon\u00a0\u00bb specialty=\u00a0\u00bboff\u00a0\u00bb next_background_color=\u00a0\u00bb#000000&Prime;][et_pb_fullwidth_image _builder_version=\u00a0\u00bb3.19.10&Prime; src=\u00a0\u00bbhttps:\/\/albergueesplaibarcelona.com\/wp-content\/uploads\/2019\/02\/Centre-Esplai-El-Prat-Llobregat.jpg\u00a0\u00bb \/][\/et_pb_section][et_pb_section bb_built=\u00a0\u00bb1&Prime; fullwidth=\u00a0\u00bboff\u00a0\u00bb specialty=\u00a0\u00bboff\u00a0\u00bb prev_background_color=\u00a0\u00bb#000000&Prime; next_background_color=\u00a0\u00bb#000000&Prime; _builder_version=\u00a0\u00bb3.19.10&Prime;][et_pb_row _builder_version=\u00a0\u00bb3.19.10&Prime;][et_pb_column type=\u00a0\u00bb4_4&Prime;][et_pb_text admin_label=\u00a0\u00bbECOTURISMO BARCELONA\u00a0\u00bb _builder_version=\u00a0\u00bb3.19.10&Prime;]<\/p>\n<h2>NOTRE SI\u00c8GE<\/h2>\n<p>Le <strong>Centre Esplai<\/strong>, c&rsquo;est bien plus qu&rsquo;une auberge de jeunesse : c&rsquo;est notre si\u00e8ge, notre chez-nous, notre bureau, les couloirs que nous parcourons au quotidien, nos salles de r\u00e9union. Pour un organisme comme Fundesplai, il est indispensable que le si\u00e8ge et l&rsquo;auberge partagent les m\u00eames locaux, et ce afin d&rsquo;\u00eatre pr\u00e9sent et inform\u00e9 des activit\u00e9s du quotidien. <strong>Nous sommes un organisme \u00e0 but non lucratif<\/strong> et nous nous occupons, depuis plus de 45 ans, de l&rsquo;\u00e9ducation et du bien-\u00eatre des enfants, de l&rsquo;\u00e9galit\u00e9, de l&rsquo;inclusion sociale, de la protection de la nature et du secteur tertiaire. <a href=\"https:\/\/fundesplai.org\/ca\/nosaltres\/qui-som\">Vous voulez en savoir plus sur Fundesplai ?<\/a><strong><br \/><\/strong><\/p>\n<p>[\/et_pb_text][\/et_pb_column][\/et_pb_row][\/et_pb_section][et_pb_section bb_built=\u00a0\u00bb1&Prime; specialty=\u00a0\u00bboff\u00a0\u00bb prev_background_color=\u00a0\u00bb#000000&Prime; next_background_color=\u00a0\u00bb#000000&Prime; _builder_version=\u00a0\u00bb3.19.10&Prime; custom_padding=\u00a0\u00bb25px|||\u00a0\u00bb][et_pb_row _builder_version=\u00a0\u00bb3.12.1&Prime; make_fullwidth=\u00a0\u00bbon\u00a0\u00bb][et_pb_column type=\u00a0\u00bb1_3&Prime;][et_pb_image _builder_version=\u00a0\u00bb3.19.10&Prime; src=\u00a0\u00bbhttps:\/\/albergueesplaibarcelona.com\/wp-content\/uploads\/2019\/02\/Centre-Esplai-El-Prat-Llobregat-seu-Fundesplai.jpg\u00a0\u00bb \/][\/et_pb_column][et_pb_column type=\u00a0\u00bb1_3&Prime;][et_pb_image _builder_version=\u00a0\u00bb3.19.10&Prime; src=\u00a0\u00bbhttps:\/\/albergueesplaibarcelona.com\/wp-content\/uploads\/2019\/02\/Centre-Esplai-El-Prat-Llobregat-seu-Fundesplai3.jpg\u00a0\u00bb \/][\/et_pb_column][et_pb_column type=\u00a0\u00bb1_3&Prime;][et_pb_image _builder_version=\u00a0\u00bb3.19.10&Prime; src=\u00a0\u00bbhttps:\/\/albergueesplaibarcelona.com\/wp-content\/uploads\/2019\/02\/Centre-Esplai-El-Prat-Llobregat-seu-Fundesplai2.jpg\u00a0\u00bb \/][\/et_pb_column][\/et_pb_row][\/et_pb_section][et_pb_section bb_built=\u00a0\u00bb1&Prime; _builder_version=\u00a0\u00bb3.19.10&Prime; prev_background_color=\u00a0\u00bb#000000&Prime; next_background_color=\u00a0\u00bb#000000&Prime; custom_css_main_element=\u00a0\u00bbmargin-bottom: 0;\u00a0\u00bb custom_margin=\u00a0\u00bb||0px|\u00a0\u00bb custom_padding=\u00a0\u00bb||0px|\u00a0\u00bb][et_pb_row make_fullwidth=\u00a0\u00bbon\u00a0\u00bb _builder_version=\u00a0\u00bb3.19.3&Prime;][et_pb_column type=\u00a0\u00bb4_4&Prime;][et_pb_cta admin_label=\u00a0\u00bbCTA Una sede ecol\u00f3gica\u00a0\u00bb title=\u00a0\u00bbUn si\u00e8ge \u00e9cologique\u00a0\u00bb button_url=\u00a0\u00bb\/\u00e9co-auberge\/\u00a0\u00bb button_text=\u00a0\u00bbD\u00e9couvrez comment nous y parvenons\u00a0\u00bb module_class=\u00a0\u00bbcta-intersticial\u00a0\u00bb _builder_version=\u00a0\u00bb3.19.10&Prime; button_text_size__hover_enabled=\u00a0\u00bboff\u00a0\u00bb button_text_size__hover=\u00a0\u00bbnull\u00a0\u00bb button_one_text_size__hover_enabled=\u00a0\u00bboff\u00a0\u00bb button_one_text_size__hover=\u00a0\u00bbnull\u00a0\u00bb button_two_text_size__hover_enabled=\u00a0\u00bboff\u00a0\u00bb button_two_text_size__hover=\u00a0\u00bbnull\u00a0\u00bb button_text_color__hover_enabled=\u00a0\u00bboff\u00a0\u00bb button_text_color__hover=\u00a0\u00bbnull\u00a0\u00bb button_one_text_color__hover_enabled=\u00a0\u00bboff\u00a0\u00bb button_one_text_color__hover=\u00a0\u00bbnull\u00a0\u00bb button_two_text_color__hover_enabled=\u00a0\u00bboff\u00a0\u00bb button_two_text_color__hover=\u00a0\u00bbnull\u00a0\u00bb button_border_width__hover_enabled=\u00a0\u00bboff\u00a0\u00bb button_border_width__hover=\u00a0\u00bbnull\u00a0\u00bb button_one_border_width__hover_enabled=\u00a0\u00bboff\u00a0\u00bb button_one_border_width__hover=\u00a0\u00bbnull\u00a0\u00bb button_two_border_width__hover_enabled=\u00a0\u00bboff\u00a0\u00bb button_two_border_width__hover=\u00a0\u00bbnull\u00a0\u00bb button_border_color__hover_enabled=\u00a0\u00bboff\u00a0\u00bb button_border_color__hover=\u00a0\u00bbnull\u00a0\u00bb button_one_border_color__hover_enabled=\u00a0\u00bboff\u00a0\u00bb button_one_border_color__hover=\u00a0\u00bbnull\u00a0\u00bb button_two_border_color__hover_enabled=\u00a0\u00bboff\u00a0\u00bb button_two_border_color__hover=\u00a0\u00bbnull\u00a0\u00bb button_border_radius__hover_enabled=\u00a0\u00bboff\u00a0\u00bb button_border_radius__hover=\u00a0\u00bbnull\u00a0\u00bb button_one_border_radius__hover_enabled=\u00a0\u00bboff\u00a0\u00bb button_one_border_radius__hover=\u00a0\u00bbnull\u00a0\u00bb button_two_border_radius__hover_enabled=\u00a0\u00bboff\u00a0\u00bb button_two_border_radius__hover=\u00a0\u00bbnull\u00a0\u00bb button_letter_spacing__hover_enabled=\u00a0\u00bboff\u00a0\u00bb button_letter_spacing__hover=\u00a0\u00bbnull\u00a0\u00bb button_one_letter_spacing__hover_enabled=\u00a0\u00bboff\u00a0\u00bb button_one_letter_spacing__hover=\u00a0\u00bbnull\u00a0\u00bb button_two_letter_spacing__hover_enabled=\u00a0\u00bboff\u00a0\u00bb button_two_letter_spacing__hover=\u00a0\u00bbnull\u00a0\u00bb button_bg_color__hover_enabled=\u00a0\u00bboff\u00a0\u00bb button_bg_color__hover=\u00a0\u00bbnull\u00a0\u00bb button_one_bg_color__hover_enabled=\u00a0\u00bboff\u00a0\u00bb button_one_bg_color__hover=\u00a0\u00bbnull\u00a0\u00bb button_two_bg_color__hover_enabled=\u00a0\u00bboff\u00a0\u00bb button_two_bg_color__hover=\u00a0\u00bbnull\u00a0\u00bb]<\/p>\n<p>Nous sommes enchant\u00e9s que nos bureaux soient situ\u00e9s au sein du Centre Esplai, un b\u00e2timent durable qui nous permet de r\u00e9aliser nos t\u00e2ches quotidiennes avec une empreinte \u00e9cologique minimale. Saviez-vous que la consommation du Centre Esplai est 50 % inf\u00e9rieure \u00e0 la consommation moyenne d&rsquo;un b\u00e2timent aux m\u00eames caract\u00e9ristiques ?<\/p>\n<p>[\/et_pb_cta][\/et_pb_column][\/et_pb_row][\/et_pb_section][et_pb_section bb_built=\u00a0\u00bb1&Prime; fullwidth=\u00a0\u00bbon\u00a0\u00bb specialty=\u00a0\u00bboff\u00a0\u00bb prev_background_color=\u00a0\u00bb#000000&Prime; next_background_color=\u00a0\u00bb#c3c3c2&Prime; _builder_version=\u00a0\u00bb3.19.10&Prime; custom_margin=\u00a0\u00bb||0px|\u00a0\u00bb custom_padding=\u00a0\u00bb||0px|\u00a0\u00bb][et_pb_fullwidth_image _builder_version=\u00a0\u00bb3.19.10&Prime; src=\u00a0\u00bbhttps:\/\/albergueesplaibarcelona.com\/wp-content\/uploads\/2019\/02\/foto-qui-som-Fundesplai.jpg\u00a0\u00bb \/][\/et_pb_section][et_pb_section bb_built=\u00a0\u00bb1&Prime; background_color=\u00a0\u00bb#c3c3c2&Prime; module_class=\u00a0\u00bbseccio-som-fundesplai\u00a0\u00bb _builder_version=\u00a0\u00bb3.4.1&Prime; prev_background_color=\u00a0\u00bb#ffffff\u00a0\u00bb global_module=\u00a0\u00bb26&Prime;][et_pb_row global_parent=\u00a0\u00bb26&Prime; make_equal=\u00a0\u00bbon\u00a0\u00bb bg_img_1=\u00a0\u00bbhttps:\/\/albergueesplaibarcelona.com\/wp-content\/uploads\/2018\/06\/ninots-1.png\u00a0\u00bb padding_top_2=\u00a0\u00bb50px\u00a0\u00bb padding_bottom_2=\u00a0\u00bb50px\u00a0\u00bb padding_left_2=\u00a0\u00bb50px\u00a0\u00bb background_size_1=\u00a0\u00bbcontain\u00a0\u00bb background_position_1=\u00a0\u00bbbottom_left\u00a0\u00bb background_repeat_1=\u00a0\u00bbno-repeat\u00a0\u00bb _builder_version=\u00a0\u00bb3.0.95&Prime;][et_pb_column type=\u00a0\u00bb1_3&Prime;][\/et_pb_column][et_pb_column type=\u00a0\u00bb2_3&Prime;][et_pb_text admin_label=\u00a0\u00bbSomos Fundesplai (CAST)\u00a0\u00bb global_parent=\u00a0\u00bb26&Prime; _builder_version=\u00a0\u00bb3.19.10&Prime; custom_margin=\u00a0\u00bb||20px|\u00a0\u00bb]<\/p>\n<p>&lt;!&#8211; wpml:html_fragment <\/p>\n<p> &#8211;&gt;<\/p>\n<h2>Nous, c&rsquo;est Fundesplai<\/h2>\n<p><strong>Nous sommes une ONG<\/strong> qui, depuis 45 ans, s&rsquo;occupe de l&rsquo;\u00e9ducation et du bien-\u00eatre des enfants, de l&rsquo;\u00e9galit\u00e9, de l&rsquo;inclusion sociale, de la protection de la nature et du d\u00e9veloppement du secteur tertiaire.<\/p>\n<p>L&rsquo;auberge de jeunesse Centre Esplai nous permet de mener \u00e0 bien notre mission \u00e9ducative, sociale et environnementale.<\/p>\n<p>[\/et_pb_text][et_pb_button admin_label=\u00a0\u00bbBot\u00f3 Conoce Fundesplai\u00a0\u00bb global_parent=\u00a0\u00bb26&Prime; button_url=\u00a0\u00bbhttps:\/\/fundesplai.org\/es\/\u00a0\u00bb button_text=\u00a0\u00bbD\u00e9couvrez Fundesplai\u00a0\u00bb _builder_version=\u00a0\u00bb3.19.10&Prime; custom_button=\u00a0\u00bbon\u00a0\u00bb button_text_color=\u00a0\u00bb#ffffff\u00a0\u00bb button_bg_color=\u00a0\u00bb#666666&Prime; button_icon=\u00a0\u00bb%%20%%\u00a0\u00bb url_new_window=\u00a0\u00bbon\u00a0\u00bb button_text_size__hover_enabled=\u00a0\u00bboff\u00a0\u00bb button_text_size__hover=\u00a0\u00bbnull\u00a0\u00bb button_one_text_size__hover_enabled=\u00a0\u00bboff\u00a0\u00bb button_one_text_size__hover=\u00a0\u00bbnull\u00a0\u00bb button_two_text_size__hover_enabled=\u00a0\u00bboff\u00a0\u00bb button_two_text_size__hover=\u00a0\u00bbnull\u00a0\u00bb button_text_color__hover_enabled=\u00a0\u00bboff\u00a0\u00bb button_text_color__hover=\u00a0\u00bbnull\u00a0\u00bb button_one_text_color__hover_enabled=\u00a0\u00bboff\u00a0\u00bb button_one_text_color__hover=\u00a0\u00bbnull\u00a0\u00bb button_two_text_color__hover_enabled=\u00a0\u00bboff\u00a0\u00bb button_two_text_color__hover=\u00a0\u00bbnull\u00a0\u00bb button_border_width__hover_enabled=\u00a0\u00bboff\u00a0\u00bb button_border_width__hover=\u00a0\u00bbnull\u00a0\u00bb button_one_border_width__hover_enabled=\u00a0\u00bboff\u00a0\u00bb button_one_border_width__hover=\u00a0\u00bbnull\u00a0\u00bb button_two_border_width__hover_enabled=\u00a0\u00bboff\u00a0\u00bb button_two_border_width__hover=\u00a0\u00bbnull\u00a0\u00bb button_border_color__hover_enabled=\u00a0\u00bboff\u00a0\u00bb button_border_color__hover=\u00a0\u00bbnull\u00a0\u00bb button_one_border_color__hover_enabled=\u00a0\u00bboff\u00a0\u00bb button_one_border_color__hover=\u00a0\u00bbnull\u00a0\u00bb button_two_border_color__hover_enabled=\u00a0\u00bboff\u00a0\u00bb button_two_border_color__hover=\u00a0\u00bbnull\u00a0\u00bb button_border_radius__hover_enabled=\u00a0\u00bboff\u00a0\u00bb button_border_radius__hover=\u00a0\u00bbnull\u00a0\u00bb button_one_border_radius__hover_enabled=\u00a0\u00bboff\u00a0\u00bb button_one_border_radius__hover=\u00a0\u00bbnull\u00a0\u00bb button_two_border_radius__hover_enabled=\u00a0\u00bboff\u00a0\u00bb button_two_border_radius__hover=\u00a0\u00bbnull\u00a0\u00bb button_letter_spacing__hover_enabled=\u00a0\u00bboff\u00a0\u00bb button_letter_spacing__hover=\u00a0\u00bbnull\u00a0\u00bb button_one_letter_spacing__hover_enabled=\u00a0\u00bboff\u00a0\u00bb button_one_letter_spacing__hover=\u00a0\u00bbnull\u00a0\u00bb button_two_letter_spacing__hover_enabled=\u00a0\u00bboff\u00a0\u00bb button_two_letter_spacing__hover=\u00a0\u00bbnull\u00a0\u00bb button_bg_color__hover_enabled=\u00a0\u00bbon\u00a0\u00bb button_one_bg_color__hover_enabled=\u00a0\u00bboff\u00a0\u00bb button_one_bg_color__hover=\u00a0\u00bbnull\u00a0\u00bb button_two_bg_color__hover_enabled=\u00a0\u00bboff\u00a0\u00bb button_two_bg_color__hover=\u00a0\u00bbnull\u00a0\u00bb button_bg_color__hover=\u00a0\u00bb#666666&Prime; \/][\/et_pb_column][\/et_pb_row][\/et_pb_section]<\/p>\n","protected":false},"excerpt":{"rendered":"<p>NOTRE SI\u00c8GE Le Centre Esplai, c&rsquo;est bien plus qu&rsquo;une auberge de jeunesse : c&rsquo;est notre si\u00e8ge, notre chez-nous, notre bureau, les couloirs que nous parcourons au quotidien, nos salles de r\u00e9union. Pour un organisme comme Fundesplai, il est indispensable que le si\u00e8ge et l&rsquo;auberge partagent les m\u00eames locaux, et ce afin d&rsquo;\u00eatre pr\u00e9sent et inform\u00e9 [&hellip;]<\/p>\n","protected":false},"author":3,"featured_media":0,"parent":0,"menu_order":0,"comment_status":"closed","ping_status":"closed","template":"","meta":{"_et_pb_use_builder":"on","_et_pb_old_content":"","_et_gb_content_width":"","footnotes":""},"class_list":["post-3528","page","type-page","status-publish","hentry"],"yoast_head":"<!-- This site is optimized with the Yoast SEO plugin v27.4 - https:\/\/yoast.com\/product\/yoast-seo-wordpress\/ -->\n<title>Notre si\u00e8ge - Alberg Centre Esplai<\/title>\n<meta name=\"robots\" content=\"index, follow, max-snippet:-1, max-image-preview:large, max-video-preview:-1\" \/>\n<link rel=\"canonical\" href=\"https:\/\/albergueesplaibarcelona.com\/fr\/notre-siege\/\" \/>\n<meta property=\"og:locale\" content=\"fr_FR\" \/>\n<meta property=\"og:type\" content=\"article\" \/>\n<meta property=\"og:title\" content=\"Notre si\u00e8ge - Alberg Centre Esplai\" \/>\n<meta property=\"og:description\" content=\"NOTRE SI\u00c8GE Le Centre Esplai, c&#039;est bien plus qu&#039;une auberge de jeunesse : c&#039;est notre si\u00e8ge, notre chez-nous, notre bureau, les couloirs que nous parcourons au quotidien, nos salles de r\u00e9union. Pour un organisme comme Fundesplai, il est indispensable que le si\u00e8ge et l&#039;auberge partagent les m\u00eames locaux, et ce afin d&#039;\u00eatre pr\u00e9sent et inform\u00e9 [&hellip;]\" \/>\n<meta property=\"og:url\" content=\"https:\/\/albergueesplaibarcelona.com\/fr\/notre-siege\/\" \/>\n<meta property=\"og:site_name\" content=\"Alberg Centre Esplai\" \/>\n<meta property=\"article:modified_time\" content=\"2019-04-24T09:03:30+00:00\" \/>\n<meta name=\"twitter:card\" content=\"summary_large_image\" \/>\n<meta name=\"twitter:label1\" content=\"Dur\u00e9e de lecture estim\u00e9e\" \/>\n\t<meta name=\"twitter:data1\" content=\"6 minutes\" \/>\n<script type=\"application\/ld+json\" class=\"yoast-schema-graph\">{\"@context\":\"https:\\\/\\\/schema.org\",\"@graph\":[{\"@type\":\"WebPage\",\"@id\":\"https:\\\/\\\/albergueesplaibarcelona.com\\\/fr\\\/notre-siege\\\/\",\"url\":\"https:\\\/\\\/albergueesplaibarcelona.com\\\/fr\\\/notre-siege\\\/\",\"name\":\"Notre si\u00e8ge - Alberg Centre Esplai\",\"isPartOf\":{\"@id\":\"https:\\\/\\\/albergueesplaibarcelona.com\\\/fr\\\/#website\"},\"datePublished\":\"2019-04-24T09:03:27+00:00\",\"dateModified\":\"2019-04-24T09:03:30+00:00\",\"breadcrumb\":{\"@id\":\"https:\\\/\\\/albergueesplaibarcelona.com\\\/fr\\\/notre-siege\\\/#breadcrumb\"},\"inLanguage\":\"fr-FR\",\"potentialAction\":[{\"@type\":\"ReadAction\",\"target\":[\"https:\\\/\\\/albergueesplaibarcelona.com\\\/fr\\\/notre-siege\\\/\"]}]},{\"@type\":\"BreadcrumbList\",\"@id\":\"https:\\\/\\\/albergueesplaibarcelona.com\\\/fr\\\/notre-siege\\\/#breadcrumb\",\"itemListElement\":[{\"@type\":\"ListItem\",\"position\":1,\"name\":\"Accueil\",\"item\":\"https:\\\/\\\/albergueesplaibarcelona.com\\\/fr\\\/\"},{\"@type\":\"ListItem\",\"position\":2,\"name\":\"Notre si\u00e8ge\"}]},{\"@type\":\"WebSite\",\"@id\":\"https:\\\/\\\/albergueesplaibarcelona.com\\\/fr\\\/#website\",\"url\":\"https:\\\/\\\/albergueesplaibarcelona.com\\\/fr\\\/\",\"name\":\"Alberg Centre Esplai\",\"description\":\"Alberg\",\"publisher\":{\"@id\":\"https:\\\/\\\/albergueesplaibarcelona.com\\\/fr\\\/#organization\"},\"potentialAction\":[{\"@type\":\"SearchAction\",\"target\":{\"@type\":\"EntryPoint\",\"urlTemplate\":\"https:\\\/\\\/albergueesplaibarcelona.com\\\/fr\\\/?s={search_term_string}\"},\"query-input\":{\"@type\":\"PropertyValueSpecification\",\"valueRequired\":true,\"valueName\":\"search_term_string\"}}],\"inLanguage\":\"fr-FR\"},{\"@type\":\"Organization\",\"@id\":\"https:\\\/\\\/albergueesplaibarcelona.com\\\/fr\\\/#organization\",\"name\":\"Albergue Centre Esplai\",\"url\":\"https:\\\/\\\/albergueesplaibarcelona.com\\\/fr\\\/\",\"logo\":{\"@type\":\"ImageObject\",\"inLanguage\":\"fr-FR\",\"@id\":\"https:\\\/\\\/albergueesplaibarcelona.com\\\/fr\\\/#\\\/schema\\\/logo\\\/image\\\/\",\"url\":\"https:\\\/\\\/albergueesplaibarcelona.com\\\/wp-content\\\/uploads\\\/2020\\\/12\\\/logo_alberg_centre_esplai-e1608117409320.png\",\"contentUrl\":\"https:\\\/\\\/albergueesplaibarcelona.com\\\/wp-content\\\/uploads\\\/2020\\\/12\\\/logo_alberg_centre_esplai-e1608117409320.png\",\"width\":500,\"height\":241,\"caption\":\"Albergue Centre Esplai\"},\"image\":{\"@id\":\"https:\\\/\\\/albergueesplaibarcelona.com\\\/fr\\\/#\\\/schema\\\/logo\\\/image\\\/\"}}]}<\/script>\n<!-- \/ Yoast SEO plugin. -->","yoast_head_json":{"title":"Notre si\u00e8ge - Alberg Centre Esplai","robots":{"index":"index","follow":"follow","max-snippet":"max-snippet:-1","max-image-preview":"max-image-preview:large","max-video-preview":"max-video-preview:-1"},"canonical":"https:\/\/albergueesplaibarcelona.com\/fr\/notre-siege\/","og_locale":"fr_FR","og_type":"article","og_title":"Notre si\u00e8ge - Alberg Centre Esplai","og_description":"NOTRE SI\u00c8GE Le Centre Esplai, c'est bien plus qu'une auberge de jeunesse : c'est notre si\u00e8ge, notre chez-nous, notre bureau, les couloirs que nous parcourons au quotidien, nos salles de r\u00e9union. Pour un organisme comme Fundesplai, il est indispensable que le si\u00e8ge et l'auberge partagent les m\u00eames locaux, et ce afin d'\u00eatre pr\u00e9sent et inform\u00e9 [&hellip;]","og_url":"https:\/\/albergueesplaibarcelona.com\/fr\/notre-siege\/","og_site_name":"Alberg Centre Esplai","article_modified_time":"2019-04-24T09:03:30+00:00","twitter_card":"summary_large_image","twitter_misc":{"Dur\u00e9e de lecture estim\u00e9e":"6 minutes"},"schema":{"@context":"https:\/\/schema.org","@graph":[{"@type":"WebPage","@id":"https:\/\/albergueesplaibarcelona.com\/fr\/notre-siege\/","url":"https:\/\/albergueesplaibarcelona.com\/fr\/notre-siege\/","name":"Notre si\u00e8ge - Alberg Centre Esplai","isPartOf":{"@id":"https:\/\/albergueesplaibarcelona.com\/fr\/#website"},"datePublished":"2019-04-24T09:03:27+00:00","dateModified":"2019-04-24T09:03:30+00:00","breadcrumb":{"@id":"https:\/\/albergueesplaibarcelona.com\/fr\/notre-siege\/#breadcrumb"},"inLanguage":"fr-FR","potentialAction":[{"@type":"ReadAction","target":["https:\/\/albergueesplaibarcelona.com\/fr\/notre-siege\/"]}]},{"@type":"BreadcrumbList","@id":"https:\/\/albergueesplaibarcelona.com\/fr\/notre-siege\/#breadcrumb","itemListElement":[{"@type":"ListItem","position":1,"name":"Accueil","item":"https:\/\/albergueesplaibarcelona.com\/fr\/"},{"@type":"ListItem","position":2,"name":"Notre si\u00e8ge"}]},{"@type":"WebSite","@id":"https:\/\/albergueesplaibarcelona.com\/fr\/#website","url":"https:\/\/albergueesplaibarcelona.com\/fr\/","name":"Alberg Centre Esplai","description":"Alberg","publisher":{"@id":"https:\/\/albergueesplaibarcelona.com\/fr\/#organization"},"potentialAction":[{"@type":"SearchAction","target":{"@type":"EntryPoint","urlTemplate":"https:\/\/albergueesplaibarcelona.com\/fr\/?s={search_term_string}"},"query-input":{"@type":"PropertyValueSpecification","valueRequired":true,"valueName":"search_term_string"}}],"inLanguage":"fr-FR"},{"@type":"Organization","@id":"https:\/\/albergueesplaibarcelona.com\/fr\/#organization","name":"Albergue Centre Esplai","url":"https:\/\/albergueesplaibarcelona.com\/fr\/","logo":{"@type":"ImageObject","inLanguage":"fr-FR","@id":"https:\/\/albergueesplaibarcelona.com\/fr\/#\/schema\/logo\/image\/","url":"https:\/\/albergueesplaibarcelona.com\/wp-content\/uploads\/2020\/12\/logo_alberg_centre_esplai-e1608117409320.png","contentUrl":"https:\/\/albergueesplaibarcelona.com\/wp-content\/uploads\/2020\/12\/logo_alberg_centre_esplai-e1608117409320.png","width":500,"height":241,"caption":"Albergue Centre Esplai"},"image":{"@id":"https:\/\/albergueesplaibarcelona.com\/fr\/#\/schema\/logo\/image\/"}}]}},"_links":{"self":[{"href":"https:\/\/albergueesplaibarcelona.com\/fr\/wp-json\/wp\/v2\/pages\/3528","targetHints":{"allow":["GET"]}}],"collection":[{"href":"https:\/\/albergueesplaibarcelona.com\/fr\/wp-json\/wp\/v2\/pages"}],"about":[{"href":"https:\/\/albergueesplaibarcelona.com\/fr\/wp-json\/wp\/v2\/types\/page"}],"author":[{"embeddable":true,"href":"https:\/\/albergueesplaibarcelona.com\/fr\/wp-json\/wp\/v2\/users\/3"}],"replies":[{"embeddable":true,"href":"https:\/\/albergueesplaibarcelona.com\/fr\/wp-json\/wp\/v2\/comments?post=3528"}],"version-history":[{"count":2,"href":"https:\/\/albergueesplaibarcelona.com\/fr\/wp-json\/wp\/v2\/pages\/3528\/revisions"}],"predecessor-version":[{"id":3530,"href":"https:\/\/albergueesplaibarcelona.com\/fr\/wp-json\/wp\/v2\/pages\/3528\/revisions\/3530"}],"wp:attachment":[{"href":"https:\/\/albergueesplaibarcelona.com\/fr\/wp-json\/wp\/v2\/media?parent=3528"}],"curies":[{"name":"wp","href":"https:\/\/api.w.org\/{rel}","templated":true}]}}